{"id":1056,"date":"2016-12-09T09:17:18","date_gmt":"2016-12-09T09:17:18","guid":{"rendered":"http:\/\/www.danubecommission.org\/dc\/?page_id=1056"},"modified":"2025-11-19T10:46:40","modified_gmt":"2025-11-19T09:46:40","slug":"pressemitteilungen-und-mitteilungen","status":"publish","type":"page","link":"https:\/\/www.danubecommission.org\/dc\/de\/medien-und-offentlichkeitsarbeit\/pressemitteilungen-und-mitteilungen\/","title":{"rendered":"Pressemitteilungen und Mitteilungen"},"content":{"rendered":"<ul>\n<li><a href=\"https:\/\/www.danubecommission.org\/uploads\/doc\/press\/2025\/de_wgtech_press_2025110506.pdf\">Pressemitteilung der Donaukommission: Sitzung der Arbeitsgruppe f\u00fcr technische Angelegenheiten<\/a> (5. &#8211; 6. November 2025)<\/li>\n<\/ul>\n<ul>\n<li><a href=\"https:\/\/www.danubecommission.org\/uploads\/doc\/press\/2025\/de_jurfin_20251014_16.pdf\">Pressemitteilung : Sitzung der Arbeitsgruppe f\u00fcr Rechts- und Finanzangelegenheiten der Donaukommission<\/a> (14. &#8211; 16. Oktober 2025)<\/li>\n<\/ul>\n<ul>\n<li><a href=\"https:\/\/www.danubecommission.org\/uploads\/doc\/press\/2025\/de_wgtech_press_2025051314.pdf\">Pressemitteilung der Donaukommission: Sitzung der Arbeitsgruppe f\u00fcr technische Angelegenheiten<\/a> (13. &#8211; 14. Mai 2025)<\/li>\n<\/ul>\n<ul>\n<li><a href=\"https:\/\/www.danubecommission.org\/uploads\/doc\/press\/2025\/de_jurfin_press_20250409.pdf\">Pressemitteilung der Donaukommission: Sitzung der Arbeitsgruppe f\u00fcr Rechts- und Finanzangelegenheiten der Donaukommission<\/a> (9.-11. April 2025)<\/li>\n<\/ul>\n<ul>\n<li><a href=\"https:\/\/www.danubecommission.org\/uploads\/doc\/press\/2025\/xde_press_release_102_20250123.pdf\">Pressemitteilung der Donaukommission: 102. Tagung der Donaukommission<\/a> (23. Januar 2025)<\/li>\n<\/ul>\n<ul>\n<li><a href=\"https:\/\/www.danubecommission.org\/uploads\/doc\/press\/2024\/de_press_release_102.pdf\">Pressemitteilung der Donaukommission: 102. Tagung der Donaukommission<\/a> (12. Dezember 2024)<\/li>\n<\/ul>\n<ul>\n<li><a href=\"https:\/\/www.danubecommission.org\/uploads\/doc\/press\/2024\/de_Press_release_101.pdf\">Pressemitteilung der Donaukommission : 101. Tagung der Donaukommission<\/a> (13 Juni 2024)<\/li>\n<\/ul>\n<ul>\n<li><a href=\"https:\/\/www.danubecommission.org\/uploads\/doc\/press\/2024\/de_20240514_15_JURFIN.pdf\">Pressemitteilung der Donaukommission: Sitzung der Arbeitsgruppe f\u00fcr Rechts- und Finanzangelegenheiten der Donaukommission<\/a> (14. \u2013 15. Mai 2024)<\/li>\n<\/ul>\n<ul>\n<li><a href=\"https:\/\/www.danubecommission.org\/uploads\/doc\/press\/2024\/de_WGTECH_2024041011.pdf\">Pressemitteilung der Donaukommission: Sitzung der Arbeitsgruppe f\u00fcr technische Angelegenheiten<\/a> (10. &#8211; 11. April 2024)<\/li>\n<\/ul>\n<ul>\n<li><a href=\"https:\/\/www.danubecommission.org\/uploads\/doc\/press\/2023\/de_Press_release_100.pdf\">Pressemitteilung der Donaukommission: 100. Jubil\u00e4umstagung der Donaukommission<\/a> (14. December 2023)<\/li>\n<\/ul>\n<ul>\n<li><a href=\"https:\/\/www.danubecommission.org\/uploads\/doc\/press\/2023\/de_Press_release_JURFIN.pdf\">Pressemitteilung der Donaukommission: Sitzung der Arbeitsgruppe f\u00fcr Rechts- und Finanzangelegenheiten der Donaukommission<\/a> (7. &#8211; 8. November 2023)<\/li>\n<\/ul>\n<ul>\n<li><a href=\"https:\/\/www.danubecommission.org\/uploads\/doc\/press\/2023\/de_Press_release_99.pdf\">Pressemitteilung der Donaukommission: 99. Tagung der Donaukommission<\/a> (15. Juni 2023)<\/li>\n<\/ul>\n<ul>\n<li><a href=\"https:\/\/www.danubecommission.org\/uploads\/doc\/2022\/press\/de_98_session.pdf\">Pressemitteilung der Donaukommission: 98. Tagung der Donaukommission<\/a> (15.\u00a0Dezember 2022)<\/li>\n<\/ul>\n<ul>\n<li><a href=\"https:\/\/www.danubecommission.org\/uploads\/doc\/2022\/press\/de_97_session.pdf\">Pressemitteilung der Donaukommission: 97. Tagung der Donaukommission<\/a> (15. Juni 2022)<\/li>\n<\/ul>\n<ul>\n<li><a href=\"https:\/\/www.danubecommission.org\/uploads\/doc\/2022\/press\/de_13_ext_session.pdf\">Pressemitteilung der Donaukommission: 13. Au\u00dferordentliche Tagung der Donaukommission<\/a> (21. M\u00e4rz 2022)<\/li>\n<\/ul>\n<ul>\n<li><a href=\"https:\/\/www.danubecommission.org\/uploads\/doc\/2022\/press\/de_12_ext_session.pdf\">Pressemitteilung der Donaukommission: 12. Au\u00dferordentliche Tagung der Donaukommission<\/a> (17. M\u00e4rz 2022)<\/li>\n<\/ul>\n<ul>\n<li><a href=\"https:\/\/www.danubecommission.org\/uploads\/doc\/2021\/press\/de_96_press_release.pdf\">Pressemitteilung der Donaukommission : 96. Tagung der Donaukommission<\/a> (14. December 2021)<\/li>\n<\/ul>\n<ul>\n<li><a href=\"https:\/\/www.danubecommission.org\/uploads\/doc\/press\/2021\/de_95_press_release.pdf\">Pressemitteilung der Donaukommission : 95. Tagung der Donaukommission<\/a> (15. und 23. Juni 2021)<\/li>\n<\/ul>\n<ul>\n<li><a href=\"https:\/\/www.danubecommission.org\/uploads\/doc\/2020\/de_press_94_session.pdf\">Pressemitteilung der Donaukommission : 94. Tagung der Donaukommission<\/a> (11. Dezember 2020)<\/li>\n<\/ul>\n<ul>\n<li><a href=\"https:\/\/www.danubecommission.org\/uploads\/doc\/press\/2020\/de_11_eo_session.pdf\">Pressemitteilung der Donaukommission: 11.Au\u00dferordentliche Tagung der Donaukommission<\/a> (29. Mai 2020)<\/li>\n<\/ul>\n<ul>\n<li><a href=\"https:\/\/danubecommission.org\/uploads\/doc\/press\/2019\/de_dc_sess_93_press_release.pdf\">Pressemitteilung der Donaukommission : 93. Tagung der Donaukommission<\/a> (13. Dezember 2019)<\/li>\n<\/ul>\n<ul>\n<li><a href=\"http:\/\/www.danubecommission.org\/uploads\/doc\/press\/2019\/de_dc_sess_92_press_release.pdf\">Pressemitteilung der Donaukommission : 92. Tagung der Donaukommission<\/a> (13. Juni 2019)<\/li>\n<\/ul>\n<ul>\n<li><a href=\"http:\/\/www.danubecommission.org\/uploads\/doc\/press\/2018\/cpccp18_02de.pdf\">Pressemitteilung der Donaukommission : Gemeinsame Sitzung von CDNI und Donaukommission<\/a> (Wien, den 31. Oktober 2018)<\/li>\n<\/ul>\n<ul>\n<li><a href=\"http:\/\/www.danubecommission.org\/uploads\/doc\/press\/2017\/de_rede_Prasidenten_der_Donaukommission_89_session.pdf\">Pressemitteilung der Donaukommission : Rede des Pr\u00e4sidenten der Donaukommission zur Er\u00f6ffnung der 89. Tagung<\/a> (13. Dezember 2017)<\/li>\n<\/ul>\n<ul>\n<li><a href=\"http:\/\/www.danubecommission.org\/uploads\/doc\/press\/2017\/Pressemitteilung_Linhart.pdf\">Pressemitteilung der Donaukommission : Besuch des Generalsekret\u00e4rs des \u00f6sterreichischen Au\u00dfenministeriums bei der Donaukommission<\/a> (5. Oktober 2017)<\/li>\n<\/ul>\n<ul>\n<li><a href=\"http:\/\/www.danubecommission.org\/uploads\/doc\/press\/2017\/de_88_session.pdf\">Pressemitteilung der Donaukommission : 88. Tagung der Donaukommission<\/a> (9. Juni 2017)<\/li>\n<\/ul>\n<ul>\n<li><a href=\"http:\/\/www.danubecommission.org\/uploads\/doc\/press\/2017\/thai_20170508.pdf\">Pressemitteilung\u00a0 der Donaukommission : Besuch von Herrn Jakkrit Srivali, Botschafter des K\u00f6nigreichs Thailand in Ungarn beim Sekretariat der Donaukommission<\/a> (4. Mai 2017) (engl.)<\/li>\n<\/ul>\n<ul>\n<li><a href=\"http:\/\/www.danubecommission.org\/uploads\/doc\/press\/2017\/Trieste_2017_03_29.pdf\">Pressemitteilung\u00a0 der Donaukommission : Participation of General Director of the Danube Commission Secretariat at the 14th Coordination Meeting of Regional Organizations<\/a> (Trieste, Italien, M\u00e4rz 29, 2017)<\/li>\n<\/ul>\n<ul>\n<li><a href=\"http:\/\/www.danubecommission.org\/uploads\/doc\/press\/2017\/hungarian_credence_20170320.pdf\">Pressemitteilung der Donaukommission : \u00dcberreichung des Beglaubigungsschreibens der neuen St\u00e4ndigen Vertreter Ungarn<\/a> (20. M\u00e4rz 2017)<\/li>\n<\/ul>\n<ul>\n<li><a href=\"http:\/\/www.danubecommission.org\/dc\/wp-content\/uploads\/2017\/03\/austrian_credence_20170308.pdf\">Pressemitteilung der Donaukommission : \u00dcberreichung des Beglaubigungsschreibens der neuen St\u00e4ndigen Vertreterin der Republik \u00d6sterreich<\/a> (1. M\u00e4rz 2017)<\/li>\n<\/ul>\n<ul>\n<li><a href=\"http:\/\/danubecommission.org\/uploads\/doc\/press\/2017\/unece_20170222.pdf\">Pressemitteilung der Donaukommission : UNECE HIGH LEVEL CONFERENCE ON THE 70th ANNIVERSARY OF THE INLAND TRANSPORT COMMITTEE<\/a> (Geneva, 22. Februar 2017)<\/li>\n<\/ul>\n<ul>\n<li><a href=\"http:\/\/www.danubecommission.org\/uploads\/doc\/press\/2017\/DANTE_press%20release_final.pdf\">Pressemitteilung der Donaukommission : Auftaktveranstaltung zum DANTE-Projekt <\/a>(17. Februar 2017)<\/li>\n<\/ul>\n<ul>\n<li><a href=\"http:\/\/www.danubecommission.org\/uploads\/doc\/press\/2017\/PR_EG_SEC_15Feb_en.pdf\">Pressemitteilung der Donaukommission : Expertentreffen zur Gefahrenabwehr in der Binnenschifffahrt<\/a> (15. Februar 2017)<\/li>\n<\/ul>\n<ul>\n<li><a href=\"http:\/\/www.danubecommission.org\/uploads\/doc\/press\/2016\/87_sessions_de.pdf\">Pressemitteilung der Donaukommission : 87. Tagung der Donaukommission<\/a> (14. December 2016)<\/li>\n<\/ul>\n<ul>\n<li><a href=\"http:\/\/www.danubecommission.org\/uploads\/doc\/press\/2016\/press_IVR_CLNI_20161020.pdf\">Pressemitteilung der Donaukommission : IVR Workshop CLNI 2012 at the premises of the Danube Commission<\/a> (Budapest, 20th of October 2016)<\/li>\n<\/ul>\n<ul>\n<li><a href=\"http:\/\/www.danubecommission.org\/uploads\/doc\/press\/2016\/Press_release_JS_2016.pdf\">\u00a0Pressemitteilung der Donaukommission:Veranstaltung Follow-up Meeting zum Joint Statement mit ICPDR, ISRBC (15.-16. September 2016)<\/a><\/li>\n<\/ul>\n<ul>\n<li>\u00a0<a href=\"http:\/\/www.danubecommission.org\/uploads\/doc\/press\/2016\/86 Sess\/Pressemitteilung 86 Tagung de.pdf\">Pressemitteilung der Donaukommission: 86. Tagung der Donaukommission\u00a0(8. Juni 2016)<\/a><\/li>\n<\/ul>\n<ul>\n<li>\u00a0<a href=\"http:\/\/www.danubecommission.org\/uploads\/doc\/press\/2016\/16 02 2016 Mikola\/PR MFA HU Mikola.pdf\">Pressemitteilung der Donaukommission: Besuch des Staatssekret\u00e4rs des Ministeriums f\u00fcr Ausw\u00e4rtige Angelegenheiten und Au\u00dfenhandel Ungarns, Herrn Istv\u00e1n Mikola bei der Donaukommission<\/a> (16. Februar 2016) (engl)<\/li>\n<\/ul>\n<ul>\n<li><a href=\"http:\/\/www.danubecommission.org\/uploads\/doc\/press\/2015\/85 sess\/15-85.TAG, press release german 85 Session.pdf\">Pressemitteilung der Donaukommission: 85. Tagung der Donaukommission<\/a> (9. Dezember 2015)<\/li>\n<\/ul>\n<ul>\n<li>\u00a0<a href=\"http:\/\/www.danubecommission.org\/uploads\/doc\/press\/2015\/Margic Varna 10-2015\/15-11-MargicHC.pdf\">Pressemitteilung der Donaukommission: Verleihung der Ehrendoktorw\u00fcrde der Nikola-Wapzarow-Marineakademie an Petar Margi\u0107, Generaldirektor des Sekretariats der Donaukommission<\/a> (Varna, 14. Oktober 2015)<\/li>\n<\/ul>\n<ul>\n<li>\u00a0<a href=\"http:\/\/www.danubecommission.org\/uploads\/doc\/press\/2015\/Workshop 29-09-2015\/Press release DC WORKSHOP 14 Oct 2014_en.pdf\">Pressemitteilung der Donaukommission:\u00a0 Workshop \u201eStreamlining at the Danube&#8221;<\/a> (29. September 2015)(engl)<\/li>\n<\/ul>\n<ul>\n<li>\u00a0<a href=\"http:\/\/www.danubecommission.org\/uploads\/doc\/press\/2015\/AA DC-MOVE - PRESS RELEASE - Budapest 24 July\/15-07-VerwVereinb-Unterz-Presse.pdf\">Pressemitteilung der Donaukommission: Die Donaukommission (Sekretariat) und die Europ\u00e4ische Kommission (DG MOVE) unterzeichneten eine Vereinbarung \u00fcber die Entwicklung und Verbesserung der Schifffahrt auf der Donau<\/a> (24. Juli 2015)<b> <\/b><\/li>\n<\/ul>\n<ul>\n<li>\u00a0<a href=\"http:\/\/www.danubecommission.org\/uploads\/doc\/press\/2015\/84 Sess\/15-06-84.Tagung-Pressemitteilung.pdf\">Pressemitteilung der Donaukommission: 84. Tagung der Donaukommission<\/a> (9. Juni 2015)<\/li>\n<\/ul>\n<ul>\n<li><a href=\"http:\/\/www.danubecommission.org\/uploads\/doc\/press\/2015\/RO Foreign Min 07-05-2015\/15-05-RO.pdf\">\u00a0Pressemitteilung der Donaukommission: Besuch des Au\u00dfenministers von Rum\u00e4nien im Sekretariat der Donaukommission<\/a> (7. Mai 2015)<\/li>\n<\/ul>\n<ul>\n<li>\u00a0<a href=\"http:\/\/www.danubecommission.org\/uploads\/doc\/press\/2015\/Russian Ambassador 05-2015\/29-04-RU Vertreter.pdf\">Pressemitteilung der Donaukommission: Treffen des Generaldirektors des Sekretariats der DK und des Vertreters der Russischen F\u00f6deration bei der DK<\/a> (29. April 2015)<\/li>\n<\/ul>\n<ul>\n<li>\u00a0<a href=\"http:\/\/www.danubecommission.org\/uploads\/doc\/press\/2015\/Malaysian visit 20 April\/15-04-Perak.pdf\">Pressemitteilung der Donaukommission: Offizieller Besuch der Delegation der Regierung des Bundesstaates Perak (Malaysia) in der Donaukommission<\/a> (20. April 2015)<\/li>\n<\/ul>\n<ul>\n<li><a href=\"http:\/\/www.danubecommission.org\/uploads\/doc\/press\/2015\/SaveKommission 37 Sess\/15-02-Pressemitteilung-SaveK.pdf\">Pressemitteilung der Donaukommission: Beteiligung des Vertreters des Sekretariats der Donaukommission an der 37. Tagung der Internationalen Kommission des Save-Beckens<\/a> (24. Februar 2015)<\/li>\n<\/ul>\n<ul>\n<li>\u00a0<a href=\"http:\/\/www.danubecommission.org\/uploads\/doc\/press\/2015\/UNECE 77 Sess\/15-02-Pressemitteilung-Verkehrspol.pdf\">Pressemitteilung der Donaukommission: Teilnahme des Generaldirektors des Sekretariats der Donaukommission an der 77. Tagung des Binnenverkehrsausschusses der UNECE<\/a> (24. &#8211; 26. Februar 2015)<\/li>\n<\/ul>\n<ul>\n<li>\u00a0<a href=\"http:\/\/www.danubecommission.org\/uploads\/doc\/press\/2015\/Austrian Ambassador 02-2015\/Pressemitteilung.pdf\">Pressemitteilung der Donaukommission: \u00dcbergabe des Akkreditierungsschreibens des neuen Vertreters der Republik \u00d6sterreich bei der Donaukommission<\/a> (19. Februar 2015)<\/li>\n<\/ul>\n<ul>\n<li>\u00a0<a href=\"http:\/\/www.danubecommission.org\/uploads\/doc\/press\/2015\/Serb minister\/15-02-Aussenmin-SRB.pdf\">Pressemitteilung der Donaukommission: Besuch von S.E. Herrn Ivica Da\u010di\u0107, erster Stellvertreter des Ministerpr\u00e4sidenten und Au\u00dfenminister der Republik Serbien<\/a> (11. Februar 2015)<\/li>\n<\/ul>\n","protected":false},"excerpt":{"rendered":"<p>Pressemitteilung der Donaukommission: Sitzung der Arbeitsgruppe f\u00fcr technische Angelegenheiten (5. &#8211; 6. November 2025) Pressemitteilung : Sitzung der Arbeitsgruppe f\u00fcr<\/p>\n","protected":false},"author":1,"featured_media":0,"parent":44,"menu_order":1,"comment_status":"closed","ping_status":"closed","template":"","meta":{"_seopress_robots_primary_cat":"","_seopress_titles_title":"","_seopress_titles_desc":"","_seopress_robots_index":"","colormag_page_container_layout":"default_layout","colormag_page_sidebar_layout":"default_layout","footnotes":""},"class_list":["post-1056","page","type-page","status-publish","hentry"],"_links":{"self":[{"href":"https:\/\/www.danubecommission.org\/dc\/wp-json\/wp\/v2\/pages\/1056","targetHints":{"allow":["GET"]}}],"collection":[{"href":"https:\/\/www.danubecommission.org\/dc\/wp-json\/wp\/v2\/pages"}],"about":[{"href":"https:\/\/www.danubecommission.org\/dc\/wp-json\/wp\/v2\/types\/page"}],"author":[{"embeddable":true,"href":"https:\/\/www.danubecommission.org\/dc\/wp-json\/wp\/v2\/users\/1"}],"replies":[{"embeddable":true,"href":"https:\/\/www.danubecommission.org\/dc\/wp-json\/wp\/v2\/comments?post=1056"}],"version-history":[{"count":8,"href":"https:\/\/www.danubecommission.org\/dc\/wp-json\/wp\/v2\/pages\/1056\/revisions"}],"predecessor-version":[{"id":16042,"href":"https:\/\/www.danubecommission.org\/dc\/wp-json\/wp\/v2\/pages\/1056\/revisions\/16042"}],"up":[{"embeddable":true,"href":"https:\/\/www.danubecommission.org\/dc\/wp-json\/wp\/v2\/pages\/44"}],"wp:attachment":[{"href":"https:\/\/www.danubecommission.org\/dc\/wp-json\/wp\/v2\/media?parent=1056"}],"curies":[{"name":"wp","href":"https:\/\/api.w.org\/{rel}","templated":true}]}}