{"id":10699,"date":"2022-06-27T14:12:04","date_gmt":"2022-06-27T13:12:04","guid":{"rendered":"https:\/\/www.danubecommission.org\/dc\/?page_id=10699"},"modified":"2024-11-15T13:55:47","modified_gmt":"2024-11-15T12:55:47","slug":"observation-du-marche-de-la-navigation-danubienne-resultats-de-2021","status":"publish","type":"page","link":"https:\/\/www.danubecommission.org\/dc\/fr\/navigation-danubienne\/observation-du-marche-de-la-navigation-danubienne\/observation-du-marche-de-la-navigation-danubienne-resultats-de-2021\/","title":{"rendered":"Observation du march\u00e9 de la navigation danubienne : r\u00e9sultats de 2021"},"content":{"rendered":"<p><strong>Commission du Danube, Budapest 1068, rue Bencz\u00far 25<\/strong><br \/>\nPiotr S\u00e9mionovitch Souvorov \u2013 responsable de la publication<br \/>\nElena Echim \u2013 responsable de l\u2019\u00e9dition<\/p>\n<p><iframe loading=\"lazy\" src=\"https:\/\/www.danubecommission.org\/uploads\/doc\/2022\/Market_observation\/web_fr_market_2021.pdf\" width=\"800\" height=\"1100\"><\/iframe><\/p>\n","protected":false},"excerpt":{"rendered":"<p>Commission du Danube, Budapest 1068, rue Bencz\u00far 25 Piotr S\u00e9mionovitch Souvorov \u2013 responsable de la publication Elena Echim \u2013 responsable<\/p>\n","protected":false},"author":1,"featured_media":0,"parent":6075,"menu_order":0,"comment_status":"closed","ping_status":"closed","template":"","meta":{"_seopress_robots_primary_cat":"","_seopress_titles_title":"","_seopress_titles_desc":"","_seopress_robots_index":"","colormag_page_container_layout":"default_layout","colormag_page_sidebar_layout":"default_layout","footnotes":""},"class_list":["post-10699","page","type-page","status-publish","hentry"],"_links":{"self":[{"href":"https:\/\/www.danubecommission.org\/dc\/wp-json\/wp\/v2\/pages\/10699","targetHints":{"allow":["GET"]}}],"collection":[{"href":"https:\/\/www.danubecommission.org\/dc\/wp-json\/wp\/v2\/pages"}],"about":[{"href":"https:\/\/www.danubecommission.org\/dc\/wp-json\/wp\/v2\/types\/page"}],"author":[{"embeddable":true,"href":"https:\/\/www.danubecommission.org\/dc\/wp-json\/wp\/v2\/users\/1"}],"replies":[{"embeddable":true,"href":"https:\/\/www.danubecommission.org\/dc\/wp-json\/wp\/v2\/comments?post=10699"}],"version-history":[{"count":0,"href":"https:\/\/www.danubecommission.org\/dc\/wp-json\/wp\/v2\/pages\/10699\/revisions"}],"up":[{"embeddable":true,"href":"https:\/\/www.danubecommission.org\/dc\/wp-json\/wp\/v2\/pages\/6075"}],"wp:attachment":[{"href":"https:\/\/www.danubecommission.org\/dc\/wp-json\/wp\/v2\/media?parent=10699"}],"curies":[{"name":"wp","href":"https:\/\/api.w.org\/{rel}","templated":true}]}}