{"id":1073,"date":"2016-12-09T10:07:32","date_gmt":"2016-12-09T10:07:32","guid":{"rendered":"http:\/\/www.danubecommission.org\/dc\/?page_id=1073"},"modified":"2024-11-21T15:48:32","modified_gmt":"2024-11-21T14:48:32","slug":"bibliothek-der-donaukommission","status":"publish","type":"page","link":"https:\/\/www.danubecommission.org\/dc\/de\/medien-und-offentlichkeitsarbeit\/bibliothek-der-donaukommission\/","title":{"rendered":"Bibliothek der Donaukommission"},"content":{"rendered":"<div>\n<p style=\"text-align: justify;\">Die einzigartige B\u00fcchersammlung der Bibliothek der Donaukommission reicht auf die Gr\u00fcndung der Europ\u00e4ischen Donaukommission (1856) zur\u00fcck.<\/p>\n<p style=\"text-align: justify;\">Die Sammlung enth\u00e4lt alte, seltene Ausgaben \u00fcber die Geschichte der Donaukommission sowie Donaukarten, offizielle Berichte der Direktoren der Donauschifffahrtsgesellschaften, Enzyklop\u00e4dien, W\u00f6rterb\u00fccher, Publikationen der DK und anderer internationalen Organisationen, mit denen die Donaukommission zusammenarbeitet.<\/p>\n<p style=\"text-align: justify;\">In 2010 belief sich der Buchbestand der Bibliothek der DK auf ca. 10.000 Werke. Die Digitalisierung der in Buchform erschienenen Publikationen der Donaukommission wurde bereits in Angriff genommen, um sie in einer elektronischen Bibliothek zug\u00e4nglich zu machen.<\/p>\n<p style=\"text-align: justify;\">Der Bibliothekssaal der DK ist f\u00fcr alle Interessenten ge\u00f6ffnet.<\/p>\n<p style=\"text-align: justify;\">\u00d6ffnungszeiten:<\/p>\n<p style=\"text-align: justify;\"><i>Montag &#8211; Freitag: 9.00 &#8211; 14.00 Uhr<\/i><\/p>\n<\/div>\n<p>&nbsp;<\/p>\n<p>&nbsp;<\/p>\n","protected":false},"excerpt":{"rendered":"<p>Die einzigartige B\u00fcchersammlung der Bibliothek der Donaukommission reicht auf die Gr\u00fcndung der Europ\u00e4ischen Donaukommission (1856) zur\u00fcck. Die Sammlung enth\u00e4lt alte,<\/p>\n","protected":false},"author":1,"featured_media":0,"parent":44,"menu_order":1,"comment_status":"closed","ping_status":"closed","template":"","meta":{"_seopress_robots_primary_cat":"","_seopress_titles_title":"","_seopress_titles_desc":"","_seopress_robots_index":"","colormag_page_container_layout":"default_layout","colormag_page_sidebar_layout":"default_layout","footnotes":""},"class_list":["post-1073","page","type-page","status-publish","hentry"],"_links":{"self":[{"href":"https:\/\/www.danubecommission.org\/dc\/wp-json\/wp\/v2\/pages\/1073","targetHints":{"allow":["GET"]}}],"collection":[{"href":"https:\/\/www.danubecommission.org\/dc\/wp-json\/wp\/v2\/pages"}],"about":[{"href":"https:\/\/www.danubecommission.org\/dc\/wp-json\/wp\/v2\/types\/page"}],"author":[{"embeddable":true,"href":"https:\/\/www.danubecommission.org\/dc\/wp-json\/wp\/v2\/users\/1"}],"replies":[{"embeddable":true,"href":"https:\/\/www.danubecommission.org\/dc\/wp-json\/wp\/v2\/comments?post=1073"}],"version-history":[{"count":0,"href":"https:\/\/www.danubecommission.org\/dc\/wp-json\/wp\/v2\/pages\/1073\/revisions"}],"up":[{"embeddable":true,"href":"https:\/\/www.danubecommission.org\/dc\/wp-json\/wp\/v2\/pages\/44"}],"wp:attachment":[{"href":"https:\/\/www.danubecommission.org\/dc\/wp-json\/wp\/v2\/media?parent=1073"}],"curies":[{"name":"wp","href":"https:\/\/api.w.org\/{rel}","templated":true}]}}