{"id":10740,"date":"2022-07-11T14:27:36","date_gmt":"2022-07-11T13:27:36","guid":{"rendered":"https:\/\/www.danubecommission.org\/dc\/?page_id=10740"},"modified":"2025-07-14T17:17:00","modified_gmt":"2025-07-14T16:17:00","slug":"observation-du-marche-de-la-navigation-danubienne-resultats-du-premier-trimestre-de-2022","status":"publish","type":"page","link":"https:\/\/www.danubecommission.org\/dc\/fr\/navigation-danubienne\/observation-du-marche-de-la-navigation-danubienne-rapports-trimestriels\/observation-du-marche-de-la-navigation-danubienne-resultats-du-premier-trimestre-de-2022\/","title":{"rendered":"Observation du march\u00e9 de la navigation danubienne : r\u00e9sultats du premier trimestre de 2022"},"content":{"rendered":"<p><strong>Commission du Danube, Budapest 1068, rue Bencz\u00far 25<\/strong><br \/>\nPiotr S\u00e9mionovitch Souvorov \u2013 responsable de la publication<br \/>\nElena Echim \u2013 responsable de l\u2019\u00e9dition<\/p>\n<p><iframe loading=\"lazy\" src=\"https:\/\/www.danubecommission.org\/uploads\/doc\/2022\/Market_observation\/fr_market_2022q01.pdf\" width=\"800\" height=\"1100\"><\/iframe><\/p>\n","protected":false},"excerpt":{"rendered":"<p>Commission du Danube, Budapest 1068, rue Bencz\u00far 25 Piotr S\u00e9mionovitch Souvorov \u2013 responsable de la publication Elena Echim \u2013 responsable<\/p>\n","protected":false},"author":1,"featured_media":0,"parent":12327,"menu_order":0,"comment_status":"closed","ping_status":"closed","template":"","meta":{"_seopress_robots_primary_cat":"","_seopress_titles_title":"","_seopress_titles_desc":"","_seopress_robots_index":"","colormag_page_container_layout":"default_layout","colormag_page_sidebar_layout":"default_layout","footnotes":""},"class_list":["post-10740","page","type-page","status-publish","hentry"],"_links":{"self":[{"href":"https:\/\/www.danubecommission.org\/dc\/wp-json\/wp\/v2\/pages\/10740","targetHints":{"allow":["GET"]}}],"collection":[{"href":"https:\/\/www.danubecommission.org\/dc\/wp-json\/wp\/v2\/pages"}],"about":[{"href":"https:\/\/www.danubecommission.org\/dc\/wp-json\/wp\/v2\/types\/page"}],"author":[{"embeddable":true,"href":"https:\/\/www.danubecommission.org\/dc\/wp-json\/wp\/v2\/users\/1"}],"replies":[{"embeddable":true,"href":"https:\/\/www.danubecommission.org\/dc\/wp-json\/wp\/v2\/comments?post=10740"}],"version-history":[{"count":1,"href":"https:\/\/www.danubecommission.org\/dc\/wp-json\/wp\/v2\/pages\/10740\/revisions"}],"predecessor-version":[{"id":15559,"href":"https:\/\/www.danubecommission.org\/dc\/wp-json\/wp\/v2\/pages\/10740\/revisions\/15559"}],"up":[{"embeddable":true,"href":"https:\/\/www.danubecommission.org\/dc\/wp-json\/wp\/v2\/pages\/12327"}],"wp:attachment":[{"href":"https:\/\/www.danubecommission.org\/dc\/wp-json\/wp\/v2\/media?parent=10740"}],"curies":[{"name":"wp","href":"https:\/\/api.w.org\/{rel}","templated":true}]}}