{"id":1082,"date":"2016-12-09T10:17:40","date_gmt":"2016-12-09T10:17:40","guid":{"rendered":"http:\/\/www.danubecommission.org\/dc\/?page_id=1082"},"modified":"2021-08-26T08:36:18","modified_gmt":"2021-08-26T07:36:18","slug":"archiv-der-donaukommission","status":"publish","type":"page","link":"https:\/\/www.danubecommission.org\/dc\/de\/publikationstatigkeit-der-dk\/archiv-der-donaukommission\/","title":{"rendered":"Archiv der Donaukommission"},"content":{"rendered":"<p><img loading=\"lazy\" decoding=\"async\" class=\"alignright\" src=\"http:\/\/www.danubecommission.org\/uploads\/images\/archiv\/CD_archive-1.jpg\" width=\"200\" height=\"280\" \/><\/p>\n<p style=\"text-align: justify;\">Die \u00e4ltesten im Archiv der Donaukommission aufbewahrten Materialien stammen aus dem Jahr 1946. Das Archiv enth\u00e4lt einzigartige historische Dokumente aus der Entstehungszeit der Organisation, darunter Protokolle der Plenartagungen der Belgrader Donaukonferenz im Jahr 1948, in deren Ergebnis das \u201e\u00dcbereinkommen \u00fcber die Regelung der Schifffahrt auf der Donau\u201d unterzeichnet wurde, sowie einzelne Exemplare des Belgrader \u00dcbereinkommens und dessen Zusatzprotokolle, des \u00dcbereinkommens \u00fcber die Privilegien und Immunit\u00e4ten der Donaukommission sowie die Ratifizierungsurkunden der Vertreter der Mitgliedstaaten der Donaukommission. Im Archiv k\u00f6nnen auch die Materialien der Plenartagungen, der Arbeitsgruppensitzungen und Expertentreffen sowie die nach 1946 herausgegebenen Publikationen der DK eingesehen werden.<\/p>\n<p style=\"text-align: justify;\">Derzeit wird an der Digitalisierung des Archivbestands gearbeitet, damit die seltenen historischen Dokumente der Donaukommission auch auf der Website der DK der \u00d6ffentlichkeit zug\u00e4nglich gemacht werden k\u00f6nnen.<\/p>\n<p><img loading=\"lazy\" decoding=\"async\" class=\"alignright\" src=\"http:\/\/www.danubecommission.org\/uploads\/images\/archiv\/CD_archive-5.jpg\" width=\"200\" height=\"280\" \/><\/p>\n<p style=\"text-align: justify;\">Nach vorheriger Vereinbarung (telefonisch unter +36 1 461 8010 bzw. per E-Mail k\u00f6nnen Studenten, Doktoranden, Wissenschaftler, aber auch andere, an der Arbeit der Donaukommission interessierte Personen in den Archivbestand Einsicht nehmen.<\/p>\n<p>&nbsp;<\/p>\n<p>&nbsp;<\/p>\n","protected":false},"excerpt":{"rendered":"<p>Die \u00e4ltesten im Archiv der Donaukommission aufbewahrten Materialien stammen aus dem Jahr 1946. Das Archiv enth\u00e4lt einzigartige historische Dokumente aus<\/p>\n","protected":false},"author":1,"featured_media":0,"parent":40,"menu_order":3,"comment_status":"closed","ping_status":"closed","template":"","meta":{"_seopress_robots_primary_cat":"","_seopress_titles_title":"","_seopress_titles_desc":"","_seopress_robots_index":"","colormag_page_container_layout":"default_layout","colormag_page_sidebar_layout":"default_layout","footnotes":""},"class_list":["post-1082","page","type-page","status-publish","hentry"],"_links":{"self":[{"href":"https:\/\/www.danubecommission.org\/dc\/wp-json\/wp\/v2\/pages\/1082","targetHints":{"allow":["GET"]}}],"collection":[{"href":"https:\/\/www.danubecommission.org\/dc\/wp-json\/wp\/v2\/pages"}],"about":[{"href":"https:\/\/www.danubecommission.org\/dc\/wp-json\/wp\/v2\/types\/page"}],"author":[{"embeddable":true,"href":"https:\/\/www.danubecommission.org\/dc\/wp-json\/wp\/v2\/users\/1"}],"replies":[{"embeddable":true,"href":"https:\/\/www.danubecommission.org\/dc\/wp-json\/wp\/v2\/comments?post=1082"}],"version-history":[{"count":0,"href":"https:\/\/www.danubecommission.org\/dc\/wp-json\/wp\/v2\/pages\/1082\/revisions"}],"up":[{"embeddable":true,"href":"https:\/\/www.danubecommission.org\/dc\/wp-json\/wp\/v2\/pages\/40"}],"wp:attachment":[{"href":"https:\/\/www.danubecommission.org\/dc\/wp-json\/wp\/v2\/media?parent=1082"}],"curies":[{"name":"wp","href":"https:\/\/api.w.org\/{rel}","templated":true}]}}