{"id":11248,"date":"2023-01-30T12:02:39","date_gmt":"2023-01-30T11:02:39","guid":{"rendered":"https:\/\/www.danubecommission.org\/dc\/?page_id=11248"},"modified":"2025-07-14T17:23:08","modified_gmt":"2025-07-14T16:23:08","slug":"observation-du-marche-de-la-navigation-danubienne-resultats-de-9-mois-de-2022","status":"publish","type":"page","link":"https:\/\/www.danubecommission.org\/dc\/fr\/navigation-danubienne\/observation-du-marche-de-la-navigation-danubienne-rapports-trimestriels\/observation-du-marche-de-la-navigation-danubienne-resultats-de-9-mois-de-2022\/","title":{"rendered":"Observation du march\u00e9 de la navigation danubienne: r\u00e9sultats de 9 mois de 2022"},"content":{"rendered":"<p>Commission du Danube, Budapest 1068, rue Bencz\u00far 25<br \/>\nPiotr S\u00e9mionovitch Souvorov \u2013 responsable de la publication<br \/>\nOana Florescu \u2013 responsable de l\u2019\u00e9dition<\/p>\n<p><iframe loading=\"lazy\" src=\"https:\/\/www.danubecommission.org\/uploads\/doc\/2023\/Market_observation\/fr_market_2022_q1_q2_q3.pdf\" width=\"800\" height=\"1100\"><\/iframe><\/p>\n","protected":false},"excerpt":{"rendered":"<p>Commission du Danube, Budapest 1068, rue Bencz\u00far 25 Piotr S\u00e9mionovitch Souvorov \u2013 responsable de la publication Oana Florescu \u2013 responsable<\/p>\n","protected":false},"author":1,"featured_media":0,"parent":12327,"menu_order":0,"comment_status":"closed","ping_status":"closed","template":"","meta":{"_seopress_robots_primary_cat":"","_seopress_titles_title":"","_seopress_titles_desc":"","_seopress_robots_index":"","colormag_page_container_layout":"default_layout","colormag_page_sidebar_layout":"default_layout","footnotes":""},"class_list":["post-11248","page","type-page","status-publish","hentry"],"_links":{"self":[{"href":"https:\/\/www.danubecommission.org\/dc\/wp-json\/wp\/v2\/pages\/11248","targetHints":{"allow":["GET"]}}],"collection":[{"href":"https:\/\/www.danubecommission.org\/dc\/wp-json\/wp\/v2\/pages"}],"about":[{"href":"https:\/\/www.danubecommission.org\/dc\/wp-json\/wp\/v2\/types\/page"}],"author":[{"embeddable":true,"href":"https:\/\/www.danubecommission.org\/dc\/wp-json\/wp\/v2\/users\/1"}],"replies":[{"embeddable":true,"href":"https:\/\/www.danubecommission.org\/dc\/wp-json\/wp\/v2\/comments?post=11248"}],"version-history":[{"count":1,"href":"https:\/\/www.danubecommission.org\/dc\/wp-json\/wp\/v2\/pages\/11248\/revisions"}],"predecessor-version":[{"id":15565,"href":"https:\/\/www.danubecommission.org\/dc\/wp-json\/wp\/v2\/pages\/11248\/revisions\/15565"}],"up":[{"embeddable":true,"href":"https:\/\/www.danubecommission.org\/dc\/wp-json\/wp\/v2\/pages\/12327"}],"wp:attachment":[{"href":"https:\/\/www.danubecommission.org\/dc\/wp-json\/wp\/v2\/media?parent=11248"}],"curies":[{"name":"wp","href":"https:\/\/api.w.org\/{rel}","templated":true}]}}