{"id":114,"date":"2016-09-05T13:11:51","date_gmt":"2016-09-05T13:11:51","guid":{"rendered":"http:\/\/127.0.0.1\/wordpress\/?page_id=114"},"modified":"2024-11-26T11:16:05","modified_gmt":"2024-11-26T10:16:05","slug":"contacts","status":"publish","type":"page","link":"https:\/\/www.danubecommission.org\/dc\/fr\/contacts\/","title":{"rendered":"Contacts"},"content":{"rendered":"<p><strong>Commission du Danube<\/strong><\/p>\n<p><b>Adresse:<\/b> Hongrie, 1068 Budapest, Bencz\u00far utca 25<\/p>\n<p><b>T\u00e9l\u00e9phone:<\/b> +36-1-461-80-10<\/p>\n<p><b>Fax:<\/b> +36-1-352-18-39<\/p>\n<p><b>E-mail:<\/b> <a href=\"mailto:secretariat@danubecommission.org\">secretariat@danubecommission.org<\/a><\/p>\n<p><b>Site internet: <\/b><a href=\"https:\/\/www.danubecommission.org\">www.danubecommission.org<\/a><br \/>\nPosition de la Commission du Danube<br \/>\n<b>Coordonn\u00e9es GPS:<\/b> N 47, 51085 E 19, 07524<\/p>\n<p><iframe loading=\"lazy\" src=\"https:\/\/maps.google.com\/maps?f=d&amp;saddr=1068+Budapest,+VI.+ker%C3%BClet,+Bencz%C3%BAr+utca+25,+Hungary&amp;daddr=1068+Budapest,+VI.+ker%C3%BClet,+Bencz%C3%BAr+utca+35,+Hungary+to:1068+Budapest,+VI.+ker%C3%BClet,+Andr%C3%A1ssy+%C3%BAt+111&amp;hl=en&amp;geocode=&amp;mra=ls&amp;dirflg=w&amp;sll=47.511305,19.0757&amp;sspn=0.005631,0.013905&amp;ie=UTF8&amp;s=AARTsJo9tjbOzsddHGk2Fo7WW0tV6m_lyA&amp;ll=47.511896,19.075141&amp;spn=0.005073,0.00912&amp;z=16&amp;output=embed\" width=\"800\" height=\"400\" frameborder=\"0\" marginwidth=\"0\" marginheight=\"0\" scrolling=\"no\"><span data-mce-type=\"bookmark\" style=\"display: inline-block; width: 0px; overflow: hidden; line-height: 0;\" class=\"mce_SELRES_start\">\ufeff<\/span><\/iframe><\/p>\n<p><b>A<\/b> &#8211; <b>Commission du Danube <\/b><\/p>\n<p><b>\u0412<\/b> &#8211; H\u00f4tel \u201cBencz\u00far\u201d *** (Budapest, Bencz\u00far utca 35)<\/p>\n<p><b>C<\/b> &#8211; H\u00f4tel \u201cAndr\u00e1ssy\u201d ***** (Budapest, Andr\u00e1ssy \u00fat 111)<\/p>\n<p><b>Le temps \u00e0 Budapest<\/b><br \/>\n<iframe loading=\"lazy\" src=\"https:\/\/a.forecabox.com\/get\/31196\" width=\"300\" height=\"250\" frameborder=\"0\" marginwidth=\"0\" marginheight=\"0\" scrolling=\"no\"><span data-mce-type=\"bookmark\" style=\"display: inline-block; width: 0px; overflow: hidden; line-height: 0;\" class=\"mce_SELRES_start\">\ufeff<\/span><\/iframe><\/p>\n","protected":false},"excerpt":{"rendered":"<p>Commission du Danube Adresse: Hongrie, 1068 Budapest, Bencz\u00far utca 25 T\u00e9l\u00e9phone: +36-1-461-80-10 Fax: +36-1-352-18-39 E-mail: secretariat@danubecommission.org Site internet: www.danubecommission.org Position<\/p>\n","protected":false},"author":1,"featured_media":0,"parent":0,"menu_order":0,"comment_status":"closed","ping_status":"closed","template":"","meta":{"_seopress_robots_primary_cat":"","_seopress_titles_title":"","_seopress_titles_desc":"","_seopress_robots_index":"","colormag_page_container_layout":"default_layout","colormag_page_sidebar_layout":"default_layout","footnotes":""},"class_list":["post-114","page","type-page","status-publish","hentry"],"_links":{"self":[{"href":"https:\/\/www.danubecommission.org\/dc\/wp-json\/wp\/v2\/pages\/114","targetHints":{"allow":["GET"]}}],"collection":[{"href":"https:\/\/www.danubecommission.org\/dc\/wp-json\/wp\/v2\/pages"}],"about":[{"href":"https:\/\/www.danubecommission.org\/dc\/wp-json\/wp\/v2\/types\/page"}],"author":[{"embeddable":true,"href":"https:\/\/www.danubecommission.org\/dc\/wp-json\/wp\/v2\/users\/1"}],"replies":[{"embeddable":true,"href":"https:\/\/www.danubecommission.org\/dc\/wp-json\/wp\/v2\/comments?post=114"}],"version-history":[{"count":0,"href":"https:\/\/www.danubecommission.org\/dc\/wp-json\/wp\/v2\/pages\/114\/revisions"}],"wp:attachment":[{"href":"https:\/\/www.danubecommission.org\/dc\/wp-json\/wp\/v2\/media?parent=114"}],"curies":[{"name":"wp","href":"https:\/\/api.w.org\/{rel}","templated":true}]}}