{"id":116,"date":"2016-09-05T13:12:04","date_gmt":"2016-09-05T13:12:04","guid":{"rendered":"http:\/\/127.0.0.1\/wordpress\/?page_id=116"},"modified":"2024-11-26T12:38:04","modified_gmt":"2024-11-26T11:38:04","slug":"contacts-2","status":"publish","type":"page","link":"https:\/\/www.danubecommission.org\/dc\/en\/contacts-2\/","title":{"rendered":"Contacts"},"content":{"rendered":"<p><strong>How to reach us<\/strong><\/p>\n<p><strong>Danube Commission<\/strong><\/p>\n<p>Address: Hungary, H-1068 Budapest, Bencz\u00far utca 25<\/p>\n<p><strong>Phone:<\/strong> +36-1-461-80-10<\/p>\n<p><strong>Fax:<\/strong> +36-1-352-18-39<\/p>\n<p><strong>E-mail:<\/strong> <a href=\"mailto:secretariat@danubecommission.org\">secretariat@danubecommission.org<\/a><\/p>\n<p><strong>Website: <\/strong><a href=\"https:\/\/www.danubecommission.org\/\">www.danubecommission.org<\/a><\/p>\n<p><strong>GPS coordinates:<\/strong>\u00a0N 47, 51085 E 19, 07524<\/p>\n<p><strong>From the centre of Budapest:<\/strong><\/p>\n<p><strong>M1 metro line <\/strong>from De\u00e1k Ferenc t\u00e9r to Bajza utca (6 stops: De\u00e1k Ferenc t\u00e9r- Bajcsy-Zsilinszky \u00fat &#8211; Opera- Oktogon &#8211; V\u00f6r\u00f6smarty utca &#8211; Kod\u00e1ly k\u00f6r\u00f6nd &#8211; Bajza utca, the ride takes approx. 10 minutes), then walk about 4 minutes (300 m)<\/p>\n<p><iframe loading=\"lazy\" src=\"https:\/\/maps.google.com\/maps?f=d&amp;saddr=1068+Budapest,+VI.+ker%C3%BClet,+Bencz%C3%BAr+utca+25,+Hungary&amp;daddr=1068+Budapest,+VI.+ker%C3%BClet,+Bencz%C3%BAr+utca+35,+Hungary+to:1068+Budapest,+VI.+ker%C3%BClet,+Andr%C3%A1ssy+%C3%BAt+111&amp;hl=en&amp;geocode=&amp;mra=ls&amp;dirflg=w&amp;sll=47.511305,19.0757&amp;sspn=0.005631,0.013905&amp;ie=UTF8&amp;s=AARTsJo9tjbOzsddHGk2Fo7WW0tV6m_lyA&amp;ll=47.511896,19.075141&amp;spn=0.005073,0.00912&amp;z=16&amp;output=embed\" width=\"800\" height=\"400\" frameborder=\"0\" marginwidth=\"0\" marginheight=\"0\" scrolling=\"no\"><span data-mce-type=\"bookmark\" style=\"display: inline-block; width: 0px; overflow: hidden; line-height: 0;\" class=\"mce_SELRES_start\">\ufeff<\/span><\/iframe><\/p>\n<p><strong>Bus line 105 <\/strong>from De\u00e1k Ferenc t\u00e9r to Bajza utca (stops are the same as for M1 line, the ride takes approx. 10 minutes), then walk about 4 minutes (300 m)<\/p>\n<p><strong>From the airport:<\/strong><\/p>\n<p><strong>Taxi<\/strong><\/p>\n<p>Cabs in Budapest are marked with the word &#8220;Taxi&#8221;, often accompanied by a company name\/logo. All taxi vehicles must have a yellow registration plate. All taximeters are equipped with a receipt-printing function, displaying the fares charged and identification of the driver.<\/p>\n<p><strong>Taxi companies<\/strong><\/p>\n<p>F\u0151taxi\u00a0 +36 1 222 2 222<\/p>\n<p><a href=\"https:\/\/fotaxi.hu\/elerhetosegek\/?lang=en\">https:\/\/fotaxi.hu\/elerhetosegek\/?lang=en<\/a><\/p>\n<p>Reservations can be made in person at the F\u0151taxi booths located at the exits at Terminals 2A and 2B<\/p>\n<p><img alt=\"\" loading=\"lazy\" decoding=\"async\" class=\"alignright size-full wp-image-6999\" src=\"https:\/\/www.danubecommission.org\/dc\/wp-content\/uploads\/2020\/04\/Fotaxi.jpg\" alt=\"\" width=\"1980\" height=\"1485\" srcset=\"https:\/\/www.danubecommission.org\/dc\/wp-content\/uploads\/2020\/04\/Fotaxi.jpg 1980w, https:\/\/www.danubecommission.org\/dc\/wp-content\/uploads\/2020\/04\/Fotaxi-300x225.jpg 300w, https:\/\/www.danubecommission.org\/dc\/wp-content\/uploads\/2020\/04\/Fotaxi-1024x768.jpg 1024w, https:\/\/www.danubecommission.org\/dc\/wp-content\/uploads\/2020\/04\/Fotaxi-768x576.jpg 768w, https:\/\/www.danubecommission.org\/dc\/wp-content\/uploads\/2020\/04\/Fotaxi-1536x1152.jpg 1536w\" sizes=\"auto, (max-width: 1980px) 100vw, 1980px\" \/><\/p>\n<p>Budapest Taxi\u00a0\u00a0 +36 1 777 77 77\u00a0 \u00a0 \u00a0 \u00a0 \u00a0 \u00a0 \u00a0 \u00a0 <a href=\"https:\/\/www.budapesttaxi.hu\/mobil-applikacio.html\">https:\/\/www.budapesttaxi.hu\/mobil-applikacio.html<\/a><\/p>\n<p>Bolt (Taxify)\u00a0\u00a0\u00a0\u00a0\u00a0 +36 1 444 5 154\u00a0\u00a0\u00a0\u00a0\u00a0\u00a0\u00a0\u00a0\u00a0\u00a0\u00a0\u00a0\u00a0\u00a0\u00a0\u00a0 <a href=\"https:\/\/bolt.eu\/sr\/cities\/budapest\/\">https:\/\/bolt.eu\/sr\/cities\/budapest\/<\/a><\/p>\n<p>Taxi 4\u00a0\u00a0\u00a0\u00a0\u00a0\u00a0\u00a0\u00a0\u00a0\u00a0\u00a0\u00a0\u00a0\u00a0\u00a0\u00a0\u00a0\u00a0\u00a0 +36 1 444 4444\u00a0 \u00a0 \u00a0 \u00a0 \u00a0 \u00a0 \u00a0 <a href=\"https:\/\/www.taxi4.hu\/\">https:\/\/www.taxi4.hu\/<\/a><\/p>\n<p>6X6 Taxi\u00a0\u00a0\u00a0\u00a0\u00a0\u00a0\u00a0\u00a0\u00a0\u00a0\u00a0\u00a0\u00a0\u00a0 +36 1 6 666 666\u00a0 \u00a0 \u00a0 \u00a0 \u00a0 \u00a0 \u00a0 <a href=\"https:\/\/new.6x6taxi.hu\/\">https:\/\/6x6taxi.hu\/<\/a><\/p>\n<p>City Taxi\u00a0\u00a0\u00a0\u00a0\u00a0\u00a0\u00a0\u00a0\u00a0\u00a0\u00a0\u00a0\u00a0 +36 1 2 111 111\u00a0 \u00a0 \u00a0 \u00a0 \u00a0 \u00a0 \u00a0 <a href=\"https:\/\/www.citytaxi.hu\/\">https:\/\/www.citytaxi.hu\/<\/a><\/p>\n<p>TaxiPlus\u00a0\u00a0\u00a0\u00a0\u00a0\u00a0\u00a0\u00a0\u00a0\u00a0\u00a0\u00a0\u00a0 + 36 1 8 888 888\u00a0 \u00a0 \u00a0 \u00a0 \u00a0 \u00a0 \u00a0 <a href=\"http:\/\/www.taxiplus.hu\/\">https:\/\/www.taxiplus.hu\/<\/a><\/p>\n<p>Tele 5 Taxi\u00a0\u00a0\u00a0\u00a0\u00a0\u00a0\u00a0\u00a0\u00a0 + 36 1 5 555 555\u00a0 \u00a0 \u00a0 \u00a0 \u00a0 \u00a0 \u00a0 <a href=\"http:\/\/tele5taxi.hu\/\">http:\/\/tele5taxi.hu\/<\/a><\/p>\n<p><strong>VIP TRANSFER<\/strong><\/p>\n<p>+36 70 556 3636<\/p>\n<p><strong>Airport mini shuttle bus<\/strong><\/p>\n<p><a href=\"https:\/\/www.minibud.hu\/\">https:\/\/www.minibud.hu\/<\/a><\/p>\n<p>Or take bus no. 100E\u00a0 or 200E . Bus 100E will take you to De\u00e1k Ferenc t\u00e9r (in approx. 40 minutes), then follow the instructions for how to reach us from the city centre. Bus 200E will take you to Nagyv\u00e1rad t\u00e9r metro station (in approx. 60 minutes); take metro line M3 to De\u00e1k Ferenc t\u00e9r (4 stops) then change to M1 or bus 105 &#8211; see the instructions for how to reach us from the city centre.<\/p>\n<p><a href=\"https:\/\/bkk.hu\/en\/travel-information\/public-transport\/airport-shuttle\/\">https:\/\/bkk.hu\/en\/travel-information\/public-transport\/airport-shuttle\/<\/a><\/p>\n<p><a href=\"https:\/\/www.bud.hu\/en\/passengers\/transport\/public_transportation\/budapest_public_transportation\">https:\/\/www.bud.hu\/en\/passengers\/transport\/public_transportation\/budapest_public_transportation<\/a><\/p>\n<p><strong>From the bus station:<\/strong><\/p>\n<p><strong>N\u00e9pliget<\/strong><\/p>\n<p>Walk about 230 m and take <strong>tram number 1<\/strong> from Albert Fl\u00f3ri\u00e1n \u00fat to Pusk\u00e1s Ferenc Stadion, then take trolleybus number 75 J\u00e1szai Mari t\u00e9r (8 stops) to Bencz\u00far utca, then walk 450 m to our building.<\/p>\n<p><strong>Kelenf\u00f6ld vas\u00fat\u00e1llom\u00e1s<\/strong><\/p>\n<p>Take metro line M4 to <strong>Keleti p\u00e1lyaudvar M (Garay utca), <\/strong>then change to trolleybus <strong>78 Kossuth Lajos t\u00e9r<\/strong> (3 stops), then walk 450 m to our building.<\/p>\n<p>Take tram 49 to De\u00e1k Ferenc t\u00e9r and then follow the instructions for how to reach us from the city centre.<\/p>\n<p><strong>From the railway station:<\/strong><\/p>\n<p><strong>Keleti p\u00e1lyaudvar<\/strong><\/p>\n<p>Take trolleybus <strong>78 Kossuth Lajos t\u00e9r<\/strong> (3 stops), then walk 450 m to our building.<\/p>\n<p><strong>Nyugati p\u00e1lyaudvar<\/strong><\/p>\n<p>Take tram 4\/6 \u00dajbuda-k\u00f6zpont M 1 to Oktogon, then in Andr\u00e1ssy street change to bus 105 or to M1 (see directions from the city centre)<\/p>\n<p><strong>D\u00e9li p\u00e1lyaudvar<\/strong><\/p>\n<p>Take metro line M2 \u00d6rs vez\u00e9r tere to De\u00e1k Ferenc t\u00e9r (4 stops) then change to M1 or bus 105 (see the instructions for how to reach us from the city centre)<\/p>\n<p>&nbsp;<\/p>\n<p><strong>Public transportation website: <\/strong><a href=\"https:\/\/bkk.hu\/en\/news\/\">https:\/\/bkk.hu\/en\/news\/<\/a><\/p>\n<p><strong>Tickets: <\/strong><a href=\"https:\/\/bkk.hu\/en\/tickets-and-passes\/prices\/\">https:\/\/bkk.hu\/en\/tickets-and-passes\/prices\/<\/a><\/p>\n<p><strong>Hungarian National Bank exchange rates:<\/strong><\/p>\n<p><a href=\"https:\/\/www.mnb.hu\/en\/arfolyamok\">https:\/\/www.mnb.hu\/en\/arfolyamok<\/a><\/p>\n<p>&nbsp;<\/p>\n","protected":false},"excerpt":{"rendered":"<p>How to reach us Danube Commission Address: Hungary, H-1068 Budapest, Bencz\u00far utca 25 Phone: +36-1-461-80-10 Fax: +36-1-352-18-39 E-mail: secretariat@danubecommission.org Website:<\/p>\n","protected":false},"author":1,"featured_media":0,"parent":0,"menu_order":0,"comment_status":"closed","ping_status":"closed","template":"","meta":{"_seopress_robots_primary_cat":"","_seopress_titles_title":"","_seopress_titles_desc":"","_seopress_robots_index":"","colormag_page_container_layout":"default_layout","colormag_page_sidebar_layout":"default_layout","footnotes":""},"class_list":["post-116","page","type-page","status-publish","hentry"],"_links":{"self":[{"href":"https:\/\/www.danubecommission.org\/dc\/wp-json\/wp\/v2\/pages\/116","targetHints":{"allow":["GET"]}}],"collection":[{"href":"https:\/\/www.danubecommission.org\/dc\/wp-json\/wp\/v2\/pages"}],"about":[{"href":"https:\/\/www.danubecommission.org\/dc\/wp-json\/wp\/v2\/types\/page"}],"author":[{"embeddable":true,"href":"https:\/\/www.danubecommission.org\/dc\/wp-json\/wp\/v2\/users\/1"}],"replies":[{"embeddable":true,"href":"https:\/\/www.danubecommission.org\/dc\/wp-json\/wp\/v2\/comments?post=116"}],"version-history":[{"count":0,"href":"https:\/\/www.danubecommission.org\/dc\/wp-json\/wp\/v2\/pages\/116\/revisions"}],"wp:attachment":[{"href":"https:\/\/www.danubecommission.org\/dc\/wp-json\/wp\/v2\/media?parent=116"}],"curies":[{"name":"wp","href":"https:\/\/api.w.org\/{rel}","templated":true}]}}