{"id":1266,"date":"2017-01-30T14:23:28","date_gmt":"2017-01-30T13:23:28","guid":{"rendered":"http:\/\/www.danubecommission.org\/dc\/?page_id=1266"},"modified":"2026-02-05T11:47:45","modified_gmt":"2026-02-05T10:47:45","slug":"embassies-of-the-member-states-of-the-danube-commission","status":"publish","type":"page","link":"https:\/\/www.danubecommission.org\/dc\/en\/useful-links\/embassies-of-the-member-states-of-the-danube-commission\/","title":{"rendered":"Embassies of the member states of the Danube Commission"},"content":{"rendered":"<p><strong>Republic of Austria<\/strong><\/p>\n<p>1068 Budapest, Bencz\u00far u. 16.<\/p>\n<p><a href=\"http:\/\/www.bmeia.gv.at\/botschaft\/budapest.html\" target=\"_blank\" rel=\"noopener\">www.bmeia.gv.at\/botschaft\/budapest.html <\/a><\/p>\n<p>&nbsp;<\/p>\n<p><strong>Republic of Bulgaria<\/strong><\/p>\n<p>1062 Budapest, Andr\u00e1ssy \u00fat 115.<\/p>\n<p><a href=\"https:\/\/www.mfa.bg\/en\/embassies\/hungary\">https:\/\/www.mfa.bg\/en\/embassies\/hungary<\/a><\/p>\n<p>&nbsp;<\/p>\n<p><strong>Federal Republic of Germany<\/strong><\/p>\n<p>1014 Budapest, \u00dari utca 64-66.<\/p>\n<p><a href=\"http:\/\/www.budapest.diplo.de\" target=\"_blank\" rel=\"noopener\">www.budapest.diplo.de<\/a><\/p>\n<p>&nbsp;<\/p>\n<p><strong>Republic of Moldova<\/strong><\/p>\n<p>1024 Budapest, Ady Endre utca 16.<\/p>\n<p><a href=\"https:\/\/ungaria.mfa.gov.md\/\">https:\/\/ungaria.mfa.gov.md<\/a><\/p>\n<p>&nbsp;<\/p>\n<p><strong>Romania<\/strong><\/p>\n<p>1146 Budapest, Th\u00f6k\u00f6ly \u00fat 72.<\/p>\n<p><a href=\"http:\/\/budapesta.mae.ro\/en\" target=\"_blank\" rel=\"noopener\">http:\/\/budapesta.mae.ro <\/a><\/p>\n<p>&nbsp;<\/p>\n<p><strong>Serbia<\/strong><\/p>\n<p>1068 Budapest, D\u00f3zsa Gy\u00f6rgy \u00fat 92\/b<\/p>\n<p><a href=\"http:\/\/www.budapest.mfa.gov.rs\/index.php\" target=\"_blank\" rel=\"noopener\">www.budapest.mfa.gov.rs<br \/>\n<\/a><\/p>\n<p><strong>Slovak Republic<\/strong><\/p>\n<p>1143 Budapest, Stef\u00e1nia \u00fat 22-24.<\/p>\n<p><a href=\"http:\/\/www.budapest.mfa.sk\/\" target=\"_blank\" rel=\"noopener\">www.budapest.mfa.sk<\/a><\/p>\n<p>&nbsp;<\/p>\n<p><strong>Ukraine<\/strong><\/p>\n<p>1125 Budapest, Istenhegyi \u00fat 84\/B<\/p>\n<p><a href=\"http:\/\/hungary.mfa.gov.ua\/en\">http:\/\/hungary.mfa.gov.ua\/en<\/a><\/p>\n<p>&nbsp;<\/p>\n<p><strong>Republic of Croatia<\/strong><\/p>\n<p>1065 Budapest, Munk\u00e1csy Mih\u00e1ly utca 15.<\/p>\n<p><a href=\"http:\/\/hu.mvep.hr\/hr\/\" target=\"_blank\" rel=\"noopener\">http:\/\/hu.mvep.hr\/hr\/<\/a><\/p>\n","protected":false},"excerpt":{"rendered":"<p>Republic of Austria 1068 Budapest, Bencz\u00far u. 16. www.bmeia.gv.at\/botschaft\/budapest.html &nbsp; Republic of Bulgaria 1062 Budapest, Andr\u00e1ssy \u00fat 115. https:\/\/www.mfa.bg\/en\/embassies\/hungary &nbsp;<\/p>\n","protected":false},"author":1,"featured_media":0,"parent":120,"menu_order":1,"comment_status":"closed","ping_status":"closed","template":"","meta":{"_seopress_robots_primary_cat":"","_seopress_titles_title":"","_seopress_titles_desc":"","_seopress_robots_index":"","colormag_page_container_layout":"default_layout","colormag_page_sidebar_layout":"default_layout","footnotes":""},"class_list":["post-1266","page","type-page","status-publish","hentry"],"_links":{"self":[{"href":"https:\/\/www.danubecommission.org\/dc\/wp-json\/wp\/v2\/pages\/1266","targetHints":{"allow":["GET"]}}],"collection":[{"href":"https:\/\/www.danubecommission.org\/dc\/wp-json\/wp\/v2\/pages"}],"about":[{"href":"https:\/\/www.danubecommission.org\/dc\/wp-json\/wp\/v2\/types\/page"}],"author":[{"embeddable":true,"href":"https:\/\/www.danubecommission.org\/dc\/wp-json\/wp\/v2\/users\/1"}],"replies":[{"embeddable":true,"href":"https:\/\/www.danubecommission.org\/dc\/wp-json\/wp\/v2\/comments?post=1266"}],"version-history":[{"count":2,"href":"https:\/\/www.danubecommission.org\/dc\/wp-json\/wp\/v2\/pages\/1266\/revisions"}],"predecessor-version":[{"id":16259,"href":"https:\/\/www.danubecommission.org\/dc\/wp-json\/wp\/v2\/pages\/1266\/revisions\/16259"}],"up":[{"embeddable":true,"href":"https:\/\/www.danubecommission.org\/dc\/wp-json\/wp\/v2\/pages\/120"}],"wp:attachment":[{"href":"https:\/\/www.danubecommission.org\/dc\/wp-json\/wp\/v2\/media?parent=1266"}],"curies":[{"name":"wp","href":"https:\/\/api.w.org\/{rel}","templated":true}]}}