{"id":12695,"date":"2023-11-28T12:59:25","date_gmt":"2023-11-28T11:59:25","guid":{"rendered":"https:\/\/www.danubecommission.org\/dc\/?page_id=12695"},"modified":"2023-12-05T15:46:55","modified_gmt":"2023-12-05T14:46:55","slug":"ports","status":"publish","type":"page","link":"https:\/\/www.danubecommission.org\/dc\/en\/danube-navigation\/danube-navigation-statistics\/ports\/","title":{"rendered":"Ports (Statistical data)"},"content":{"rendered":"<p><strong>Germany<\/strong><\/p>\n<ul>\n<li><a href=\"https:\/\/www.danubecommission.org\/dc\/en\/danube-navigation\/danube-navigation-statistics\/ports\/kelheim\/\">Kelheim<\/a><\/li>\n<li><a href=\"https:\/\/www.danubecommission.org\/dc\/en\/danube-navigation\/danube-navigation-statistics\/ports\/regensburg-statistical-port\/\">Regensburg &#8211; statistical port<\/a><\/li>\n<li><a href=\"https:\/\/www.danubecommission.org\/dc\/en\/danube-navigation\/danube-navigation-statistics\/ports\/straubing-statistical-port\/\">Straubing-Sand &#8211; statistical port<\/a><\/li>\n<li><a href=\"https:\/\/www.danubecommission.org\/dc\/en\/danube-navigation\/danube-navigation-statistics\/ports\/deggendorf-statistical-port\/\">Deggendorf \u2013 statistical port<\/a><\/li>\n<li><a href=\"https:\/\/www.danubecommission.org\/dc\/en\/danube-navigation\/danube-navigation-statistics\/ports\/passau-statistical-port\/\">Passau &#8211; statistical port<\/a><\/li>\n<li><a href=\"https:\/\/www.danubecommission.org\/dc\/en\/danube-navigation\/danube-navigation-statistics\/ports\/other-inland-ports-of-germany\/\">Other inland ports of Germany<\/a><\/li>\n<\/ul>\n<p><strong>Austria<\/strong><\/p>\n<ul>\n<li><a href=\"https:\/\/www.danubecommission.org\/dc\/en\/danube-navigation\/danube-navigation-statistics\/ports\/linz-statistical-port\/\">Linz &#8211; statistical port<\/a><\/li>\n<li><a href=\"https:\/\/www.danubecommission.org\/dc\/en\/danube-navigation\/danube-navigation-statistics\/ports\/enns-ennsdorf\/\">Enns-Ennsdorf<\/a><\/li>\n<li><a href=\"https:\/\/www.danubecommission.org\/dc\/en\/danube-navigation\/danube-navigation-statistics\/ports\/krems\/\">Krems<\/a><\/li>\n<li><a href=\"https:\/\/www.danubecommission.org\/dc\/en\/danube-navigation\/danube-navigation-statistics\/ports\/wien-statistical-port\/\">Wien &#8211; statistical port<\/a><\/li>\n<li><a href=\"https:\/\/www.danubecommission.org\/dc\/en\/danube-navigation\/danube-navigation-statistics\/ports\/other-inland-ports-of-austria\/\">Other inland ports of Austria<\/a><\/li>\n<\/ul>\n<p><strong>Slovakia<\/strong><\/p>\n<ul>\n<li><a href=\"https:\/\/www.danubecommission.org\/dc\/en\/danube-navigation\/danube-navigation-statistics\/ports\/bratislava\/\">Bratislava<\/a><\/li>\n<li><a href=\"https:\/\/www.danubecommission.org\/dc\/en\/danube-navigation\/danube-navigation-statistics\/ports\/komarno\/\">Komarno<\/a><\/li>\n<li><a href=\"https:\/\/www.danubecommission.org\/dc\/en\/danube-navigation\/danube-navigation-statistics\/ports\/klizska-nema-statistical-port\/\">Kl\u00ed\u017eska Nem\u00e1 &#8211; statistical port<\/a><\/li>\n<\/ul>\n<p><strong>Hungary<\/strong><\/p>\n<ul>\n<li><a href=\"https:\/\/www.danubecommission.org\/dc\/en\/danube-navigation\/danube-navigation-statistics\/ports\/gyor-gonyu\/\">Gy\u0151r-G\u00f6ny\u0171<\/a><\/li>\n<li><a href=\"https:\/\/www.danubecommission.org\/dc\/en\/danube-navigation\/danube-navigation-statistics\/ports\/budapest\/\">Budapest<\/a><\/li>\n<li><a href=\"https:\/\/www.danubecommission.org\/dc\/en\/danube-navigation\/danube-navigation-statistics\/ports\/baja\/\">Baja<\/a><\/li>\n<li><a href=\"https:\/\/www.danubecommission.org\/dc\/en\/danube-navigation\/danube-navigation-statistics\/ports\/other-inland-ports-of-hungary\/\">Other inland ports of Hungary<\/a><\/li>\n<\/ul>\n<p><strong>Croatia<\/strong><\/p>\n<ul>\n<li><a href=\"https:\/\/www.danubecommission.org\/dc\/en\/danube-navigation\/danube-navigation-statistics\/ports\/vukovar\/\">Vukovar<\/a><\/li>\n<\/ul>\n<p><strong>Serbia<\/strong><\/p>\n<ul>\n<li><a href=\"https:\/\/www.danubecommission.org\/dc\/en\/danube-navigation\/danube-navigation-statistics\/ports\/novi-sad\/\">Novi Sad &#8211; statistical port<\/a><\/li>\n<li><a href=\"https:\/\/www.danubecommission.org\/dc\/en\/danube-navigation\/danube-navigation-statistics\/ports\/belgrade\/\">Belgrade<\/a><\/li>\n<li><a href=\"https:\/\/www.danubecommission.org\/dc\/en\/danube-navigation\/danube-navigation-statistics\/ports\/pancevo\/\">Pan\u010devo<\/a><\/li>\n<li><a href=\"https:\/\/www.danubecommission.org\/dc\/en\/danube-navigation\/danube-navigation-statistics\/ports\/smederovo\/\">Smederevo<\/a><\/li>\n<li><a href=\"https:\/\/www.danubecommission.org\/dc\/en\/danube-navigation\/danube-navigation-statistics\/ports\/prahovo\/\">Prahovo<\/a><\/li>\n<li><a href=\"https:\/\/www.danubecommission.org\/dc\/en\/danube-navigation\/danube-navigation-statistics\/ports\/other-inland-ports-of-serbia\/\">Other inland ports of Serbia<\/a><\/li>\n<\/ul>\n<p><strong>Bulgaria<\/strong><\/p>\n<ul>\n<li><a href=\"https:\/\/www.danubecommission.org\/dc\/en\/danube-navigation\/danube-navigation-statistics\/ports\/vidin\/\">Vidin<\/a><\/li>\n<li><a href=\"https:\/\/www.danubecommission.org\/dc\/en\/danube-navigation\/danube-navigation-statistics\/ports\/lom-statistical-port\/\">Lom &#8211; statistical port<\/a><\/li>\n<li><a href=\"https:\/\/www.danubecommission.org\/dc\/en\/danube-navigation\/danube-navigation-statistics\/ports\/ruse-statistical-port\/\">Ruse &#8211; statistical port<\/a><\/li>\n<li><a href=\"https:\/\/www.danubecommission.org\/dc\/en\/danube-navigation\/danube-navigation-statistics\/ports\/other-inland-ports-of-bulgaria\/\">Other inland ports of Bulgaria<\/a><\/li>\n<\/ul>\n<p><strong>Moldova<\/strong><\/p>\n<ul>\n<li><a href=\"https:\/\/www.danubecommission.org\/dc\/en\/danube-navigation\/danube-navigation-statistics\/ports\/giurgiulesti\/\">Giurgiule\u015fti<\/a><\/li>\n<\/ul>\n<p><strong>Romania<\/strong><\/p>\n<ul>\n<li><a href=\"https:\/\/www.danubecommission.org\/dc\/en\/danube-navigation\/danube-navigation-statistics\/ports\/drobeta-turnu-severin\/\">Drobeta Turnu Severin<\/a><\/li>\n<li><a href=\"https:\/\/www.danubecommission.org\/dc\/en\/danube-navigation\/danube-navigation-statistics\/ports\/calafat\/\">Calafat<\/a><\/li>\n<li><a href=\"https:\/\/www.danubecommission.org\/dc\/en\/danube-navigation\/danube-navigation-statistics\/ports\/giurgiu-statistical-port\/\">Giurgiu &#8211; statistical port<\/a><\/li>\n<li><a href=\"https:\/\/www.danubecommission.org\/dc\/en\/danube-navigation\/danube-navigation-statistics\/ports\/oltenita\/\">Olteni\u0163a<\/a><\/li>\n<li><a href=\"https:\/\/www.danubecommission.org\/dc\/en\/danube-navigation\/danube-navigation-statistics\/ports\/calarasi\/\">Calara\u015fi<\/a><\/li>\n<li><a href=\"https:\/\/www.danubecommission.org\/dc\/en\/danube-navigation\/danube-navigation-statistics\/ports\/cernavoda-statistical-port\/\">Cernavoda &#8211; Statistical port<\/a><\/li>\n<li><a href=\"https:\/\/www.danubecommission.org\/dc\/en\/danube-navigation\/danube-navigation-statistics\/ports\/braila-statistical-port\/\">Braila &#8211; statistical port<\/a><\/li>\n<li><a href=\"https:\/\/www.danubecommission.org\/dc\/en\/danube-navigation\/danube-navigation-statistics\/ports\/galati-statistical-port\/\">Gala\u0163i &#8211; statistical port<\/a><\/li>\n<li><a href=\"https:\/\/www.danubecommission.org\/dc\/en\/danube-navigation\/danube-navigation-statistics\/ports\/tulcea-statistical-port\/\">Tulcea &#8211; statistical port<\/a><\/li>\n<li><a href=\"https:\/\/www.danubecommission.org\/dc\/en\/danube-navigation\/danube-navigation-statistics\/ports\/medgidia\/\">Medgidia<\/a><\/li>\n<li><a href=\"https:\/\/www.danubecommission.org\/dc\/en\/danube-navigation\/danube-navigation-statistics\/ports\/constanta-statistical-port\/\">Constan\u021ba\u00a0&#8211; statistical port<\/a><\/li>\n<li><a href=\"https:\/\/www.danubecommission.org\/dc\/en\/danube-navigation\/danube-navigation-statistics\/ports\/other-inland-ports-of-romania\/\">Other inland ports of Romania<\/a><\/li>\n<\/ul>\n<p><strong>Ukraine<\/strong><\/p>\n<ul>\n<li><a href=\"https:\/\/www.danubecommission.org\/dc\/en\/danube-navigation\/danube-navigation-statistics\/ports\/reni\/\">Reni<\/a><\/li>\n<li><a href=\"https:\/\/www.danubecommission.org\/dc\/en\/danube-navigation\/danube-navigation-statistics\/ports\/izmail\/\">Izmail<\/a><\/li>\n<li><a href=\"https:\/\/www.danubecommission.org\/dc\/en\/danube-navigation\/danube-navigation-statistics\/ports\/vilkovo-ust-dunajsk\/\">Vilkovo Ust\u2019-Dunajsk<\/a><\/li>\n<li><a href=\"https:\/\/www.danubecommission.org\/dc\/en\/danube-navigation\/danube-navigation-statistics\/ports\/other-seaports-of-ukraine\/\">Other seaports of Ukraine<\/a><\/li>\n<\/ul>\n","protected":false},"excerpt":{"rendered":"<p>Germany Kelheim Regensburg &#8211; statistical port Straubing-Sand &#8211; statistical port Deggendorf \u2013 statistical port Passau &#8211; statistical port Other inland<\/p>\n","protected":false},"author":1,"featured_media":0,"parent":1797,"menu_order":0,"comment_status":"closed","ping_status":"closed","template":"","meta":{"_seopress_robots_primary_cat":"","_seopress_titles_title":"","_seopress_titles_desc":"","_seopress_robots_index":"","colormag_page_container_layout":"default_layout","colormag_page_sidebar_layout":"default_layout","footnotes":""},"class_list":["post-12695","page","type-page","status-publish","hentry"],"_links":{"self":[{"href":"https:\/\/www.danubecommission.org\/dc\/wp-json\/wp\/v2\/pages\/12695","targetHints":{"allow":["GET"]}}],"collection":[{"href":"https:\/\/www.danubecommission.org\/dc\/wp-json\/wp\/v2\/pages"}],"about":[{"href":"https:\/\/www.danubecommission.org\/dc\/wp-json\/wp\/v2\/types\/page"}],"author":[{"embeddable":true,"href":"https:\/\/www.danubecommission.org\/dc\/wp-json\/wp\/v2\/users\/1"}],"replies":[{"embeddable":true,"href":"https:\/\/www.danubecommission.org\/dc\/wp-json\/wp\/v2\/comments?post=12695"}],"version-history":[{"count":0,"href":"https:\/\/www.danubecommission.org\/dc\/wp-json\/wp\/v2\/pages\/12695\/revisions"}],"up":[{"embeddable":true,"href":"https:\/\/www.danubecommission.org\/dc\/wp-json\/wp\/v2\/pages\/1797"}],"wp:attachment":[{"href":"https:\/\/www.danubecommission.org\/dc\/wp-json\/wp\/v2\/media?parent=12695"}],"curies":[{"name":"wp","href":"https:\/\/api.w.org\/{rel}","templated":true}]}}