{"id":12740,"date":"2023-12-01T11:50:06","date_gmt":"2023-12-01T10:50:06","guid":{"rendered":"https:\/\/www.danubecommission.org\/dc\/?page_id=12740"},"modified":"2025-07-15T10:31:53","modified_gmt":"2025-07-15T09:31:53","slug":"gyor-gonyu","status":"publish","type":"page","link":"https:\/\/www.danubecommission.org\/dc\/en\/danube-navigation\/danube-navigation-statistics\/ports\/gyor-gonyu\/","title":{"rendered":"Gy\u0151r-G\u00f6ny\u0171"},"content":{"rendered":"<p><iframe loading=\"lazy\" src=\"https:\/\/danubecommission.shinyapps.io\/hermes1\/?_inputs_&amp;chosen_port=%22Gy\u0151r-G\u00f6ny\u0171%22\" width=\"1200\" height=\"1000\"><\/iframe><\/p>\n","protected":false},"excerpt":{"rendered":"","protected":false},"author":1,"featured_media":0,"parent":12695,"menu_order":0,"comment_status":"closed","ping_status":"closed","template":"","meta":{"_seopress_robots_primary_cat":"","_seopress_titles_title":"","_seopress_titles_desc":"","_seopress_robots_index":"","colormag_page_container_layout":"no_sidebar_full_width","colormag_page_sidebar_layout":"no_sidebar","footnotes":""},"class_list":["post-12740","page","type-page","status-publish","hentry"],"_links":{"self":[{"href":"https:\/\/www.danubecommission.org\/dc\/wp-json\/wp\/v2\/pages\/12740","targetHints":{"allow":["GET"]}}],"collection":[{"href":"https:\/\/www.danubecommission.org\/dc\/wp-json\/wp\/v2\/pages"}],"about":[{"href":"https:\/\/www.danubecommission.org\/dc\/wp-json\/wp\/v2\/types\/page"}],"author":[{"embeddable":true,"href":"https:\/\/www.danubecommission.org\/dc\/wp-json\/wp\/v2\/users\/1"}],"replies":[{"embeddable":true,"href":"https:\/\/www.danubecommission.org\/dc\/wp-json\/wp\/v2\/comments?post=12740"}],"version-history":[{"count":1,"href":"https:\/\/www.danubecommission.org\/dc\/wp-json\/wp\/v2\/pages\/12740\/revisions"}],"predecessor-version":[{"id":15631,"href":"https:\/\/www.danubecommission.org\/dc\/wp-json\/wp\/v2\/pages\/12740\/revisions\/15631"}],"up":[{"embeddable":true,"href":"https:\/\/www.danubecommission.org\/dc\/wp-json\/wp\/v2\/pages\/12695"}],"wp:attachment":[{"href":"https:\/\/www.danubecommission.org\/dc\/wp-json\/wp\/v2\/media?parent=12740"}],"curies":[{"name":"wp","href":"https:\/\/api.w.org\/{rel}","templated":true}]}}