{"id":12853,"date":"2023-12-04T12:17:47","date_gmt":"2023-12-04T11:17:47","guid":{"rendered":"https:\/\/www.danubecommission.org\/dc\/?page_id=12853"},"modified":"2026-02-09T14:39:52","modified_gmt":"2026-02-09T13:39:52","slug":"pays-membres-de-la-commission-du-danube","status":"publish","type":"page","link":"https:\/\/www.danubecommission.org\/dc\/fr\/commission-du-danube\/pays-membres-de-la-commission-du-danube\/","title":{"rendered":"Pays membres de la Commission du Danube"},"content":{"rendered":"<table border=\"0\" cellspacing=\"0\" cellpadding=\"0\">\n<tbody>\n<tr>\n<td><b>Pavillon <\/b><\/td>\n<td><b>Etat <\/b><\/td>\n<td><b>Surface<\/b><b><br \/>\nmilliers de km carr\u00e9s <\/b><\/td>\n<td><b>Population<br \/>\nmillions de personnes<br \/>\n<\/b><b>(ann\u00e9e) <\/b><\/td>\n<td><b>Capitale,<br \/>\npopulation milliers<br \/>\nde personnes<br \/>\n<\/b><b>(ann\u00e9e) <\/b><\/td>\n<\/tr>\n<tr>\n<td><img loading=\"lazy\" decoding=\"async\" src=\"https:\/\/www.danubecommission.org\/uploads\/images\/flags\/a.gif\" width=\"45\" height=\"30\" \/><\/td>\n<td>R\u00e9publique d\u2019Autriche<\/td>\n<td>83,9<\/td>\n<td>9,16<br \/>\n(2025)<\/td>\n<td>Vienne<br \/>\n2032<br \/>\n(2025)<\/td>\n<\/tr>\n<tr>\n<td><img loading=\"lazy\" decoding=\"async\" src=\"https:\/\/www.danubecommission.org\/uploads\/images\/flags\/bg.gif\" width=\"45\" height=\"30\" \/><\/td>\n<td>R\u00e9publique de Bulgarie<\/td>\n<td>111<\/td>\n<td>6,45<br \/>\n(2025)<\/td>\n<td>Sofia<br \/>\n1280<br \/>\n(2024)<\/td>\n<\/tr>\n<tr>\n<td><img loading=\"lazy\" decoding=\"async\" src=\"https:\/\/www.danubecommission.org\/uploads\/images\/flags\/hu.gif\" width=\"45\" height=\"30\" \/><\/td>\n<td>Hongrie<\/td>\n<td>93,0<\/td>\n<td>9,54<br \/>\n(2025)<\/td>\n<td>Budapest<br \/>\n1685<br \/>\n(2025)<\/td>\n<\/tr>\n<tr>\n<td><img loading=\"lazy\" decoding=\"async\" src=\"https:\/\/www.danubecommission.org\/uploads\/images\/flags\/de.gif\" width=\"45\" height=\"30\" \/><\/td>\n<td>R\u00e9publique F\u00e9d\u00e9rale d\u2019Allemagne<\/td>\n<td>357,1<\/td>\n<td>83,58<br \/>\n(2025)<\/td>\n<td>Berlin<br \/>\n3769<br \/>\n(2024)<\/td>\n<\/tr>\n<tr>\n<td><img loading=\"lazy\" decoding=\"async\" src=\"https:\/\/www.danubecommission.org\/uploads\/images\/flags\/md.gif\" width=\"45\" height=\"30\" \/><\/td>\n<td>R\u00e9publique de Moldova<\/td>\n<td>33,8<\/td>\n<td>2,57<br \/>\n(2024)<\/td>\n<td>Chisinau<br \/>\n639<br \/>\n(2024)<\/td>\n<\/tr>\n<tr>\n<td><img loading=\"lazy\" decoding=\"async\" src=\"https:\/\/www.danubecommission.org\/uploads\/images\/flags\/ro.gif\" width=\"45\" height=\"30\" \/><\/td>\n<td>Roumanie<\/td>\n<td>238,4<\/td>\n<td>19,04<br \/>\n(2025)<\/td>\n<td>Bucarest<br \/>\n1709<br \/>\n(2025)<\/td>\n<\/tr>\n<tr>\n<td><img loading=\"lazy\" decoding=\"async\" src=\"https:\/\/www.danubecommission.org\/uploads\/images\/flags\/scg.gif\" width=\"45\" height=\"30\" \/><\/td>\n<td>R\u00e9publique de Serbie<\/td>\n<td>88,4<\/td>\n<td>6,66<br \/>\n(2024)<\/td>\n<td>Belgrade<br \/>\n1683<br \/>\n(2024)<\/td>\n<\/tr>\n<tr>\n<td><img loading=\"lazy\" decoding=\"async\" src=\"https:\/\/www.danubecommission.org\/uploads\/images\/flags\/sk.gif\" width=\"45\" height=\"30\" \/><\/td>\n<td>R\u00e9publique Slovaque<\/td>\n<td>49,0<\/td>\n<td>5,42<br \/>\n(2025)<\/td>\n<td>Bratislava<br \/>\n475<br \/>\n(2024)<\/td>\n<\/tr>\n<tr>\n<td><img loading=\"lazy\" decoding=\"async\" src=\"https:\/\/www.danubecommission.org\/uploads\/images\/flags\/ua.gif\" width=\"45\" height=\"30\" \/><\/td>\n<td>Ukraine<\/td>\n<td>603,628<\/td>\n<td>38,74<br \/>\n(2024)<\/td>\n<td>Kiev<br \/>\n2952<br \/>\n(2022)<\/td>\n<\/tr>\n<tr>\n<td><img loading=\"lazy\" decoding=\"async\" src=\"https:\/\/www.danubecommission.org\/uploads\/images\/flags\/hr.gif\" width=\"45\" height=\"30\" \/><\/td>\n<td>R\u00e9publique de Croatie<\/td>\n<td>57,0<\/td>\n<td>3,86<br \/>\n(2025)<\/td>\n<td>Zagreb<br \/>\n767<br \/>\n(2024)<\/td>\n<\/tr>\n<\/tbody>\n<\/table>\n<p><strong>Sources\u00a0: \u00a0\u00a0\u00a0<\/strong><\/p>\n<ul>\n<li>Donn\u00e9es re\u00e7ues des pays membres de la CD (S\u0422-16) ;<\/li>\n<li>EU transport in figures. Statistical pocketbook ;<\/li>\n<li>EUROSTAT ;<\/li>\n<li>\u00a0 Wikipedia, the free encyclopedia (ISO 3166-1) et autres sources Internet.<\/li>\n<\/ul>\n","protected":false},"excerpt":{"rendered":"<p>Pavillon Etat Surface milliers de km carr\u00e9s Population millions de personnes (ann\u00e9e) Capitale, population milliers de personnes (ann\u00e9e) R\u00e9publique d\u2019Autriche<\/p>\n","protected":false},"author":1,"featured_media":0,"parent":248,"menu_order":0,"comment_status":"closed","ping_status":"closed","template":"","meta":{"_seopress_robots_primary_cat":"","_seopress_titles_title":"","_seopress_titles_desc":"","_seopress_robots_index":"","colormag_page_container_layout":"default_layout","colormag_page_sidebar_layout":"default_layout","footnotes":""},"class_list":["post-12853","page","type-page","status-publish","hentry"],"_links":{"self":[{"href":"https:\/\/www.danubecommission.org\/dc\/wp-json\/wp\/v2\/pages\/12853","targetHints":{"allow":["GET"]}}],"collection":[{"href":"https:\/\/www.danubecommission.org\/dc\/wp-json\/wp\/v2\/pages"}],"about":[{"href":"https:\/\/www.danubecommission.org\/dc\/wp-json\/wp\/v2\/types\/page"}],"author":[{"embeddable":true,"href":"https:\/\/www.danubecommission.org\/dc\/wp-json\/wp\/v2\/users\/1"}],"replies":[{"embeddable":true,"href":"https:\/\/www.danubecommission.org\/dc\/wp-json\/wp\/v2\/comments?post=12853"}],"version-history":[{"count":2,"href":"https:\/\/www.danubecommission.org\/dc\/wp-json\/wp\/v2\/pages\/12853\/revisions"}],"predecessor-version":[{"id":16289,"href":"https:\/\/www.danubecommission.org\/dc\/wp-json\/wp\/v2\/pages\/12853\/revisions\/16289"}],"up":[{"embeddable":true,"href":"https:\/\/www.danubecommission.org\/dc\/wp-json\/wp\/v2\/pages\/248"}],"wp:attachment":[{"href":"https:\/\/www.danubecommission.org\/dc\/wp-json\/wp\/v2\/media?parent=12853"}],"curies":[{"name":"wp","href":"https:\/\/api.w.org\/{rel}","templated":true}]}}