{"id":1314,"date":"2017-01-31T08:33:14","date_gmt":"2017-01-31T07:33:14","guid":{"rendered":"http:\/\/www.danubecommission.org\/dc\/?page_id=1314"},"modified":"2017-04-24T14:14:49","modified_gmt":"2017-04-24T13:14:49","slug":"statistische-formulare","status":"publish","type":"page","link":"https:\/\/www.danubecommission.org\/dc\/de\/publikationstatigkeit-der-dk\/statistische-formulare\/","title":{"rendered":"Statistische Formulare"},"content":{"rendered":"<div>\n<p><a href=\"http:\/\/www.danubecommission.org\/uploads\/doc\/STATISTIC\/Original%202011\/Stat%20Form%20DE.zip\"><b>STATISTISCHE FORMULARE DER DONAUKOMMISSION (ST-1 &#8211; ST-16, OSA-1)<\/b><\/a><\/p>\n<p><b>im Jahr 2012<\/b><\/p>\n<ul>\n<li><a href=\"http:\/\/www.danubecommission.org\/uploads\/doc\/STATISTIC\/Formulars_DK_2012\/AT.ZIP\"><b>\u00d6sterreich<\/b><\/a><\/li>\n<li><a href=\"http:\/\/www.danubecommission.org\/uploads\/doc\/STATISTIC\/Formulars_DK_2012\/BG.ZIP\"><strong>Bulgarien<\/strong><\/a><\/li>\n<li><a href=\"http:\/\/www.danubecommission.org\/uploads\/doc\/STATISTIC\/Formulars_DK_2012\/SK.ZIP\"><b>Slowakei<\/b><\/a><\/li>\n<li><a href=\"http:\/\/www.danubecommission.org\/uploads\/doc\/STATISTIC\/Formulars_DK_2012\/HR.ZIP\"><b>Kroatien<\/b><\/a><\/li>\n<li><a href=\"http:\/\/www.danubecommission.org\/uploads\/doc\/STATISTIC\/Formulars_DK_2012\/RS.ZIP\"><b>Serbien <\/b><\/a><\/li>\n<li><b><a href=\"http:\/\/www.danubecommission.org\/uploads\/doc\/STATISTIC\/Formulars_DK_2012\/RO.ZIP\">Rum\u00e4nien<\/a><br \/>\n<\/b><\/li>\n<li><a href=\"http:\/\/www.danubecommission.org\/uploads\/doc\/STATISTIC\/Formulars_DK_2012\/RU.ZIP\"><strong>Russische F\u00f6deration<\/strong><\/a><\/li>\n<li><a href=\"http:\/\/www.danubecommission.org\/uploads\/doc\/STATISTIC\/Formulars_DK_2012\/UKR.ZIP\"><b>Ukraine<\/b><\/a><\/li>\n<li><a href=\"http:\/\/www.danubecommission.org\/uploads\/doc\/STATISTIC\/Formulars_DK_2012\/HU.ZIP\"><strong>Ungarn<\/strong><\/a><\/li>\n<\/ul>\n<p><b>im Jahr 2011<\/b><\/p>\n<ul>\n<li><b><a href=\"http:\/\/www.danubecommission.org\/uploads\/doc\/STATISTIC\/Formulars%20DK%202011\/Fragebogen_2012_2011_SC-Abfragen.xlsm\">\u00d6sterreich<\/a><\/b><\/li>\n<li><b><a href=\"http:\/\/www.danubecommission.org\/uploads\/doc\/STATISTIC\/Formulars%20DK%202011\/Stat%20form%20SK%202011.pdf\">Slowakei<\/a><\/b><\/li>\n<li><b><a href=\"http:\/\/www.danubecommission.org\/uploads\/doc\/STATISTIC\/Formulars%20DK%202011\/Stat%20form%20HR%202011.pdf\">Kroatien<\/a><\/b><\/li>\n<li><b><a href=\"http:\/\/www.danubecommission.org\/uploads\/doc\/STATISTIC\/Formulars%20DK%202011\/Stat%20form%20Serbia%202011.pdf\">Serbien<\/a> <\/b><\/li>\n<li><b><a href=\"http:\/\/www.danubecommission.org\/uploads\/doc\/STATISTIC\/Formulars%20DK%202011\/Stat%20form%20RO%202011.pdf\">Rum\u00e4nien <\/a><br \/>\n<\/b><\/li>\n<li><b><a href=\"http:\/\/www.danubecommission.org\/uploads\/doc\/STATISTIC\/Formulars%20DK%202011\/Stat%20form%20UA%202011.pdf\">Ukraine<\/a><\/b><\/li>\n<\/ul>\n<div><\/div>\n<p><b>im Jahr 2010<\/b><\/p>\n<ul>\n<li><a href=\"http:\/\/www.danubecommission.org\/uploads\/doc\/STATISTIC\/Formulars%20DK%202010\/Stat%20form%20AT%202010.pdf\"><b>\u00d6sterreich<\/b><\/a><\/li>\n<li><a href=\"http:\/\/www.danubecommission.org\/uploads\/doc\/STATISTIC\/Formulars%20DK%202010\/Stat%20form%20SK%202010.pdf\"><b>Slowakei<\/b><\/a><\/li>\n<li><a href=\"http:\/\/www.danubecommission.org\/uploads\/doc\/STATISTIC\/Formulars%20DK%202010\/Stat%20form%20HU%202010.pdf\"><b>Ungarn<\/b><\/a><\/li>\n<li><a href=\"http:\/\/www.danubecommission.org\/uploads\/doc\/STATISTIC\/Formulars%20DK%202010\/Stat%20form%20HR%202010.pdf\"><b>Kroatien<\/b><\/a><\/li>\n<li><b><a href=\"http:\/\/www.danubecommission.org\/uploads\/doc\/STATISTIC\/Formulars%20DK%202010\/Stat%20form%20SRB%202010.pdf\">Serbien <\/a><br \/>\n<\/b><\/li>\n<li><a href=\"http:\/\/www.danubecommission.org\/uploads\/doc\/STATISTIC\/Formulars%20DK%202010\/Stat%20form%20BG%202010.pdf\"><b>Bulgarien<\/b><\/a><\/li>\n<li><b><a href=\"http:\/\/www.danubecommission.org\/uploads\/doc\/STATISTIC\/Formulars%20DK%202010\/Stat%20form%20RO%202010.pdf\">Rum\u00e4nien <\/a><br \/>\n<\/b><\/li>\n<li><a href=\"http:\/\/www.danubecommission.org\/uploads\/doc\/STATISTIC\/Formulars%20DK%202010\/Stat%20form%20UK%202010.pdf\"><b>Ukraine<\/b><\/a><\/li>\n<li><a href=\"http:\/\/www.danubecommission.org\/uploads\/doc\/STATISTIC\/Formulars%20DK%202010\/Stat%20form%20RU%202010.pdf\"><b>Russische F\u00f6deration<\/b><\/a><\/li>\n<\/ul>\n<p><b>im Jahr 2009<\/b><\/p>\n<ul>\n<li><a href=\"http:\/\/www.danubecommission.org\/uploads\/doc\/STATISTIC\/Formulars%20DK%202009\/AT%202009.pdf\"><b>\u00d6sterreich<\/b><\/a><\/li>\n<li><a href=\"http:\/\/www.danubecommission.org\/uploads\/doc\/STATISTIC\/Formulars%20DK%202009\/SK%202009.pdf\"><b>Slowakei<\/b><\/a><\/li>\n<li><a href=\"http:\/\/www.danubecommission.org\/uploads\/doc\/STATISTIC\/Formulars%20DK%202009\/HU%202009.pdf\"><b>Ungarn<\/b><\/a><\/li>\n<li><a href=\"http:\/\/www.danubecommission.org\/uploads\/doc\/STATISTIC\/Formulars%20DK%202009\/HR%202009.pdf\"><b>Kroatien<\/b><\/a><\/li>\n<li><a href=\"http:\/\/www.danubecommission.org\/uploads\/doc\/STATISTIC\/Formulars%20DK%202009\/BG%202009.pdf\"><b>Bulgarien<\/b><\/a><\/li>\n<li><a href=\"http:\/\/www.danubecommission.org\/uploads\/doc\/STATISTIC\/Formulars%20DK%202009\/UA%202009.pdf\"><b>Ukraine<\/b><\/a><\/li>\n<li><a href=\"http:\/\/www.danubecommission.org\/uploads\/doc\/STATISTIC\/Formulars%20DK%202009\/RU%202009.pdf\"><b>Russische F\u00f6deration<\/b><\/a><\/li>\n<\/ul>\n<\/div>\n","protected":false},"excerpt":{"rendered":"<p>STATISTISCHE FORMULARE DER DONAUKOMMISSION (ST-1 &#8211; ST-16, OSA-1) im Jahr 2012 \u00d6sterreich Bulgarien Slowakei Kroatien Serbien Rum\u00e4nien Russische F\u00f6deration Ukraine<\/p>\n","protected":false},"author":1,"featured_media":0,"parent":40,"menu_order":5,"comment_status":"closed","ping_status":"closed","template":"","meta":{"_seopress_robots_primary_cat":"","_seopress_titles_title":"","_seopress_titles_desc":"","_seopress_robots_index":"","colormag_page_container_layout":"default_layout","colormag_page_sidebar_layout":"default_layout","footnotes":""},"class_list":["post-1314","page","type-page","status-publish","hentry"],"_links":{"self":[{"href":"https:\/\/www.danubecommission.org\/dc\/wp-json\/wp\/v2\/pages\/1314","targetHints":{"allow":["GET"]}}],"collection":[{"href":"https:\/\/www.danubecommission.org\/dc\/wp-json\/wp\/v2\/pages"}],"about":[{"href":"https:\/\/www.danubecommission.org\/dc\/wp-json\/wp\/v2\/types\/page"}],"author":[{"embeddable":true,"href":"https:\/\/www.danubecommission.org\/dc\/wp-json\/wp\/v2\/users\/1"}],"replies":[{"embeddable":true,"href":"https:\/\/www.danubecommission.org\/dc\/wp-json\/wp\/v2\/comments?post=1314"}],"version-history":[{"count":0,"href":"https:\/\/www.danubecommission.org\/dc\/wp-json\/wp\/v2\/pages\/1314\/revisions"}],"up":[{"embeddable":true,"href":"https:\/\/www.danubecommission.org\/dc\/wp-json\/wp\/v2\/pages\/40"}],"wp:attachment":[{"href":"https:\/\/www.danubecommission.org\/dc\/wp-json\/wp\/v2\/media?parent=1314"}],"curies":[{"name":"wp","href":"https:\/\/api.w.org\/{rel}","templated":true}]}}