{"id":1322,"date":"2017-01-31T08:39:48","date_gmt":"2017-01-31T07:39:48","guid":{"rendered":"http:\/\/www.danubecommission.org\/dc\/?page_id=1322"},"modified":"2026-03-10T14:32:51","modified_gmt":"2026-03-10T13:32:51","slug":"donaukarten","status":"publish","type":"page","link":"https:\/\/www.danubecommission.org\/dc\/de\/publikationstatigkeit-der-dk\/donaukarten\/","title":{"rendered":"Donaukarten"},"content":{"rendered":"<p>\u00dcbersichtskarte der Donau, <a href=\"https:\/\/www.danubecommission.org\/dc\/de\/die-donauschifffahrt\/objekte-der-donaukommissionen-hydrologische-datenbank-interaktive-uebersichtskarte-der-donau\/\">Interaktive \u00dcbersichtskarte der Donau<\/a><\/p>\n<p>\u00dcbersichtskarte der Donau, Publikation der Donaukommission, Budapest 2016, modifiziert 2026.<\/p>\n<p><a href=\"https:\/\/www.danubecommission.org\/uploads\/images\/maps\/Duna_2016_modified_2026.jpg\" target=\"_blank\" rel=\"noopener\"><img alt=\"\" loading=\"lazy\" decoding=\"async\" class=\"alignnone wp-image-2650 size-large\" src=\"http:\/\/www.danubecommission.org\/dc\/wp-content\/uploads\/2016\/12\/Duna_2016_febr_resize-1024x746.jpg\" alt=\"\" width=\"800\" height=\"583\" srcset=\"https:\/\/www.danubecommission.org\/dc\/wp-content\/uploads\/2016\/12\/Duna_2016_febr_resize-1024x746.jpg 1024w, https:\/\/www.danubecommission.org\/dc\/wp-content\/uploads\/2016\/12\/Duna_2016_febr_resize-300x219.jpg 300w, https:\/\/www.danubecommission.org\/dc\/wp-content\/uploads\/2016\/12\/Duna_2016_febr_resize-768x560.jpg 768w\" sizes=\"auto, (max-width: 800px) 100vw, 800px\" \/><\/a><\/p>\n<p>\u00dcbersichtskarte der Donau, Publikation der Donaukommission, Budapest 2009<\/p>\n<p><a href=\"https:\/\/www.danubecommission.org\/uploads\/images\/maps\/Duna_2009_original.jpg\" target=\"_blank\" rel=\"noopener\"><img loading=\"lazy\" decoding=\"async\" class=\"alignnone\" src=\"http:\/\/www.danubecommission.org\/uploads\/images\/Duna-2009-1-1-000-000-600-p.jpg\" alt=\"\" width=\"600\" height=\"436\" \/><\/a><\/p>\n<p>\u00dcbersichtskarte der Donau, Ausgabe der Donaukommission, Budapest 1998<\/p>\n<p><a href=\"http:\/\/www.danubecommission.org\/uploads\/images\/danube-map.jpg\" target=\"_blank\" rel=\"noopener\"><img loading=\"lazy\" decoding=\"async\" src=\"http:\/\/www.danubecommission.org\/uploads\/images\/danube-map-s.jpg\" alt=\"\u00dcbersichtskarte der Donau\" width=\"600\" height=\"418\" \/><\/a><\/p>\n","protected":false},"excerpt":{"rendered":"<p>\u00dcbersichtskarte der Donau, Interaktive \u00dcbersichtskarte der Donau \u00dcbersichtskarte der Donau, Publikation der Donaukommission, Budapest 2016, modifiziert 2026. \u00dcbersichtskarte der Donau,<\/p>\n","protected":false},"author":1,"featured_media":0,"parent":40,"menu_order":5,"comment_status":"closed","ping_status":"closed","template":"","meta":{"_seopress_robots_primary_cat":"","_seopress_titles_title":"","_seopress_titles_desc":"","_seopress_robots_index":"","colormag_page_container_layout":"default_layout","colormag_page_sidebar_layout":"default_layout","footnotes":""},"class_list":["post-1322","page","type-page","status-publish","hentry"],"_links":{"self":[{"href":"https:\/\/www.danubecommission.org\/dc\/wp-json\/wp\/v2\/pages\/1322","targetHints":{"allow":["GET"]}}],"collection":[{"href":"https:\/\/www.danubecommission.org\/dc\/wp-json\/wp\/v2\/pages"}],"about":[{"href":"https:\/\/www.danubecommission.org\/dc\/wp-json\/wp\/v2\/types\/page"}],"author":[{"embeddable":true,"href":"https:\/\/www.danubecommission.org\/dc\/wp-json\/wp\/v2\/users\/1"}],"replies":[{"embeddable":true,"href":"https:\/\/www.danubecommission.org\/dc\/wp-json\/wp\/v2\/comments?post=1322"}],"version-history":[{"count":3,"href":"https:\/\/www.danubecommission.org\/dc\/wp-json\/wp\/v2\/pages\/1322\/revisions"}],"predecessor-version":[{"id":16377,"href":"https:\/\/www.danubecommission.org\/dc\/wp-json\/wp\/v2\/pages\/1322\/revisions\/16377"}],"up":[{"embeddable":true,"href":"https:\/\/www.danubecommission.org\/dc\/wp-json\/wp\/v2\/pages\/40"}],"wp:attachment":[{"href":"https:\/\/www.danubecommission.org\/dc\/wp-json\/wp\/v2\/media?parent=1322"}],"curies":[{"name":"wp","href":"https:\/\/api.w.org\/{rel}","templated":true}]}}