{"id":1324,"date":"2017-01-31T08:41:17","date_gmt":"2017-01-31T07:41:17","guid":{"rendered":"http:\/\/www.danubecommission.org\/dc\/?page_id=1324"},"modified":"2026-03-10T14:33:43","modified_gmt":"2026-03-10T13:33:43","slug":"cartes-du-danube","status":"publish","type":"page","link":"https:\/\/www.danubecommission.org\/dc\/fr\/activite-editoriale-de-la-cd\/cartes-du-danube\/","title":{"rendered":"Cartes du Danube"},"content":{"rendered":"<div>\n<p>Carte g\u00e9n\u00e9rale du Danube, <a href=\"https:\/\/www.danubecommission.org\/dc\/fr\/navigation-danubienne\/objets-des-commissions-du-danube-base-de-donnees-hydrologiques-carte-generale-interactive-du-danube\/\">Carte g\u00e9n\u00e9rale interactive du Danube<\/a><\/p>\n<p>Carte g\u00e9n\u00e9rale du Danube, publication de la Commission du Danube, Budapest 2016, modifi\u00e9 2026.<\/p>\n<p><a href=\"https:\/\/www.danubecommission.org\/uploads\/images\/maps\/Duna_2016_modified_2026.jpg\" target=\"_blank\" rel=\"noopener\"><img alt=\"\" loading=\"lazy\" decoding=\"async\" class=\"alignnone wp-image-2650 size-large\" src=\"https:\/\/www.danubecommission.org\/dc\/wp-content\/uploads\/2016\/12\/Duna_2016_febr_resize-1024x746.jpg\" alt=\"\" width=\"800\" height=\"583\" srcset=\"https:\/\/www.danubecommission.org\/dc\/wp-content\/uploads\/2016\/12\/Duna_2016_febr_resize-1024x746.jpg 1024w, https:\/\/www.danubecommission.org\/dc\/wp-content\/uploads\/2016\/12\/Duna_2016_febr_resize-300x219.jpg 300w, https:\/\/www.danubecommission.org\/dc\/wp-content\/uploads\/2016\/12\/Duna_2016_febr_resize-768x560.jpg 768w\" sizes=\"auto, (max-width: 800px) 100vw, 800px\" \/><\/a><\/p>\n<p>Carte g\u00e9n\u00e9rale du Danube, publication de la Commission du Danube, Budapest 2009<\/p>\n<p><a href=\"https:\/\/www.danubecommission.org\/uploads\/images\/maps\/Duna_2009_original.jpg\" target=\"_blank\" rel=\"noopener\"><img loading=\"lazy\" decoding=\"async\" class=\"alignnone\" src=\"https:\/\/www.danubecommission.org\/uploads\/images\/Duna-2009-1-1-000-000-600-p.jpg\" alt=\"\" width=\"600\" height=\"436\" \/><\/a><\/p>\n<p>Carte g\u00e9n\u00e9rale du Danube, publication de la Commission du Danube, Budapest 1998<\/p>\n<p><a href=\"https:\/\/www.danubecommission.org\/uploads\/images\/danube-map.jpg\" target=\"_blank\" rel=\"noopener noreferrer\"><img loading=\"lazy\" decoding=\"async\" src=\"https:\/\/www.danubecommission.org\/uploads\/images\/danube-map-s.jpg\" alt=\"Carte g\u00e9n\u00e9rale du Danube\" width=\"600\" height=\"418\" \/><\/a><\/p>\n<p>&nbsp;<\/p>\n<\/div>\n","protected":false},"excerpt":{"rendered":"<p>Carte g\u00e9n\u00e9rale du Danube, Carte g\u00e9n\u00e9rale interactive du Danube Carte g\u00e9n\u00e9rale du Danube, publication de la Commission du Danube, Budapest<\/p>\n","protected":false},"author":1,"featured_media":0,"parent":96,"menu_order":5,"comment_status":"closed","ping_status":"closed","template":"","meta":{"_seopress_robots_primary_cat":"","_seopress_titles_title":"","_seopress_titles_desc":"","_seopress_robots_index":"","colormag_page_container_layout":"default_layout","colormag_page_sidebar_layout":"default_layout","footnotes":""},"class_list":["post-1324","page","type-page","status-publish","hentry"],"_links":{"self":[{"href":"https:\/\/www.danubecommission.org\/dc\/wp-json\/wp\/v2\/pages\/1324","targetHints":{"allow":["GET"]}}],"collection":[{"href":"https:\/\/www.danubecommission.org\/dc\/wp-json\/wp\/v2\/pages"}],"about":[{"href":"https:\/\/www.danubecommission.org\/dc\/wp-json\/wp\/v2\/types\/page"}],"author":[{"embeddable":true,"href":"https:\/\/www.danubecommission.org\/dc\/wp-json\/wp\/v2\/users\/1"}],"replies":[{"embeddable":true,"href":"https:\/\/www.danubecommission.org\/dc\/wp-json\/wp\/v2\/comments?post=1324"}],"version-history":[{"count":3,"href":"https:\/\/www.danubecommission.org\/dc\/wp-json\/wp\/v2\/pages\/1324\/revisions"}],"predecessor-version":[{"id":16378,"href":"https:\/\/www.danubecommission.org\/dc\/wp-json\/wp\/v2\/pages\/1324\/revisions\/16378"}],"up":[{"embeddable":true,"href":"https:\/\/www.danubecommission.org\/dc\/wp-json\/wp\/v2\/pages\/96"}],"wp:attachment":[{"href":"https:\/\/www.danubecommission.org\/dc\/wp-json\/wp\/v2\/media?parent=1324"}],"curies":[{"name":"wp","href":"https:\/\/api.w.org\/{rel}","templated":true}]}}