{"id":1348,"date":"2017-01-31T09:09:40","date_gmt":"2017-01-31T08:09:40","guid":{"rendered":"http:\/\/www.danubecommission.org\/dc\/?page_id=1348"},"modified":"2026-02-19T14:53:40","modified_gmt":"2026-02-19T13:53:40","slug":"impressum","status":"publish","type":"page","link":"https:\/\/www.danubecommission.org\/dc\/de\/publikationstatigkeit-der-dk\/impressum\/","title":{"rendered":"Impressum"},"content":{"rendered":"<div>\n<p><strong>Offizielle Website der Donaukommission<\/strong><\/p>\n<p><strong>Offizielle Website der Donaukommission (DK):<\/strong> Dokumente und Empfehlungen zu Fragen der Donauschifffahrt, Informationen \u00fcber die Donau, H\u00e4fen, Br\u00fccken, Schleusen, Pegel, Schifffahrtsunternehmen sowie statistische Informationen \u00fcber die Donauschifffahrt.<\/p>\n<p><strong>F\u00fcr Mitgliedstaaten und Beobachter:<\/strong> Informationsmaterialien \u00fcber Expertentreffen, Arbeitsgruppensitzungen und Tagungen der DK.<\/p>\n<p><strong>Verlagst\u00e4tigkeit der Donaukommission:<\/strong> Katalog der Ver\u00f6ffentlichungen, elektronische Bibliothek und elektronisches Archiv der Dokumente; Berichte, Pressemitteilungen, Foto- und Videogalerien.<\/p>\n<p>Gro\u00dfe Anzahl n\u00fctzlicher links zu Webseiten internationaler Organisationen, Botschaften, Au\u00dfenministerien, meteorologischer Dienste, statistischer Agenturen der Mitgliedstaaten und Beobachterstaaten der DK.<\/p>\n<p>Kontaktinformation und Antworten auf h\u00e4ufig gestellte Fragen.<\/p>\n<p><strong>Kontakt<\/strong><\/p>\n<p><strong>Donaukommission<\/strong><\/p>\n<p><b>Anschrift:<\/b> Ungarn, 1068 Budapest, Bencz\u00far utca 25<\/p>\n<p><b>Telefon:<\/b> +36-1-461-80-10<\/p>\n<p><b>Fax:<\/b> +36-1-352-18-39<\/p>\n<p><b>E-mail:<\/b> <a href=\"mailto:secretariat@danubecommission.org\">secretariat@danubecommission.org<\/a><\/p>\n<p><b>Hompage: <\/b><a href=\"http:\/\/www.danubecommission.org\">www.danubecommission.org<\/a><\/p>\n<p>&nbsp;<\/p>\n<\/div>\n","protected":false},"excerpt":{"rendered":"<p>Offizielle Website der Donaukommission Offizielle Website der Donaukommission (DK): Dokumente und Empfehlungen zu Fragen der Donauschifffahrt, Informationen \u00fcber die Donau,<\/p>\n","protected":false},"author":1,"featured_media":0,"parent":40,"menu_order":6,"comment_status":"closed","ping_status":"closed","template":"","meta":{"_seopress_robots_primary_cat":"","_seopress_titles_title":"","_seopress_titles_desc":"","_seopress_robots_index":"","colormag_page_container_layout":"default_layout","colormag_page_sidebar_layout":"default_layout","footnotes":""},"class_list":["post-1348","page","type-page","status-publish","hentry"],"_links":{"self":[{"href":"https:\/\/www.danubecommission.org\/dc\/wp-json\/wp\/v2\/pages\/1348","targetHints":{"allow":["GET"]}}],"collection":[{"href":"https:\/\/www.danubecommission.org\/dc\/wp-json\/wp\/v2\/pages"}],"about":[{"href":"https:\/\/www.danubecommission.org\/dc\/wp-json\/wp\/v2\/types\/page"}],"author":[{"embeddable":true,"href":"https:\/\/www.danubecommission.org\/dc\/wp-json\/wp\/v2\/users\/1"}],"replies":[{"embeddable":true,"href":"https:\/\/www.danubecommission.org\/dc\/wp-json\/wp\/v2\/comments?post=1348"}],"version-history":[{"count":1,"href":"https:\/\/www.danubecommission.org\/dc\/wp-json\/wp\/v2\/pages\/1348\/revisions"}],"predecessor-version":[{"id":16307,"href":"https:\/\/www.danubecommission.org\/dc\/wp-json\/wp\/v2\/pages\/1348\/revisions\/16307"}],"up":[{"embeddable":true,"href":"https:\/\/www.danubecommission.org\/dc\/wp-json\/wp\/v2\/pages\/40"}],"wp:attachment":[{"href":"https:\/\/www.danubecommission.org\/dc\/wp-json\/wp\/v2\/media?parent=1348"}],"curies":[{"name":"wp","href":"https:\/\/api.w.org\/{rel}","templated":true}]}}