{"id":1351,"date":"2017-01-31T09:11:14","date_gmt":"2017-01-31T08:11:14","guid":{"rendered":"http:\/\/www.danubecommission.org\/dc\/?page_id=1351"},"modified":"2026-02-19T14:54:01","modified_gmt":"2026-02-19T13:54:01","slug":"impression","status":"publish","type":"page","link":"https:\/\/www.danubecommission.org\/dc\/fr\/activite-editoriale-de-la-cd\/impression\/","title":{"rendered":"Impression"},"content":{"rendered":"<div>\n<p><strong>Le site officiel de la Commission du Danube<\/strong><\/p>\n<p><strong>Le site officiel de la Commission du Danube (CD)\u00a0:<\/strong> documents et recommandations en mati\u00e8re de navigation sur le Danube, donn\u00e9es relatives au Danube, aux ports, ponts, \u00e9cluses, stations hydrom\u00e9triques, entreprises de navigation ainsi que statistiques de la navigation danubienne.<\/p>\n<p><strong>Pour les pays membres et les observateurs\u00a0:<\/strong> documents informatifs relatifs aux r\u00e9unions d&#8217;experts, s\u00e9ances de groupes de travail et sessions de la CD.<\/p>\n<p><strong>Activit\u00e9 \u00e9ditoriale de la Commission du Danube\u00a0:<\/strong> Catalogue des publications, biblioth\u00e8que \u00e9lectronique et archives \u00e9lectronique de documents\u00a0; comptes-rendus, communiqu\u00e9s de presse, galeries photo et vid\u00e9o.<\/p>\n<p>Grand nombre de liens utiles (link) pour passer sur les sites des organisations internationales, ambassades, minist\u00e8res des affaires \u00e9trang\u00e8res, minist\u00e8res de transport, services m\u00e9t\u00e9orologiques, agences statistiques des pays membres et des pays observateurs aupr\u00e8s de la CD.<\/p>\n<p>Donn\u00e9es de contact et r\u00e9ponses aux questions fr\u00e9quentes.<\/p>\n<p><strong>Contact<\/strong><\/p>\n<p><strong>Commission du Danube<\/strong><\/p>\n<p><b>Adresse:<\/b> Hongrie, 1068 Budapest, Bencz\u00far utca 25<\/p>\n<p><b>T\u00e9l\u00e9phone:<\/b> +36-1-461-80-10<\/p>\n<p><b>Fax:<\/b> +36-1-352-18-39<\/p>\n<p><b>E-mail:<\/b> <a href=\"mailto:secretariat@danubecommission.org\">secretariat@danubecommission.org<\/a><\/p>\n<p><b>Site internet: <\/b>www.danubecommission.org<\/p>\n<\/div>\n","protected":false},"excerpt":{"rendered":"<p>Le site officiel de la Commission du Danube Le site officiel de la Commission du Danube (CD)\u00a0: documents et recommandations<\/p>\n","protected":false},"author":1,"featured_media":0,"parent":96,"menu_order":6,"comment_status":"closed","ping_status":"closed","template":"","meta":{"_seopress_robots_primary_cat":"","_seopress_titles_title":"","_seopress_titles_desc":"","_seopress_robots_index":"","colormag_page_container_layout":"default_layout","colormag_page_sidebar_layout":"default_layout","footnotes":""},"class_list":["post-1351","page","type-page","status-publish","hentry"],"_links":{"self":[{"href":"https:\/\/www.danubecommission.org\/dc\/wp-json\/wp\/v2\/pages\/1351","targetHints":{"allow":["GET"]}}],"collection":[{"href":"https:\/\/www.danubecommission.org\/dc\/wp-json\/wp\/v2\/pages"}],"about":[{"href":"https:\/\/www.danubecommission.org\/dc\/wp-json\/wp\/v2\/types\/page"}],"author":[{"embeddable":true,"href":"https:\/\/www.danubecommission.org\/dc\/wp-json\/wp\/v2\/users\/1"}],"replies":[{"embeddable":true,"href":"https:\/\/www.danubecommission.org\/dc\/wp-json\/wp\/v2\/comments?post=1351"}],"version-history":[{"count":1,"href":"https:\/\/www.danubecommission.org\/dc\/wp-json\/wp\/v2\/pages\/1351\/revisions"}],"predecessor-version":[{"id":16308,"href":"https:\/\/www.danubecommission.org\/dc\/wp-json\/wp\/v2\/pages\/1351\/revisions\/16308"}],"up":[{"embeddable":true,"href":"https:\/\/www.danubecommission.org\/dc\/wp-json\/wp\/v2\/pages\/96"}],"wp:attachment":[{"href":"https:\/\/www.danubecommission.org\/dc\/wp-json\/wp\/v2\/media?parent=1351"}],"curies":[{"name":"wp","href":"https:\/\/api.w.org\/{rel}","templated":true}]}}