{"id":1365,"date":"2017-01-31T09:31:18","date_gmt":"2017-01-31T08:31:18","guid":{"rendered":"http:\/\/www.danubecommission.org\/dc\/?page_id=1365"},"modified":"2021-08-26T08:37:07","modified_gmt":"2021-08-26T07:37:07","slug":"archives-de-la-commission-du-danube","status":"publish","type":"page","link":"https:\/\/www.danubecommission.org\/dc\/fr\/activite-editoriale-de-la-cd\/archives-de-la-commission-du-danube\/","title":{"rendered":"Archives de la Commission du Danube"},"content":{"rendered":"<p><img loading=\"lazy\" decoding=\"async\" class=\"alignright\" src=\"https:\/\/www.danubecommission.org\/uploads\/images\/archiv\/CD_archive-1.jpg\" width=\"200\" height=\"280\" \/><\/p>\n<p style=\"text-align: justify;\">Les documents les plus anciens conserv\u00e9s dans les archives de la Commission du Danube datent de 1946. Les archives contiennent des documents historiques uniques provenant de l&#8217;\u00e9poque o\u00f9 notre organisation a \u00e9t\u00e9 fond\u00e9e, parmi lesquels des proc\u00e8s-verbaux des sessions pl\u00e9ni\u00e8res de la conf\u00e9rence danubienne de Belgrade de 1948 menant \u00e0 la signature de la \u00ab\u00a0Convention relative au r\u00e9gime de la navigation sur le Danube\u00a0\u00bb, des exemplaires de la Convention de Belgrade et de ses protocoles additionnels, de l&#8217;Accord portant sur les privil\u00e8ges et immunit\u00e9s accord\u00e9s \u00e0 la Commission du Danube, ainsi que des instruments de ratification des Repr\u00e9sentants des Etats membres de la Commission du Danube. En outre, les archives comprennent des documents des sessions pl\u00e9ni\u00e8res, des s\u00e9ances des groupes de travail et des r\u00e9unions des groupes d&#8217;experts ainsi que des publications de la CD parues apr\u00e8s 1946.<\/p>\n<p style=\"text-align: justify;\">Pour rendre accessible au public les documents historiques de la Commission du<\/p>\n<p style=\"text-align: justify;\"><img loading=\"lazy\" decoding=\"async\" class=\"alignright\" src=\"https:\/\/www.danubecommission.org\/uploads\/images\/archiv\/CD_archive-5.jpg\" width=\"200\" height=\"280\" \/><\/p>\n<p style=\"text-align: justify;\">Danube sur notre site Internet, nous poursuivons actuellement la num\u00e9risation des archives de la CD.<\/p>\n<p style=\"text-align: justify;\">Les \u00e9tudiants, doctorants, chercheurs ou personnes int\u00e9ress\u00e9es par l&#8217;activit\u00e9 de la Commission du Danube peuvent consulter le fonds des archives de notre organisation sur accord pr\u00e9alable par t\u00e9l\u00e9phone : + 36 1 461 80 10 ou par courriel.<\/p>\n<p>&nbsp;<\/p>\n","protected":false},"excerpt":{"rendered":"<p>Les documents les plus anciens conserv\u00e9s dans les archives de la Commission du Danube datent de 1946. Les archives contiennent<\/p>\n","protected":false},"author":1,"featured_media":0,"parent":96,"menu_order":3,"comment_status":"closed","ping_status":"closed","template":"","meta":{"_seopress_robots_primary_cat":"","_seopress_titles_title":"","_seopress_titles_desc":"","_seopress_robots_index":"","colormag_page_container_layout":"default_layout","colormag_page_sidebar_layout":"default_layout","footnotes":""},"class_list":["post-1365","page","type-page","status-publish","hentry"],"_links":{"self":[{"href":"https:\/\/www.danubecommission.org\/dc\/wp-json\/wp\/v2\/pages\/1365","targetHints":{"allow":["GET"]}}],"collection":[{"href":"https:\/\/www.danubecommission.org\/dc\/wp-json\/wp\/v2\/pages"}],"about":[{"href":"https:\/\/www.danubecommission.org\/dc\/wp-json\/wp\/v2\/types\/page"}],"author":[{"embeddable":true,"href":"https:\/\/www.danubecommission.org\/dc\/wp-json\/wp\/v2\/users\/1"}],"replies":[{"embeddable":true,"href":"https:\/\/www.danubecommission.org\/dc\/wp-json\/wp\/v2\/comments?post=1365"}],"version-history":[{"count":0,"href":"https:\/\/www.danubecommission.org\/dc\/wp-json\/wp\/v2\/pages\/1365\/revisions"}],"up":[{"embeddable":true,"href":"https:\/\/www.danubecommission.org\/dc\/wp-json\/wp\/v2\/pages\/96"}],"wp:attachment":[{"href":"https:\/\/www.danubecommission.org\/dc\/wp-json\/wp\/v2\/media?parent=1365"}],"curies":[{"name":"wp","href":"https:\/\/api.w.org\/{rel}","templated":true}]}}