{"id":14486,"date":"2024-11-18T14:48:01","date_gmt":"2024-11-18T13:48:01","guid":{"rendered":"https:\/\/www.danubecommission.org\/dc\/?page_id=14486"},"modified":"2024-11-19T14:58:53","modified_gmt":"2024-11-19T13:58:53","slug":"basic-provisions-for-navigation-on-the-danube-dfnd","status":"publish","type":"page","link":"https:\/\/www.danubecommission.org\/dc\/en\/danube-navigation\/basic-provisions-for-navigation-on-the-danube-dfnd\/","title":{"rendered":"Basic Provisions for Navigation on the Danube (DFND)"},"content":{"rendered":"<ul>\n<li><a href=\"https:\/\/www.danubecommission.org\/dc\/de\/die-donauschifffahrt\/grundsaetzliche-bestimmungen-fuer-die-schifffahrt-auf-der-donau-dfnd\/\">Grunds\u00e4tzliche Bestimmungen f\u00fcr die Schifffahrt auf der Donau (DFND)<\/a><\/li>\n<li><a href=\"https:\/\/www.danubecommission.org\/dc\/fr\/navigation-danubienne\/dispositions-fondamentales-relatives-a-la-navigation-sur-le-danube-dfnd\/\">Dispositions fondamentales relatives \u00e0 la navigation sur le Danube (DFND)<\/a><\/li>\n<li><a href=\"https:\/\/www.danubecommission.org\/dc\/ru\/%d0%b4%d1%83%d0%bd%d0%b0%d0%b9%d1%81%d0%ba%d0%be%d0%b5-%d1%81%d1%83%d0%b4%d0%be%d1%85%d0%be%d0%b4%d1%81%d1%82%d0%b2%d0%be\/%d0%be%d1%81%d0%bd%d0%be%d0%b2%d0%bd%d1%8b%d0%b5-%d0%bf%d0%be%d0%bb%d0%be%d0%b6%d0%b5%d0%bd%d0%b8%d1%8f-%d0%be-%d0%bf%d0%bb%d0%b0%d0%b2%d0%b0%d0%bd%d0%b8%d0%b8-%d0%bf%d0%be-%d0%b4%d1%83%d0%bd%d0%b0\/\">\u041e\u0441\u043d\u043e\u0432\u043d\u044b\u0435 \u043f\u043e\u043b\u043e\u0436\u0435\u043d\u0438\u044f \u043e \u043f\u043b\u0430\u0432\u0430\u043d\u0438\u0438 \u043f\u043e \u0414\u0443\u043d\u0430\u044e (\u041e\u041f\u041f\u0414) 2023 \u0433.<\/a><\/li>\n<\/ul>\n","protected":false},"excerpt":{"rendered":"<p>Grunds\u00e4tzliche Bestimmungen f\u00fcr die Schifffahrt auf der Donau (DFND) Dispositions fondamentales relatives \u00e0 la navigation sur le Danube (DFND) \u041e\u0441\u043d\u043e\u0432\u043d\u044b\u0435<\/p>\n","protected":false},"author":1,"featured_media":0,"parent":104,"menu_order":0,"comment_status":"closed","ping_status":"closed","template":"","meta":{"_seopress_robots_primary_cat":"","_seopress_titles_title":"","_seopress_titles_desc":"","_seopress_robots_index":"","colormag_page_container_layout":"default_layout","colormag_page_sidebar_layout":"default_layout","footnotes":""},"class_list":["post-14486","page","type-page","status-publish","hentry"],"_links":{"self":[{"href":"https:\/\/www.danubecommission.org\/dc\/wp-json\/wp\/v2\/pages\/14486","targetHints":{"allow":["GET"]}}],"collection":[{"href":"https:\/\/www.danubecommission.org\/dc\/wp-json\/wp\/v2\/pages"}],"about":[{"href":"https:\/\/www.danubecommission.org\/dc\/wp-json\/wp\/v2\/types\/page"}],"author":[{"embeddable":true,"href":"https:\/\/www.danubecommission.org\/dc\/wp-json\/wp\/v2\/users\/1"}],"replies":[{"embeddable":true,"href":"https:\/\/www.danubecommission.org\/dc\/wp-json\/wp\/v2\/comments?post=14486"}],"version-history":[{"count":0,"href":"https:\/\/www.danubecommission.org\/dc\/wp-json\/wp\/v2\/pages\/14486\/revisions"}],"up":[{"embeddable":true,"href":"https:\/\/www.danubecommission.org\/dc\/wp-json\/wp\/v2\/pages\/104"}],"wp:attachment":[{"href":"https:\/\/www.danubecommission.org\/dc\/wp-json\/wp\/v2\/media?parent=14486"}],"curies":[{"name":"wp","href":"https:\/\/api.w.org\/{rel}","templated":true}]}}