{"id":14989,"date":"2025-02-06T11:43:30","date_gmt":"2025-02-06T10:43:30","guid":{"rendered":"https:\/\/www.danubecommission.org\/dc\/?page_id=14989"},"modified":"2025-07-14T17:14:01","modified_gmt":"2025-07-14T16:14:01","slug":"observation-du-marche-de-la-navigation-danubienne-resultats-de-9-mois-de-2024","status":"publish","type":"page","link":"https:\/\/www.danubecommission.org\/dc\/fr\/navigation-danubienne\/observation-du-marche-de-la-navigation-danubienne-rapports-trimestriels\/observation-du-marche-de-la-navigation-danubienne-resultats-de-9-mois-de-2024\/","title":{"rendered":"Observation du march\u00e9 de la navigation danubienne : r\u00e9sultats de 9 mois de 2024"},"content":{"rendered":"<p><strong>Commission du Danube, 1068 Budapest Bencz\u00far utca 25.<\/strong><br \/>\nPiotr S\u00e9mionovitch Souvorov \u2013 responsable de la publication<br \/>\nOana Florerscu \u2013 responsable de l\u2019\u00e9dition<\/p>\n<p><iframe loading=\"lazy\" src=\"https:\/\/www.danubecommission.org\/uploads\/doc\/2025\/Market_observation\/fr_market_Q1_Q2_Q3_2024.pdf\" width=\"800\" height=\"1100\"><\/iframe><\/p>\n","protected":false},"excerpt":{"rendered":"<p>Commission du Danube, 1068 Budapest Bencz\u00far utca 25. Piotr S\u00e9mionovitch Souvorov \u2013 responsable de la publication Oana Florerscu \u2013 responsable<\/p>\n","protected":false},"author":1,"featured_media":0,"parent":12327,"menu_order":0,"comment_status":"closed","ping_status":"closed","template":"","meta":{"_seopress_robots_primary_cat":"","_seopress_titles_title":"","_seopress_titles_desc":"","_seopress_robots_index":"","colormag_page_container_layout":"default_layout","colormag_page_sidebar_layout":"default_layout","footnotes":""},"class_list":["post-14989","page","type-page","status-publish","hentry"],"_links":{"self":[{"href":"https:\/\/www.danubecommission.org\/dc\/wp-json\/wp\/v2\/pages\/14989","targetHints":{"allow":["GET"]}}],"collection":[{"href":"https:\/\/www.danubecommission.org\/dc\/wp-json\/wp\/v2\/pages"}],"about":[{"href":"https:\/\/www.danubecommission.org\/dc\/wp-json\/wp\/v2\/types\/page"}],"author":[{"embeddable":true,"href":"https:\/\/www.danubecommission.org\/dc\/wp-json\/wp\/v2\/users\/1"}],"replies":[{"embeddable":true,"href":"https:\/\/www.danubecommission.org\/dc\/wp-json\/wp\/v2\/comments?post=14989"}],"version-history":[{"count":1,"href":"https:\/\/www.danubecommission.org\/dc\/wp-json\/wp\/v2\/pages\/14989\/revisions"}],"predecessor-version":[{"id":15556,"href":"https:\/\/www.danubecommission.org\/dc\/wp-json\/wp\/v2\/pages\/14989\/revisions\/15556"}],"up":[{"embeddable":true,"href":"https:\/\/www.danubecommission.org\/dc\/wp-json\/wp\/v2\/pages\/12327"}],"wp:attachment":[{"href":"https:\/\/www.danubecommission.org\/dc\/wp-json\/wp\/v2\/media?parent=14989"}],"curies":[{"name":"wp","href":"https:\/\/api.w.org\/{rel}","templated":true}]}}