{"id":1516,"date":"2017-02-01T14:48:55","date_gmt":"2017-02-01T13:48:55","guid":{"rendered":"http:\/\/www.danubecommission.org\/dc\/?page_id=1516"},"modified":"2024-03-04T10:28:11","modified_gmt":"2024-03-04T09:28:11","slug":"botschaften-und-konsulate-der-mitgliedstaaten-der-donaukommission","status":"publish","type":"page","link":"https:\/\/www.danubecommission.org\/dc\/de\/nutzliche-links\/botschaften-und-konsulate-der-mitgliedstaaten-der-donaukommission\/","title":{"rendered":"Botschaften und Konsulate der Mitgliedstaaten der Donaukommission"},"content":{"rendered":"<p><b>Republik \u00d6sterreich<\/b><\/p>\n<p>1068 Budapest, Bencz\u00far u. 16.<\/p>\n<p><a href=\"http:\/\/www.bmeia.gv.at\/botschaft\/budapest.html\" target=\"_blank\" rel=\"noopener\">www.bmeia.gv.at\/botschaft\/budapest.html <\/a><\/p>\n<p>&nbsp;<\/p>\n<p><b>Republik Bulgarien<\/b><\/p>\n<p>1062 Budapest, Andr\u00e1ssy \u00fat 115.<\/p>\n<p><a href=\"https:\/\/www.mfa.bg\/en\/embassies\/hungary\">https:\/\/www.mfa.bg\/en\/embassies\/hungary<\/a><\/p>\n<p>&nbsp;<\/p>\n<p><b>Bundesrepublik Deutschland<\/b><\/p>\n<p>1014 Budapest, \u00dari utca 64-66.<\/p>\n<p><a href=\"http:\/\/www.budapest.diplo.de\" target=\"_blank\" rel=\"noopener\">www.budapest.diplo.de<\/a><\/p>\n<p>&nbsp;<\/p>\n<p><b>Republik Moldau<\/b><\/p>\n<p>1024 Budapest, Ady Endre utca 16.<\/p>\n<p><a href=\"https:\/\/ungaria.mfa.gov.md\/\">https:\/\/ungaria.mfa.gov.md<\/a><\/p>\n<p>&nbsp;<\/p>\n<p><b>Rum\u00e4nien<\/b><\/p>\n<p>1146 Budapest, Th\u00f6k\u00f6ly \u00fat 72.<\/p>\n<p><a href=\"http:\/\/budapesta.mae.ro\/en\" target=\"_blank\" rel=\"noopener\">http:\/\/budapesta.mae.ro <\/a><\/p>\n<p>&nbsp;<\/p>\n<p><b>Serbien<\/b><\/p>\n<p>1068 Budapest, D\u00f3zsa Gy\u00f6rgy \u00fat 92\/b<\/p>\n<p><a href=\"http:\/\/www.budapest.mfa.gov.rs\/index.php\" target=\"_blank\" rel=\"noopener\">www.budapest.mfa.gov.rs<br \/>\n<\/a><\/p>\n<p><b>Slowakische Republik<\/b><\/p>\n<p>1143 Budapest, Stef\u00e1nia \u00fat 22-24.<\/p>\n<p><a href=\"http:\/\/www.budapest.mfa.sk\/\" target=\"_blank\" rel=\"noopener\">www.budapest.mfa.sk<\/a><\/p>\n<p>&nbsp;<\/p>\n<p><b>Ukraine<\/b><\/p>\n<p>1125 Budapest, Istenhegyi \u00fat 84\/B<\/p>\n<p><a href=\"http:\/\/hungary.mfa.gov.ua\/en\">http:\/\/hungary.mfa.gov.ua\/en<\/a><\/p>\n<p>&nbsp;<\/p>\n<p><b>Republik Kroatien<\/b><\/p>\n<p>1065 Budapest, Munk\u00e1csy Mih\u00e1ly utca 15.<\/p>\n<p><a href=\"http:\/\/hu.mvep.hr\/hr\/\" target=\"_blank\" rel=\"noopener\">http:\/\/hu.mvep.hr\/hr\/<\/a><\/p>\n","protected":false},"excerpt":{"rendered":"<p>Republik \u00d6sterreich 1068 Budapest, Bencz\u00far u. 16. www.bmeia.gv.at\/botschaft\/budapest.html &nbsp; Republik Bulgarien 1062 Budapest, Andr\u00e1ssy \u00fat 115. https:\/\/www.mfa.bg\/en\/embassies\/hungary &nbsp; Bundesrepublik Deutschland<\/p>\n","protected":false},"author":1,"featured_media":0,"parent":46,"menu_order":0,"comment_status":"closed","ping_status":"closed","template":"","meta":{"_seopress_robots_primary_cat":"","_seopress_titles_title":"","_seopress_titles_desc":"","_seopress_robots_index":"","colormag_page_container_layout":"default_layout","colormag_page_sidebar_layout":"default_layout","footnotes":""},"class_list":["post-1516","page","type-page","status-publish","hentry"],"_links":{"self":[{"href":"https:\/\/www.danubecommission.org\/dc\/wp-json\/wp\/v2\/pages\/1516","targetHints":{"allow":["GET"]}}],"collection":[{"href":"https:\/\/www.danubecommission.org\/dc\/wp-json\/wp\/v2\/pages"}],"about":[{"href":"https:\/\/www.danubecommission.org\/dc\/wp-json\/wp\/v2\/types\/page"}],"author":[{"embeddable":true,"href":"https:\/\/www.danubecommission.org\/dc\/wp-json\/wp\/v2\/users\/1"}],"replies":[{"embeddable":true,"href":"https:\/\/www.danubecommission.org\/dc\/wp-json\/wp\/v2\/comments?post=1516"}],"version-history":[{"count":0,"href":"https:\/\/www.danubecommission.org\/dc\/wp-json\/wp\/v2\/pages\/1516\/revisions"}],"up":[{"embeddable":true,"href":"https:\/\/www.danubecommission.org\/dc\/wp-json\/wp\/v2\/pages\/46"}],"wp:attachment":[{"href":"https:\/\/www.danubecommission.org\/dc\/wp-json\/wp\/v2\/media?parent=1516"}],"curies":[{"name":"wp","href":"https:\/\/api.w.org\/{rel}","templated":true}]}}