{"id":1519,"date":"2017-02-01T14:55:19","date_gmt":"2017-02-01T13:55:19","guid":{"rendered":"http:\/\/www.danubecommission.org\/dc\/?page_id=1519"},"modified":"2017-02-01T14:58:42","modified_gmt":"2017-02-01T13:58:42","slug":"botschaften-und-konsulate-der-beobachterstaaten-der-donaukommission","status":"publish","type":"page","link":"https:\/\/www.danubecommission.org\/dc\/de\/nutzliche-links\/botschaften-und-konsulate-der-beobachterstaaten-der-donaukommission\/","title":{"rendered":"Botschaften und Konsulate der Beobachterstaaten der Donaukommission"},"content":{"rendered":"<p><strong>K\u00f6nigreich Belgien<\/strong><\/p>\n<p>1015 Budapest, Toldy Ferenc u.13<\/p>\n<p><a href=\"http:\/\/diplomatie.belgium.be\/hungary\/\" target=\"_blank\">www.diplomatie.belgium.be\/hungary<\/a><\/p>\n<p>&nbsp;<\/p>\n<p><strong>Griechenland<\/strong><\/p>\n<p>1063 Budapest, Szegf\u0171 u.3.<\/p>\n<p>&nbsp;<\/p>\n<p><strong>Georgien<\/strong><\/p>\n<p>1125 Budapest, Vir\u00e1nyos \u00fat 6\/B.<\/p>\n<p><a href=\"http:\/\/hungary.mfa.gov.ge\/index.php?lang_id=GEO&amp;sec_id=92&amp;lang_id=ENGsec_id=92\" target=\"_blank\">www.hungary.mfa.gov.ge\/<\/a><\/p>\n<p>&nbsp;<\/p>\n<p><strong>ehemalige jugoslawische Republik Mazedonien<\/strong><\/p>\n<p>1062. Budapest Andr\u00e1ssy \u00fat 130. 1. em.1-2.<\/p>\n<p>&nbsp;<\/p>\n<p><strong>Zypern<\/strong><\/p>\n<p>1051 Budapest, Dorottya u. 3. III. 2-3.<\/p>\n<p><a href=\"http:\/\/www.mfa.gov.cy\/mfa\/embassies\/embassy_budapest.nsf\/index_en\/index_en?OpenDocument\" target=\"_blank\">www.mfa.gov.cy<\/a><\/p>\n<p>&nbsp;<\/p>\n<p><strong>Niederlande<\/strong><\/p>\n<p>1022 Budapest, F\u00fcge utca 5-7.<\/p>\n<p><a href=\"http:\/\/hungary.nlembassy.org\/\">http:\/\/hungary.nlembassy.org\/<\/a><\/p>\n<p>&nbsp;<\/p>\n<p><strong>T\u00fcrkei<\/strong><\/p>\n<p>1062 Budapest, Andr\u00e1ssy \u00fat 123.<\/p>\n<p><a href=\"http:\/\/www.budapeste.be.mfa.gov.tr\" target=\"_blank\">www.budapeste.be.mfa.gov.tr<\/a><\/p>\n<p>&nbsp;<\/p>\n<p><strong>Frankreich<\/strong><\/p>\n<p>1062 Budapest, Lendvay u. 27<\/p>\n<p><a href=\"http:\/\/www.ambafrance-hu.org\/\" target=\"_blank\">www.ambafrance-hu.org<\/a><\/p>\n<p>&nbsp;<\/p>\n<p><strong>Montenegro<\/strong><\/p>\n<p>1061 Budapest J\u00f3kai t\u00e9r 10.III.1<\/p>\n<p>&nbsp;<\/p>\n<p><strong>Tschechische Republik<\/strong><\/p>\n<p>1064 Budapest, R\u00f3zsa u. 61.<\/p>\n<p><a href=\"http:\/\/www.mzv.cz\/budapest\" target=\"_blank\">www.mzv.cz\/budapest<\/a><\/p>\n<div id=\"spacer\"><\/div>\n<div id=\"footer-up\"><\/div>\n","protected":false},"excerpt":{"rendered":"<p>K\u00f6nigreich Belgien 1015 Budapest, Toldy Ferenc u.13 www.diplomatie.belgium.be\/hungary &nbsp; Griechenland 1063 Budapest, Szegf\u0171 u.3. &nbsp; Georgien 1125 Budapest, Vir\u00e1nyos \u00fat<\/p>\n","protected":false},"author":1,"featured_media":0,"parent":46,"menu_order":2,"comment_status":"closed","ping_status":"closed","template":"","meta":{"_seopress_robots_primary_cat":"","_seopress_titles_title":"","_seopress_titles_desc":"","_seopress_robots_index":"","colormag_page_container_layout":"default_layout","colormag_page_sidebar_layout":"default_layout","footnotes":""},"class_list":["post-1519","page","type-page","status-publish","hentry"],"_links":{"self":[{"href":"https:\/\/www.danubecommission.org\/dc\/wp-json\/wp\/v2\/pages\/1519","targetHints":{"allow":["GET"]}}],"collection":[{"href":"https:\/\/www.danubecommission.org\/dc\/wp-json\/wp\/v2\/pages"}],"about":[{"href":"https:\/\/www.danubecommission.org\/dc\/wp-json\/wp\/v2\/types\/page"}],"author":[{"embeddable":true,"href":"https:\/\/www.danubecommission.org\/dc\/wp-json\/wp\/v2\/users\/1"}],"replies":[{"embeddable":true,"href":"https:\/\/www.danubecommission.org\/dc\/wp-json\/wp\/v2\/comments?post=1519"}],"version-history":[{"count":0,"href":"https:\/\/www.danubecommission.org\/dc\/wp-json\/wp\/v2\/pages\/1519\/revisions"}],"up":[{"embeddable":true,"href":"https:\/\/www.danubecommission.org\/dc\/wp-json\/wp\/v2\/pages\/46"}],"wp:attachment":[{"href":"https:\/\/www.danubecommission.org\/dc\/wp-json\/wp\/v2\/media?parent=1519"}],"curies":[{"name":"wp","href":"https:\/\/api.w.org\/{rel}","templated":true}]}}