{"id":1539,"date":"2017-02-01T15:46:47","date_gmt":"2017-02-01T14:46:47","guid":{"rendered":"http:\/\/www.danubecommission.org\/dc\/?page_id=1539"},"modified":"2024-11-20T08:52:52","modified_gmt":"2024-11-20T07:52:52","slug":"declaration-on-effective-waterway-infrastructure-maintenance-on-the-danube-and-its-tributaries-luxembourg-7-june-2012-de","status":"publish","type":"page","link":"https:\/\/www.danubecommission.org\/dc\/de\/internationale-zusammenarbeit\/declaration-on-effective-waterway-infrastructure-maintenance-on-the-danube-and-its-tributaries-luxembourg-7-june-2012-de\/","title":{"rendered":"Erkl\u00e4rung  \u00fcber die wirksame Instandhaltung der  Fahrrinneninfrastruktur auf der  Donau und ihren schiffbaren Nebenfl\u00fcssen , Luxembourg, 7 June 2012 (De)"},"content":{"rendered":"<p><iframe loading=\"lazy\" src=\"https:\/\/www.danubecommission.org\/uploads\/doc\/Declaration%20of%20the%20Danube%202012\/12-06-Deklaration%20FahrrUnterh.pdf\" width=\"800\" height=\"1100\"><\/iframe><\/p>\n","protected":false},"excerpt":{"rendered":"","protected":false},"author":1,"featured_media":0,"parent":14520,"menu_order":7,"comment_status":"closed","ping_status":"closed","template":"","meta":{"_seopress_robots_primary_cat":"","_seopress_titles_title":"","_seopress_titles_desc":"","_seopress_robots_index":"","colormag_page_container_layout":"default_layout","colormag_page_sidebar_layout":"default_layout","footnotes":""},"class_list":["post-1539","page","type-page","status-publish","hentry"],"_links":{"self":[{"href":"https:\/\/www.danubecommission.org\/dc\/wp-json\/wp\/v2\/pages\/1539","targetHints":{"allow":["GET"]}}],"collection":[{"href":"https:\/\/www.danubecommission.org\/dc\/wp-json\/wp\/v2\/pages"}],"about":[{"href":"https:\/\/www.danubecommission.org\/dc\/wp-json\/wp\/v2\/types\/page"}],"author":[{"embeddable":true,"href":"https:\/\/www.danubecommission.org\/dc\/wp-json\/wp\/v2\/users\/1"}],"replies":[{"embeddable":true,"href":"https:\/\/www.danubecommission.org\/dc\/wp-json\/wp\/v2\/comments?post=1539"}],"version-history":[{"count":0,"href":"https:\/\/www.danubecommission.org\/dc\/wp-json\/wp\/v2\/pages\/1539\/revisions"}],"up":[{"embeddable":true,"href":"https:\/\/www.danubecommission.org\/dc\/wp-json\/wp\/v2\/pages\/14520"}],"wp:attachment":[{"href":"https:\/\/www.danubecommission.org\/dc\/wp-json\/wp\/v2\/media?parent=1539"}],"curies":[{"name":"wp","href":"https:\/\/api.w.org\/{rel}","templated":true}]}}