{"id":15462,"date":"2025-07-07T07:56:27","date_gmt":"2025-07-07T06:56:27","guid":{"rendered":"https:\/\/www.danubecommission.org\/dc\/?page_id=15462"},"modified":"2025-07-07T07:56:39","modified_gmt":"2025-07-07T06:56:39","slug":"observation-du-marche-de-la-navigation-danubienne-resultats-de-2023-2","status":"publish","type":"page","link":"https:\/\/www.danubecommission.org\/dc\/fr\/navigation-danubienne\/observation-du-marche-de-la-navigation-danubienne\/observation-du-marche-de-la-navigation-danubienne-resultats-de-2023-2\/","title":{"rendered":"Observation du march\u00e9 de la navigation danubienne : r\u00e9sultats de 2024"},"content":{"rendered":"<p><strong>Commission du Danube, Budapest 1068, rue Bencz\u00far 25<\/strong><br \/>\nPiotr S\u00e9mionovitch Souvorov \u2013 responsable de la publication<br \/>\nOana Florescu \u2013 responsable de l\u2019\u00e9dition<br \/>\n<iframe loading=\"lazy\" src=\"https:\/\/www.danubecommission.org\/uploads\/doc\/2025\/Market_observation\/fr_market_2024.pdf\" width=\"800\" height=\"1100\"><\/iframe><\/p>\n","protected":false},"excerpt":{"rendered":"<p>Commission du Danube, Budapest 1068, rue Bencz\u00far 25 Piotr S\u00e9mionovitch Souvorov \u2013 responsable de la publication Oana Florescu \u2013 responsable<\/p>\n","protected":false},"author":1,"featured_media":0,"parent":6075,"menu_order":0,"comment_status":"closed","ping_status":"closed","template":"","meta":{"_seopress_robots_primary_cat":"","_seopress_titles_title":"","_seopress_titles_desc":"","_seopress_robots_index":"","colormag_page_container_layout":"default_layout","colormag_page_sidebar_layout":"default_layout","footnotes":""},"class_list":["post-15462","page","type-page","status-publish","hentry"],"_links":{"self":[{"href":"https:\/\/www.danubecommission.org\/dc\/wp-json\/wp\/v2\/pages\/15462","targetHints":{"allow":["GET"]}}],"collection":[{"href":"https:\/\/www.danubecommission.org\/dc\/wp-json\/wp\/v2\/pages"}],"about":[{"href":"https:\/\/www.danubecommission.org\/dc\/wp-json\/wp\/v2\/types\/page"}],"author":[{"embeddable":true,"href":"https:\/\/www.danubecommission.org\/dc\/wp-json\/wp\/v2\/users\/1"}],"replies":[{"embeddable":true,"href":"https:\/\/www.danubecommission.org\/dc\/wp-json\/wp\/v2\/comments?post=15462"}],"version-history":[{"count":2,"href":"https:\/\/www.danubecommission.org\/dc\/wp-json\/wp\/v2\/pages\/15462\/revisions"}],"predecessor-version":[{"id":15464,"href":"https:\/\/www.danubecommission.org\/dc\/wp-json\/wp\/v2\/pages\/15462\/revisions\/15464"}],"up":[{"embeddable":true,"href":"https:\/\/www.danubecommission.org\/dc\/wp-json\/wp\/v2\/pages\/6075"}],"wp:attachment":[{"href":"https:\/\/www.danubecommission.org\/dc\/wp-json\/wp\/v2\/media?parent=15462"}],"curies":[{"name":"wp","href":"https:\/\/api.w.org\/{rel}","templated":true}]}}