{"id":1575,"date":"2017-02-07T13:04:46","date_gmt":"2017-02-07T12:04:46","guid":{"rendered":"http:\/\/www.danubecommission.org\/dc\/?page_id=1575"},"modified":"2017-02-07T13:04:46","modified_gmt":"2017-02-07T12:04:46","slug":"nationale-meteorologische-und-hydrometeorologische-dienste","status":"publish","type":"page","link":"https:\/\/www.danubecommission.org\/dc\/de\/nutzliche-links\/nationale-meteorologische-und-hydrometeorologische-dienste\/","title":{"rendered":"Nationale meteorologische und hydrometeorologische Dienste"},"content":{"rendered":"<p align=\"center\"><b>Nationale meteorologische und hydrometeorologische Dienste der DK-Mitgliedstaaten<\/b><\/p>\n<table border=\"0\">\n<tbody>\n<tr>\n<td><b>\u00d6sterreich <\/b><\/td>\n<td><a href=\"http:\/\/www.zamg.ac.at\/cms\/de\/aktuell\" target=\"_blank\">Zentralanstalt f\u00fcr Meteorologie und Geodynamik <\/a><\/td>\n<\/tr>\n<tr>\n<td><b>Bulgarien <\/b><\/td>\n<td><a href=\"http:\/\/www.meteo.bg\/en\" target=\"_blank\">Nationales Institut f\u00fcr Meteorologie und Hydrologie <\/a><\/td>\n<\/tr>\n<tr>\n<td><b>Kroatien <\/b><\/td>\n<td><a href=\"http:\/\/meteo.hr\/index_en.php\" target=\"_blank\">Meteorologischer und hydrologischer Dienst <\/a><\/td>\n<\/tr>\n<tr>\n<td><b>Deutschland <\/b><\/td>\n<td><a href=\"http:\/\/www.dwd.de\/bvbw\/appmanager\/bvbw\/dwdwwwDesktop;jsessionid=1HTHNtYTRhQ99ylpG0BNnn1FbhnyqhyWRDSrWr1l1pJpLn5qXTG4%21423358674%211018084660?_nfpb=true&amp;_windowLabel=dwdwww_main_book&amp;T17500013121287044130563gsbDocumentPath=&amp;switchLang=de&amp;_pageLabel=dwdwww_start\" target=\"_blank\">Deutscher Wetterdienst <\/a><\/td>\n<\/tr>\n<tr>\n<td><b>Ungarn <\/b><\/td>\n<td><a href=\"http:\/\/www.met.hu\/omsz.php\" target=\"_blank\">Meteorologischer Dienst der Republik Ungarn<br \/>\n<\/a><\/td>\n<\/tr>\n<tr>\n<td><b>Moldau <\/b><\/td>\n<td><a href=\"http:\/\/www.meteo.md\/en\/indexen2.htm\" target=\"_blank\">Staatlicher hydrometeorologischer Dienst <\/a><\/td>\n<\/tr>\n<tr>\n<td><b>Rum\u00e4nien <\/b><\/td>\n<td><a href=\"http:\/\/www.meteoromania.ro\/index.php?id=0&amp;lang=en\" target=\"_blank\">Nationale meteorologische Verwaltung <\/a><\/td>\n<\/tr>\n<tr>\n<td><b>Russische F\u00f6deration <\/b><\/td>\n<td><a href=\"http:\/\/www.meteorf.ru\/default.aspx\" target=\"_blank\">Russischer F\u00f6derationsdienst f\u00fcr Hydrometeorologie und Umwelt\u00fcberwachung <\/a><\/td>\n<\/tr>\n<tr>\n<td><b>Serbien <\/b><\/td>\n<td><a href=\"http:\/\/www.hidmet.gov.rs\/index_eng.php\" target=\"_blank\">Hydrometeorologischer Dienst der Republik Serbien <\/a><\/td>\n<\/tr>\n<tr>\n<td><b>Slowakei <\/b><\/td>\n<td><a href=\"http:\/\/www.shmu.sk\/sk\/?page=1\" target=\"_blank\">Slowakisches hydrometeorologisches Institut <\/a><\/td>\n<\/tr>\n<tr>\n<td><b>Ukraine <\/b><\/td>\n<td><a href=\"http:\/\/meteo.gov.ua\/en\/\" target=\"_blank\">Ukrainisches hydrometeorologisches Zentrum<b> <\/b><\/a><\/td>\n<\/tr>\n<\/tbody>\n<\/table>\n<h1 align=\"center\"><\/h1>\n<p align=\"center\"><b>Nationale meteorologische und hydrometeorologische Dienste der Beobachterstaaten der DK<\/b><\/p>\n<table border=\"0\">\n<tbody>\n<tr>\n<td><b>Belgien <\/b><\/td>\n<td><a href=\"http:\/\/www.meteo.be\/meteo\/view\/de\/65239-Home.html\" target=\"_blank\">K\u00f6nigliches meteorologisches Institut <\/a><\/td>\n<\/tr>\n<tr>\n<td><b>Zypern <\/b><\/td>\n<td><a href=\"http:\/\/www.moa.gov.cy\/moa\/ms\/ms.nsf\/DMLindex_en\/DMLindex_en?opendocument\" target=\"_blank\">Meteorologischer Dienst <\/a><\/td>\n<\/tr>\n<tr>\n<td><b>Ehemalige jugoslawische Republik Mazedonien<\/b><\/td>\n<td><a href=\"http:\/\/www.orientgateproject.org\/index.php?page=hydrometeorological-service-mk\"><b>Macedonian Hydrometeorological Service<\/b><\/a><\/td>\n<\/tr>\n<tr>\n<td><b>Tschechische Republik <\/b><\/td>\n<td><b> <\/b><a href=\"http:\/\/portal.chmi.cz\/portal\/dt?JSPTabContainer.setSelected=JSPTabContainer%2FP1_0_Home&amp;last=false&amp;portal_lang=en\" target=\"_blank\">Tschechisches Hydrometeorologisches Institut <\/a><\/td>\n<\/tr>\n<tr>\n<td><b>Frankreich <\/b><\/td>\n<td><a href=\"http:\/\/france.meteofrance.com\/france\/accueil?xtor=AL-1\" target=\"_blank\">M\u00e9t\u00e9o-France<\/a><\/td>\n<\/tr>\n<tr>\n<td><b>Griechenland<br \/>\n<\/b><\/td>\n<td><a href=\"http:\/\/www.hnms.gr\/hnms\/english\/index_html\" target=\"_blank\">Griechischer nationaler hydrometeorologischer Dienst <\/a><\/td>\n<\/tr>\n<tr>\n<td><b>Georgien<\/b><\/td>\n<td><a href=\"http:\/\/meteo.gov.ge\/index.php?l=2&amp;ct=1&amp;cm=\">Nationale Umweltagentur<\/a><\/td>\n<\/tr>\n<tr>\n<td><b>Montenegro <\/b><\/td>\n<td><a href=\"http:\/\/www.meteo.co.me\/\" target=\"_blank\">Hydrometeorologisches Institut von Montenegro <\/a><\/td>\n<\/tr>\n<tr>\n<td><b>Niederlande <\/b><\/td>\n<td><b> <\/b><a href=\"http:\/\/www.knmi.nl\/index_en.html\" target=\"_blank\">K\u00f6nigliches Niederl\u00e4ndisches meteorologisches Institut <\/a><\/td>\n<\/tr>\n<tr>\n<td><b>T\u00fcrkei <\/b><\/td>\n<td><a href=\"http:\/\/www.dmi.gov.tr\/en-US\/forecast-5days.aspx\" target=\"_blank\">T\u00fcrkischer staatlicher meteorologischer Dienst<\/a><\/td>\n<\/tr>\n<\/tbody>\n<\/table>\n","protected":false},"excerpt":{"rendered":"<p>Nationale meteorologische und hydrometeorologische Dienste der DK-Mitgliedstaaten \u00d6sterreich Zentralanstalt f\u00fcr Meteorologie und Geodynamik Bulgarien Nationales Institut f\u00fcr Meteorologie und Hydrologie<\/p>\n","protected":false},"author":1,"featured_media":0,"parent":46,"menu_order":8,"comment_status":"closed","ping_status":"closed","template":"","meta":{"_seopress_robots_primary_cat":"","_seopress_titles_title":"","_seopress_titles_desc":"","_seopress_robots_index":"","colormag_page_container_layout":"default_layout","colormag_page_sidebar_layout":"default_layout","footnotes":""},"class_list":["post-1575","page","type-page","status-publish","hentry"],"_links":{"self":[{"href":"https:\/\/www.danubecommission.org\/dc\/wp-json\/wp\/v2\/pages\/1575","targetHints":{"allow":["GET"]}}],"collection":[{"href":"https:\/\/www.danubecommission.org\/dc\/wp-json\/wp\/v2\/pages"}],"about":[{"href":"https:\/\/www.danubecommission.org\/dc\/wp-json\/wp\/v2\/types\/page"}],"author":[{"embeddable":true,"href":"https:\/\/www.danubecommission.org\/dc\/wp-json\/wp\/v2\/users\/1"}],"replies":[{"embeddable":true,"href":"https:\/\/www.danubecommission.org\/dc\/wp-json\/wp\/v2\/comments?post=1575"}],"version-history":[{"count":0,"href":"https:\/\/www.danubecommission.org\/dc\/wp-json\/wp\/v2\/pages\/1575\/revisions"}],"up":[{"embeddable":true,"href":"https:\/\/www.danubecommission.org\/dc\/wp-json\/wp\/v2\/pages\/46"}],"wp:attachment":[{"href":"https:\/\/www.danubecommission.org\/dc\/wp-json\/wp\/v2\/media?parent=1575"}],"curies":[{"name":"wp","href":"https:\/\/api.w.org\/{rel}","templated":true}]}}