{"id":1577,"date":"2017-02-07T13:05:46","date_gmt":"2017-02-07T12:05:46","guid":{"rendered":"http:\/\/www.danubecommission.org\/dc\/?page_id=1577"},"modified":"2017-02-07T13:08:32","modified_gmt":"2017-02-07T12:08:32","slug":"1577-2","status":"publish","type":"page","link":"https:\/\/www.danubecommission.org\/dc\/fr\/liens-utiles\/1577-2\/","title":{"rendered":"Services m\u00e9t\u00e9orologiques et hydrom\u00e9t\u00e9orologiques nationaux"},"content":{"rendered":"<p align=\"center\"><b>Services m\u00e9t\u00e9orologiques et hydrom\u00e9t\u00e9orologiques<br \/>\nnationaux des Etats membres de la CD<\/b><\/p>\n<table border=\"0\">\n<tbody>\n<tr>\n<td><b>Autriche <\/b><\/td>\n<td><a href=\"http:\/\/www.zamg.ac.at\/cms\/de\/aktuell\" target=\"_blank\">Institut central de m\u00e9t\u00e9orologie et de g\u00e9odynamique<\/a><\/td>\n<\/tr>\n<tr>\n<td><b>Bulgarie<\/b><\/td>\n<td><a href=\"http:\/\/www.meteo.bg\/en\" target=\"_blank\">Institut national de m\u00e9t\u00e9orologie et d&#8217;hydrologie<\/a><\/td>\n<\/tr>\n<tr>\n<td><b>Croatie<\/b><\/td>\n<td><a href=\"http:\/\/meteo.hr\/index_en.php\" target=\"_blank\">Service m\u00e9t\u00e9orologique et hydrologique<\/a><\/td>\n<\/tr>\n<tr>\n<td><b>Allemagne<\/b><\/td>\n<td><a href=\"http:\/\/www.dwd.de\/bvbw\/appmanager\/bvbw\/dwdwwwDesktop?_nfpb=true&amp;_windowLabel=dwdwww_main_book&amp;T17500013121287044130563gsbDocumentPath=&amp;switchLang=en&amp;_pageLabel=dwdwww_start\" target=\"_blank\">Service m\u00e9t\u00e9orologique national<\/a><\/td>\n<\/tr>\n<tr>\n<td><b>Hongrie <\/b><\/td>\n<td><a href=\"http:\/\/www.met.hu\/omsz.php\" target=\"_blank\">Service m\u00e9t\u00e9orologique de la R\u00e9publique de Hongrie<\/a><\/td>\n<\/tr>\n<tr>\n<td><b>Moldova <\/b><\/td>\n<td><a href=\"http:\/\/www.meteo.md\/en\/indexen2.htm\" target=\"_blank\">Service hydrom\u00e9t\u00e9orologique d&#8217;Etat<\/a><\/td>\n<\/tr>\n<tr>\n<td><b>Roumanie <\/b><\/td>\n<td><a href=\"http:\/\/www.meteoromania.ro\/index.php?id=0&amp;lang=en\" target=\"_blank\">Administration m\u00e9t\u00e9orologique nationale<\/a><\/td>\n<\/tr>\n<tr>\n<td><b>F\u00e9d\u00e9ration de Russie<\/b><\/td>\n<td><a href=\"http:\/\/www.meteorf.ru\/default.aspx\" target=\"_blank\">Service f\u00e9d\u00e9ral russe pour l&#8217;hydrom\u00e9t\u00e9orologie et la surveillance de l&#8217;environnement<\/a><\/td>\n<\/tr>\n<tr>\n<td><b>Serbie <\/b><\/td>\n<td><a href=\"http:\/\/www.hidmet.gov.rs\/index_eng.php\" target=\"_blank\">Service hydrom\u00e9t\u00e9orologique r\u00e9publicain de Serbie<\/a><\/td>\n<\/tr>\n<tr>\n<td><b>Slovaquie <\/b><\/td>\n<td><a href=\"http:\/\/www.shmu.sk\/sk\/?page=1\" target=\"_blank\">Institut hydrom\u00e9t\u00e9orologique slovaque<\/a><\/td>\n<\/tr>\n<tr>\n<td><b>Ukraine <\/b><\/td>\n<td><a href=\"http:\/\/meteo.gov.ua\/en\/\" target=\"_blank\">Centre hydrom\u00e9t\u00e9orologique ukrainien<\/a><\/td>\n<\/tr>\n<\/tbody>\n<\/table>\n<p>&nbsp;<\/p>\n<p align=\"center\"><b>Services m\u00e9t\u00e9orologiques et hydrom\u00e9t\u00e9orologiques<br \/>\nnationaux des Etats observateurs aupr\u00e8s de la CD<\/b><\/p>\n<table border=\"0\">\n<tbody>\n<tr>\n<td><b>Belgique <\/b><\/td>\n<td><a href=\"http:\/\/www.meteo.be\/meteo\/view\/fr\/65239-Accueil.html\" target=\"_blank\">Institut royal m\u00e9t\u00e9orologique<\/a><\/td>\n<\/tr>\n<tr>\n<td><b>Chypre <\/b><\/td>\n<td><a href=\"http:\/\/www.moa.gov.cy\/moa\/ms\/ms.nsf\/DMLindex_en\/DMLindex_en?opendocument\" target=\"_blank\">Service m\u00e9t\u00e9orologique<\/a><\/td>\n<\/tr>\n<tr>\n<td><b>R\u00e9publique tch\u00e8que<\/b><\/td>\n<td><b> <\/b><a href=\"http:\/\/portal.chmi.cz\/portal\/dt?JSPTabContainer.setSelected=JSPTabContainer%2FP1_0_Home&amp;last=false&amp;portal_lang=en\" target=\"_blank\">Institut hydrom\u00e9t\u00e9orologique tch\u00e8que<\/a><\/td>\n<\/tr>\n<tr>\n<td><b>G\u00e9orgie <\/b><\/td>\n<td><a href=\"http:\/\/meteo.gov.ge\/index.php?l=2&amp;ct=1&amp;cm=\">Agence nationale de l&#8217;environnement<\/a><\/td>\n<\/tr>\n<tr>\n<td>A<b>ncienne r\u00e9publique yougoslave de Mac\u00e9doine <\/b><\/td>\n<td><a href=\"http:\/\/www.orientgateproject.org\/index.php?page=hydrometeorological-service-mk\">Service hydrom\u00e9t\u00e9orologique de Mac\u00e9doine<\/a><\/td>\n<\/tr>\n<tr>\n<td><b>France <\/b><\/td>\n<td><a href=\"http:\/\/france.meteofrance.com\/france\/accueil?xtor=AL-1\" target=\"_blank\">M\u00e9t\u00e9o-France<\/a><\/td>\n<\/tr>\n<tr>\n<td><b>Gr\u00e8ce <\/b><\/td>\n<td><a href=\"http:\/\/www.hnms.gr\/hnms\/english\/index_html\" target=\"_blank\">Service m\u00e9t\u00e9orologique national de Gr\u00e8ce<\/a><\/td>\n<\/tr>\n<tr>\n<td><b>Mont\u00e9n\u00e9gro <\/b><\/td>\n<td><a href=\"http:\/\/www.meteo.co.me\/\" target=\"_blank\">Institut hydrom\u00e9t\u00e9orologique de Mont\u00e9n\u00e9gro<\/a><\/td>\n<\/tr>\n<tr>\n<td><b>Pays-Bas<\/b><\/td>\n<td><b> <\/b><a href=\"http:\/\/www.knmi.nl\/index_en.html\" target=\"_blank\">Institut royal m\u00e9t\u00e9orologique n\u00e9erlandais<\/a><\/td>\n<\/tr>\n<tr>\n<td><b>Turquie <\/b><\/td>\n<td><a href=\"http:\/\/www.dmi.gov.tr\/en-US\/forecast-5days.aspx\" target=\"_blank\">Service<b> <\/b>hydrom\u00e9t\u00e9orologique d&#8217;Etat de Turquie<\/a><\/td>\n<\/tr>\n<\/tbody>\n<\/table>\n<p>&nbsp;<\/p>\n","protected":false},"excerpt":{"rendered":"<p>Services m\u00e9t\u00e9orologiques et hydrom\u00e9t\u00e9orologiques nationaux des Etats membres de la CD Autriche Institut central de m\u00e9t\u00e9orologie et de g\u00e9odynamique Bulgarie<\/p>\n","protected":false},"author":1,"featured_media":0,"parent":118,"menu_order":8,"comment_status":"closed","ping_status":"closed","template":"","meta":{"_seopress_robots_primary_cat":"","_seopress_titles_title":"","_seopress_titles_desc":"","_seopress_robots_index":"","colormag_page_container_layout":"default_layout","colormag_page_sidebar_layout":"default_layout","footnotes":""},"class_list":["post-1577","page","type-page","status-publish","hentry"],"_links":{"self":[{"href":"https:\/\/www.danubecommission.org\/dc\/wp-json\/wp\/v2\/pages\/1577","targetHints":{"allow":["GET"]}}],"collection":[{"href":"https:\/\/www.danubecommission.org\/dc\/wp-json\/wp\/v2\/pages"}],"about":[{"href":"https:\/\/www.danubecommission.org\/dc\/wp-json\/wp\/v2\/types\/page"}],"author":[{"embeddable":true,"href":"https:\/\/www.danubecommission.org\/dc\/wp-json\/wp\/v2\/users\/1"}],"replies":[{"embeddable":true,"href":"https:\/\/www.danubecommission.org\/dc\/wp-json\/wp\/v2\/comments?post=1577"}],"version-history":[{"count":0,"href":"https:\/\/www.danubecommission.org\/dc\/wp-json\/wp\/v2\/pages\/1577\/revisions"}],"up":[{"embeddable":true,"href":"https:\/\/www.danubecommission.org\/dc\/wp-json\/wp\/v2\/pages\/118"}],"wp:attachment":[{"href":"https:\/\/www.danubecommission.org\/dc\/wp-json\/wp\/v2\/media?parent=1577"}],"curies":[{"name":"wp","href":"https:\/\/api.w.org\/{rel}","templated":true}]}}