{"id":1582,"date":"2017-02-07T13:10:58","date_gmt":"2017-02-07T12:10:58","guid":{"rendered":"http:\/\/www.danubecommission.org\/dc\/?page_id=1582"},"modified":"2024-03-08T08:21:48","modified_gmt":"2024-03-08T07:21:48","slug":"ministeres-des-affaires-etrangeres-des-pays-membres-de-la-commission-du-danube","status":"publish","type":"page","link":"https:\/\/www.danubecommission.org\/dc\/fr\/liens-utiles\/ministeres-des-affaires-etrangeres-des-pays-membres-de-la-commission-du-danube\/","title":{"rendered":"Minist\u00e8res des Affaires \u00e9trang\u00e8res des pays membres de la Commission du Danube"},"content":{"rendered":"<ul>\n<li><a href=\"http:\/\/www.bmeia.gv.at\/\" target=\"_blank\" rel=\"noopener\">R\u00e9publique d&#8217;Autriche<\/a><\/li>\n<li><a href=\"http:\/\/www.mfa.bg\/\" target=\"_blank\" rel=\"noopener\">R\u00e9publique de Bulgarie<\/a><\/li>\n<li><a href=\"https:\/\/kormany.hu\/kulgazdasagi-es-kulugyminiszterium\" target=\"_blank\" rel=\"noopener\">Hongrie<\/a><\/li>\n<li><a href=\"http:\/\/www.auswaertiges-amt.de\/\" target=\"_blank\" rel=\"noopener\">R\u00e9publique f\u00e9d\u00e9rale d&#8217;Allemagne<\/a><\/li>\n<li><a href=\"http:\/\/www.mfa.gov.md\/\" target=\"_blank\" rel=\"noopener\">R\u00e9publique de Moldova<\/a><\/li>\n<li><a href=\"http:\/\/www.mae.ro\/\" target=\"_blank\" rel=\"noopener\">Roumanie<\/a><\/li>\n<li><a href=\"http:\/\/www.mfa.gov.rs\/\" target=\"_blank\" rel=\"noopener\">Serbie<\/a><\/li>\n<li><a href=\"http:\/\/www.foreign.gov.sk\/en\/home\" target=\"_blank\" rel=\"noopener\">R\u00e9publique Slovaque<\/a><\/li>\n<li><a href=\"http:\/\/www.mfa.gov.ua\/\" target=\"_blank\" rel=\"noopener\">Ukraine<\/a><\/li>\n<li><a href=\"https:\/\/mvep.gov.hr\/\" target=\"_blank\" rel=\"noopener\">R\u00e9publique de Croatie<\/a><\/li>\n<\/ul>\n","protected":false},"excerpt":{"rendered":"<p>R\u00e9publique d&#8217;Autriche R\u00e9publique de Bulgarie Hongrie R\u00e9publique f\u00e9d\u00e9rale d&#8217;Allemagne R\u00e9publique de Moldova Roumanie Serbie R\u00e9publique Slovaque Ukraine R\u00e9publique de Croatie<\/p>\n","protected":false},"author":1,"featured_media":0,"parent":118,"menu_order":3,"comment_status":"closed","ping_status":"closed","template":"","meta":{"_seopress_robots_primary_cat":"","_seopress_titles_title":"","_seopress_titles_desc":"","_seopress_robots_index":"","colormag_page_container_layout":"default_layout","colormag_page_sidebar_layout":"default_layout","footnotes":""},"class_list":["post-1582","page","type-page","status-publish","hentry"],"_links":{"self":[{"href":"https:\/\/www.danubecommission.org\/dc\/wp-json\/wp\/v2\/pages\/1582","targetHints":{"allow":["GET"]}}],"collection":[{"href":"https:\/\/www.danubecommission.org\/dc\/wp-json\/wp\/v2\/pages"}],"about":[{"href":"https:\/\/www.danubecommission.org\/dc\/wp-json\/wp\/v2\/types\/page"}],"author":[{"embeddable":true,"href":"https:\/\/www.danubecommission.org\/dc\/wp-json\/wp\/v2\/users\/1"}],"replies":[{"embeddable":true,"href":"https:\/\/www.danubecommission.org\/dc\/wp-json\/wp\/v2\/comments?post=1582"}],"version-history":[{"count":0,"href":"https:\/\/www.danubecommission.org\/dc\/wp-json\/wp\/v2\/pages\/1582\/revisions"}],"up":[{"embeddable":true,"href":"https:\/\/www.danubecommission.org\/dc\/wp-json\/wp\/v2\/pages\/118"}],"wp:attachment":[{"href":"https:\/\/www.danubecommission.org\/dc\/wp-json\/wp\/v2\/media?parent=1582"}],"curies":[{"name":"wp","href":"https:\/\/api.w.org\/{rel}","templated":true}]}}