{"id":15899,"date":"2025-10-07T07:58:38","date_gmt":"2025-10-07T06:58:38","guid":{"rendered":"https:\/\/www.danubecommission.org\/dc\/?page_id=15899"},"modified":"2025-10-07T08:07:34","modified_gmt":"2025-10-07T07:07:34","slug":"observation-du-marche-de-la-navigation-danubienne-resultats-du-premier-semestre-de-2025","status":"publish","type":"page","link":"https:\/\/www.danubecommission.org\/dc\/fr\/navigation-danubienne\/observation-du-marche-de-la-navigation-danubienne-rapports-trimestriels\/observation-du-marche-de-la-navigation-danubienne-resultats-du-premier-semestre-de-2025\/","title":{"rendered":"Observation du march\u00e9 de la navigation danubienne : r\u00e9sultats du premier semestre de 2025"},"content":{"rendered":"<p><strong>Commission du Danube, Budapest 1068, rue Bencz\u00far 25<\/strong><br \/>\nPiotr S\u00e9mionovitch Souvorov \u2013 responsable de la publication<br \/>\nOana Florescu \u2013 responsable de l\u2019\u00e9dition<\/p>\n<p><iframe loading=\"lazy\" src=\"https:\/\/www.danubecommission.org\/uploads\/doc\/2025\/Market_observation\/fr_market_Q1_Q2_2025.pdf\" width=\"800\" height=\"1100\"><\/iframe><\/p>\n","protected":false},"excerpt":{"rendered":"<p>Commission du Danube, Budapest 1068, rue Bencz\u00far 25 Piotr S\u00e9mionovitch Souvorov \u2013 responsable de la publication Oana Florescu \u2013 responsable<\/p>\n","protected":false},"author":1,"featured_media":0,"parent":12327,"menu_order":0,"comment_status":"closed","ping_status":"closed","template":"","meta":{"_seopress_robots_primary_cat":"","_seopress_titles_title":"","_seopress_titles_desc":"","_seopress_robots_index":"","colormag_page_container_layout":"default_layout","colormag_page_sidebar_layout":"default_layout","footnotes":""},"class_list":["post-15899","page","type-page","status-publish","hentry"],"_links":{"self":[{"href":"https:\/\/www.danubecommission.org\/dc\/wp-json\/wp\/v2\/pages\/15899","targetHints":{"allow":["GET"]}}],"collection":[{"href":"https:\/\/www.danubecommission.org\/dc\/wp-json\/wp\/v2\/pages"}],"about":[{"href":"https:\/\/www.danubecommission.org\/dc\/wp-json\/wp\/v2\/types\/page"}],"author":[{"embeddable":true,"href":"https:\/\/www.danubecommission.org\/dc\/wp-json\/wp\/v2\/users\/1"}],"replies":[{"embeddable":true,"href":"https:\/\/www.danubecommission.org\/dc\/wp-json\/wp\/v2\/comments?post=15899"}],"version-history":[{"count":2,"href":"https:\/\/www.danubecommission.org\/dc\/wp-json\/wp\/v2\/pages\/15899\/revisions"}],"predecessor-version":[{"id":15905,"href":"https:\/\/www.danubecommission.org\/dc\/wp-json\/wp\/v2\/pages\/15899\/revisions\/15905"}],"up":[{"embeddable":true,"href":"https:\/\/www.danubecommission.org\/dc\/wp-json\/wp\/v2\/pages\/12327"}],"wp:attachment":[{"href":"https:\/\/www.danubecommission.org\/dc\/wp-json\/wp\/v2\/media?parent=15899"}],"curies":[{"name":"wp","href":"https:\/\/api.w.org\/{rel}","templated":true}]}}