{"id":1590,"date":"2017-02-07T13:18:37","date_gmt":"2017-02-07T12:18:37","guid":{"rendered":"http:\/\/www.danubecommission.org\/dc\/?page_id=1590"},"modified":"2017-02-07T13:19:35","modified_gmt":"2017-02-07T12:19:35","slug":"ambassades-et-consulats-des-pays-observateurs-aupres-de-la-commission-du-danube","status":"publish","type":"page","link":"https:\/\/www.danubecommission.org\/dc\/fr\/liens-utiles\/ambassades-et-consulats-des-pays-observateurs-aupres-de-la-commission-du-danube\/","title":{"rendered":"Ambassades et consulats des pays observateurs aupr\u00e8s de la Commission du Danube"},"content":{"rendered":"<div>\n<p><strong>Royaume de Belgique<\/strong><\/p>\n<p>1015 Budapest, Toldy Ferenc u.13<\/p>\n<p><a href=\"http:\/\/diplomatie.belgium.be\/hungary\/\" target=\"_blank\">www.diplomatie.belgium.be\/hungary<\/a><\/p>\n<p>&nbsp;<\/p>\n<p><strong>Gr\u00e8ce<\/strong><\/p>\n<p>1063 Budapest, Szegf\u0171 u.3.<\/p>\n<p>&nbsp;<\/p>\n<p><strong>G\u00e9orgie<\/strong><\/p>\n<p>1125 Budapest, Vir\u00e1nyos \u00fat 6\/B.<\/p>\n<p><a href=\"http:\/\/hungary.mfa.gov.ge\/index.php?lang_id=GEO&amp;sec_id=92&amp;lang_id=ENGsec_id=92\" target=\"_blank\">www.hungary.mfa.gov.ge\/<\/a><\/p>\n<p>&nbsp;<\/p>\n<p><strong>Chypre<\/strong><\/p>\n<p>1051 Budapest, Dorottya u. 3. III. 2-3.<\/p>\n<p><a href=\"http:\/\/www.mfa.gov.cy\/mfa\/embassies\/embassy_budapest.nsf\/index_en\/index_en?OpenDocument\" target=\"_blank\">www.mfa.gov.cy<\/a><\/p>\n<p>&nbsp;<\/p>\n<p><strong>Ancienne R\u00e9publique yougoslave de Mac\u00e9doine<\/strong><\/p>\n<p>1062. Budapest Andr\u00e1ssy \u00fat 130. 1. em.1-2.<\/p>\n<p>&nbsp;<\/p>\n<p><strong>Hollande<\/strong><\/p>\n<p>1022 Budapest, F\u00fcge utca 5-7.<\/p>\n<p><a href=\"http:\/\/www.netherlandsembassy.hu\/\" target=\"_blank\">www.netherlandsembassy.hu<\/a><\/p>\n<p>&nbsp;<\/p>\n<p><strong>Turquie<\/strong><\/p>\n<p>1062 Budapest, Andr\u00e1ssy \u00fat 123.<\/p>\n<p><a href=\"http:\/\/www.budapeste.be.mfa.gov.tr\" target=\"_blank\">www.budapeste.be.mfa.gov.tr<\/a><\/p>\n<p>&nbsp;<\/p>\n<p><strong>France<\/strong><\/p>\n<p>1062 Budapest, Lendvay u. 27<\/p>\n<p><a href=\"http:\/\/www.ambafrance-hu.org\/\" target=\"_blank\">www.ambafrance-hu.org<\/a><\/p>\n<p>&nbsp;<\/p>\n<p><strong>Mont\u00e9n\u00e9gro<\/strong><\/p>\n<p>1061 Budapest J\u00f3kai t\u00e9r 10.III.1<\/p>\n<p>&nbsp;<\/p>\n<p><strong>R\u00e9publique Tch\u00e8que<\/strong><\/p>\n<p>1064 Budapest, R\u00f3zsa u. 61.<\/p>\n<p><a href=\"http:\/\/www.mzv.cz\/budapest\" target=\"_blank\">www.mzv.cz\/budapest<\/a><\/p>\n<\/div>\n","protected":false},"excerpt":{"rendered":"<p>Royaume de Belgique 1015 Budapest, Toldy Ferenc u.13 www.diplomatie.belgium.be\/hungary &nbsp; Gr\u00e8ce 1063 Budapest, Szegf\u0171 u.3. &nbsp; G\u00e9orgie 1125 Budapest, Vir\u00e1nyos<\/p>\n","protected":false},"author":1,"featured_media":0,"parent":118,"menu_order":2,"comment_status":"closed","ping_status":"closed","template":"","meta":{"_seopress_robots_primary_cat":"","_seopress_titles_title":"","_seopress_titles_desc":"","_seopress_robots_index":"","colormag_page_container_layout":"default_layout","colormag_page_sidebar_layout":"default_layout","footnotes":""},"class_list":["post-1590","page","type-page","status-publish","hentry"],"_links":{"self":[{"href":"https:\/\/www.danubecommission.org\/dc\/wp-json\/wp\/v2\/pages\/1590","targetHints":{"allow":["GET"]}}],"collection":[{"href":"https:\/\/www.danubecommission.org\/dc\/wp-json\/wp\/v2\/pages"}],"about":[{"href":"https:\/\/www.danubecommission.org\/dc\/wp-json\/wp\/v2\/types\/page"}],"author":[{"embeddable":true,"href":"https:\/\/www.danubecommission.org\/dc\/wp-json\/wp\/v2\/users\/1"}],"replies":[{"embeddable":true,"href":"https:\/\/www.danubecommission.org\/dc\/wp-json\/wp\/v2\/comments?post=1590"}],"version-history":[{"count":0,"href":"https:\/\/www.danubecommission.org\/dc\/wp-json\/wp\/v2\/pages\/1590\/revisions"}],"up":[{"embeddable":true,"href":"https:\/\/www.danubecommission.org\/dc\/wp-json\/wp\/v2\/pages\/118"}],"wp:attachment":[{"href":"https:\/\/www.danubecommission.org\/dc\/wp-json\/wp\/v2\/media?parent=1590"}],"curies":[{"name":"wp","href":"https:\/\/api.w.org\/{rel}","templated":true}]}}