{"id":1603,"date":"2017-02-07T13:49:58","date_gmt":"2017-02-07T12:49:58","guid":{"rendered":"http:\/\/www.danubecommission.org\/dc\/?page_id=1603"},"modified":"2017-02-07T13:49:58","modified_gmt":"2017-02-07T12:49:58","slug":"links-zu-statistischen-agenturen","status":"publish","type":"page","link":"https:\/\/www.danubecommission.org\/dc\/de\/nutzliche-links\/links-zu-statistischen-agenturen\/","title":{"rendered":"Links zu statistischen Agenturen"},"content":{"rendered":"<div>\n<p><strong>Statistische Agenturen der DK-Mitgliedstaaten<\/strong><\/p>\n<table class=\"border-none\" border=\"0\">\n<tbody>\n<tr>\n<td><b>Republik \u00d6sterreich<br \/>\n<\/b><\/td>\n<td><a href=\"http:\/\/www.statistik.at\/web_de\/\" target=\"_blank\"><span lang=\"EN\">Statistik<\/span> <span lang=\"EN\">Austria<\/span><\/a><\/td>\n<\/tr>\n<tr>\n<td><b>Republik Bulgarien <\/b><\/td>\n<td><a href=\"http:\/\/www.nsi.bg\/indexen.php\" target=\"_blank\"><span lang=\"EN\">Nationales Statistisches Institut (NSI)<\/span><\/a><\/td>\n<\/tr>\n<tr>\n<td><b>Republik Kroatien <\/b><\/td>\n<td><a href=\"http:\/\/www.dzs.hr\/default_e.htm\" target=\"_blank\"><span lang=\"EN\">Kroatisches B\u00fcro f\u00fcr Statistik <\/span><\/a><\/td>\n<\/tr>\n<tr>\n<td><b>Federal Republic of Germany<\/b><\/td>\n<td><a href=\"https:\/\/www.destatis.de\/DE\/Startseite.html\" target=\"_blank\">Federal Office for statistics <\/a><\/td>\n<\/tr>\n<tr>\n<td><b>Ungarn <\/b><\/td>\n<td><a href=\"http:\/\/www.ksh.hu\/?lang=en\" target=\"_blank\"><span lang=\"EN\">Ungarisches Zentralamt f\u00fcr Statistik (HCSO) <\/span><\/a><\/td>\n<\/tr>\n<tr>\n<td><b>Republik Moldau <\/b><\/td>\n<td><a href=\"http:\/\/www.statistica.md\/index.php?l=en\" target=\"_blank\"><span lang=\"EN\">Abteilung f\u00fcr Statistik und Soziologie <\/span><\/a><\/td>\n<\/tr>\n<tr>\n<td><b>Rum\u00e4nien <\/b><\/td>\n<td><a href=\"http:\/\/www.insse.ro\/cms\/en\" target=\"_blank\"><span lang=\"EN\">Nationales Institut f\u00fcr Statistik <\/span><\/a><\/td>\n<\/tr>\n<tr>\n<td><b>Russische F\u00f6deration <\/b><\/td>\n<td><a href=\"http:\/\/www.gks.ru\/wps\/wcm\/connect\/rosstat_main\/rosstat\/en\/main\/\" target=\"_blank\"><span lang=\"EN\">Staatliches Komitee f\u00fcr Statistik der Russischen F\u00f6deration <\/span><\/a><\/td>\n<\/tr>\n<tr>\n<td><b>Republik Serbien <\/b><\/td>\n<td><a href=\"http:\/\/webrzs.stat.gov.rs\/WebSite\/Default.aspx\" target=\"_blank\">Statistisches Amt der Republik Serbien<\/a><\/td>\n<\/tr>\n<tr>\n<td><b>Slowakische Republik <\/b><\/td>\n<td><a href=\"http:\/\/portal.statistics.sk\/showdoc.do?docid=359\" target=\"_blank\"><span lang=\"EN\">Statistisches Amt der Slowakischen Republik <\/span><\/a><\/td>\n<\/tr>\n<tr>\n<td><b>Ukraine<\/b><\/td>\n<td><a href=\"http:\/\/www.ukrstat.gov.ua\/\" target=\"_blank\"><span lang=\"EN\">Staatliches Komitee f\u00fcr Statistik <\/span><\/a><\/td>\n<\/tr>\n<\/tbody>\n<\/table>\n<p><b> <\/b><b> <\/b>&nbsp;<\/p>\n<p><strong>Statistische Agenturen der DK-Beobachterstaaten<\/strong><\/p>\n<table class=\"border-none\" border=\"0\">\n<tbody>\n<tr>\n<td><b>K\u00f6nigreich Belgien <\/b><\/td>\n<td><a href=\"http:\/\/statbel.fgov.be\/de\/statistiken\/zahlen\/\" target=\"_blank\"><span lang=\"EN\">Nationales Statistisches Institut <\/span><\/a><\/td>\n<\/tr>\n<tr>\n<td><b>Tschechische Republik <\/b><\/td>\n<td><a href=\"http:\/\/www.czso.cz\/eng\/redakce.nsf\/i\/home\" target=\"_blank\"><span lang=\"EN\">Tschechisches Statistikamt (CzSO) <\/span><\/a><\/td>\n<\/tr>\n<tr>\n<td><b>Republik Zypern <\/b><\/td>\n<td><a href=\"http:\/\/www.mof.gov.cy\/mof\/cystat\/statistics.nsf\/index_en\/index_en?OpenDocument\" target=\"_blank\"><span lang=\"EN\">Statistisches Amt <\/span><\/a><\/td>\n<\/tr>\n<tr>\n<td><b>Georgien <\/b><\/td>\n<td><a href=\"http:\/\/www.geostat.ge\/index.php?action=0&amp;lang=eng\">Nationales statistisches Amt von Georgien<\/a><\/td>\n<\/tr>\n<tr>\n<td><b>Ehemalige jugoslawische Republik Mazedonien <\/b><\/td>\n<td><a href=\"http:\/\/www.stat.gov.mk\/Default_en.aspx\">Staatliches statistisches Amt<\/a><\/td>\n<\/tr>\n<tr>\n<td><b>Montenegro <\/b><\/td>\n<td><a href=\"http:\/\/www.monstat.org\/eng\/\">Statistisches Amt von Montenegro<\/a><\/td>\n<\/tr>\n<tr>\n<td><b>Franz\u00f6sische Republik <\/b><\/td>\n<td><a href=\"http:\/\/www.insee.fr\/en\/\" target=\"_blank\"><span lang=\"EN\">Nationales Institut f\u00fcr Statistik und Wirtschaftsstudien (INSEE) <\/span><\/a><\/td>\n<\/tr>\n<tr>\n<td><b>Republik Griechenland <\/b><\/td>\n<td><a href=\"http:\/\/www.statistics.gr\/portal\/page\/portal\/ESYE\" target=\"_blank\"><span lang=\"EN\">Nationales Statistikamt <\/span><\/a><\/td>\n<\/tr>\n<tr>\n<td><b>K\u00f6nigreich der Niederlande <\/b><\/td>\n<td><a href=\"http:\/\/www.cbs.nl\/en-GB\/menu\/home\/default.htm\" target=\"_blank\"><span lang=\"EN\">Statistik der Niederlande (CBS) <\/span><\/a><\/td>\n<\/tr>\n<tr>\n<td><b>Republik T\u00fcrkei <\/b><\/td>\n<td><a href=\"http:\/\/www.turkstat.gov.tr\/Start.do;jsessionid=Mh4zNj1VqT6vr1SfslzP16LJdy9WsgkrYPyZhPQvLyWnz4FpD8Zn%21-1083516368\" target=\"_blank\">Statistisches Institut der T\u00fcrkei (TurkStat)<\/a><\/td>\n<\/tr>\n<\/tbody>\n<\/table>\n<p><b><span lang=\"EN\"><br \/>\n<\/span><\/b><b>Internationale Organisationen <\/b><\/p>\n<p><b> <\/b><\/p>\n<h1><\/h1>\n<p><b> <a href=\"http:\/\/epp.eurostat.ec.europa.eu\/portal\/page\/portal\/statistics\/themes\" target=\"_blank\">Wirtschaftskommission der Vereinten Nationen f\u00fcr Europa (ECE), Abteilung Statistik <\/a><\/b><\/p>\n<p><a href=\"http:\/\/epp.eurostat.ec.europa.eu\/portal\/page\/portal\/statistics\/themes\" target=\"_blank\"><b>Statistisches Amt der Europ\u00e4ischen Gemeinschaften (eurostat) <\/b><\/a><\/p>\n<p><a href=\"http:\/\/www.oecd.org\/\" target=\"_blank\"><b>Organisation f\u00fcr wirtschaftliche Zusammenarbeit und Entwicklung (OECD) <\/b><\/a><\/p>\n<p><a href=\"http:\/\/data.un.org\/\" target=\"_blank\"><b>UN data <\/b><\/a><\/p>\n<p><a href=\"http:\/\/unstats.un.org\/unsd\/default.htm\" target=\"_blank\"><b>Statistikabteilung der Vereinten Nationen <\/b><\/a><br \/>\n<a href=\"http:\/\/data.worldbank.org\/\" target=\"_blank\"><br \/>\n<b>Weltbank <\/b><\/a><\/p>\n<p><a href=\"http:\/\/www.cbs.nl\/isi\/\" target=\"_blank\">Internationales Statistisches Institut (ISI) <\/a><\/p>\n<\/div>\n","protected":false},"excerpt":{"rendered":"<p>Statistische Agenturen der DK-Mitgliedstaaten Republik \u00d6sterreich Statistik Austria Republik Bulgarien Nationales Statistisches Institut (NSI) Republik Kroatien Kroatisches B\u00fcro f\u00fcr Statistik<\/p>\n","protected":false},"author":1,"featured_media":0,"parent":46,"menu_order":9,"comment_status":"closed","ping_status":"closed","template":"","meta":{"_seopress_robots_primary_cat":"","_seopress_titles_title":"","_seopress_titles_desc":"","_seopress_robots_index":"","colormag_page_container_layout":"default_layout","colormag_page_sidebar_layout":"default_layout","footnotes":""},"class_list":["post-1603","page","type-page","status-publish","hentry"],"_links":{"self":[{"href":"https:\/\/www.danubecommission.org\/dc\/wp-json\/wp\/v2\/pages\/1603","targetHints":{"allow":["GET"]}}],"collection":[{"href":"https:\/\/www.danubecommission.org\/dc\/wp-json\/wp\/v2\/pages"}],"about":[{"href":"https:\/\/www.danubecommission.org\/dc\/wp-json\/wp\/v2\/types\/page"}],"author":[{"embeddable":true,"href":"https:\/\/www.danubecommission.org\/dc\/wp-json\/wp\/v2\/users\/1"}],"replies":[{"embeddable":true,"href":"https:\/\/www.danubecommission.org\/dc\/wp-json\/wp\/v2\/comments?post=1603"}],"version-history":[{"count":0,"href":"https:\/\/www.danubecommission.org\/dc\/wp-json\/wp\/v2\/pages\/1603\/revisions"}],"up":[{"embeddable":true,"href":"https:\/\/www.danubecommission.org\/dc\/wp-json\/wp\/v2\/pages\/46"}],"wp:attachment":[{"href":"https:\/\/www.danubecommission.org\/dc\/wp-json\/wp\/v2\/media?parent=1603"}],"curies":[{"name":"wp","href":"https:\/\/api.w.org\/{rel}","templated":true}]}}