{"id":16043,"date":"2025-11-19T10:48:03","date_gmt":"2025-11-19T09:48:03","guid":{"rendered":"https:\/\/www.danubecommission.org\/dc\/?page_id=16043"},"modified":"2025-11-19T13:20:00","modified_gmt":"2025-11-19T12:20:00","slug":"press-fr","status":"publish","type":"page","link":"https:\/\/www.danubecommission.org\/dc\/fr\/mass-media-et-relations-publiques\/press-fr\/","title":{"rendered":"Press-releases et communiqu\u00e9s"},"content":{"rendered":"<ul>\n<li><a href=\"https:\/\/www.danubecommission.org\/uploads\/doc\/press\/2025\/fr_jurfin_20251014_16.pdf\">Communiqu\u00e9 de presse : S\u00e9ance du groupe de travail pour les questions juridiques et financi\u00e8res de la Commission du Danube<\/a> (14 &#8211; 16 octobre 2025)<\/li>\n<\/ul>\n<ul>\n<li><a href=\"https:\/\/www.danubecommission.org\/uploads\/doc\/press\/2025\/fr_wgtech_press_2025051314.pdf\">Communiqu\u00e9 de presse de la Commission du Danube : S\u00e9ance du groupe de travail pour les questions techniques<\/a> (13-14 mai 2025)<\/li>\n<\/ul>\n<ul>\n<li><a href=\"https:\/\/www.danubecommission.org\/uploads\/doc\/press\/2025\/fr_jurfin_press_20250409.pdf\">Communiqu\u00e9 de presse de la Commission du Danube : S\u00e9ance du groupe de travail pour les questions juridiques et financi\u00e8res de la Commission du Danube<\/a> (9-10 avril 2025)<\/li>\n<\/ul>\n<ul>\n<li><a href=\"https:\/\/www.danubecommission.org\/uploads\/doc\/press\/2025\/fr_press_release_102_20250123.pdf\">Communiqu\u00e9 de presse de la Commission du Danube :102<sup>e<\/sup> session de la Commission du Danube<\/a> (23 janvier 2025)<\/li>\n<\/ul>\n<ul>\n<li><a href=\"https:\/\/www.danubecommission.org\/uploads\/doc\/press\/2024\/fr_press_release_102.pdf\">Communiqu\u00e9 de presse de la Commission du Danube: 102e session de la Commission du Danube<\/a> (12 d\u00e9cembre 2024)<\/li>\n<\/ul>\n<ul>\n<li><a href=\"https:\/\/www.danubecommission.org\/uploads\/doc\/press\/2024\/fr_20241012_14_JURFIN.pdf\">Communiqu\u00e9 de presse de la Commission du Danube : S\u00e9ance du groupe de travail pour les questions juridiques et financi\u00e8res de la Commission du Danube<\/a> (12-14 novembre 2024)<\/li>\n<\/ul>\n<ul>\n<li><a href=\"https:\/\/www.danubecommission.org\/uploads\/doc\/press\/2024\/fr_Press_release_101.pdf\">Communiqu\u00e9 de presse de la Commission du Danube : 101e session de la Commission du Danube<\/a> (15 juin 2022)<\/li>\n<\/ul>\n<ul>\n<li><a href=\"https:\/\/www.danubecommission.org\/uploads\/doc\/press\/2024\/fr_20240514_15_JURFIN.pdf\">Communiqu\u00e9 de presse de la Commission du Danube : s\u00e9ance du groupe de travail pour les questions juridiques et financi\u00e8res de la Commission du Danube<\/a> (14-15 mai 2024)<\/li>\n<\/ul>\n<ul>\n<li><a href=\"https:\/\/www.danubecommission.org\/uploads\/doc\/press\/2024\/fr_WGTECH_2024041011.pdf\">Communiqu\u00e9 de presse de la Commission du Danube : s\u00e9ance du groupe de travail pour les questions techniques<\/a> (10-11 avril 2024)<\/li>\n<\/ul>\n<ul>\n<li><a href=\"https:\/\/www.danubecommission.org\/uploads\/doc\/press\/2023\/fr_Press_release_100.pdf\">Communiqu\u00e9 de presse de la Commission du Danube : 100<sup>e<\/sup> session de la Commission du Danube<\/a> (14 d\u00e9cembre 2023)<\/li>\n<\/ul>\n<ul>\n<li><a href=\"https:\/\/www.danubecommission.org\/uploads\/doc\/press\/2023\/fr_Press_release_99.pdf\">Communiqu\u00e9 de presse de la Commission du Danube\u00a0: 99<sup>e<\/sup> session de la Commission du Danube<\/a> (15 juin 2023)<\/li>\n<\/ul>\n<ul>\n<li><a href=\"https:\/\/www.danubecommission.org\/uploads\/doc\/2022\/press\/fr_98_session.pdf\">Communiqu\u00e9 de presse de la Commission du Danube\u00a0: 98<sup>e<\/sup> session de la Commission du Danube <\/a>(15 d\u00e9cembre 2022)<\/li>\n<\/ul>\n<ul>\n<li><a href=\"https:\/\/www.danubecommission.org\/uploads\/doc\/2022\/press\/fr_97_session.pdf\">Communiqu\u00e9 de presse de la Commission du Danube : 97<sup>e<\/sup> session de la Commission du Danube<\/a> (15 juin 2022)<\/li>\n<\/ul>\n<ul>\n<li><a href=\"https:\/\/www.danubecommission.org\/uploads\/doc\/2022\/press\/fr_13_ext_session.pdf\">Communique \u00e0 la presse de la Commission du Danube: 13<sup>e<\/sup> session extraordinaire de la Commission du Danube<\/a> (21 mars 2022)<\/li>\n<\/ul>\n<ul>\n<li><a href=\"https:\/\/www.danubecommission.org\/uploads\/doc\/2022\/press\/fr_12_ext_session.pdf\">Communique \u00e0 la presse de la Commission du Danube: 12<sup>e<\/sup> session extraordinaire de la Commission du Danube<\/a> (17 mars 2022)<\/li>\n<\/ul>\n<ul>\n<li><a href=\"https:\/\/www.danubecommission.org\/uploads\/doc\/2021\/press\/fr_96_press_release.pdf\">Communique \u00e0 la presse de la Commission du Danube: 96<sup>e<\/sup> session de la Commission du Danube<\/a> (14 d\u00e9cembre 2021)<\/li>\n<\/ul>\n<ul>\n<li><a href=\"https:\/\/www.danubecommission.org\/uploads\/doc\/press\/2021\/fr_95_press_release.pdf\">Communique \u00e0 la presse de la Commission du Danube: 95<sup>e<\/sup> session de la Commission du Danube<\/a> (15 et 23 juin 2021)<\/li>\n<\/ul>\n<ul>\n<li><a href=\"https:\/\/www.danubecommission.org\/uploads\/doc\/2020\/fr_press_94_session.pdf\">Communique \u00e0 la presse de la Commission du Danube: 94e session de la Commission du Danube<\/a> (11 d\u00e9cembre 2020)<\/li>\n<\/ul>\n<ul>\n<li><a href=\"https:\/\/www.danubecommission.org\/uploads\/doc\/press\/2020\/fr_11_eo_session.pdf\">Communique \u00e0 la presse de la Commission du Danube: 11e session extraordinaire de la Commission du Danube<\/a> (29 mai 2020)<\/li>\n<\/ul>\n<ul>\n<li><a href=\"https:\/\/danubecommission.org\/uploads\/doc\/press\/2019\/fr_dc_sess_93_press_release.pdf\">Communique \u00e0 la presse de la Commission du Danube: 93<sup>e<\/sup> session de la Commission du Danube<\/a> (13 d\u00e9cembre 2019)<\/li>\n<\/ul>\n<ul>\n<li><a href=\"http:\/\/www.danubecommission.org\/uploads\/doc\/press\/2019\/fr_dc_sess_92_press_release.pdf\">Communique \u00e0 la presse de la Commission du Danube: 92<sup>e<\/sup> session de la Commission du Danube<\/a> (13 juin 2019)<\/li>\n<\/ul>\n<ul>\n<li><a href=\"http:\/\/www.danubecommission.org\/uploads\/doc\/press\/2018\/cpcpc18_02fr.pdf\">Communique \u00e0 la presse de la Commission du Danube: R\u00e9union commune entre la CDNI et la Commission du Danube<\/a> (Vienne, le 31 octobre 2018)<\/li>\n<\/ul>\n<ul>\n<li><a href=\"http:\/\/www.danubecommission.org\/uploads\/doc\/press\/2017\/FZ_Communique_visite_CD_SG_MAE_AT.pdf\">Communique \u00e0 la presse de la Commission du Danube: Le Secr\u00e9taire g\u00e9n\u00e9ral du Minist\u00e8re des affaires \u00e9trang\u00e8res d\u2019Autriche a visit\u00e9 la Commission du Danube<\/a> (5 octobre 2017)<\/li>\n<\/ul>\n<ul>\n<li><a href=\"http:\/\/www.danubecommission.org\/uploads\/doc\/press\/2017\/fr_88_session.pdf\">Communique \u00e0 la presse de la Commission du Danube: Quatre-vingt-huiti\u00e8me session de la Commission du Danube<\/a> (9 juin 2017)<\/li>\n<\/ul>\n<ul>\n<li><a href=\"http:\/\/www.danubecommission.org\/uploads\/doc\/press\/2017\/thai_20170508.pdf\">Communique \u00e0 la presse de la Commission du Danube: Visite de M. Jakkrit Srivali, Ambassadeur du Royaume de Tha\u00eflande en Hongrie aupr\u00e8s du Secr\u00e9tariat de la Commission du Danube<\/a> (4 mai 2017) (angl.)<\/li>\n<\/ul>\n<ul>\n<li><a href=\"http:\/\/www.danubecommission.org\/uploads\/doc\/press\/2017\/Trieste_2017_03_29.pdf\">Communique \u00e0 la presse de la Commission du Danube: Participation of General Director of the Danube Commission Secretariat at the 14th Coordination Meeting of Regional Organizations<\/a><a href=\"http:\/\/www.danubecommission.org\/uploads\/doc\/press\/2017\/Trieste_2017_03_29.pdf\"> (Trieste, Italy, March 29, 2017) <\/a>(Trieste, Italie, 29 mars 2017)<\/li>\n<\/ul>\n<ul>\n<li><a href=\"http:\/\/www.danubecommission.org\/uploads\/doc\/press\/2017\/hungarian_credence_20170320.pdf\">Communiqu\u00e9 \u00e0 la presse de la Commission du Danube: Pr\u00e9sentation des lettres de cr\u00e9ance par la nouvelle Repr\u00e9sentante Hongrie \u00e0 la Commission du Danube<\/a> (20 <sup>er<\/sup> mars 2017)<\/li>\n<\/ul>\n<ul>\n<li><a href=\"http:\/\/www.danubecommission.org\/dc\/wp-content\/uploads\/2017\/03\/austrian_credence_20170308.pdf\">Communiqu\u00e9 \u00e0 la presse de la Commission du Danube: Pr\u00e9sentation des lettres de cr\u00e9ance par la nouvelle Repr\u00e9sentante de la R\u00e9publique d\u2019Autriche \u00e0 la Commission du Danube<\/a> (1<sup>er<\/sup> mars 2017<\/li>\n<\/ul>\n<ul>\n<li><a href=\"http:\/\/danubecommission.org\/uploads\/doc\/press\/2017\/unece_20170222.pdf\">Communiqu\u00e9 \u00e0 la presse de la Commission du Danube: UNECE HIGH LEVEL CONFERENCE ON THE 70th ANNIVERSARY OF THE INLAND TRANSPORT COMMITTEE<\/a> (22 f\u00e9vrier 2017)<\/li>\n<\/ul>\n<ul>\n<li><a href=\"http:\/\/www.danubecommission.org\/uploads\/doc\/press\/2017\/DANTE_press%20release_final.pdf\">Communiqu\u00e9 \u00e0 la presse de la Commission du Danube: R\u00e9union consacr\u00e9e au lancement du projet DANTE<\/a> (17 f\u00e9vrier 2017)<\/li>\n<\/ul>\n<ul>\n<li><a href=\"http:\/\/www.danubecommission.org\/uploads\/doc\/press\/2017\/PR_EG_SEC_15Feb_en.pdf\">Communiqu\u00e9 \u00e0 la presse de la Commission du Danube: R\u00e9union d\u2019experts pour les questions relatives \u00e0 la protection du transport par voie navigable<\/a> (15 f\u00e9vrier 2017)<\/li>\n<\/ul>\n<ul>\n<li><a href=\"http:\/\/www.danubecommission.org\/uploads\/doc\/press\/2016\/87_press_fr.pdf\">Communiqu\u00e9 \u00e0 la presse de la Commission du Danube : La Commission du Danube (CD) a tenu sa Quatre-vingt-septi\u00e8me session<\/a> (14 d\u00e9cembre 2016)<\/li>\n<\/ul>\n<ul>\n<li><a href=\"http:\/\/www.danubecommission.org\/uploads\/doc\/press\/2016\/press_IVR_CLNI_20161020.pdf\">Communiqu\u00e9 \u00e0 la presse de la Commission du Danube : IVR Workshop CLNI 2012 at the premises of the Danube Commission<\/a> (Budapest, 20 octobre 2016)<\/li>\n<\/ul>\n<ul>\n<li><a href=\"http:\/\/www.danubecommission.org\/uploads\/doc\/press\/2016\/Press_release_JS_2016.pdf\"> Communiqu\u00e9 \u00e0 la presse de la Commission du Danube: Manifestation (Follow-up Meeting) suivant la rencontre\u00a0 consacr\u00e9e \u00e0 la D\u00e9claration commune avec la CIPD et la CIBS (15-16 septembre 2016.)<\/a><\/li>\n<\/ul>\n<ul>\n<li><a href=\"http:\/\/www.danubecommission.org\/uploads\/doc\/press\/2016\/86%20Sess\/86e%20session%20fr.pdf\">Communiqu\u00e9 \u00e0 la presse de la Commission du Danube : Quatre-vingt-sixi\u00e8me session de la Commission du Danube (8 juin 2016)<\/a><\/li>\n<\/ul>\n<ul>\n<li><a href=\"http:\/\/www.danubecommission.org\/uploads\/doc\/press\/2016\/16%2002%202016%20Mikola\/PR%20MFA%20HU%20Mikola.pdf\">Communiqu\u00e9 \u00e0 la presse de la Commission du Danube: Visite de M. Istv\u00e1n Mikola, Secr\u00e9taire d&#8217;Etat au Minist\u00e8re des affaires \u00e9trang\u00e8res et du commerce ext\u00e9rieur de Hongrie \u00e0 la Commission du Danube<\/a> (16 f\u00e9vrier 2016) (angl.)<\/li>\n<\/ul>\n<ul>\n<li><a href=\"http:\/\/www.danubecommission.org\/uploads\/doc\/press\/2015\/85%20sess\/Communique%2085e%20session.pdf\">Communiqu\u00e9 \u00e0 la presse de la Commission du Danube : Quatre-vingt-cinqui\u00e8me session de la Commission du Danube<\/a> (9 d\u00e9cembre 2015)<\/li>\n<\/ul>\n<ul>\n<li><a href=\"http:\/\/www.danubecommission.org\/uploads\/doc\/press\/2015\/Margic%20Varna%2010-2015\/Communique%20docteur%20honoris%20causa%20corr.pdf\">Communiqu\u00e9 \u00e0 la presse de la Commission du Danube\u00a0: R\u00e9mission \u00e0 Petar Margi\u0107, Directeur g\u00e9n\u00e9ral du Secr\u00e9tariat de la Commission du Danube du titre de docteur honoris causa de l&#8217;Acad\u00e9mie navale N. I. Vaptsarov<\/a> (Varna, le 14 octobre 2015)<\/li>\n<\/ul>\n<ul>\n<li><a href=\"http:\/\/www.danubecommission.org\/uploads\/doc\/press\/2015\/Workshop%2029-09-2015\/Press%20release%20DC%20WORKSHOP%2014%20Oct%20%202014_en.pdf\">Communiqu\u00e9 \u00e0 la presse de la Commission du Danube\u00a0: S\u00e9minaire <em>\u00ab\u00a0Streamlining at the Danube\u00a0\u00bb<\/em><\/a> (29 septembre 2015) (angl.)<\/li>\n<\/ul>\n<ul>\n<li><a href=\"http:\/\/www.danubecommission.org\/uploads\/doc\/press\/2015\/AA%20DC-MOVE%20-%20PRESS%20RELEASE%20-%20Budapest%2024%20July\/15-07-VerwVereinb-Unterz-Presse-frz.pdf\">Communiqu\u00e9 \u00e0 la presse de la Commission du Danube\u00a0: La Commission du Danube (Secr\u00e9tariat) et la Commission europ\u00e9enne (DG MOVE) ont sign\u00e9 un arrangement relatif au d\u00e9veloppement et \u00e0 l&#8217;am\u00e9lioration de la navigation sur le Danube<\/a> (24 juillet 2015)<\/li>\n<\/ul>\n<ul>\n<li><a href=\"http:\/\/www.danubecommission.org\/uploads\/doc\/press\/2015\/84%20Sess\/Communique%2084e%20session.pdf\">Communiqu\u00e9 \u00e0 la presse de la Commission du Danube\u00a0:Quatre-vingt-quatri\u00e8me session de la Commission du Danube<\/a> (9 juin 2015)<\/li>\n<\/ul>\n<ul>\n<li><a href=\"http:\/\/www.danubecommission.org\/uploads\/doc\/press\/2015\/RO%20Foreign%20Min%2007-05-2015\/Communique%20visite%20Aurescu.pdf\">Communiqu\u00e9 \u00e0 la presse de la Commission du Danube\u00a0: Visite du ministre des affaires \u00e9trang\u00e8res de Roumanie au Secr\u00e9tariat de la Commission du Danube<\/a> (7 mai 2015)<\/li>\n<\/ul>\n<ul>\n<li><a href=\"http:\/\/www.danubecommission.org\/uploads\/doc\/press\/2015\/Russian%20Ambassador%2005-2015\/Communique%20rencontre%20DG%20Representant%20Russie.pdf\">Communiqu\u00e9 \u00e0 la presse de la Commission du Danube\u00a0: Rencontre du Directeur g\u00e9n\u00e9ral du Secr\u00e9tariat de la CD et du Repr\u00e9sentant de la F\u00e9d\u00e9ration de Russie \u00e0 la CD<\/a> (29 avril 2015)<\/li>\n<\/ul>\n<ul>\n<li><a href=\"http:\/\/www.danubecommission.org\/uploads\/doc\/press\/2015\/Malaysian%20visit%2020%20April\/PM%20AS%20Communique%20visite%20Malaisie.pdf\">Communiqu\u00e9 \u00e0 la presse de la Commission du Danube\u00a0: Visite officielle d&#8217;une d\u00e9l\u00e9gation du gouvernement de l&#8217;Etat f\u00e9d\u00e9ral de Perak (Malaisie) \u00e0 la Commission du Danube<\/a> (20 avril 2015)<\/li>\n<\/ul>\n<ul>\n<li><a href=\"http:\/\/www.danubecommission.org\/uploads\/doc\/press\/2015\/SaveKommission%2037%20Sess\/PS%20communique%20participation%20travaux%20CIBS.pdf\">Communiqu\u00e9 \u00e0 la presse de la Commission du Danube\u00a0: Participation d&#8217;un repr\u00e9sentant du Secr\u00e9tariat de la Commission du Danube \u00e0 la 37<sup>e<\/sup> session de la Commission internationale pour le bassin de la Save<\/a> (24 f\u00e9vrier 2015)<\/li>\n<\/ul>\n<ul>\n<li><a href=\"http:\/\/www.danubecommission.org\/uploads\/doc\/press\/2015\/UNECE%2077%20Sess\/PM%20communique%20Comite%20transports%20CEE.pdf\">Communiqu\u00e9 \u00e0 la presse de la Commission du Danube\u00a0: Participation du Directeur g\u00e9n\u00e9ral du Secr\u00e9tariat de la Commission du Danube \u00e0 la 77<sup>e<\/sup> session du Comit\u00e9 des transports int\u00e9rieurs de la CEE-ONU<\/a> (24-26 f\u00e9vrier 2015)<\/li>\n<\/ul>\n<ul>\n<li><a href=\"http:\/\/www.danubecommission.org\/uploads\/doc\/press\/2015\/Austrian%20Ambassador%2002-2015\/AT%20communique%20Ambassadeur%20Scheide.pdf\">Communiqu\u00e9 \u00e0 la presse de la Commission du Danube\u00a0: Remise des lettres de cr\u00e9ance par le nouveau Repr\u00e9sentant de la R\u00e9publique d&#8217;Autriche\u00e0 la Commission du Danube<\/a> (19 f\u00e9vrier 2015)<\/li>\n<\/ul>\n<ul>\n<li><a href=\"http:\/\/www.danubecommission.org\/uploads\/doc\/press\/2015\/Serb%20minister\/Communique%20visite%20ADJ%20PM%20SRB.pdf\">Communiqu\u00e9 de presse de la Commission du Danube : Visite de S.E. M. Ivica Da\u010di\u0107, premier Vice-premier ministre et Ministre des affaires \u00e9trang\u00e8res de la R\u00e9publique de Serbie<\/a> (11 f\u00e9vrier 2015)<\/li>\n<\/ul>\n","protected":false},"excerpt":{"rendered":"<p>Communiqu\u00e9 de presse : S\u00e9ance du groupe de travail pour les questions juridiques et financi\u00e8res de la Commission du Danube<\/p>\n","protected":false},"author":1,"featured_media":0,"parent":108,"menu_order":1,"comment_status":"closed","ping_status":"closed","template":"","meta":{"_seopress_robots_primary_cat":"","_seopress_titles_title":"","_seopress_titles_desc":"","_seopress_robots_index":"","colormag_page_container_layout":"default_layout","colormag_page_sidebar_layout":"default_layout","footnotes":""},"class_list":["post-16043","page","type-page","status-publish","hentry"],"_links":{"self":[{"href":"https:\/\/www.danubecommission.org\/dc\/wp-json\/wp\/v2\/pages\/16043","targetHints":{"allow":["GET"]}}],"collection":[{"href":"https:\/\/www.danubecommission.org\/dc\/wp-json\/wp\/v2\/pages"}],"about":[{"href":"https:\/\/www.danubecommission.org\/dc\/wp-json\/wp\/v2\/types\/page"}],"author":[{"embeddable":true,"href":"https:\/\/www.danubecommission.org\/dc\/wp-json\/wp\/v2\/users\/1"}],"replies":[{"embeddable":true,"href":"https:\/\/www.danubecommission.org\/dc\/wp-json\/wp\/v2\/comments?post=16043"}],"version-history":[{"count":2,"href":"https:\/\/www.danubecommission.org\/dc\/wp-json\/wp\/v2\/pages\/16043\/revisions"}],"predecessor-version":[{"id":16045,"href":"https:\/\/www.danubecommission.org\/dc\/wp-json\/wp\/v2\/pages\/16043\/revisions\/16045"}],"up":[{"embeddable":true,"href":"https:\/\/www.danubecommission.org\/dc\/wp-json\/wp\/v2\/pages\/108"}],"wp:attachment":[{"href":"https:\/\/www.danubecommission.org\/dc\/wp-json\/wp\/v2\/media?parent=16043"}],"curies":[{"name":"wp","href":"https:\/\/api.w.org\/{rel}","templated":true}]}}