{"id":1605,"date":"2017-02-07T13:53:22","date_gmt":"2017-02-07T12:53:22","guid":{"rendered":"http:\/\/www.danubecommission.org\/dc\/?page_id=1605"},"modified":"2017-02-07T13:53:22","modified_gmt":"2017-02-07T12:53:22","slug":"liens-vers-des-agences-statistiques","status":"publish","type":"page","link":"https:\/\/www.danubecommission.org\/dc\/fr\/liens-utiles\/liens-vers-des-agences-statistiques\/","title":{"rendered":"Liens vers des agences statistiques"},"content":{"rendered":"<p><strong>Agences statistiques des Etats membres de la CD<\/strong><\/p>\n<table class=\"border-none\" border=\"0\">\n<tbody>\n<tr>\n<td><b>R\u00e9publique d&#8217;Autriche <\/b><\/td>\n<td><a href=\"http:\/\/www.statistik.at\/web_en\/\" target=\"_blank\">Office National des Statistiques\u00a0<\/a><\/td>\n<\/tr>\n<tr>\n<td><b>R\u00e9publique de Bulgarie <\/b><\/td>\n<td><a href=\"http:\/\/www.nsi.bg\/indexen.phpInstitut%20National%20Statistique%20%28INS%29\" target=\"_blank\"><span lang=\"EN\">National Statistical Institute (NSI)<\/span><\/a><\/td>\n<\/tr>\n<tr>\n<td><b>R\u00e9publique de Croatie <\/b><\/td>\n<td><a href=\"http:\/\/www.dzs.hr\/default_e.htm\" target=\"_blank\"><span lang=\"EN\">Bureau statistique de Croatie <\/span><\/a><\/td>\n<\/tr>\n<tr>\n<td><b>R\u00e9publique F\u00e9d\u00e9rale d&#8217;Allemagne <\/b><\/td>\n<td><a href=\"https:\/\/www.destatis.de\/EN\/Homepage.html\" target=\"_blank\">Federal Office for statistics <\/a><\/td>\n<\/tr>\n<tr>\n<td><b>Hongrie <\/b><\/td>\n<td><a href=\"http:\/\/www.ksh.hu\/?lang=en\" target=\"_blank\"><span lang=\"EN\">Office central statistique (OCS) <\/span><\/a><\/td>\n<\/tr>\n<tr>\n<td><b>R\u00e9publique de Moldova <\/b><\/td>\n<td><a href=\"http:\/\/www.statistica.md\/index.php?l=en\" target=\"_blank\"><span lang=\"EN\">D\u00e9partement de statistique et de sociologie <\/span><\/a><\/td>\n<\/tr>\n<tr>\n<td><b>Roumanie <\/b><\/td>\n<td><a href=\"http:\/\/www.insse.ro\/cms\/en\" target=\"_blank\"><span lang=\"EN\">Institut National de Statistique <\/span><\/a><\/td>\n<\/tr>\n<tr>\n<td><b>F\u00e9d\u00e9ration de Russie <\/b><\/td>\n<td><a href=\"http:\/\/www.gks.ru\/wps\/wcm\/connect\/rosstat_main\/rosstat\/en\/main\/\" target=\"_blank\"><span lang=\"EN\">Comit\u00e9 d&#8217;Etat pour les Statistiques <\/span><\/a><\/td>\n<\/tr>\n<tr>\n<td><b>R\u00e9publique de Serbie <\/b><\/td>\n<td><a href=\"http:\/\/webrzs.stat.gov.rs\/WebSite\/Default.aspx\" target=\"_blank\">Direction statistique de la R\u00e9publique de Serbie <\/a><\/td>\n<\/tr>\n<tr>\n<td><b>R\u00e9publique Slovaque <\/b><\/td>\n<td><a href=\"http:\/\/portal.statistics.sk\/showdoc.do?docid=359\" target=\"_blank\"><span lang=\"EN\">Direction statistique de la R\u00e9publique slovaque <\/span><\/a><\/td>\n<\/tr>\n<tr>\n<td><b>Ukraine<\/b><\/td>\n<td><a href=\"http:\/\/www.ukrstat.gov.ua\/\" target=\"_blank\"><span lang=\"EN\">Comit\u00e9 d&#8217;Etat pour la statistique <\/span><\/a><\/td>\n<\/tr>\n<\/tbody>\n<\/table>\n<p>&nbsp;<\/p>\n<p><strong>Agences statistiques des Etats observateurs de la CD<\/strong><\/p>\n<table class=\"border-none\" border=\"0\">\n<tbody>\n<tr>\n<td><b>Royaume de Belgique <\/b><\/td>\n<td><a href=\"http:\/\/statbel.fgov.be\/fr\/statistiques\/chiffres\/\" target=\"_blank\"><span lang=\"EN\">Institut National de Statistique <\/span><\/a><\/td>\n<\/tr>\n<tr>\n<td><b>R\u00e9publique tch\u00e8que <\/b><\/td>\n<td><a href=\"http:\/\/www.czso.cz\/eng\/redakce.nsf\/i\/home\" target=\"_blank\"><span lang=\"EN\">Office statistique tch\u00e8que (OST) <\/span><\/a><\/td>\n<\/tr>\n<tr>\n<td><b>R\u00e9publique de Chypre <\/b><\/td>\n<td><a href=\"http:\/\/www.mof.gov.cy\/mof\/cystat\/statistics.nsf\/index_en\/index_en?OpenDocument\" target=\"_blank\"><span lang=\"EN\">Service Statistique de Chypre <\/span><\/a><\/td>\n<\/tr>\n<tr>\n<td><b>G\u00e9orgie<\/b><\/td>\n<td><a href=\"http:\/\/www.geostat.ge\/index.php?action=0&amp;lang=eng\">Office statistique national de G\u00e9orgie <\/a><\/td>\n<\/tr>\n<tr>\n<td><b>Ancienne r\u00e9publique yougoslave de Mac\u00e9doine<\/b><\/td>\n<td><a href=\"http:\/\/www.stat.gov.mk\/Default_en.aspx\">Office statistique d&#8217;Etat<\/a><\/td>\n<\/tr>\n<tr>\n<td><b>Mont\u00e9n\u00e9gro<\/b><\/td>\n<td><a href=\"http:\/\/www.monstat.org\/eng\/\">Office statistique de Mont\u00e9n\u00e9gro<\/a><\/td>\n<\/tr>\n<tr>\n<td><b>R\u00e9publique fran\u00e7aise <\/b><\/td>\n<td><a href=\"http:\/\/www.insee.fr\/fr\/default.asp\" target=\"_blank\"><span lang=\"EN\">Institut national de la statistique et des \u00e9tudes \u00e9conomiques (INSEE) <\/span><\/a><\/td>\n<\/tr>\n<tr>\n<td><b>R\u00e9publique hell\u00e9nique <\/b><\/td>\n<td><a href=\"http:\/\/www.statistics.gr\/portal\/page\/portal\/ESYE\" target=\"_blank\"><span lang=\"EN\">Service statistique national <\/span><\/a><\/td>\n<\/tr>\n<tr>\n<td><b>Royaume des Pays-Bas <\/b><\/td>\n<td><a href=\"http:\/\/www.cbs.nl\/en-GB\/menu\/home\/default.htm\" target=\"_blank\"><span lang=\"EN\">Statistique des Pays-Bas (CBS) <\/span><\/a><\/td>\n<\/tr>\n<tr>\n<td><b>R\u00e9publique de Turquie <\/b><\/td>\n<td><a href=\"http:\/\/www.turkstat.gov.tr\/Start.do;jsessionid=Mh4zNj1VqT6vr1SfslzP16LJdy9WsgkrYPyZhPQvLyWnz4FpD8Zn%21-1083516368\" target=\"_blank\"><span lang=\"EN\">Institute <b>de Statistiques Turc<\/b> (<\/span><\/a><a href=\"http:\/\/www.turkstat.gov.tr\/\">Turkstat<\/a>)<\/td>\n<\/tr>\n<\/tbody>\n<\/table>\n<p><b><span lang=\"EN\">\u00a0<\/span><\/b><\/p>\n<p><b>Organisations internationales<\/b><\/p>\n<p><b><a href=\"http:\/\/live.unece.org\/stats\/stats_h.html\" target=\"_blank\">Commission \u00e9conomique pour l&#8217;Europe de l&#8217;ONU (CEE-ONU), Division statistique <\/a><\/b><\/p>\n<p><a href=\"http:\/\/epp.eurostat.ec.europa.eu\/portal\/page\/portal\/statistics\/themes\" target=\"_blank\"><b>Office statistique de l&#8217;Union europ\u00e9enne (EUROSTAT) <\/b><\/a><\/p>\n<p><a href=\"http:\/\/www.oecd.org\/fr\/\" target=\"_blank\"><b>Organisation de coop\u00e9ration et de d\u00e9veloppement \u00e9conomiques (OCDE) <\/b><\/a><\/p>\n<p><a href=\"http:\/\/data.un.org\/\" target=\"_blank\"><b>Syst\u00e8me d&#8217;acc\u00e8s aux donn\u00e9es de l&#8217;ONU (UNdata) <\/b><\/a><\/p>\n<p><a href=\"http:\/\/unstats.un.org\/unsd\/default.htm\" target=\"_blank\"><b>Division statistique de l&#8217;ONU (DS ONU) <\/b><\/a><\/p>\n<p><a href=\"http:\/\/www.banquemondiale.org\/\" target=\"_blank\"><b>Banque mondiale (BM) <\/b><\/a><\/p>\n<p><a href=\"http:\/\/www.cbs.nl\/isi\/\" target=\"_blank\">Institut international de statistique (IIS)<\/a><\/p>\n<p>&nbsp;<\/p>\n","protected":false},"excerpt":{"rendered":"<p>Agences statistiques des Etats membres de la CD R\u00e9publique d&#8217;Autriche Office National des Statistiques\u00a0 R\u00e9publique de Bulgarie National Statistical Institute<\/p>\n","protected":false},"author":1,"featured_media":0,"parent":118,"menu_order":9,"comment_status":"closed","ping_status":"closed","template":"","meta":{"_seopress_robots_primary_cat":"","_seopress_titles_title":"","_seopress_titles_desc":"","_seopress_robots_index":"","colormag_page_container_layout":"default_layout","colormag_page_sidebar_layout":"default_layout","footnotes":""},"class_list":["post-1605","page","type-page","status-publish","hentry"],"_links":{"self":[{"href":"https:\/\/www.danubecommission.org\/dc\/wp-json\/wp\/v2\/pages\/1605","targetHints":{"allow":["GET"]}}],"collection":[{"href":"https:\/\/www.danubecommission.org\/dc\/wp-json\/wp\/v2\/pages"}],"about":[{"href":"https:\/\/www.danubecommission.org\/dc\/wp-json\/wp\/v2\/types\/page"}],"author":[{"embeddable":true,"href":"https:\/\/www.danubecommission.org\/dc\/wp-json\/wp\/v2\/users\/1"}],"replies":[{"embeddable":true,"href":"https:\/\/www.danubecommission.org\/dc\/wp-json\/wp\/v2\/comments?post=1605"}],"version-history":[{"count":0,"href":"https:\/\/www.danubecommission.org\/dc\/wp-json\/wp\/v2\/pages\/1605\/revisions"}],"up":[{"embeddable":true,"href":"https:\/\/www.danubecommission.org\/dc\/wp-json\/wp\/v2\/pages\/118"}],"wp:attachment":[{"href":"https:\/\/www.danubecommission.org\/dc\/wp-json\/wp\/v2\/media?parent=1605"}],"curies":[{"name":"wp","href":"https:\/\/api.w.org\/{rel}","templated":true}]}}