{"id":16196,"date":"2026-02-04T13:28:21","date_gmt":"2026-02-04T12:28:21","guid":{"rendered":"https:\/\/www.danubecommission.org\/dc\/?page_id=16196"},"modified":"2026-02-06T15:59:47","modified_gmt":"2026-02-06T14:59:47","slug":"dc-contact","status":"publish","type":"page","link":"https:\/\/www.danubecommission.org\/dc\/en\/contacts-2\/dc-contact\/","title":{"rendered":"Practical information"},"content":{"rendered":"<table style=\"border-collapse: collapse; width: 100%;\">\n<tbody>\n<tr>\n<td style=\"width: 50%; text-align: justify;\"><img alt=\"\" loading=\"lazy\" decoding=\"async\" class=\"size-full wp-image-16197\" src=\"https:\/\/www.danubecommission.org\/dc\/wp-content\/uploads\/2026\/02\/dc_building.jpg\" alt=\"\" width=\"289\" height=\"180\" \/><\/td>\n<td style=\"width: 50%;\"><span style=\"font-size: 14pt;\"><strong>Danube Commission<\/strong><\/span><\/p>\n<p>Benczu\u0301r utca 25, Hungary, H-1068 Budapest<br \/>\nPhone: +36-1-461-80-10<br \/>\nE-mail: <a href=\"mailto:secretariat@danubecommission.org\">secretariat@danubecommission.org<\/a><br \/>\n<strong>GPS coordinates: <\/strong><a href=\"https:\/\/maps.app.goo.gl\/iEuWibAAUb8i7gbb8\">N 47.51076 E 19.07490<\/a><\/td>\n<\/tr>\n<\/tbody>\n<\/table>\n<p><iframe loading=\"lazy\" style=\"border: 0;\" src=\"https:\/\/www.google.com\/maps\/embed?pb=!1m18!1m12!1m3!1d2266.153589485143!2d19.07166171324233!3d47.51083287605603!2m3!1f0!2f0!3f0!3m2!1i1024!2i768!4f13.1!3m3!1m2!1s0x4741dc79fb50022f%3A0x2e8838e0df8e51da!2sDanube%20Commission%20%2F%20Duna%20Bizotts%C3%A1g!5e0!3m2!1sen!2shu!4v1770209600803!5m2!1sen!2shu\" width=\"800\" height=\"400\" allowfullscreen=\"allowfullscreen\"><\/iframe><br \/>\n<span style=\"font-size: 14pt;\"><strong>Directions<\/strong><\/span><\/p>\n<p>Information on public transport in Budapest is available at the Budapest Public Transport Company\u2019s (BKK) website &#8211; <a href=\"https:\/\/bkk.hu\/en\/\">https:\/\/bkk.hu\/en\/<\/a><\/p>\n<p>Information on how to purchase tickets for public transport can be found at:<\/p>\n<p><a href=\"https:\/\/bkk.hu\/en\/tickets-and-passes\/purchase-information\/\">https:\/\/bkk.hu\/en\/tickets-and-passes\/purchase-information\/<\/a><\/p>\n<p><span style=\"font-size: 14pt;\"><strong>How to reach the Danube Commission<\/strong><\/span><\/p>\n<p>From downtown Budapest<\/p>\n<table>\n<tbody>\n<tr>\n<td width=\"561\"><strong>M1 <\/strong>metro line from <strong>De\u00e1k Ferenc t\u00e9r <\/strong>to <strong>Bajza utca <\/strong>(6 stops: Dea\u0301k Ferenc te\u0301r- Bajcsy- Zsilinszky u\u0301 t \u2013 Opera- Oktogon \u2013 Vo\u0308ro\u0308smarty utca \u2013 Koda\u0301ly ko\u0308ro\u0308nd \u2013 Bajza utca). The ride takes around 10 minutes, then walk about 4 minutes (300 m) \u2013 see picture below<\/td>\n<\/tr>\n<tr>\n<td width=\"561\"><strong>Bus line 105 <\/strong>from <strong>De\u00e1k Ferenc t\u00e9r <\/strong>to <strong>Bajza utca <\/strong>(stops are the same as for M1 line, the ride takes around 10 minutes), then walk about 4 minutes (300 m)<\/td>\n<\/tr>\n<\/tbody>\n<\/table>\n<p><span style=\"font-size: 14pt;\"><strong>From the airport<\/strong><\/span><\/p>\n<p><u>By taxi<\/u><\/p>\n<p>Taxis in Budapest are marked with the word \u201cTaxi\u201d, often accompanied by a company name\/logo. All of oicial taxi vehicles are yellow and have a yellow license plate. All taximeters are equipped with a receipt-printing function, displaying the fares charged and the driver\u2019s identification.<\/p>\n<p><u>Taxi companies<\/u><\/p>\n<table>\n<tbody>\n<tr>\n<td width=\"93\">Fo\u030btaxi<\/td>\n<td width=\"155\">+36 1 222 2 222<\/td>\n<td width=\"282\"><a href=\"http:\/\/fotaxi.hu\/elerhetosegek\/?lang=en\">http:\/\/fotaxi.hu\/elerhetosegek\/?lang=en<\/a><\/td>\n<\/tr>\n<tr>\n<td colspan=\"2\"><img alt=\"\" loading=\"lazy\" decoding=\"async\" class=\"alignnone size-full wp-image-16206\" src=\"https:\/\/www.danubecommission.org\/dc\/wp-content\/uploads\/2026\/02\/taxi.jpg\" alt=\"\" width=\"273\" height=\"204\" \/><\/td>\n<td>At the airport, reservations can be made in person at the Fo\u030btaxi booths located at the exits at Terminals 2A and 2B<\/td>\n<\/tr>\n<\/tbody>\n<\/table>\n<p>&nbsp;<\/p>\n<table>\n<tbody>\n<tr>\n<td width=\"117\">Budapest Taxi<\/td>\n<td width=\"132\">+36 1 777 77 77<\/td>\n<td width=\"349\"><a href=\"http:\/\/www.budapesttaxi.hu\">http:\/\/www.budapesttaxi.huu\/mobil-applikacio.html<\/a><\/td>\n<\/tr>\n<tr>\n<td width=\"117\">Uber<\/td>\n<td width=\"132\">App<\/td>\n<td width=\"349\"><\/td>\n<\/tr>\n<tr>\n<td width=\"117\">Bolt (Taxify)<\/td>\n<td width=\"132\">+36 1 444 5 154<\/td>\n<td width=\"349\"><a href=\"https:\/\/bolt.eu\/sr\/cities\/budapest\/\">https:\/\/bolt.eu\/sr\/cities\/budapest\/<\/a><\/td>\n<\/tr>\n<tr>\n<td width=\"117\">Taxi 4<\/td>\n<td width=\"132\">+36 1 444 4444<\/td>\n<td width=\"349\"><a href=\"https:\/\/www.taxi4.hu\/\">https:\/\/www.taxi4.hu\/<\/a><\/td>\n<\/tr>\n<tr>\n<td width=\"117\">6X6 Taxi<\/td>\n<td width=\"132\">+36 1 6 666 666<\/td>\n<td width=\"349\"><a href=\"http:\/\/new.6x6taxi.hu\/\">http:\/\/ew.6x6taxi.hu\/<\/a><\/td>\n<\/tr>\n<tr>\n<td width=\"117\">City Taxi<\/td>\n<td width=\"132\">+36 1 2 111 111<\/td>\n<td width=\"349\"><a href=\"https:\/\/www.citytaxi.hu\/\">https:\/\/www.citytaxi.hu\/<\/a><\/td>\n<\/tr>\n<tr>\n<td width=\"117\">TaxiPlus<\/td>\n<td width=\"132\">+ 36 1 8 888 888<\/td>\n<td width=\"349\"><a href=\"http:\/\/www.taxiplus.hu\/\">http:\/\/www.taxiplus.hu\/<\/a><\/td>\n<\/tr>\n<tr>\n<td width=\"117\">Tele 5 Taxi<\/td>\n<td width=\"132\">+ 36 1 5 555 555<\/td>\n<td width=\"349\"><a href=\"http:\/\/tele5taxi.hu\/\">http:\/\/tele5taxi.hu\/<\/a><\/td>\n<\/tr>\n<\/tbody>\n<\/table>\n<p><u>VIP transfer (+36 70 556 3636)<\/u><\/p>\n<p><a href=\"https:\/\/viptransfer.hu\/\">https:\/\/viptransfer.hu\/\u00a0<\/a><\/p>\n<p><u>Airport mini shuttle bus<\/u><\/p>\n<p><a href=\"https:\/\/www.minibud.hu\/\">https:\/\/www.minibud.hu\/<\/a><\/p>\n<p><u>Public Transport<\/u><\/p>\n<p><strong>Bus 100E <\/strong>will take you to <strong>De\u00e1k Ferenc t\u00e9r <\/strong>(in approx. 40 minutes), then follow the instructions for how to reach us from downtown.<\/p>\n<p><a href=\"https:\/\/bkk.hu\/en\/travel-information\/airport-express\/\">https:\/\/bkk.hu\/en\/travel-information\/airport-express\/<\/a><\/p>\n<p><span style=\"font-size: 14pt;\"><strong>From bus stations<\/strong><\/span><\/p>\n<ul>\n<li><strong>N\u00e9pliget<\/strong><\/li>\n<\/ul>\n<p>Walk approximately 350 m and take metro line <strong>M3 <\/strong>from <strong>N\u00e9pliget <\/strong>to <strong>De\u00e1k Ferenc t\u00e9r<\/strong>. Then, and then follow the instructions for how to reach us from downtown.<\/p>\n<ul>\n<li><strong>Kelenf\u00f6ld vas\u00fat\u00e1llom\u00e1s <\/strong>(both bus and a train station)<\/li>\n<\/ul>\n<p>Metro line <strong>M4 <\/strong>to <strong>Keleti p\u00e1lyaudvar M (Garay utca), <\/strong>change to trolleybus <strong>78 <\/strong>Kossuth Lajos te\u0301r to <strong>Reformation Park <\/strong>(3 stops), then walk 450 m to the building.<\/p>\n<p>Tram <strong>49 <\/strong>to <strong>De\u00e1k Ferenc t\u00e9r <\/strong>and then follow the instructions for how to reach us from downtown.<\/p>\n<h3><strong>From railway stations<\/strong><\/h3>\n<ul>\n<li><strong>Keleti p\u00e1lyaudvar<\/strong><\/li>\n<\/ul>\n<p>Take trolleybus <strong>78 <\/strong>Kossuth Lajos te\u0301r to <strong>Reformation Park <\/strong>(3 stops), then walk 450 m to our building.<\/p>\n<ul>\n<li><strong>Nyugati p\u00e1lyaudvar<\/strong><\/li>\n<\/ul>\n<p>Take tram <strong>4\/6 <\/strong>(direction U\u00dajbuda-ko\u0308zpont) to <strong>Oktogon<\/strong>, then in Andra\u0301ssy Street change to bus <strong>105 <\/strong>or metro line <strong>M1 <\/strong>(see directions from downtown)<\/p>\n<ul>\n<li><strong>D\u00e9li p\u00e1lyaudvar<\/strong><\/li>\n<\/ul>\n<p>Take metro line <strong>M2 <\/strong>(direction \u00d6rs veze\u0301r tere) to <strong>De\u00e1k Ferenc t\u00e9r <\/strong>(4 stops) then change to <strong>M1 <\/strong>or bus <strong>105 <\/strong>(see the instructions for how to reach us from downtown)<\/p>\n<p><strong><span style=\"font-size: 14pt;\"> Hotels<\/span><\/strong><\/p>\n<p>Hotels in the neighborhood of the Danube Commission:<\/p>\n<table>\n<tbody>\n<tr>\n<td width=\"160\">Hotel Andr\u00e1ssy<\/td>\n<td width=\"444\"><a href=\"https:\/\/www.mamaisonandrassy.com\/en\/\">https:\/\/www.mamaisonandrassy.com\/en\/<\/a><\/td>\n<\/tr>\n<tr>\n<td width=\"160\">Bencz\u00far Hotel<\/td>\n<td width=\"444\"><a href=\"https:\/\/www.hotelbenczur.hu\/\">https:\/\/www.hotelbenczur.hu\/<\/a><\/td>\n<\/tr>\n<tr>\n<td width=\"160\">Mirage Medic Hotel<\/td>\n<td width=\"444\"><a href=\"https:\/\/miragemedichotel.hu\/en\/\">https:\/\/miragemedichotel.hu\/en\/<\/a><\/td>\n<\/tr>\n<tr>\n<td width=\"160\">Hotel Alice<\/td>\n<td width=\"444\"><a href=\"https:\/\/alicehotel.hu\/en\/home-eng\/\">https:\/\/alicehotel.hu\/en\/home-eng\/<\/a><\/td>\n<\/tr>\n<\/tbody>\n<\/table>\n<p>&nbsp;<\/p>\n","protected":false},"excerpt":{"rendered":"<p>Danube Commission Benczu\u0301r utca 25, Hungary, H-1068 Budapest Phone: +36-1-461-80-10 E-mail: secretariat@danubecommission.org GPS coordinates: N 47.51076 E 19.07490 Directions Information<\/p>\n","protected":false},"author":1,"featured_media":0,"parent":116,"menu_order":0,"comment_status":"closed","ping_status":"closed","template":"","meta":{"_seopress_robots_primary_cat":"","_seopress_titles_title":"","_seopress_titles_desc":"","_seopress_robots_index":"","colormag_page_container_layout":"default_layout","colormag_page_sidebar_layout":"default_layout","footnotes":""},"class_list":["post-16196","page","type-page","status-publish","hentry"],"_links":{"self":[{"href":"https:\/\/www.danubecommission.org\/dc\/wp-json\/wp\/v2\/pages\/16196","targetHints":{"allow":["GET"]}}],"collection":[{"href":"https:\/\/www.danubecommission.org\/dc\/wp-json\/wp\/v2\/pages"}],"about":[{"href":"https:\/\/www.danubecommission.org\/dc\/wp-json\/wp\/v2\/types\/page"}],"author":[{"embeddable":true,"href":"https:\/\/www.danubecommission.org\/dc\/wp-json\/wp\/v2\/users\/1"}],"replies":[{"embeddable":true,"href":"https:\/\/www.danubecommission.org\/dc\/wp-json\/wp\/v2\/comments?post=16196"}],"version-history":[{"count":23,"href":"https:\/\/www.danubecommission.org\/dc\/wp-json\/wp\/v2\/pages\/16196\/revisions"}],"predecessor-version":[{"id":16273,"href":"https:\/\/www.danubecommission.org\/dc\/wp-json\/wp\/v2\/pages\/16196\/revisions\/16273"}],"up":[{"embeddable":true,"href":"https:\/\/www.danubecommission.org\/dc\/wp-json\/wp\/v2\/pages\/116"}],"wp:attachment":[{"href":"https:\/\/www.danubecommission.org\/dc\/wp-json\/wp\/v2\/media?parent=16196"}],"curies":[{"name":"wp","href":"https:\/\/api.w.org\/{rel}","templated":true}]}}