{"id":1631,"date":"2017-02-07T14:17:07","date_gmt":"2017-02-07T13:17:07","guid":{"rendered":"http:\/\/www.danubecommission.org\/dc\/?page_id=1631"},"modified":"2024-11-20T14:04:33","modified_gmt":"2024-11-20T13:04:33","slug":"1631-2","status":"publish","type":"page","link":"https:\/\/www.danubecommission.org\/dc\/fr\/cooperation-internationale\/1631-2\/","title":{"rendered":"Base de donn\u00e9es des normes et param\u00e8tres principaux du r\u00e9seau des voies navigables E (CEE-ONU)"},"content":{"rendered":"<p><a href=\"http:\/\/www.unece.org\/trans\/main\/sc3\/bluebook_database.html\"><b>Database of main standards and parameters of the E waterway network<\/b><\/a><br \/>\n(Cliquez sur le titre ci-dessus pour afficher les documents)<\/p>\n","protected":false},"excerpt":{"rendered":"<p>Database of main standards and parameters of the E waterway network (Cliquez sur le titre ci-dessus pour afficher les documents)<\/p>\n","protected":false},"author":1,"featured_media":0,"parent":14522,"menu_order":13,"comment_status":"closed","ping_status":"closed","template":"","meta":{"_seopress_robots_primary_cat":"","_seopress_titles_title":"","_seopress_titles_desc":"","_seopress_robots_index":"","colormag_page_container_layout":"default_layout","colormag_page_sidebar_layout":"default_layout","footnotes":""},"class_list":["post-1631","page","type-page","status-publish","hentry"],"_links":{"self":[{"href":"https:\/\/www.danubecommission.org\/dc\/wp-json\/wp\/v2\/pages\/1631","targetHints":{"allow":["GET"]}}],"collection":[{"href":"https:\/\/www.danubecommission.org\/dc\/wp-json\/wp\/v2\/pages"}],"about":[{"href":"https:\/\/www.danubecommission.org\/dc\/wp-json\/wp\/v2\/types\/page"}],"author":[{"embeddable":true,"href":"https:\/\/www.danubecommission.org\/dc\/wp-json\/wp\/v2\/users\/1"}],"replies":[{"embeddable":true,"href":"https:\/\/www.danubecommission.org\/dc\/wp-json\/wp\/v2\/comments?post=1631"}],"version-history":[{"count":0,"href":"https:\/\/www.danubecommission.org\/dc\/wp-json\/wp\/v2\/pages\/1631\/revisions"}],"up":[{"embeddable":true,"href":"https:\/\/www.danubecommission.org\/dc\/wp-json\/wp\/v2\/pages\/14522"}],"wp:attachment":[{"href":"https:\/\/www.danubecommission.org\/dc\/wp-json\/wp\/v2\/media?parent=1631"}],"curies":[{"name":"wp","href":"https:\/\/api.w.org\/{rel}","templated":true}]}}