{"id":1664,"date":"2017-02-07T15:28:04","date_gmt":"2017-02-07T14:28:04","guid":{"rendered":"http:\/\/www.danubecommission.org\/dc\/?page_id=1664"},"modified":"2023-11-16T10:42:48","modified_gmt":"2023-11-16T09:42:48","slug":"deutschland","status":"publish","type":"page","link":"https:\/\/www.danubecommission.org\/dc\/de\/die-donauschifffahrt\/donauhaefen\/deutschland\/","title":{"rendered":"Deutschland"},"content":{"rendered":"<table style=\"width: 53.6557%;\" border=\"0\" cellspacing=\"0\" cellpadding=\"0\">\n<tbody>\n<tr>\n<td style=\"width: 7.28026%;\" valign=\"top\" width=\"92\"><span style=\"font-size: 10pt;\"><b>\u041dafen<\/b><\/span><\/td>\n<td style=\"width: 9.02548%;\" valign=\"top\" width=\"57\"><span style=\"font-size: 10pt;\"><b>Km<\/b><\/span><\/td>\n<td style=\"width: 14.4297%;\" valign=\"top\" width=\"217\"><span style=\"font-size: 10pt;\"><b>Website<\/b><\/span><br \/>\n<span style=\"font-size: 10pt;\"><b>E-Mail<\/b><\/span><\/td>\n<td style=\"width: 6.67038%;\" valign=\"top\" width=\"54\"><span style=\"font-size: 10pt;\"><b>Allgemeine G\u00fcter<\/b><\/span><\/td>\n<td style=\"width: 6.5959%;\" valign=\"top\" width=\"54\"><span style=\"font-size: 10pt;\"><b>Sch\u00fcttg\u00fcter<\/b><\/span><\/td>\n<td style=\"width: 5.96689%;\" valign=\"top\" width=\"54\"><span style=\"font-size: 10pt;\"><b>Fl\u00fcssiggut<\/b><\/span><\/td>\n<td style=\"width: 4.68332%;\" valign=\"top\" width=\"54\"><span style=\"font-size: 10pt;\"><b>Container<\/b><\/span><\/td>\n<td style=\"width: 2.88171%;\" valign=\"top\" width=\"54\"><span style=\"font-size: 10pt;\"><b>Ro-Ro<\/b><\/span><\/td>\n<\/tr>\n<tr>\n<td style=\"width: 7.28026%;\" valign=\"top\" width=\"92\"><span style=\"font-size: 10pt;\"><b>Kelheim<\/b><\/span><\/td>\n<td style=\"width: 9.02548%;\" valign=\"top\" width=\"57\"><span style=\"font-size: 10pt;\">2411<\/span><\/td>\n<td style=\"width: 14.4297%;\" valign=\"top\" width=\"217\"><span style=\"font-size: 8pt;\"><a href=\"http:\/\/www.hafen-kelheim.de\/\" target=\"_blank\" rel=\"noopener\">www.hafen-kelheim.de<\/a><\/span><br \/>\n<span style=\"font-size: 8pt;\"><a href=\"mailto:post@hafen-kelheim.de\">post@hafen-kelheim.de<\/a><\/span><\/td>\n<td style=\"width: 6.67038%;\" valign=\"top\" width=\"54\"><span style=\"font-size: 8pt;\"><b>\u221a<\/b><\/span><\/td>\n<td style=\"width: 6.5959%;\" valign=\"top\" width=\"54\"><span style=\"font-size: 8pt;\"><b>\u221a<\/b><\/span><\/td>\n<td style=\"width: 5.96689%;\" valign=\"top\" width=\"54\"><span style=\"font-size: 8pt;\"><b>\u221a<\/b><\/span><\/td>\n<td style=\"width: 4.68332%;\" valign=\"top\" width=\"54\"><span style=\"font-size: 8pt;\"><b>\u221a<\/b><\/span><\/td>\n<td style=\"width: 2.88171%;\" valign=\"top\" width=\"54\"><span style=\"font-size: 8pt;\"><b>\u221a<\/b><\/span><\/td>\n<\/tr>\n<tr>\n<td style=\"width: 7.28026%;\" valign=\"top\" width=\"92\"><span style=\"font-size: 10pt;\"><b>Regensburg <\/b><\/span><\/td>\n<td style=\"width: 9.02548%;\" valign=\"top\" width=\"57\"><span style=\"font-size: 10pt;\">2373-2379<\/span><\/td>\n<td style=\"width: 14.4297%;\" valign=\"top\" width=\"217\"><span style=\"font-size: 8pt;\"><a href=\"http:\/\/www.donauhafen.de\/\" target=\"_blank\" rel=\"noopener\">www.donauhafen.de<\/a><\/span><br \/>\n<span style=\"font-size: 8pt;\"><a href=\"mailto:regensburg@bayernhafen.de\">regensburg@bayernhafen.de<\/a><\/span><\/td>\n<td style=\"width: 6.67038%;\" valign=\"top\" width=\"54\"><span style=\"font-size: 8pt;\"><b>\u221a<\/b><\/span><\/td>\n<td style=\"width: 6.5959%;\" valign=\"top\" width=\"54\"><span style=\"font-size: 8pt;\"><b>\u221a<\/b><\/span><\/td>\n<td style=\"width: 5.96689%;\" valign=\"top\" width=\"54\"><span style=\"font-size: 8pt;\"><b>\u221a<\/b><\/span><\/td>\n<td style=\"width: 4.68332%;\" valign=\"top\" width=\"54\"><span style=\"font-size: 8pt;\"><b>\u221a<\/b><\/span><\/td>\n<td style=\"width: 2.88171%;\" valign=\"top\" width=\"54\"><span style=\"font-size: 8pt;\"><b>\u221a<\/b><\/span><\/td>\n<\/tr>\n<tr>\n<td style=\"width: 7.28026%;\" valign=\"top\" width=\"92\"><span style=\"font-size: 10pt;\"><b>Straubing <\/b><\/span><\/td>\n<td style=\"width: 9.02548%;\" valign=\"top\" width=\"57\"><span style=\"font-size: 10pt;\">2312,3<\/span><\/td>\n<td style=\"width: 14.4297%;\" valign=\"top\" width=\"217\"><span style=\"font-size: 8pt;\"><a href=\"http:\/\/www.hafen-straubing.de\/\" target=\"_blank\" rel=\"noopener\">www.hafen-straubing.de<\/a><\/span><br \/>\n<span style=\"font-size: 8pt;\"><a href=\"mailto:info@straubing-sand.de\">info@straubing-sand.de<\/a><\/span><\/td>\n<td style=\"width: 6.67038%;\" valign=\"top\" width=\"54\"><span style=\"font-size: 8pt;\"><b>\u221a<\/b><\/span><\/td>\n<td style=\"width: 6.5959%;\" valign=\"top\" width=\"54\"><span style=\"font-size: 8pt;\"><b>\u221a<\/b><\/span><\/td>\n<td style=\"width: 5.96689%;\" valign=\"top\" width=\"54\"><span style=\"font-size: 8pt;\"><b>X<\/b><\/span><\/td>\n<td style=\"width: 4.68332%;\" valign=\"top\" width=\"54\"><span style=\"font-size: 8pt;\"><b>\u221a<\/b><\/span><\/td>\n<td style=\"width: 2.88171%;\" valign=\"top\" width=\"54\"><span style=\"font-size: 8pt;\"><b>\u221a<\/b><\/span><\/td>\n<\/tr>\n<tr>\n<td style=\"width: 7.28026%;\" valign=\"top\" width=\"92\"><span style=\"font-size: 10pt;\"><b>Deggendorf <\/b><\/span><\/td>\n<td style=\"width: 9.02548%;\" valign=\"top\" width=\"57\"><span style=\"font-size: 10pt;\">2282,92-2283,87<\/span><\/td>\n<td style=\"width: 14.4297%;\" valign=\"top\" width=\"217\"><span style=\"font-size: 8pt;\"><a href=\"http:\/\/www.hafen-deggendorf.de\/\" target=\"_blank\" rel=\"noopener\">www.hafen-deggendorf.de<\/a><\/span><br \/>\n<span style=\"font-size: 8pt;\"><a href=\"mailto:info@hafen-deggendorf.de\" target=\"_blank\" rel=\"nofollow noopener\">info@hafen-deggendorf.de<\/a><\/span><\/td>\n<td style=\"width: 6.67038%;\" valign=\"top\" width=\"54\"><span style=\"font-size: 8pt;\"><b>\u221a<\/b><\/span><\/td>\n<td style=\"width: 6.5959%;\" valign=\"top\" width=\"54\"><span style=\"font-size: 8pt;\"><b>\u221a<\/b><\/span><\/td>\n<td style=\"width: 5.96689%;\" valign=\"top\" width=\"54\"><span style=\"font-size: 8pt;\"><b>\u221a<\/b><\/span><\/td>\n<td style=\"width: 4.68332%;\" valign=\"top\" width=\"54\"><span style=\"font-size: 8pt;\"><b>\u221a<\/b><\/span><\/td>\n<td style=\"width: 2.88171%;\" valign=\"top\" width=\"54\"><span style=\"font-size: 8pt;\"><b>\u221a<\/b><\/span><\/td>\n<\/tr>\n<tr>\n<td style=\"width: 7.28026%;\" valign=\"top\" width=\"92\"><span style=\"font-size: 10pt;\"><b>Passau <\/b><\/span><\/td>\n<td style=\"width: 9.02548%;\" valign=\"top\" width=\"57\"><span style=\"font-size: 10pt;\">2228,38-2233,45<\/span><\/td>\n<td style=\"width: 14.4297%;\" valign=\"top\" width=\"217\"><span style=\"font-size: 8pt;\"><a href=\"http:\/\/www.bayernhafen.de\/\" target=\"_blank\" rel=\"noopener\">www.bayernhafen.de<\/a><\/span><br \/>\n<span style=\"font-size: 8pt;\"><a href=\"mailto:passau@bayernhafen.de\">passau@bayernhafen.de<\/a><\/span><\/td>\n<td style=\"width: 6.67038%;\" valign=\"top\" width=\"54\"><span style=\"font-size: 8pt;\"><b>X<\/b><\/span><\/td>\n<td style=\"width: 6.5959%;\" valign=\"top\" width=\"54\"><span style=\"font-size: 8pt;\"><b>\u221a<\/b><\/span><\/td>\n<td style=\"width: 5.96689%;\" valign=\"top\" width=\"54\"><span style=\"font-size: 8pt;\"><b>X<\/b><\/span><\/td>\n<td style=\"width: 4.68332%;\" valign=\"top\" width=\"54\"><span style=\"font-size: 8pt;\"><b>\u221a<\/b><\/span><\/td>\n<td style=\"width: 2.88171%;\" valign=\"top\" width=\"54\"><span style=\"font-size: 8pt;\"><b>\u221a<\/b><\/span><\/td>\n<\/tr>\n<\/tbody>\n<\/table>\n<p><iframe loading=\"lazy\" src=\"https:\/\/www.google.com\/maps\/d\/u\/0\/embed?mid=1e2shuDpzBNKlN5bwcJMvp5qtbw8&amp;ll=48.770612674338274%2C12.741848086328105&amp;z=9\" width=\"800\" height=\"600\"><span style=\"display: inline-block; width: 0px; overflow: hidden; line-height: 0;\" data-mce-type=\"bookmark\" class=\"mce_SELRES_start\">\ufeff<\/span><\/iframe><\/p>\n","protected":false},"excerpt":{"rendered":"<p>\u041dafen Km Website E-Mail Allgemeine G\u00fcter Sch\u00fcttg\u00fcter Fl\u00fcssiggut Container Ro-Ro Kelheim 2411 www.hafen-kelheim.de post@hafen-kelheim.de \u221a \u221a \u221a \u221a \u221a Regensburg<\/p>\n","protected":false},"author":1,"featured_media":0,"parent":612,"menu_order":1,"comment_status":"closed","ping_status":"closed","template":"","meta":{"_seopress_robots_primary_cat":"","_seopress_titles_title":"","_seopress_titles_desc":"","_seopress_robots_index":"","colormag_page_container_layout":"default_layout","colormag_page_sidebar_layout":"default_layout","footnotes":""},"class_list":["post-1664","page","type-page","status-publish","hentry"],"_links":{"self":[{"href":"https:\/\/www.danubecommission.org\/dc\/wp-json\/wp\/v2\/pages\/1664","targetHints":{"allow":["GET"]}}],"collection":[{"href":"https:\/\/www.danubecommission.org\/dc\/wp-json\/wp\/v2\/pages"}],"about":[{"href":"https:\/\/www.danubecommission.org\/dc\/wp-json\/wp\/v2\/types\/page"}],"author":[{"embeddable":true,"href":"https:\/\/www.danubecommission.org\/dc\/wp-json\/wp\/v2\/users\/1"}],"replies":[{"embeddable":true,"href":"https:\/\/www.danubecommission.org\/dc\/wp-json\/wp\/v2\/comments?post=1664"}],"version-history":[{"count":0,"href":"https:\/\/www.danubecommission.org\/dc\/wp-json\/wp\/v2\/pages\/1664\/revisions"}],"up":[{"embeddable":true,"href":"https:\/\/www.danubecommission.org\/dc\/wp-json\/wp\/v2\/pages\/612"}],"wp:attachment":[{"href":"https:\/\/www.danubecommission.org\/dc\/wp-json\/wp\/v2\/media?parent=1664"}],"curies":[{"name":"wp","href":"https:\/\/api.w.org\/{rel}","templated":true}]}}