{"id":1696,"date":"2017-02-10T09:38:44","date_gmt":"2017-02-10T08:38:44","guid":{"rendered":"http:\/\/www.danubecommission.org\/dc\/?page_id=1696"},"modified":"2023-11-16T10:47:07","modified_gmt":"2023-11-16T09:47:07","slug":"oesterreich","status":"publish","type":"page","link":"https:\/\/www.danubecommission.org\/dc\/de\/die-donauschifffahrt\/donauhaefen\/oesterreich\/","title":{"rendered":"\u00d6sterreich"},"content":{"rendered":"<table border=\"0\" cellspacing=\"0\" cellpadding=\"0\">\n<tbody>\n<tr>\n<td valign=\"top\" width=\"92\"><span style=\"font-size: 10pt;\"><b>\u041dafen<\/b><\/span><\/td>\n<td valign=\"top\" width=\"57\"><span style=\"font-size: 10pt;\"><b>Km<\/b><\/span><\/td>\n<td valign=\"top\" width=\"217\"><span style=\"font-size: 10pt;\"><b>Website<\/b><\/span><br \/>\n<span style=\"font-size: 10pt;\"><b>E-Mail<\/b><\/span><\/td>\n<td valign=\"top\" width=\"54\"><span style=\"font-size: 10pt;\"><b>Allgemeine G\u00fcter<\/b><\/span><\/td>\n<td valign=\"top\" width=\"54\"><span style=\"font-size: 10pt;\"><b>Sch\u00fcttg\u00fcter<\/b><\/span><\/td>\n<td valign=\"top\" width=\"54\"><span style=\"font-size: 10pt;\"><b>Fl\u00fcssiggut<\/b><\/span><\/td>\n<td valign=\"top\" width=\"54\"><span style=\"font-size: 10pt;\"><b>Container<\/b><\/span><\/td>\n<td valign=\"top\" width=\"54\"><span style=\"font-size: 10pt;\"><b>Ro-Ro<\/b><\/span><\/td>\n<\/tr>\n<tr>\n<td valign=\"top\" width=\"92\"><span style=\"font-size: 10pt;\"><b>Linz<\/b><\/span><\/td>\n<td valign=\"top\" width=\"57\"><span style=\"font-size: 10pt;\">2128,1-2130,7<\/span><\/td>\n<td valign=\"top\" width=\"217\"><span style=\"font-size: 8pt;\"><a href=\"http:\/\/www.linzag.at\/\" target=\"_blank\" rel=\"noopener\">www.linzag.at<\/a><\/span><br \/>\n<span style=\"font-size: 8pt;\"><a href=\"mailto:hafen.linz@linzag.at\">hafen.linz@linzag.at<\/a><\/span><\/td>\n<td valign=\"top\" width=\"54\"><span style=\"font-size: 8pt;\"><b>\u221a<\/b><\/span><\/td>\n<td valign=\"top\" width=\"54\"><span style=\"font-size: 8pt;\"><b>\u221a<\/b><\/span><\/td>\n<td valign=\"top\" width=\"54\"><span style=\"font-size: 8pt;\"><b>\u221a<\/b><\/span><\/td>\n<td valign=\"top\" width=\"54\"><span style=\"font-size: 8pt;\"><b>\u221a<\/b><\/span><\/td>\n<td valign=\"top\" width=\"54\"><span style=\"font-size: 8pt;\"><b>\u221a<\/b><\/span><\/td>\n<\/tr>\n<tr>\n<td valign=\"top\" width=\"92\"><span style=\"font-size: 10pt;\"><b>Linz Ind.-Hafen <\/b><\/span><\/td>\n<td valign=\"top\" width=\"57\"><span style=\"font-size: 10pt;\">2124,73<\/span><\/td>\n<td valign=\"top\" width=\"217\"><span style=\"font-size: 8pt;\"><a href=\"http:\/\/www.felbermayr.cc\/\" target=\"_blank\" rel=\"noopener\">www.felbermayr.cc<\/a><\/span><br \/>\n<span style=\"font-size: 8pt;\"><a href=\"mailto:hafen@felbermayr.cc\">hafen@felbermayr.cc<\/a><\/span><\/td>\n<td valign=\"top\" width=\"54\"><span style=\"font-size: 8pt;\"><b>\u221a<\/b><\/span><\/td>\n<td valign=\"top\" width=\"54\"><span style=\"font-size: 8pt;\"><b>\u221a<\/b><\/span><\/td>\n<td valign=\"top\" width=\"54\"><span style=\"font-size: 8pt;\"><b>\u221a<\/b><\/span><\/td>\n<td valign=\"top\" width=\"54\"><span style=\"font-size: 8pt;\"><b>\u221a<\/b><\/span><\/td>\n<td valign=\"top\" width=\"54\"><span style=\"font-size: 8pt;\"><b>\u221a<\/b><\/span><\/td>\n<\/tr>\n<tr>\n<td valign=\"top\" width=\"92\"><span style=\"font-size: 10pt;\"><b>Enns-Ennsdorf <\/b><\/span><\/td>\n<td valign=\"top\" width=\"57\"><span style=\"font-size: 10pt;\">2112<\/span><\/td>\n<td valign=\"top\" width=\"217\"><span style=\"font-size: 8pt;\"><a href=\"http:\/\/www.ennshafen.at\/\" target=\"_blank\" rel=\"noopener\">www.ennshafen.at<\/a><\/span><br \/>\n<span style=\"font-size: 8pt;\"><a href=\"mailto:office@ennshafen.at\">office@ennshafen.at<\/a><\/span><\/td>\n<td valign=\"top\" width=\"54\"><span style=\"font-size: 8pt;\"><b>\u221a<\/b><\/span><\/td>\n<td valign=\"top\" width=\"54\"><span style=\"font-size: 8pt;\"><b>\u221a<\/b><\/span><\/td>\n<td valign=\"top\" width=\"54\"><span style=\"font-size: 8pt;\"><b>\u221a<\/b><\/span><\/td>\n<td valign=\"top\" width=\"54\"><span style=\"font-size: 8pt;\"><b>\u221a<\/b><\/span><\/td>\n<td valign=\"top\" width=\"54\"><span style=\"font-size: 8pt;\"><b>\u221a<\/b><\/span><\/td>\n<\/tr>\n<tr>\n<td valign=\"top\" width=\"92\"><span style=\"font-size: 10pt;\"><b>Ybbs<\/b><\/span><\/td>\n<td valign=\"top\" width=\"57\"><span style=\"font-size: 10pt;\">2057,67<\/span><\/td>\n<td valign=\"top\" width=\"217\"><span style=\"font-size: 8pt;\"><a href=\"http:\/\/www.hafen-ybbs.at\/\" target=\"_blank\" rel=\"noopener\">www.hafen-ybbs.at<\/a><\/span><br \/>\n<span style=\"font-size: 8pt;\"><a href=\"mailto:office@schaufler-metalle.com\">office@schaufler-metalle.com<\/a><\/span><\/td>\n<td valign=\"top\" width=\"54\"><span style=\"font-size: 8pt;\"><b>\u221a<\/b><\/span><\/td>\n<td valign=\"top\" width=\"54\"><span style=\"font-size: 8pt;\"><b>\u221a<\/b><\/span><\/td>\n<td valign=\"top\" width=\"54\"><span style=\"font-size: 8pt;\"><b>X<\/b><\/span><\/td>\n<td valign=\"top\" width=\"54\"><span style=\"font-size: 8pt;\"><b>\u221a<\/b><\/span><\/td>\n<td valign=\"top\" width=\"54\"><span style=\"font-size: 8pt;\"><b>X<\/b><\/span><\/td>\n<\/tr>\n<tr>\n<td valign=\"top\" width=\"92\"><span style=\"font-size: 10pt;\"><b>Krems<\/b><\/span><\/td>\n<td valign=\"top\" width=\"57\"><span style=\"font-size: 10pt;\">1998<\/span><\/td>\n<td valign=\"top\" width=\"217\"><span style=\"font-size: 8pt;\"><a href=\"http:\/\/www.mierka.com\/\" target=\"_blank\" rel=\"noopener\">www.mierka.com<\/a><\/span><br \/>\n<span style=\"font-size: 8pt;\"><a href=\"mailto:office@mierka.com\">office@mierka.com<\/a><\/span><\/td>\n<td valign=\"top\" width=\"54\"><span style=\"font-size: 8pt;\"><b>\u221a<\/b><\/span><\/td>\n<td valign=\"top\" width=\"54\"><span style=\"font-size: 8pt;\"><b>\u221a<\/b><\/span><\/td>\n<td valign=\"top\" width=\"54\"><span style=\"font-size: 8pt;\"><b>X<\/b><\/span><\/td>\n<td valign=\"top\" width=\"54\"><span style=\"font-size: 8pt;\"><b>\u221a<\/b><\/span><\/td>\n<td valign=\"top\" width=\"54\"><span style=\"font-size: 8pt;\"><b>X<\/b><\/span><\/td>\n<\/tr>\n<tr>\n<td valign=\"top\" width=\"92\"><span style=\"font-size: 10pt;\"><b>Wiener Hafen <\/b><\/span><\/td>\n<td valign=\"top\" width=\"57\"><span style=\"font-size: 10pt;\">1917-1918-1920<\/span><\/td>\n<td valign=\"top\" width=\"217\"><span style=\"font-size: 8pt;\"><a href=\"http:\/\/www.wienerhafen.com\/\" target=\"_blank\" rel=\"noopener\">www.wienerhafen.com<\/a><\/span><br \/>\n<span style=\"font-size: 8pt;\"><a href=\"mailto:office@wienerhafen.com\">office@wienerhafen.com<\/a><\/span><\/td>\n<td valign=\"top\" width=\"54\"><span style=\"font-size: 8pt;\"><b>\u221a<\/b><\/span><\/td>\n<td valign=\"top\" width=\"54\"><span style=\"font-size: 8pt;\"><b>\u221a<\/b><\/span><\/td>\n<td valign=\"top\" width=\"54\"><span style=\"font-size: 8pt;\"><b>\u221a<\/b><\/span><\/td>\n<td valign=\"top\" width=\"54\"><span style=\"font-size: 8pt;\"><b>\u221a<\/b><\/span><\/td>\n<td valign=\"top\" width=\"54\"><span style=\"font-size: 8pt;\"><b>\u221a<\/b><\/span><\/td>\n<\/tr>\n<\/tbody>\n<\/table>\n<p><iframe loading=\"lazy\" src=\"https:\/\/www.google.com\/maps\/d\/u\/0\/embed?mid=1e2shuDpzBNKlN5bwcJMvp5qtbw8&amp;ll=48.218893743195174%2C15.701976870507792&amp;z=8\" width=\"800\" height=\"600\"><span style=\"display: inline-block; width: 0px; overflow: hidden; line-height: 0;\" data-mce-type=\"bookmark\" class=\"mce_SELRES_start\">\ufeff<\/span><\/iframe><\/p>\n","protected":false},"excerpt":{"rendered":"<p>\u041dafen Km Website E-Mail Allgemeine G\u00fcter Sch\u00fcttg\u00fcter Fl\u00fcssiggut Container Ro-Ro Linz 2128,1-2130,7 www.linzag.at hafen.linz@linzag.at \u221a \u221a \u221a \u221a \u221a Linz<\/p>\n","protected":false},"author":1,"featured_media":0,"parent":612,"menu_order":2,"comment_status":"closed","ping_status":"closed","template":"","meta":{"_seopress_robots_primary_cat":"","_seopress_titles_title":"","_seopress_titles_desc":"","_seopress_robots_index":"","colormag_page_container_layout":"default_layout","colormag_page_sidebar_layout":"default_layout","footnotes":""},"class_list":["post-1696","page","type-page","status-publish","hentry"],"_links":{"self":[{"href":"https:\/\/www.danubecommission.org\/dc\/wp-json\/wp\/v2\/pages\/1696","targetHints":{"allow":["GET"]}}],"collection":[{"href":"https:\/\/www.danubecommission.org\/dc\/wp-json\/wp\/v2\/pages"}],"about":[{"href":"https:\/\/www.danubecommission.org\/dc\/wp-json\/wp\/v2\/types\/page"}],"author":[{"embeddable":true,"href":"https:\/\/www.danubecommission.org\/dc\/wp-json\/wp\/v2\/users\/1"}],"replies":[{"embeddable":true,"href":"https:\/\/www.danubecommission.org\/dc\/wp-json\/wp\/v2\/comments?post=1696"}],"version-history":[{"count":0,"href":"https:\/\/www.danubecommission.org\/dc\/wp-json\/wp\/v2\/pages\/1696\/revisions"}],"up":[{"embeddable":true,"href":"https:\/\/www.danubecommission.org\/dc\/wp-json\/wp\/v2\/pages\/612"}],"wp:attachment":[{"href":"https:\/\/www.danubecommission.org\/dc\/wp-json\/wp\/v2\/media?parent=1696"}],"curies":[{"name":"wp","href":"https:\/\/api.w.org\/{rel}","templated":true}]}}