{"id":1719,"date":"2017-02-10T10:15:48","date_gmt":"2017-02-10T09:15:48","guid":{"rendered":"http:\/\/www.danubecommission.org\/dc\/?page_id=1719"},"modified":"2023-11-17T14:31:46","modified_gmt":"2023-11-17T13:31:46","slug":"hongrie","status":"publish","type":"page","link":"https:\/\/www.danubecommission.org\/dc\/fr\/navigation-danubienne\/ports-sur-la-danube\/hongrie\/","title":{"rendered":"Hongrie"},"content":{"rendered":"<table style=\"width: 45%;\" border=\"0\" cellspacing=\"0\" cellpadding=\"0\">\n<tbody>\n<tr>\n<td style=\"width: 9.81425%;\" valign=\"top\" width=\"92\"><span style=\"font-size: 10pt;\"><b>D\u00e9nomination du port<\/b><\/span><\/td>\n<td style=\"width: 9.84182%;\" valign=\"top\" width=\"57\"><span style=\"font-size: 10pt;\"><b>Km<\/b><\/span><\/td>\n<td style=\"width: 17.6795%;\" valign=\"top\" width=\"217\"><span style=\"font-size: 10pt;\"><b>Site Internet<\/b><\/span><br \/>\n<span style=\"font-size: 10pt;\"><b>E-Mail<\/b><\/span><\/td>\n<td style=\"width: 12.5202%;\" valign=\"top\" width=\"54\"><span style=\"font-size: 10pt;\"><b>Marchand. g\u00e9n\u00e9rales<\/b><\/span><\/td>\n<td style=\"width: 11.1739%;\" valign=\"top\" width=\"54\"><span style=\"font-size: 10pt;\"><b>Marchand. <\/b><\/span><span style=\"font-size: 10pt;\"><b>en vrac<\/b><\/span><\/td>\n<td style=\"width: 13.0302%;\" valign=\"top\" width=\"54\"><span style=\"font-size: 10pt;\"><b>Marchand. liquides<\/b><\/span><\/td>\n<td style=\"width: 6.65892%;\" valign=\"top\" width=\"54\"><span style=\"font-size: 10pt;\"><b>Conte-neurs<\/b><\/span><\/td>\n<td style=\"width: 10.0505%;\" valign=\"top\" width=\"54\"><span style=\"font-size: 10pt;\"><b>Ro-Ro<\/b><\/span><\/td>\n<\/tr>\n<tr>\n<td style=\"width: 9.81425%;\" valign=\"top\" width=\"92\"><span style=\"font-size: 10pt;\"><b>Gy\u0151r-G\u00f6ny\u0171 <\/b><\/span><\/td>\n<td style=\"width: 9.84182%;\" valign=\"top\" width=\"57\"><span style=\"font-size: 10pt;\">1794<\/span><\/td>\n<td style=\"width: 17.6795%;\" valign=\"top\" width=\"217\"><span style=\"font-size: 8pt;\"><a href=\"http:\/\/www.portofgyor.hu\" target=\"_blank\" rel=\"noopener\">www.portofgyor.hu<\/a><\/span><br \/>\n<span style=\"font-size: 8pt;\"><a href=\"mailto:info@portofgyor.hu\">info@portofgyor.hu<\/a><\/span><\/td>\n<td style=\"width: 12.5202%;\" valign=\"top\" width=\"54\"><span style=\"font-size: 8pt;\"><b>\u221a<\/b><\/span><\/td>\n<td style=\"width: 11.1739%;\" valign=\"top\" width=\"54\"><span style=\"font-size: 8pt;\"><b>\u221a<\/b><\/span><\/td>\n<td style=\"width: 13.0302%;\" valign=\"top\" width=\"54\"><span style=\"font-size: 8pt;\"><b>\u221a<\/b><\/span><\/td>\n<td style=\"width: 6.65892%;\" valign=\"top\" width=\"54\"><span style=\"font-size: 8pt;\"><b>\u221a<\/b><\/span><\/td>\n<td style=\"width: 10.0505%;\" valign=\"top\" width=\"54\"><span style=\"font-size: 8pt;\"><b>\u221a<\/b><\/span><\/td>\n<\/tr>\n<tr>\n<td style=\"width: 9.81425%;\" valign=\"top\" width=\"92\"><span style=\"font-size: 10pt;\"><b>Kom\u00e1rom <\/b><\/span><\/td>\n<td style=\"width: 9.84182%;\" valign=\"top\" width=\"57\"><span style=\"font-size: 10pt;\">1767<\/span><\/td>\n<td style=\"width: 17.6795%;\" valign=\"top\" width=\"217\"><span style=\"font-size: 8pt;\"><a href=\"http:\/\/www.avanti.hu\/\" target=\"_blank\" rel=\"noopener\">www.avanti.hu<\/a><\/span><br \/>\n<span style=\"font-size: 8pt;\"><a href=\"mailto:avanti@axelero.hu\">avanti@axelero.hu<\/a><\/span><\/td>\n<td style=\"width: 12.5202%;\" valign=\"top\" width=\"54\"><span style=\"font-size: 8pt;\"><b>\u221a<\/b><\/span><\/td>\n<td style=\"width: 11.1739%;\" valign=\"top\" width=\"54\"><span style=\"font-size: 8pt;\"><b>X<\/b><\/span><\/td>\n<td style=\"width: 13.0302%;\" valign=\"top\" width=\"54\"><span style=\"font-size: 8pt;\"><b>X<\/b><\/span><\/td>\n<td style=\"width: 6.65892%;\" valign=\"top\" width=\"54\"><span style=\"font-size: 8pt;\"><b>X<\/b><\/span><\/td>\n<td style=\"width: 10.0505%;\" valign=\"top\" width=\"54\"><span style=\"font-size: 8pt;\"><b>X<\/b><\/span><\/td>\n<\/tr>\n<tr>\n<td style=\"width: 9.81425%;\" valign=\"top\" width=\"92\"><span style=\"font-size: 10pt;\"><b>Budapest <\/b><\/span><\/td>\n<td style=\"width: 9.84182%;\" valign=\"top\" width=\"57\"><span style=\"font-size: 10pt;\">1639,70<\/span><\/td>\n<td style=\"width: 17.6795%;\" valign=\"top\" width=\"217\"><span style=\"font-size: 8pt;\"><a href=\"http:\/\/www.portofbudapest.hu\/\" target=\"_blank\" rel=\"noopener\">www.portofbudapest.hu<\/a><\/span><br \/>\n<span style=\"font-size: 8pt;\"><a href=\"mailto:zs.szabo@portofbudapest.hu\">zs.szabo@portofbudapest.hu<\/a><\/span><\/td>\n<td style=\"width: 12.5202%;\" valign=\"top\" width=\"54\"><span style=\"font-size: 8pt;\"><b>\u221a<\/b><\/span><\/td>\n<td style=\"width: 11.1739%;\" valign=\"top\" width=\"54\"><span style=\"font-size: 8pt;\"><b>\u221a<\/b><\/span><\/td>\n<td style=\"width: 13.0302%;\" valign=\"top\" width=\"54\"><span style=\"font-size: 8pt;\"><b>\u221a<\/b><\/span><\/td>\n<td style=\"width: 6.65892%;\" valign=\"top\" width=\"54\"><span style=\"font-size: 8pt;\"><b>\u221a<\/b><\/span><\/td>\n<td style=\"width: 10.0505%;\" valign=\"top\" width=\"54\"><span style=\"font-size: 8pt;\"><b>\u221a<\/b><b><\/b><\/span><\/td>\n<\/tr>\n<tr>\n<td style=\"width: 9.81425%;\" valign=\"top\" width=\"92\"><span style=\"font-size: 10pt;\"><b>Duna\u00fajv\u00e1ros<\/b><\/span><\/td>\n<td style=\"width: 9.84182%;\" valign=\"top\" width=\"57\"><span style=\"font-size: 10pt;\">1579-1580<\/span><\/td>\n<td style=\"width: 17.6795%;\" valign=\"top\" width=\"217\"><span style=\"font-size: 8pt;\"><a href=\"http:\/\/www.portolan.hu\/\" target=\"_blank\" rel=\"noopener\">www.portolan.hu<\/a><\/span><br \/>\n<span style=\"font-size: 8pt;\"><a href=\"mailto:dfkikoto@portolan.hu\">dfkikoto@portolan.hu<\/a><a href=\"http:\/\/www.dunaferr.hu\/en\/\" target=\"_blank\" rel=\"noopener\">www.<br \/>\ndunaferrkikoto.freeblog.hu<\/a><\/span><br \/>\n<span style=\"font-size: 8pt;\"><a href=\"mailto:centroport@centroport.hu\">centroport@centroport.hu<\/a><\/span><\/td>\n<td style=\"width: 12.5202%;\" valign=\"top\" width=\"54\"><span style=\"font-size: 8pt;\"><b>\u221a<\/b><\/span><\/td>\n<td style=\"width: 11.1739%;\" valign=\"top\" width=\"54\"><span style=\"font-size: 8pt;\"><b>\u221a<\/b><\/span><\/td>\n<td style=\"width: 13.0302%;\" valign=\"top\" width=\"54\"><span style=\"font-size: 8pt;\"><b>X<\/b><\/span><\/td>\n<td style=\"width: 6.65892%;\" valign=\"top\" width=\"54\"><span style=\"font-size: 8pt;\"><b>X<\/b><\/span><\/td>\n<td style=\"width: 10.0505%;\" valign=\"top\" width=\"54\"><span style=\"font-size: 8pt;\"><b>X<\/b><\/span><\/td>\n<\/tr>\n<tr>\n<td style=\"width: 9.81425%;\" valign=\"top\" width=\"92\"><span style=\"font-size: 10pt;\"><b>Dunaf\u00f6ldv\u00e1r <\/b><\/span><\/td>\n<td style=\"width: 9.84182%;\" valign=\"top\" width=\"57\"><span style=\"font-size: 10pt;\">1560<\/span><\/td>\n<td style=\"width: 17.6795%;\" valign=\"top\" width=\"217\"><span style=\"font-size: 8pt;\"><a href=\"http:\/\/www.avanti.hu\/\" target=\"_blank\" rel=\"noopener\">www.avanti.hu<\/a><\/span><br \/>\n<span style=\"font-size: 8pt;\"><a href=\"mailto:avanti@axelero.hu\">avanti@axelero.hu<\/a><\/span><\/td>\n<td style=\"width: 12.5202%;\" valign=\"top\" width=\"54\"><span style=\"font-size: 8pt;\"><b>\u221a<\/b><\/span><\/td>\n<td style=\"width: 11.1739%;\" valign=\"top\" width=\"54\"><span style=\"font-size: 8pt;\"><b>X<\/b><\/span><\/td>\n<td style=\"width: 13.0302%;\" valign=\"top\" width=\"54\"><span style=\"font-size: 8pt;\"><b>X<\/b><\/span><\/td>\n<td style=\"width: 6.65892%;\" valign=\"top\" width=\"54\"><span style=\"font-size: 8pt;\"><b>X<\/b><\/span><\/td>\n<td style=\"width: 10.0505%;\" valign=\"top\" width=\"54\"><span style=\"font-size: 8pt;\"><b>X<\/b><\/span><\/td>\n<\/tr>\n<tr>\n<td style=\"width: 9.81425%;\" valign=\"top\" width=\"92\"><span style=\"font-size: 10pt;\"><b>Baja <\/b><\/span><\/td>\n<td style=\"width: 9.84182%;\" valign=\"top\" width=\"57\"><span style=\"font-size: 10pt;\">1479,5\u20131480<\/span><\/td>\n<td style=\"width: 17.6795%;\" valign=\"top\" width=\"217\"><span style=\"font-size: 8pt;\"><a href=\"http:\/\/www.portofbaja.hu\/\" target=\"_blank\" rel=\"noopener\">www.portofbaja.hu<\/a><\/span><br \/>\n<span style=\"font-size: 8pt;\"><a href=\"mailto:info@portofbaja.hu\">info@portofbaja.hu<\/a><\/span><\/td>\n<td style=\"width: 12.5202%;\" valign=\"top\" width=\"54\"><span style=\"font-size: 8pt;\"><b>\u221a<\/b><\/span><\/td>\n<td style=\"width: 11.1739%;\" valign=\"top\" width=\"54\"><span style=\"font-size: 8pt;\"><b>\u221a<\/b><\/span><\/td>\n<td style=\"width: 13.0302%;\" valign=\"top\" width=\"54\"><span style=\"font-size: 8pt;\"><b>\u221a<\/b><\/span><\/td>\n<td style=\"width: 6.65892%;\" valign=\"top\" width=\"54\"><span style=\"font-size: 8pt;\"><b>\u221a<\/b><\/span><\/td>\n<td style=\"width: 10.0505%;\" valign=\"top\" width=\"54\"><span style=\"font-size: 8pt;\"><b>\u221a<\/b><\/span><\/td>\n<\/tr>\n<tr>\n<td style=\"width: 9.81425%;\" valign=\"top\" width=\"92\"><span style=\"font-size: 10pt;\"><b>Moh\u00e1cs <\/b><\/span><\/td>\n<td style=\"width: 9.84182%;\" valign=\"top\" width=\"57\"><span style=\"font-size: 10pt;\">1450,1<\/span><\/td>\n<td style=\"width: 17.6795%;\" valign=\"top\" width=\"217\"><span style=\"font-size: 8pt;\"><a href=\"http:\/\/www.bolyrt.hu\/\" target=\"_blank\" rel=\"noopener\">www.bolyrt.hu<\/a><\/span><br \/>\n<span style=\"font-size: 8pt;\"><a href=\"mailto:sajnovics@bolyrt.hu\">sajnovics@bolyrt.hu<\/a><\/span><\/td>\n<td style=\"width: 12.5202%;\" valign=\"top\" width=\"54\"><span style=\"font-size: 8pt;\"><b>\u221a<\/b><\/span><\/td>\n<td style=\"width: 11.1739%;\" valign=\"top\" width=\"54\"><span style=\"font-size: 8pt;\"><b>\u221a<\/b><\/span><\/td>\n<td style=\"width: 13.0302%;\" valign=\"top\" width=\"54\"><span style=\"font-size: 8pt;\"><b>X<\/b><\/span><\/td>\n<td style=\"width: 6.65892%;\" valign=\"top\" width=\"54\"><span style=\"font-size: 8pt;\"><b>X<\/b><\/span><\/td>\n<td style=\"width: 10.0505%;\" valign=\"top\" width=\"54\"><span style=\"font-size: 8pt;\"><b>X<\/b><\/span><\/td>\n<\/tr>\n<\/tbody>\n<\/table>\n<p><iframe loading=\"lazy\" src=\"https:\/\/www.google.com\/maps\/d\/u\/0\/embed?mid=1e2shuDpzBNKlN5bwcJMvp5qtbw8&amp;ll=47.03778056906141%2C18.84338006874998&amp;z=8\" width=\"800\" height=\"600\"><span style=\"display: inline-block; width: 0px; overflow: hidden; line-height: 0;\" data-mce-type=\"bookmark\" class=\"mce_SELRES_start\">\ufeff<\/span><span style=\"display: inline-block; width: 0px; overflow: hidden; line-height: 0;\" data-mce-type=\"bookmark\" class=\"mce_SELRES_start\">\ufeff<\/span><\/iframe><\/p>\n","protected":false},"excerpt":{"rendered":"<p>D\u00e9nomination du port Km Site Internet E-Mail Marchand. g\u00e9n\u00e9rales Marchand. en vrac Marchand. liquides Conte-neurs Ro-Ro Gy\u0151r-G\u00f6ny\u0171 1794 www.portofgyor.hu info@portofgyor.hu<\/p>\n","protected":false},"author":1,"featured_media":0,"parent":684,"menu_order":4,"comment_status":"closed","ping_status":"closed","template":"","meta":{"_seopress_robots_primary_cat":"","_seopress_titles_title":"","_seopress_titles_desc":"","_seopress_robots_index":"","colormag_page_container_layout":"default_layout","colormag_page_sidebar_layout":"default_layout","footnotes":""},"class_list":["post-1719","page","type-page","status-publish","hentry"],"_links":{"self":[{"href":"https:\/\/www.danubecommission.org\/dc\/wp-json\/wp\/v2\/pages\/1719","targetHints":{"allow":["GET"]}}],"collection":[{"href":"https:\/\/www.danubecommission.org\/dc\/wp-json\/wp\/v2\/pages"}],"about":[{"href":"https:\/\/www.danubecommission.org\/dc\/wp-json\/wp\/v2\/types\/page"}],"author":[{"embeddable":true,"href":"https:\/\/www.danubecommission.org\/dc\/wp-json\/wp\/v2\/users\/1"}],"replies":[{"embeddable":true,"href":"https:\/\/www.danubecommission.org\/dc\/wp-json\/wp\/v2\/comments?post=1719"}],"version-history":[{"count":0,"href":"https:\/\/www.danubecommission.org\/dc\/wp-json\/wp\/v2\/pages\/1719\/revisions"}],"up":[{"embeddable":true,"href":"https:\/\/www.danubecommission.org\/dc\/wp-json\/wp\/v2\/pages\/684"}],"wp:attachment":[{"href":"https:\/\/www.danubecommission.org\/dc\/wp-json\/wp\/v2\/media?parent=1719"}],"curies":[{"name":"wp","href":"https:\/\/api.w.org\/{rel}","templated":true}]}}