{"id":1725,"date":"2017-02-10T10:20:29","date_gmt":"2017-02-10T09:20:29","guid":{"rendered":"http:\/\/www.danubecommission.org\/dc\/?page_id=1725"},"modified":"2023-11-17T09:48:41","modified_gmt":"2023-11-17T08:48:41","slug":"kroatien","status":"publish","type":"page","link":"https:\/\/www.danubecommission.org\/dc\/de\/die-donauschifffahrt\/donauhaefen\/kroatien\/","title":{"rendered":"Kroatien"},"content":{"rendered":"<table style=\"width: 81.9288%;\" border=\"0\" cellspacing=\"0\" cellpadding=\"0\">\n<tbody>\n<tr>\n<td style=\"width: 11.8664%;\" valign=\"top\" width=\"92\"><span style=\"font-size: 10pt;\"><b>\u041dafen<\/b><\/span><\/td>\n<td style=\"width: 9.98734%;\" valign=\"top\" width=\"57\"><span style=\"font-size: 10pt;\"><b>Km<\/b><\/span><\/td>\n<td style=\"width: 16.8183%;\" valign=\"top\" width=\"217\"><span style=\"font-size: 10pt;\"><b>Website<\/b><\/span><br \/>\n<span style=\"font-size: 10pt;\"><b>E-Mail<\/b><\/span><\/td>\n<td style=\"width: 13.0443%;\" valign=\"top\" width=\"54\"><span style=\"font-size: 10pt;\"><b>Allgemeine G\u00fcter<\/b><\/span><\/td>\n<td style=\"width: 9.1116%;\" valign=\"top\" width=\"54\"><span style=\"font-size: 10pt;\"><b>Sch\u00fcttg\u00fcter<\/b><\/span><\/td>\n<td style=\"width: 7.90071%;\" valign=\"top\" width=\"54\"><span style=\"font-size: 10pt;\"><b>Fl\u00fcssiggut<\/b><\/span><\/td>\n<td style=\"width: 8.03388%;\" valign=\"top\" width=\"54\"><span style=\"font-size: 10pt;\"><b>Container<\/b><\/span><\/td>\n<td style=\"width: 5.83828%;\" valign=\"top\" width=\"54\"><span style=\"font-size: 10pt;\"><b>Ro-Ro<\/b><\/span><\/td>\n<\/tr>\n<tr>\n<td style=\"width: 11.8664%;\" valign=\"top\" width=\"92\"><span style=\"font-size: 10pt;\"><b>Osijek <\/b><\/span><\/td>\n<td style=\"width: 9.98734%;\" valign=\"top\" width=\"57\"><span style=\"font-size: 10pt;\">Drau-km 12<\/span><\/td>\n<td style=\"width: 16.8183%;\" valign=\"top\" width=\"217\"><span style=\"font-size: 8pt;\"><a href=\"mailto:luka@lukatranzit.hr\">luka@lukatranzit.hr<\/a><\/span><\/td>\n<td style=\"width: 13.0443%;\" valign=\"top\" width=\"54\"><span style=\"font-size: 8pt;\"><b>\u221a<\/b><\/span><\/td>\n<td style=\"width: 9.1116%;\" valign=\"top\" width=\"54\"><span style=\"font-size: 8pt;\"><b>\u221a<\/b><\/span><\/td>\n<td style=\"width: 7.90071%;\" valign=\"top\" width=\"54\"><span style=\"font-size: 8pt;\"><b>X<\/b><\/span><\/td>\n<td style=\"width: 8.03388%;\" valign=\"top\" width=\"54\"><span style=\"font-size: 8pt;\"><b>X<\/b><\/span><\/td>\n<td style=\"width: 5.83828%;\" valign=\"top\" width=\"54\"><span style=\"font-size: 8pt;\"><b>X<\/b><\/span><\/td>\n<\/tr>\n<tr>\n<td style=\"width: 11.8664%;\" valign=\"top\" width=\"92\"><span style=\"font-size: 10pt;\"><b> Vukovar <\/b><\/span><\/td>\n<td style=\"width: 9.98734%;\" valign=\"top\" width=\"57\"><span style=\"font-size: 10pt;\">1335<\/span><\/td>\n<td style=\"width: 16.8183%;\" valign=\"top\" width=\"217\"><span style=\"font-size: 8pt;\"><a href=\"http:\/\/www.port-authority-vukovar.hr\" target=\"_blank\" rel=\"noopener\">www.port-authority-vukovar.hr<\/a><\/span><br \/>\n<span style=\"font-size: 8pt;\"><a href=\"mailto:office@port-authority-vukovar.hr\">office@port-authority-vukovar.hr<\/a><\/span><\/td>\n<td style=\"width: 13.0443%;\" valign=\"top\" width=\"54\"><span style=\"font-size: 8pt;\"><b>\u221a<\/b><\/span><\/td>\n<td style=\"width: 9.1116%;\" valign=\"top\" width=\"54\"><span style=\"font-size: 8pt;\"><b>\u221a<\/b><\/span><\/td>\n<td style=\"width: 7.90071%;\" valign=\"top\" width=\"54\"><span style=\"font-size: 8pt;\"><b>\u221a<\/b><\/span><\/td>\n<td style=\"width: 8.03388%;\" valign=\"top\" width=\"54\"><span style=\"font-size: 8pt;\"><b>\u221a<\/b><\/span><\/td>\n<td style=\"width: 5.83828%;\" valign=\"top\" width=\"54\"><span style=\"font-size: 8pt;\"><b>X<\/b><\/span><\/td>\n<\/tr>\n<tr>\n<td style=\"width: 11.8664%;\"><span style=\"font-size: 10pt;\"><b>Slavonski Brod<\/b><\/span><\/td>\n<td style=\"width: 9.98734%;\"><span style=\"font-size: 10pt;\">Sava-km 377<\/span><\/td>\n<td style=\"width: 16.8183%;\"><span style=\"font-size: 8pt;\"><a href=\"mailto:lucka-uprava@sb.t-com.hr\">lucka-uprava@sb.t-com.hr<\/a><\/span><\/td>\n<td style=\"width: 13.0443%;\"><span style=\"font-size: 8pt;\"><b>\u221a<\/b><\/span><\/td>\n<td style=\"width: 9.1116%;\"><span style=\"font-size: 8pt;\"><b>\u221a<\/b><\/span><\/td>\n<td style=\"width: 7.90071%;\"><span style=\"font-size: 8pt;\"><b>\u221a<\/b><\/span><\/td>\n<td style=\"width: 8.03388%;\"><span style=\"font-size: 8pt;\"><b> X<\/b><\/span><\/td>\n<td style=\"width: 5.83828%;\"><span style=\"font-size: 8pt;\"><b> X<\/b><\/span><\/td>\n<\/tr>\n<\/tbody>\n<\/table>\n<p><iframe loading=\"lazy\" src=\"https:\/\/www.google.com\/maps\/d\/u\/0\/embed?mid=1e2shuDpzBNKlN5bwcJMvp5qtbw8&amp;ll=45.27240655576609%2C18.50829706093748&amp;z=9\" width=\"800\" height=\"600\"><span style=\"display: inline-block; width: 0px; overflow: hidden; line-height: 0;\" data-mce-type=\"bookmark\" class=\"mce_SELRES_start\">\ufeff<\/span><\/iframe><\/p>\n","protected":false},"excerpt":{"rendered":"<p>\u041dafen Km Website E-Mail Allgemeine G\u00fcter Sch\u00fcttg\u00fcter Fl\u00fcssiggut Container Ro-Ro Osijek Drau-km 12 luka@lukatranzit.hr \u221a \u221a X X X Vukovar<\/p>\n","protected":false},"author":1,"featured_media":0,"parent":612,"menu_order":5,"comment_status":"closed","ping_status":"closed","template":"","meta":{"_seopress_robots_primary_cat":"","_seopress_titles_title":"","_seopress_titles_desc":"","_seopress_robots_index":"","colormag_page_container_layout":"default_layout","colormag_page_sidebar_layout":"default_layout","footnotes":""},"class_list":["post-1725","page","type-page","status-publish","hentry"],"_links":{"self":[{"href":"https:\/\/www.danubecommission.org\/dc\/wp-json\/wp\/v2\/pages\/1725","targetHints":{"allow":["GET"]}}],"collection":[{"href":"https:\/\/www.danubecommission.org\/dc\/wp-json\/wp\/v2\/pages"}],"about":[{"href":"https:\/\/www.danubecommission.org\/dc\/wp-json\/wp\/v2\/types\/page"}],"author":[{"embeddable":true,"href":"https:\/\/www.danubecommission.org\/dc\/wp-json\/wp\/v2\/users\/1"}],"replies":[{"embeddable":true,"href":"https:\/\/www.danubecommission.org\/dc\/wp-json\/wp\/v2\/comments?post=1725"}],"version-history":[{"count":0,"href":"https:\/\/www.danubecommission.org\/dc\/wp-json\/wp\/v2\/pages\/1725\/revisions"}],"up":[{"embeddable":true,"href":"https:\/\/www.danubecommission.org\/dc\/wp-json\/wp\/v2\/pages\/612"}],"wp:attachment":[{"href":"https:\/\/www.danubecommission.org\/dc\/wp-json\/wp\/v2\/media?parent=1725"}],"curies":[{"name":"wp","href":"https:\/\/api.w.org\/{rel}","templated":true}]}}