{"id":1727,"date":"2017-02-10T10:21:00","date_gmt":"2017-02-10T09:21:00","guid":{"rendered":"http:\/\/www.danubecommission.org\/dc\/?page_id=1727"},"modified":"2023-11-17T09:50:23","modified_gmt":"2023-11-17T08:50:23","slug":"croatie","status":"publish","type":"page","link":"https:\/\/www.danubecommission.org\/dc\/fr\/navigation-danubienne\/ports-sur-la-danube\/croatie\/","title":{"rendered":"Croatie"},"content":{"rendered":"<table style=\"width: 81.8775%;\" border=\"0\" cellspacing=\"0\" cellpadding=\"0\">\n<tbody>\n<tr>\n<td style=\"width: 13.127%;\" valign=\"top\" width=\"92\"><span style=\"font-size: 10pt;\"><b>D\u00e9nomination du port<\/b><\/span><\/td>\n<td style=\"width: 7.15048%;\" valign=\"top\" width=\"57\"><span style=\"font-size: 10pt;\"><b>Km<\/b><\/span><\/td>\n<td style=\"width: 11.3504%;\" valign=\"top\" width=\"217\"><span style=\"font-size: 10pt;\"><b>Site Internet<\/b><\/span><br \/>\n<span style=\"font-size: 10pt;\"><b>E-Mail<\/b><\/span><\/td>\n<td style=\"width: 10.8675%;\" valign=\"top\" width=\"54\"><span style=\"font-size: 10pt;\"><b>Marchandises g\u00e9n\u00e9rales<\/b><\/span><\/td>\n<td style=\"width: 8.36218%;\" valign=\"top\" width=\"54\"><span style=\"font-size: 10pt;\"><b>Marchandises en vrac<\/b><\/span><\/td>\n<td style=\"width: 6.92427%;\" valign=\"top\" width=\"54\"><span style=\"font-size: 10pt;\"><b>Marchandises liquides<\/b><\/span><\/td>\n<td style=\"width: 5.94783%;\" valign=\"top\" width=\"54\"><span style=\"font-size: 10pt;\"><b>Conteneurs<\/b><\/span><\/td>\n<td style=\"width: 7.56644%;\" valign=\"top\" width=\"54\"><span style=\"font-size: 10pt;\"><b>Ro-Ro<\/b><\/span><\/td>\n<\/tr>\n<tr>\n<td style=\"width: 13.127%;\" valign=\"top\" width=\"92\"><span style=\"font-size: 10pt;\"><b>Osijek <\/b><\/span><\/td>\n<td style=\"width: 7.15048%;\" valign=\"top\" width=\"57\"><span style=\"font-size: 10pt;\">12<sup>\u00e8me<\/sup> km de la Drava<\/span><\/td>\n<td style=\"width: 11.3504%;\" valign=\"top\" width=\"217\"><span style=\"font-size: 8pt;\"><a href=\"mailto:luka@lukatranzit.hr\">luka@lukatranzit.hr<\/a><\/span><\/td>\n<td style=\"width: 10.8675%;\" valign=\"top\" width=\"54\"><span style=\"font-size: 8pt;\"><b>\u221a<\/b><\/span><\/td>\n<td style=\"width: 8.36218%;\" valign=\"top\" width=\"54\"><span style=\"font-size: 8pt;\"><b>\u221a<\/b><\/span><\/td>\n<td style=\"width: 6.92427%;\" valign=\"top\" width=\"54\"><span style=\"font-size: 8pt;\"><b>X<\/b><\/span><\/td>\n<td style=\"width: 5.94783%;\" valign=\"top\" width=\"54\"><span style=\"font-size: 8pt;\"><b>X<\/b><\/span><\/td>\n<td style=\"width: 7.56644%;\" valign=\"top\" width=\"54\"><span style=\"font-size: 8pt;\"><b>X<\/b><\/span><\/td>\n<\/tr>\n<tr>\n<td style=\"width: 13.127%;\" valign=\"top\" width=\"92\"><span style=\"font-size: 10pt;\"><b> Vukovar <\/b><\/span><\/td>\n<td style=\"width: 7.15048%;\" valign=\"top\" width=\"57\"><span style=\"font-size: 10pt;\">1335<\/span><\/td>\n<td style=\"width: 11.3504%;\" valign=\"top\" width=\"217\"><span style=\"font-size: 8pt;\"><a href=\"http:\/\/www.port-authority-vukovar.hr\" target=\"_blank\" rel=\"noopener\">www.port-authority-vukovar.hr<\/a><\/span><br \/>\n<span style=\"font-size: 8pt;\"><a href=\"mailto:office@port-authority-vukovar.hr\">office@port-authority-vukovar.hr<\/a><\/span><\/td>\n<td style=\"width: 10.8675%;\" valign=\"top\" width=\"54\"><span style=\"font-size: 8pt;\"><b>\u221a<\/b><\/span><\/td>\n<td style=\"width: 8.36218%;\" valign=\"top\" width=\"54\"><span style=\"font-size: 8pt;\"><b>\u221a<\/b><\/span><\/td>\n<td style=\"width: 6.92427%;\" valign=\"top\" width=\"54\"><span style=\"font-size: 8pt;\"><b>\u221a<\/b><\/span><\/td>\n<td style=\"width: 5.94783%;\" valign=\"top\" width=\"54\"><span style=\"font-size: 8pt;\"><b>\u221a<\/b><\/span><\/td>\n<td style=\"width: 7.56644%;\" valign=\"top\" width=\"54\"><span style=\"font-size: 8pt;\"><b>X<\/b><\/span><\/td>\n<\/tr>\n<tr>\n<td style=\"width: 13.127%;\"><span style=\"font-size: 10pt;\"><b>Slavonski Brod<\/b><\/span><\/td>\n<td style=\"width: 7.15048%;\"><span style=\"font-size: 10pt;\">372<sup>\u00e8me<\/sup> km de la Sava<\/span><\/td>\n<td style=\"width: 11.3504%;\"><span style=\"font-size: 8pt;\"><a href=\"mailto:lucka-uprava@sb.t-com.hr\">lucka-uprava@sb.t-com.hr<\/a><\/span><\/td>\n<td style=\"width: 10.8675%;\"><span style=\"font-size: 8pt;\"><b>\u221a<\/b><\/span><\/td>\n<td style=\"width: 8.36218%;\"><span style=\"font-size: 8pt;\"><b>\u221a<\/b><\/span><\/td>\n<td style=\"width: 6.92427%;\"><span style=\"font-size: 8pt;\"><b>\u221a<\/b><\/span><\/td>\n<td style=\"width: 5.94783%;\"><span style=\"font-size: 8pt;\"><b> X<\/b><\/span><\/td>\n<td style=\"width: 7.56644%;\"><span style=\"font-size: 8pt;\"><b> X<\/b><\/span><\/td>\n<\/tr>\n<\/tbody>\n<\/table>\n<p><iframe loading=\"lazy\" src=\"https:\/\/www.google.com\/maps\/d\/u\/0\/embed?mid=1e2shuDpzBNKlN5bwcJMvp5qtbw8&amp;ll=45.27240655576609%2C18.50829706093748&amp;z=9\" width=\"800\" height=\"600\"><span style=\"display: inline-block; width: 0px; overflow: hidden; line-height: 0;\" data-mce-type=\"bookmark\" class=\"mce_SELRES_start\">\ufeff<\/span><\/iframe><\/p>\n","protected":false},"excerpt":{"rendered":"<p>D\u00e9nomination du port Km Site Internet E-Mail Marchandises g\u00e9n\u00e9rales Marchandises en vrac Marchandises liquides Conteneurs Ro-Ro Osijek 12\u00e8me km de<\/p>\n","protected":false},"author":1,"featured_media":0,"parent":684,"menu_order":5,"comment_status":"closed","ping_status":"closed","template":"","meta":{"_seopress_robots_primary_cat":"","_seopress_titles_title":"","_seopress_titles_desc":"","_seopress_robots_index":"","colormag_page_container_layout":"default_layout","colormag_page_sidebar_layout":"default_layout","footnotes":""},"class_list":["post-1727","page","type-page","status-publish","hentry"],"_links":{"self":[{"href":"https:\/\/www.danubecommission.org\/dc\/wp-json\/wp\/v2\/pages\/1727","targetHints":{"allow":["GET"]}}],"collection":[{"href":"https:\/\/www.danubecommission.org\/dc\/wp-json\/wp\/v2\/pages"}],"about":[{"href":"https:\/\/www.danubecommission.org\/dc\/wp-json\/wp\/v2\/types\/page"}],"author":[{"embeddable":true,"href":"https:\/\/www.danubecommission.org\/dc\/wp-json\/wp\/v2\/users\/1"}],"replies":[{"embeddable":true,"href":"https:\/\/www.danubecommission.org\/dc\/wp-json\/wp\/v2\/comments?post=1727"}],"version-history":[{"count":0,"href":"https:\/\/www.danubecommission.org\/dc\/wp-json\/wp\/v2\/pages\/1727\/revisions"}],"up":[{"embeddable":true,"href":"https:\/\/www.danubecommission.org\/dc\/wp-json\/wp\/v2\/pages\/684"}],"wp:attachment":[{"href":"https:\/\/www.danubecommission.org\/dc\/wp-json\/wp\/v2\/media?parent=1727"}],"curies":[{"name":"wp","href":"https:\/\/api.w.org\/{rel}","templated":true}]}}