{"id":1734,"date":"2017-02-10T10:28:56","date_gmt":"2017-02-10T09:28:56","guid":{"rendered":"http:\/\/www.danubecommission.org\/dc\/?page_id=1734"},"modified":"2023-11-17T09:56:56","modified_gmt":"2023-11-17T08:56:56","slug":"serbien","status":"publish","type":"page","link":"https:\/\/www.danubecommission.org\/dc\/de\/die-donauschifffahrt\/donauhaefen\/serbien\/","title":{"rendered":"Serbien"},"content":{"rendered":"<table width=\"918\">\n<tbody>\n<tr>\n<td width=\"128\"><span style=\"font-size: 10pt;\"><strong>Hafen<\/strong><\/span><\/td>\n<td width=\"64\"><span style=\"font-size: 10pt;\"><strong>km<\/strong><\/span><\/td>\n<td width=\"173\"><span style=\"font-size: 10pt;\"><strong>Betreiber<\/strong><\/span><\/td>\n<td width=\"166\"><span style=\"font-size: 10pt;\"><strong>Website<\/strong><\/span><br \/>\n<span style=\"font-size: 10pt;\"><strong>E-Mail<\/strong><\/span><\/td>\n<td width=\"87\"><span style=\"font-size: 10pt;\"><strong>Allgemeine G\u00fcter<\/strong><\/span><\/td>\n<td width=\"93\"><span style=\"font-size: 10pt;\"><strong>Sch\u00fcttg\u00fcter<\/strong><\/span><\/td>\n<td width=\"64\"><span style=\"font-size: 10pt;\"><strong>Liquid cargo<\/strong><\/span><\/td>\n<td width=\"79\"><span style=\"font-size: 10pt;\"><strong>Container<\/strong><\/span><\/td>\n<td width=\"64\"><span style=\"font-size: 10pt;\"><strong>Ro-Ro<\/strong><\/span><\/td>\n<\/tr>\n<tr>\n<td><span style=\"font-size: 10pt;\">Bogojevo<\/span><\/td>\n<td><span style=\"font-size: 10pt;\">1366<\/span><\/td>\n<td><span style=\"font-size: 8pt;\">Luka Dunav Bogojevo d.o.o.<\/span><\/td>\n<td width=\"166\"><span style=\"font-size: 8pt;\"><a href=\"http:\/\/www.hibrid.rs\/luka-dunav-bogojevo\/\">www.hibrid.rs\/luka-dunav-bogojevo\/<\/a><\/span><\/td>\n<td><span style=\"font-size: 8pt;\">\u221a<\/span><\/td>\n<td><span style=\"font-size: 8pt;\">\u221a<\/span><\/td>\n<td><span style=\"font-size: 8pt;\">X<\/span><\/td>\n<td><span style=\"font-size: 8pt;\">X<\/span><\/td>\n<td><span style=\"font-size: 8pt;\">X<\/span><\/td>\n<\/tr>\n<tr>\n<td><span style=\"font-size: 10pt;\">Ba\u010dka Palanka<\/span><\/td>\n<td><span style=\"font-size: 10pt;\">1295<\/span><\/td>\n<td><span style=\"font-size: 8pt;\">Luka Ba\u010dka Palanka d.o.o.<\/span><\/td>\n<td width=\"166\"><span style=\"font-size: 8pt;\"><a href=\"http:\/\/www.lukabp.com\/\">www.lukabp.com<br \/>\noffice@lukabp.com<\/a><\/span><\/td>\n<td><span style=\"font-size: 8pt;\">\u221a<\/span><\/td>\n<td><span style=\"font-size: 8pt;\">\u221a<\/span><\/td>\n<td><span style=\"font-size: 8pt;\">X<\/span><\/td>\n<td><span style=\"font-size: 8pt;\">X<\/span><\/td>\n<td><span style=\"font-size: 8pt;\">X<\/span><\/td>\n<\/tr>\n<tr>\n<td><span style=\"font-size: 10pt;\">Beo\u010din<\/span><\/td>\n<td><span style=\"font-size: 10pt;\">1268<\/span><\/td>\n<td><span style=\"font-size: 8pt;\">Lafarge<\/span><\/td>\n<td><span style=\"font-size: 8pt;\"><a href=\"http:\/\/www.lafarge.rs\/\">www.lafarge.rs<\/a><\/span><\/td>\n<td><span style=\"font-size: 8pt;\">\u221a<\/span><\/td>\n<td><span style=\"font-size: 8pt;\">\u221a<\/span><\/td>\n<td><span style=\"font-size: 8pt;\">X<\/span><\/td>\n<td><span style=\"font-size: 8pt;\">X<\/span><\/td>\n<td><span style=\"font-size: 8pt;\">X<\/span><\/td>\n<\/tr>\n<tr>\n<td><span style=\"font-size: 10pt;\">Novi Sad<\/span><\/td>\n<td><span style=\"font-size: 10pt;\">1254<\/span><\/td>\n<td width=\"173\"><span style=\"font-size: 8pt;\">DP World a.d.<\/span><br \/>\n<span style=\"font-size: 8pt;\">NIS a.d. Novi Sad<\/span><\/td>\n<td width=\"166\"><span style=\"font-size: 8pt;\"><a href=\"http:\/\/www.lukanovisad.rs\/\">www.lukanovisad.rs<br \/>\noffice@lukanovisad.rs<br \/>\nwww.nis.eu<\/a><\/span><\/td>\n<td><span style=\"font-size: 8pt;\">\u221a<\/span><\/td>\n<td><span style=\"font-size: 8pt;\">\u221a<\/span><\/td>\n<td><span style=\"font-size: 8pt;\">\u221a<\/span><\/td>\n<td><span style=\"font-size: 8pt;\">\u221a<\/span><\/td>\n<td><span style=\"font-size: 8pt;\">X<\/span><\/td>\n<\/tr>\n<tr>\n<td><span style=\"font-size: 10pt;\">Beograd<\/span><\/td>\n<td><span style=\"font-size: 10pt;\">1168<\/span><\/td>\n<td><span style=\"font-size: 8pt;\">Luka Beograd a.d.<\/span><\/td>\n<td width=\"166\"><span style=\"font-size: 8pt;\"><a href=\"http:\/\/www.lukabeograd.com\/\">www.lukabeograd.com<br \/>\ninfo@lukabeograd.com<\/a><\/span><\/td>\n<td><span style=\"font-size: 8pt;\">\u221a<\/span><\/td>\n<td><span style=\"font-size: 8pt;\">\u221a<\/span><\/td>\n<td><span style=\"font-size: 8pt;\">X<\/span><\/td>\n<td><span style=\"font-size: 8pt;\">\u221a<\/span><\/td>\n<td><span style=\"font-size: 8pt;\">X<\/span><\/td>\n<\/tr>\n<tr>\n<td><span style=\"font-size: 10pt;\">Pan\u010devo<\/span><\/td>\n<td><span style=\"font-size: 10pt;\">1153<\/span><\/td>\n<td width=\"173\"><span style=\"font-size: 8pt;\">Luka Dunav Pan\u010devo a.d.<\/span><br \/>\n<span style=\"font-size: 8pt;\">Granexport d.o.o.<\/span><br \/>\n<span style=\"font-size: 8pt;\">NIS a.d. Novi Sad<\/span><br \/>\n<span style=\"font-size: 8pt;\">Specijalna luka d.o.o.<\/span><\/td>\n<td width=\"166\"><span style=\"font-size: 8pt;\"><a href=\"http:\/\/www.nis.eu\/\">office@lukadunav.co.rs<br \/>\nwww.granexport.rs<br \/>\nwww.nis.eu<br \/>\ninfo@specijalnaluka.rs<\/a><\/span><\/td>\n<td><span style=\"font-size: 8pt;\">\u221a<\/span><\/td>\n<td><span style=\"font-size: 8pt;\">\u221a<\/span><\/td>\n<td><span style=\"font-size: 8pt;\">\u221a<\/span><\/td>\n<td><span style=\"font-size: 8pt;\">\u221a<\/span><\/td>\n<td><span style=\"font-size: 8pt;\">X<\/span><\/td>\n<\/tr>\n<tr>\n<td><span style=\"font-size: 10pt;\">Smederevo<\/span><\/td>\n<td><span style=\"font-size: 10pt;\">1116-1111<\/span><\/td>\n<td width=\"173\"><span style=\"font-size: 8pt;\">HBIS GROUP SERBIA IRON &amp; STEEL d.o.o.<\/span><br \/>\n<span style=\"font-size: 8pt;\">TOMI TRADE d.o.o.<\/span><br \/>\n<span style=\"font-size: 8pt;\">MITAN OIL d.o.o.<\/span><br \/>\n<span style=\"font-size: 8pt;\">NIS a.d. Novi Sad<\/span><\/td>\n<td width=\"166\"><span style=\"font-size: 8pt;\"><a href=\"http:\/\/www.hbisserbia.rswww.tomitrade.co.rs\/\">www.hbisserbia.rs<br \/>\nwww.tomitrade.co.rs<br \/>\nwww.mitanoil.rs<br \/>\nwww.nis.eu<\/a><\/span><\/td>\n<td><span style=\"font-size: 8pt;\">\u221a<\/span><\/td>\n<td><span style=\"font-size: 8pt;\">\u221a<\/span><\/td>\n<td><span style=\"font-size: 8pt;\">\u221a<\/span><\/td>\n<td><span style=\"font-size: 8pt;\">X<\/span><\/td>\n<td><span style=\"font-size: 8pt;\">X<\/span><\/td>\n<\/tr>\n<tr>\n<td><span style=\"font-size: 10pt;\">Prahovo<\/span><\/td>\n<td><span style=\"font-size: 10pt;\">861<\/span><\/td>\n<td width=\"173\"><span style=\"font-size: 8pt;\">Elixir Prahovo d.o.o.<\/span><br \/>\n<span style=\"font-size: 8pt;\">NIS a.d. Novi Sad<\/span><\/td>\n<td width=\"166\"><span style=\"font-size: 8pt;\"><a href=\"http:\/\/www.elixirprahovo.rs\/\">www.elixirprahovo.rs<br \/>\noffice@elixirprahovo.rs<br \/>\nwww.nis.eu<\/a><\/span><\/td>\n<td><span style=\"font-size: 8pt;\">\u221a<\/span><\/td>\n<td><span style=\"font-size: 8pt;\">\u221a<\/span><\/td>\n<td><span style=\"font-size: 8pt;\">\u221a<\/span><\/td>\n<td><span style=\"font-size: 8pt;\">\u221a<\/span><\/td>\n<td><span style=\"font-size: 8pt;\">X<\/span><\/td>\n<\/tr>\n<\/tbody>\n<\/table>\n<p><iframe loading=\"lazy\" src=\"https:\/\/www.google.com\/maps\/d\/u\/0\/embed?mid=1e2shuDpzBNKlN5bwcJMvp5qtbw8&amp;ll=45.167935530444076%2C19.43114862343748&amp;z=8\" width=\"800\" height=\"600\"><span style=\"display: inline-block; width: 0px; overflow: hidden; line-height: 0;\" data-mce-type=\"bookmark\" class=\"mce_SELRES_start\">\ufeff<\/span><\/iframe><\/p>\n","protected":false},"excerpt":{"rendered":"<p>Hafen km Betreiber Website E-Mail Allgemeine G\u00fcter Sch\u00fcttg\u00fcter Liquid cargo Container Ro-Ro Bogojevo 1366 Luka Dunav Bogojevo d.o.o. www.hibrid.rs\/luka-dunav-bogojevo\/ \u221a<\/p>\n","protected":false},"author":1,"featured_media":0,"parent":612,"menu_order":6,"comment_status":"closed","ping_status":"closed","template":"","meta":{"_seopress_robots_primary_cat":"","_seopress_titles_title":"","_seopress_titles_desc":"","_seopress_robots_index":"","colormag_page_container_layout":"default_layout","colormag_page_sidebar_layout":"default_layout","footnotes":""},"class_list":["post-1734","page","type-page","status-publish","hentry"],"_links":{"self":[{"href":"https:\/\/www.danubecommission.org\/dc\/wp-json\/wp\/v2\/pages\/1734","targetHints":{"allow":["GET"]}}],"collection":[{"href":"https:\/\/www.danubecommission.org\/dc\/wp-json\/wp\/v2\/pages"}],"about":[{"href":"https:\/\/www.danubecommission.org\/dc\/wp-json\/wp\/v2\/types\/page"}],"author":[{"embeddable":true,"href":"https:\/\/www.danubecommission.org\/dc\/wp-json\/wp\/v2\/users\/1"}],"replies":[{"embeddable":true,"href":"https:\/\/www.danubecommission.org\/dc\/wp-json\/wp\/v2\/comments?post=1734"}],"version-history":[{"count":0,"href":"https:\/\/www.danubecommission.org\/dc\/wp-json\/wp\/v2\/pages\/1734\/revisions"}],"up":[{"embeddable":true,"href":"https:\/\/www.danubecommission.org\/dc\/wp-json\/wp\/v2\/pages\/612"}],"wp:attachment":[{"href":"https:\/\/www.danubecommission.org\/dc\/wp-json\/wp\/v2\/media?parent=1734"}],"curies":[{"name":"wp","href":"https:\/\/api.w.org\/{rel}","templated":true}]}}