{"id":1753,"date":"2017-02-10T10:59:12","date_gmt":"2017-02-10T09:59:12","guid":{"rendered":"http:\/\/www.danubecommission.org\/dc\/?page_id=1753"},"modified":"2023-11-17T11:10:56","modified_gmt":"2023-11-17T10:10:56","slug":"roumanie","status":"publish","type":"page","link":"https:\/\/www.danubecommission.org\/dc\/fr\/navigation-danubienne\/ports-sur-la-danube\/roumanie\/","title":{"rendered":"Roumanie"},"content":{"rendered":"<table border=\"0\" cellspacing=\"0\" cellpadding=\"0\">\n<tbody>\n<tr>\n<td valign=\"top\" width=\"92\"><span style=\"font-size: 10pt;\"><b>D\u00e9nomination du port<\/b><\/span><\/td>\n<td valign=\"top\" width=\"57\"><span style=\"font-size: 10pt;\"><b>Km<\/b><\/span><\/td>\n<td valign=\"top\" width=\"217\"><span style=\"font-size: 10pt;\"><b>Site Internet<\/b><\/span><br \/>\n<span style=\"font-size: 10pt;\"><b>E-Mail<\/b><\/span><\/td>\n<td valign=\"top\" width=\"54\"><span style=\"font-size: 10pt;\"><b>Marchand. g\u00e9n\u00e9rales<\/b><\/span><\/td>\n<td valign=\"top\" width=\"54\"><span style=\"font-size: 10pt;\"><b>Marchand. en vrac<\/b><\/span><\/td>\n<td valign=\"top\" width=\"54\"><span style=\"font-size: 10pt;\"><b>Marchand. liquides<\/b><\/span><\/td>\n<td valign=\"top\" width=\"54\"><span style=\"font-size: 10pt;\"><b>Conte-neurs<\/b><\/span><\/td>\n<td valign=\"top\" width=\"54\"><span style=\"font-size: 10pt;\"><b>Ro-Ro<\/b><\/span><\/td>\n<\/tr>\n<tr>\n<td valign=\"top\" width=\"92\"><span style=\"font-size: 10pt;\"><b>Moldova Veche <\/b><\/span><\/td>\n<td valign=\"top\" width=\"57\"><span style=\"font-size: 10pt;\">1047-1050,50<\/span><\/td>\n<td valign=\"top\" width=\"217\"><span style=\"font-size: 8pt;\"><a href=\"http:\/\/www.apdf.ro\" target=\"_blank\" rel=\"noopener\">www.apdf.ro<\/a><\/span><br \/>\n<span style=\"font-size: 8pt;\"><a href=\"mailto:moldovaveche@apdf.ro\">moldovaveche@apdf.ro<\/a><\/span><\/td>\n<td valign=\"top\" width=\"54\"><span style=\"font-size: 8pt;\"><b>\u221a<\/b><\/span><\/td>\n<td valign=\"top\" width=\"54\"><span style=\"font-size: 8pt;\"><b>\u221a<\/b><\/span><\/td>\n<td valign=\"top\" width=\"54\"><span style=\"font-size: 8pt;\"><b>X<\/b><\/span><\/td>\n<td valign=\"top\" width=\"54\"><span style=\"font-size: 8pt;\"><b>X<\/b><\/span><\/td>\n<td valign=\"top\" width=\"54\"><span style=\"font-size: 8pt;\"><b>X<\/b><\/span><\/td>\n<\/tr>\n<tr>\n<td valign=\"top\" width=\"92\"><span style=\"font-size: 10pt;\"><b>Or\u015fova<\/b><\/span><\/td>\n<td valign=\"top\" width=\"57\"><span style=\"font-size: 10pt;\">953 \u2013 957<\/span><\/td>\n<td valign=\"top\" width=\"217\"><span style=\"font-size: 8pt;\"><a href=\"http:\/\/www.apdf.ro\" target=\"_blank\" rel=\"noopener\">www.apdf.ro<\/a><\/span><br \/>\n<span style=\"font-size: 8pt;\"><a href=\"mailto:orsova@apdf.ro\">orsova@apdf.ro<\/a><\/span><\/td>\n<td valign=\"top\" width=\"54\"><span style=\"font-size: 8pt;\"><b>\u221a<\/b><\/span><\/td>\n<td valign=\"top\" width=\"54\"><span style=\"font-size: 8pt;\"><b>\u221a<\/b><\/span><\/td>\n<td valign=\"top\" width=\"54\"><span style=\"font-size: 8pt;\"><b>X<\/b><\/span><\/td>\n<td valign=\"top\" width=\"54\"><span style=\"font-size: 8pt;\"><b>X<\/b><\/span><\/td>\n<td valign=\"top\" width=\"54\"><span style=\"font-size: 8pt;\"><b>X<\/b><\/span><\/td>\n<\/tr>\n<tr>\n<td valign=\"top\" width=\"92\"><span style=\"font-size: 10pt;\"><b>Drobeta Turnu Severin <\/b><\/span><\/td>\n<td valign=\"top\" width=\"57\"><span style=\"font-size: 10pt;\">927- 934<\/span><\/td>\n<td valign=\"top\" width=\"217\"><span style=\"font-size: 8pt;\"><a href=\"http:\/\/www.apdf.ro\" target=\"_blank\" rel=\"noopener\">www.apdf.ro<\/a><\/span><br \/>\n<span style=\"font-size: 8pt;\"><a href=\"mailto:severin@apdf.ro\">severin@apdf.ro<\/a><\/span><\/td>\n<td valign=\"top\" width=\"54\"><span style=\"font-size: 8pt;\"><b>\u221a<\/b><\/span><\/td>\n<td valign=\"top\" width=\"54\"><span style=\"font-size: 8pt;\"><b>\u221a<\/b><\/span><\/td>\n<td valign=\"top\" width=\"54\"><span style=\"font-size: 8pt;\"><b>X<\/b><\/span><\/td>\n<td valign=\"top\" width=\"54\"><span style=\"font-size: 8pt;\"><b>X<\/b><\/span><\/td>\n<td valign=\"top\" width=\"54\"><span style=\"font-size: 8pt;\"><b>X<\/b><\/span><\/td>\n<\/tr>\n<tr>\n<td valign=\"top\" width=\"92\"><span style=\"font-size: 10pt;\"><b>Cetate<\/b><\/span><\/td>\n<td valign=\"top\" width=\"57\"><span style=\"font-size: 10pt;\">810 &#8211; 813<\/span><\/td>\n<td valign=\"top\" width=\"217\"><span style=\"font-size: 8pt;\"><a href=\"http:\/\/www.apdf.ro\" target=\"_blank\" rel=\"noopener\">www.apdf.ro<\/a><\/span><\/td>\n<td colspan=\"5\" valign=\"top\" width=\"272\"><span style=\"font-size: 8pt;\">Pas de donn\u00e9es<\/span><\/td>\n<\/tr>\n<tr>\n<td valign=\"top\" width=\"92\"><span style=\"font-size: 10pt;\"><b>Calafat<\/b><\/span><\/td>\n<td valign=\"top\" width=\"57\"><span style=\"font-size: 10pt;\">793 &#8211; 796<\/span><\/td>\n<td valign=\"top\" width=\"217\"><span style=\"font-size: 8pt;\"><a href=\"http:\/\/www.apdf.ro\" target=\"_blank\" rel=\"noopener\">www.apdf.ro<\/a><\/span><br \/>\n<span style=\"font-size: 8pt;\"><a href=\"mailto:calafat@apdf.ro\">calafat@apdf.ro<\/a><\/span><\/td>\n<td valign=\"top\" width=\"54\"><span style=\"font-size: 8pt;\"><b>\u221a<\/b><\/span><\/td>\n<td valign=\"top\" width=\"54\"><span style=\"font-size: 8pt;\"><b>\u221a<\/b><\/span><\/td>\n<td valign=\"top\" width=\"54\"><span style=\"font-size: 8pt;\"><b>X<\/b><\/span><\/td>\n<td valign=\"top\" width=\"54\"><span style=\"font-size: 8pt;\"><b>X<\/b><\/span><\/td>\n<td valign=\"top\" width=\"54\"><span style=\"font-size: 8pt;\"><b>\u221a<\/b><\/span><\/td>\n<\/tr>\n<tr>\n<td valign=\"top\" width=\"92\"><span style=\"font-size: 10pt;\"><b>Be\u0441het<\/b><\/span><\/td>\n<td valign=\"top\" width=\"57\"><span style=\"font-size: 10pt;\">678-681<\/span><\/td>\n<td valign=\"top\" width=\"217\"><span style=\"font-size: 8pt;\"><a href=\"http:\/\/www.apdf.ro\" target=\"_blank\" rel=\"noopener\">www.apdf.ro<\/a><\/span><br \/>\n<span style=\"font-size: 8pt;\"><a href=\"mailto:bechet@apdf.ro\">bechet@apdf.ro<\/a><\/span><\/td>\n<td valign=\"top\" width=\"54\"><span style=\"font-size: 8pt;\"><b>\u221a<\/b><\/span><\/td>\n<td valign=\"top\" width=\"54\"><span style=\"font-size: 8pt;\"><b>\u221a<\/b><\/span><\/td>\n<td valign=\"top\" width=\"54\"><span style=\"font-size: 8pt;\"><b>X<\/b><\/span><\/td>\n<td valign=\"top\" width=\"54\"><span style=\"font-size: 8pt;\"><b>\u221a<\/b><\/span><\/td>\n<td valign=\"top\" width=\"54\"><span style=\"font-size: 8pt;\"><b>\u221a<\/b><\/span><\/td>\n<\/tr>\n<tr>\n<td valign=\"top\" width=\"92\"><span style=\"font-size: 10pt;\"><b>Corabia<\/b><\/span><\/td>\n<td valign=\"top\" width=\"57\"><span style=\"font-size: 10pt;\">627,6-633<\/span><\/td>\n<td valign=\"top\" width=\"217\"><span style=\"font-size: 8pt;\"><a href=\"http:\/\/www.apdf.ro\" target=\"_blank\" rel=\"noopener\">www.apdf.ro<\/a><\/span><br \/>\n<span style=\"font-size: 8pt;\"><a href=\"mailto:corabia@apdf.ro\">corabia@apdf.ro<\/a><\/span><\/td>\n<td valign=\"top\" width=\"54\"><span style=\"font-size: 8pt;\"><b>\u221a<\/b><\/span><\/td>\n<td valign=\"top\" width=\"54\"><span style=\"font-size: 8pt;\"><b>X<\/b><\/span><\/td>\n<td valign=\"top\" width=\"54\"><span style=\"font-size: 8pt;\"><b>X<\/b><\/span><\/td>\n<td valign=\"top\" width=\"54\"><span style=\"font-size: 8pt;\"><b>X<\/b><\/span><\/td>\n<td valign=\"top\" width=\"54\"><span style=\"font-size: 8pt;\"><b>X<\/b><\/span><\/td>\n<\/tr>\n<tr>\n<td valign=\"top\" width=\"92\"><span style=\"font-size: 10pt;\"><b>Giurgiu<\/b><\/span><\/td>\n<td valign=\"top\" width=\"57\"><span style=\"font-size: 10pt;\">489-497<\/span><\/td>\n<td valign=\"top\" width=\"217\"><span style=\"font-size: 8pt;\"><a href=\"http:\/\/www.apdf.ro\" target=\"_blank\" rel=\"noopener\">www.apdf.ro<\/a><\/span><br \/>\n<span style=\"font-size: 8pt;\"><a href=\"mailto:secretariat@apdf.ro\">secretariat@apdf.ro<\/a><\/span><\/td>\n<td valign=\"top\" width=\"54\"><span style=\"font-size: 8pt;\"><b>\u221a<\/b><\/span><\/td>\n<td valign=\"top\" width=\"54\"><span style=\"font-size: 8pt;\"><b>\u221a<\/b><\/span><\/td>\n<td valign=\"top\" width=\"54\"><span style=\"font-size: 8pt;\"><b>X<\/b><\/span><\/td>\n<td valign=\"top\" width=\"54\"><span style=\"font-size: 8pt;\"><b>\u221a<\/b><\/span><\/td>\n<td valign=\"top\" width=\"54\"><span style=\"font-size: 8pt;\"><b>X<\/b><\/span><\/td>\n<\/tr>\n<tr>\n<td valign=\"top\" width=\"92\"><span style=\"font-size: 10pt;\"><b>Olteni\u0163a<\/b><\/span><\/td>\n<td valign=\"top\" width=\"57\"><span style=\"font-size: 10pt;\">428-431<\/span><\/td>\n<td valign=\"top\" width=\"217\"><span style=\"font-size: 8pt;\"><a href=\"http:\/\/www.apdf.ro\" target=\"_blank\" rel=\"noopener\">www.apdf.ro<\/a><\/span><br \/>\n<span style=\"font-size: 8pt;\"><a href=\"mailto:oltenita@apdf.ro\">oltenita@apdf.ro<\/a><\/span><\/td>\n<td valign=\"top\" width=\"54\"><span style=\"font-size: 8pt;\"><b>\u221a<\/b><\/span><\/td>\n<td valign=\"top\" width=\"54\"><span style=\"font-size: 8pt;\"><b>\u221a<\/b><\/span><\/td>\n<td valign=\"top\" width=\"54\"><span style=\"font-size: 8pt;\"><b>X<\/b><\/span><\/td>\n<td valign=\"top\" width=\"54\"><span style=\"font-size: 8pt;\"><b>\u221a<\/b><\/span><\/td>\n<td valign=\"top\" width=\"54\"><span style=\"font-size: 8pt;\"><b>X<\/b><\/span><\/td>\n<\/tr>\n<tr>\n<td valign=\"top\" width=\"92\"><span style=\"font-size: 10pt;\"><b>C\u01cel\u01cera\u015fi<\/b><\/span><\/td>\n<td valign=\"top\" width=\"57\"><span style=\"font-size: 10pt;\">372-377<\/span><\/td>\n<td valign=\"top\" width=\"217\"><span style=\"font-size: 8pt;\"><a href=\"http:\/\/www.apdf.ro\" target=\"_blank\" rel=\"noopener\">www.apdf.ro<\/a><\/span><br \/>\n<span style=\"font-size: 8pt;\"><a href=\"mailto:calarasi@apdf.ro\">calarasi@apdf.ro<\/a><\/span><\/td>\n<td valign=\"top\" width=\"54\"><span style=\"font-size: 8pt;\"><b>\u221a<\/b><\/span><\/td>\n<td valign=\"top\" width=\"54\"><span style=\"font-size: 8pt;\"><b>\u221a<\/b><\/span><\/td>\n<td valign=\"top\" width=\"54\"><span style=\"font-size: 8pt;\"><b>X<\/b><\/span><\/td>\n<td valign=\"top\" width=\"54\"><span style=\"font-size: 8pt;\"><b>\u221a<\/b><\/span><\/td>\n<td valign=\"top\" width=\"54\"><span style=\"font-size: 8pt;\"><b>X<\/b><\/span><\/td>\n<\/tr>\n<tr>\n<td valign=\"top\" width=\"92\"><span style=\"font-size: 10pt;\"><b>Cernavod\u01ce <\/b><\/span><\/td>\n<td valign=\"top\" width=\"57\"><span style=\"font-size: 10pt;\">297,4-299,8<\/span><\/td>\n<td valign=\"top\" width=\"217\"><span style=\"font-size: 8pt;\"><a href=\"http:\/\/www.apdf.ro\" target=\"_blank\" rel=\"noopener\">www.apdf.ro<\/a><\/span><br \/>\n<span style=\"font-size: 8pt;\"><a href=\"mailto:cernavoda@apdf.ro\">cernavoda@apdf.ro<\/a><\/span><\/td>\n<td valign=\"top\" width=\"54\"><span style=\"font-size: 8pt;\"><b>\u221a<\/b><\/span><\/td>\n<td valign=\"top\" width=\"54\"><span style=\"font-size: 8pt;\"><b>\u221a<\/b><\/span><\/td>\n<td valign=\"top\" width=\"54\"><span style=\"font-size: 8pt;\"><b>X<\/b><\/span><\/td>\n<td valign=\"top\" width=\"54\"><span style=\"font-size: 8pt;\"><b>\u221a<\/b><\/span><\/td>\n<td valign=\"top\" width=\"54\"><span style=\"font-size: 8pt;\"><b>X<\/b><\/span><\/td>\n<\/tr>\n<tr>\n<td valign=\"top\" width=\"92\"><span style=\"font-size: 10pt;\"><b>Br\u01ceila<\/b><\/span><\/td>\n<td valign=\"top\" width=\"57\"><span style=\"font-size: 10pt;\">160-176,5<\/span><\/td>\n<td valign=\"top\" width=\"217\"><span style=\"font-size: 8pt;\"><a href=\"mailto:office@hercules-braila.ro\">office@hercules-braila.ro<\/a><\/span><\/td>\n<td valign=\"top\" width=\"54\"><span style=\"font-size: 8pt;\"><b>\u221a<\/b><\/span><\/td>\n<td valign=\"top\" width=\"54\"><span style=\"font-size: 8pt;\"><b>\u221a<\/b><\/span><\/td>\n<td valign=\"top\" width=\"54\"><span style=\"font-size: 8pt;\"><b>\u221a<\/b><\/span><\/td>\n<td valign=\"top\" width=\"54\"><span style=\"font-size: 8pt;\"><b>X<\/b><\/span><\/td>\n<td valign=\"top\" width=\"54\"><span style=\"font-size: 8pt;\"><b>X<\/b><\/span><\/td>\n<\/tr>\n<tr>\n<td valign=\"top\" width=\"92\"><span style=\"font-size: 10pt;\"><b>Docuri Gala\u0163i<\/b><\/span><\/td>\n<td valign=\"top\" width=\"57\"><span style=\"font-size: 10pt;\">Mm 80 &#8211; 80,6<\/span><\/td>\n<td valign=\"top\" width=\"217\"><span style=\"font-size: 8pt;\"><a href=\"http:\/\/www.romanian-ports.ro\/\" target=\"_blank\" rel=\"noopener\">www.romanian-ports.ro<\/a><\/span><br \/>\n<span style=\"font-size: 8pt;\"><a href=\"mailto:apdm@apdm.galati.ro\">apdm@apdm.galati.ro<\/a><\/span><\/td>\n<td valign=\"top\" width=\"54\"><span style=\"font-size: 8pt;\"><b>\u221a<\/b><\/span><\/td>\n<td valign=\"top\" width=\"54\"><span style=\"font-size: 8pt;\"><b>\u221a<\/b><\/span><\/td>\n<td valign=\"top\" width=\"54\"><span style=\"font-size: 8pt;\"><b>X<\/b><\/span><\/td>\n<td valign=\"top\" width=\"54\"><span style=\"font-size: 8pt;\"><b>X<\/b><\/span><\/td>\n<td valign=\"top\" width=\"54\"><span style=\"font-size: 8pt;\"><b>X<\/b><\/span><\/td>\n<\/tr>\n<tr>\n<td valign=\"top\" width=\"92\"><span style=\"font-size: 10pt;\"><b>Bazinul Nou Gala\u0163i<\/b><\/span><\/td>\n<td valign=\"top\" width=\"57\"><span style=\"font-size: 10pt;\">Mm 79<\/span><\/td>\n<td valign=\"top\" width=\"217\"><span style=\"font-size: 8pt;\"><a href=\"http:\/\/www.romanian-ports.ro\/\" target=\"_blank\" rel=\"noopener\">www.romanian-ports.ro<\/a><\/span><br \/>\n<span style=\"font-size: 8pt;\"><a href=\"mailto:apdm@apdm.galati.ro\">apdm@apdm.galati.ro<\/a><\/span><\/td>\n<td valign=\"top\" width=\"54\"><span style=\"font-size: 8pt;\"><b>X<\/b><\/span><\/td>\n<td valign=\"top\" width=\"54\"><span style=\"font-size: 8pt;\"><b>X<\/b><\/span><\/td>\n<td valign=\"top\" width=\"54\"><span style=\"font-size: 8pt;\"><b>X<\/b><\/span><\/td>\n<td valign=\"top\" width=\"54\"><span style=\"font-size: 8pt;\"><b>X<\/b><\/span><\/td>\n<td valign=\"top\" width=\"54\"><span style=\"font-size: 8pt;\"><b>X<\/b><\/span><\/td>\n<\/tr>\n<tr>\n<td valign=\"top\" width=\"92\"><span style=\"font-size: 10pt;\"><b>Port Mineralier Gala\u0163i<\/b><\/span><\/td>\n<td valign=\"top\" width=\"57\"><span style=\"font-size: 10pt;\">155,4 \u2013 157,6<\/span><\/td>\n<td valign=\"top\" width=\"217\"><span style=\"font-size: 8pt;\"><a href=\"http:\/\/www.romanian-ports.ro\/\" target=\"_blank\" rel=\"noopener\">www.romanian-ports.ro<\/a><\/span><br \/>\n<span style=\"font-size: 8pt;\"><a href=\"mailto:apdm@apdm.galati.ro\">apdm@apdm.galati.ro<\/a><\/span><\/td>\n<td valign=\"top\" width=\"54\"><span style=\"font-size: 8pt;\"><b>\u221a<\/b><\/span><\/td>\n<td valign=\"top\" width=\"54\"><span style=\"font-size: 8pt;\"><b>\u221a<\/b><\/span><\/td>\n<td valign=\"top\" width=\"54\"><span style=\"font-size: 8pt;\"><b>X<\/b><\/span><\/td>\n<td valign=\"top\" width=\"54\"><span style=\"font-size: 8pt;\"><b>X<\/b><\/span><\/td>\n<td valign=\"top\" width=\"54\"><span style=\"font-size: 8pt;\"><b>X<\/b><\/span><\/td>\n<\/tr>\n<tr>\n<td valign=\"top\" width=\"92\"><span style=\"font-size: 10pt;\"><b>Isaccea<\/b><\/span><\/td>\n<td valign=\"top\" width=\"57\"><span style=\"font-size: 10pt;\">Mm 53-56,5<\/span><\/td>\n<td valign=\"top\" width=\"217\"><span style=\"font-size: 8pt;\"><a href=\"http:\/\/www.romanian-ports.ro\/\" target=\"_blank\" rel=\"noopener\">www.romanian-ports.ro<\/a><\/span><br \/>\n<span style=\"font-size: 8pt;\"><a href=\"mailto:tl@apdm.galati.ro\">tl@apdm.galati.ro<\/a><\/span><\/td>\n<td valign=\"top\" width=\"54\"><span style=\"font-size: 8pt;\"><b>X<\/b><\/span><\/td>\n<td valign=\"top\" width=\"54\"><span style=\"font-size: 8pt;\"><b>\u221a<\/b><\/span><\/td>\n<td valign=\"top\" width=\"54\"><span style=\"font-size: 8pt;\"><b>X<\/b><\/span><\/td>\n<td valign=\"top\" width=\"54\"><span style=\"font-size: 8pt;\"><b>X<\/b><\/span><\/td>\n<td valign=\"top\" width=\"54\"><span style=\"font-size: 8pt;\"><b>X<\/b><\/span><\/td>\n<\/tr>\n<tr>\n<td valign=\"top\" width=\"92\"><span style=\"font-size: 10pt;\"><b>Tulcea<\/b><\/span><\/td>\n<td valign=\"top\" width=\"57\"><span style=\"font-size: 10pt;\">Mm 34-42<\/span><\/td>\n<td valign=\"top\" width=\"217\"><span style=\"font-size: 8pt;\"><a href=\"http:\/\/www.romanian-ports.ro\/\" target=\"_blank\" rel=\"noopener\">www.romanian-ports.ro<\/a><\/span><br \/>\n<span style=\"font-size: 8pt;\"><a href=\"mailto:tl@apdm.galati.ro\">tl@apdm.galati.ro<\/a><\/span><\/td>\n<td valign=\"top\" width=\"54\"><span style=\"font-size: 8pt;\"><b>\u221a<\/b><\/span><\/td>\n<td valign=\"top\" width=\"54\"><span style=\"font-size: 8pt;\"><b>\u221a<\/b><\/span><\/td>\n<td valign=\"top\" width=\"54\"><span style=\"font-size: 8pt;\"><b>X<\/b><\/span><\/td>\n<td valign=\"top\" width=\"54\"><span style=\"font-size: 8pt;\"><b>X<\/b><\/span><\/td>\n<td valign=\"top\" width=\"54\"><span style=\"font-size: 8pt;\"><b>X<\/b><\/span><\/td>\n<\/tr>\n<tr>\n<td valign=\"top\" width=\"92\"><span style=\"font-size: 10pt;\"><b>Mahmudia<\/b><\/span><\/td>\n<td valign=\"top\" width=\"57\"><span style=\"font-size: 10pt;\">km 86 &#8211; 90 : bras Sf. Gheorghe<\/span><\/td>\n<td valign=\"top\" width=\"217\"><span style=\"font-size: 8pt;\"><a href=\"http:\/\/www.romanian-ports.ro\/\" target=\"_blank\" rel=\"noopener\">www.romanian-ports.ro<\/a><a href=\"mailto:tl@apdm.galati.ro\">tl@apdm.galati.ro<\/a><\/span><\/td>\n<td valign=\"top\" width=\"54\"><span style=\"font-size: 8pt;\"><b>X<\/b><\/span><\/td>\n<td valign=\"top\" width=\"54\"><span style=\"font-size: 8pt;\"><b>\u221a<\/b><\/span><\/td>\n<td valign=\"top\" width=\"54\"><span style=\"font-size: 8pt;\"><b>X<\/b><\/span><\/td>\n<td valign=\"top\" width=\"54\"><span style=\"font-size: 8pt;\"><b>X<\/b><\/span><\/td>\n<td valign=\"top\" width=\"54\"><span style=\"font-size: 8pt;\"><b>X<\/b><\/span><\/td>\n<\/tr>\n<tr>\n<td valign=\"top\" width=\"92\"><span style=\"font-size: 10pt;\"><b>Medgidia<\/b><\/span><\/td>\n<td valign=\"top\" width=\"57\"><span style=\"font-size: 10pt;\">km 37,50 du canal Danube &#8211; mer Noire<\/span><\/td>\n<td valign=\"top\" width=\"217\"><span style=\"font-size: 8pt;\"><a href=\"mailto:compania@acn.ro\">compania@acn.ro<\/a><\/span><br \/>\n<span style=\"font-size: 8pt;\"><a href=\"mailto:dobroport@gmail.com\">dobroport@gmail.com<\/a><\/span><\/td>\n<td valign=\"top\" width=\"54\"><span style=\"font-size: 8pt;\"><b>\u221a<\/b><\/span><\/td>\n<td valign=\"top\" width=\"54\"><span style=\"font-size: 8pt;\"><b>\u221a<\/b><\/span><\/td>\n<td valign=\"top\" width=\"54\"><span style=\"font-size: 8pt;\"><b>\u221a<\/b><\/span><\/td>\n<td valign=\"top\" width=\"54\"><span style=\"font-size: 8pt;\"><b>\u221a<\/b><\/span><\/td>\n<td valign=\"top\" width=\"54\"><span style=\"font-size: 8pt;\"><b>X<\/b><\/span><\/td>\n<\/tr>\n<tr>\n<td valign=\"top\" width=\"92\"><span style=\"font-size: 10pt;\"><b>Basarabi (Murfatlar)<\/b><\/span><\/td>\n<td valign=\"top\" width=\"57\"><span style=\"font-size: 10pt;\">km 25,00 du canal Danube &#8211; mer Noire<\/span><\/td>\n<td valign=\"top\" width=\"217\"><span style=\"font-size: 8pt;\"><a href=\"mailto:compania@acn.ro\">compania@acn.ro<\/a><\/span><br \/>\n<span style=\"font-size: 8pt;\"><a href=\"mailto:dobroport@gmail.com\">dobroport@gmail.com<\/a><\/span><\/td>\n<td valign=\"top\" width=\"54\"><span style=\"font-size: 8pt;\"><b>\u221a<\/b><\/span><\/td>\n<td valign=\"top\" width=\"54\"><span style=\"font-size: 8pt;\"><b>\u221a<\/b><\/span><\/td>\n<td valign=\"top\" width=\"54\"><span style=\"font-size: 8pt;\"><b>\u221a<\/b><\/span><\/td>\n<td valign=\"top\" width=\"54\"><span style=\"font-size: 8pt;\"><b>X<\/b><\/span><\/td>\n<td valign=\"top\" width=\"54\"><span style=\"font-size: 8pt;\"><b>X<\/b><\/span><\/td>\n<\/tr>\n<tr>\n<td valign=\"top\" width=\"92\"><span style=\"font-size: 10pt;\"><b>Ovidiu<\/b><\/span><\/td>\n<td valign=\"top\" width=\"57\"><span style=\"font-size: 10pt;\">km 11 du canal Poarta Alb\u0103 &#8211; Midia N\u0103vodari<\/span><\/td>\n<td valign=\"top\" width=\"217\"><span style=\"font-size: 8pt;\"><a href=\"mailto:comprest_util@hotmail.com\">comprest_util@hotmail.com<\/a><\/span><br \/>\n<span style=\"font-size: 8pt;\"><a href=\"mailto:scut_constanta@yahoo.com\">scut_constanta@yahoo.com<\/a><\/span><\/td>\n<td valign=\"top\" width=\"54\"><span style=\"font-size: 8pt;\"><b>\u221a<\/b><\/span><\/td>\n<td valign=\"top\" width=\"54\"><span style=\"font-size: 8pt;\"><b>\u221a<\/b><\/span><\/td>\n<td valign=\"top\" width=\"54\"><span style=\"font-size: 8pt;\"><b>\u221a<\/b><\/span><\/td>\n<td valign=\"top\" width=\"54\"><span style=\"font-size: 8pt;\"><b>X<\/b><\/span><\/td>\n<td valign=\"top\" width=\"54\"><span style=\"font-size: 8pt;\"><b>X<\/b><\/span><\/td>\n<\/tr>\n<tr>\n<td valign=\"top\" width=\"92\"><span style=\"font-size: 10pt;\"><b>Lumini\u0163a<\/b><\/span><\/td>\n<td valign=\"top\" width=\"57\"><span style=\"font-size: 10pt;\">km 0,2 du canal Poarta Alb\u0103 &#8211; Midia N\u0103vodari<\/span><\/td>\n<td valign=\"top\" width=\"217\"><span style=\"font-size: 8pt;\"><a href=\"mailto:geomarstv@datanet.ro\">geomarstv@datanet.ro<\/a><\/span><\/td>\n<td valign=\"top\" width=\"54\"><span style=\"font-size: 8pt;\"><b>\u221a<\/b><\/span><\/td>\n<td valign=\"top\" width=\"54\"><span style=\"font-size: 8pt;\"><b>\u221a<\/b><\/span><\/td>\n<td valign=\"top\" width=\"54\"><span style=\"font-size: 8pt;\"><b>\u221a<\/b><\/span><\/td>\n<td valign=\"top\" width=\"54\"><span style=\"font-size: 8pt;\"><b>X<\/b><\/span><\/td>\n<td valign=\"top\" width=\"54\"><span style=\"font-size: 8pt;\"><b>X<\/b><\/span><\/td>\n<\/tr>\n<\/tbody>\n<\/table>\n<p><iframe loading=\"lazy\" src=\"https:\/\/www.google.com\/maps\/d\/u\/0\/embed?mid=1e2shuDpzBNKlN5bwcJMvp5qtbw8&amp;ll=44.582089143681216%2C25.70983514687498&amp;z=7\" width=\"800\" height=\"600\"><span style=\"display: inline-block; width: 0px; overflow: hidden; line-height: 0;\" data-mce-type=\"bookmark\" class=\"mce_SELRES_start\">\ufeff<\/span><span style=\"display: inline-block; width: 0px; overflow: hidden; line-height: 0;\" data-mce-type=\"bookmark\" class=\"mce_SELRES_start\">\ufeff<\/span><\/iframe><\/p>\n","protected":false},"excerpt":{"rendered":"<p>D\u00e9nomination du port Km Site Internet E-Mail Marchand. g\u00e9n\u00e9rales Marchand. en vrac Marchand. liquides Conte-neurs Ro-Ro Moldova Veche 1047-1050,50 www.apdf.ro<\/p>\n","protected":false},"author":1,"featured_media":0,"parent":684,"menu_order":8,"comment_status":"closed","ping_status":"closed","template":"","meta":{"_seopress_robots_primary_cat":"","_seopress_titles_title":"","_seopress_titles_desc":"","_seopress_robots_index":"","colormag_page_container_layout":"default_layout","colormag_page_sidebar_layout":"default_layout","footnotes":""},"class_list":["post-1753","page","type-page","status-publish","hentry"],"_links":{"self":[{"href":"https:\/\/www.danubecommission.org\/dc\/wp-json\/wp\/v2\/pages\/1753","targetHints":{"allow":["GET"]}}],"collection":[{"href":"https:\/\/www.danubecommission.org\/dc\/wp-json\/wp\/v2\/pages"}],"about":[{"href":"https:\/\/www.danubecommission.org\/dc\/wp-json\/wp\/v2\/types\/page"}],"author":[{"embeddable":true,"href":"https:\/\/www.danubecommission.org\/dc\/wp-json\/wp\/v2\/users\/1"}],"replies":[{"embeddable":true,"href":"https:\/\/www.danubecommission.org\/dc\/wp-json\/wp\/v2\/comments?post=1753"}],"version-history":[{"count":0,"href":"https:\/\/www.danubecommission.org\/dc\/wp-json\/wp\/v2\/pages\/1753\/revisions"}],"up":[{"embeddable":true,"href":"https:\/\/www.danubecommission.org\/dc\/wp-json\/wp\/v2\/pages\/684"}],"wp:attachment":[{"href":"https:\/\/www.danubecommission.org\/dc\/wp-json\/wp\/v2\/media?parent=1753"}],"curies":[{"name":"wp","href":"https:\/\/api.w.org\/{rel}","templated":true}]}}