{"id":1769,"date":"2017-02-10T11:17:46","date_gmt":"2017-02-10T10:17:46","guid":{"rendered":"http:\/\/www.danubecommission.org\/dc\/?page_id=1769"},"modified":"2023-11-17T11:21:13","modified_gmt":"2023-11-17T10:21:13","slug":"ukraine","status":"publish","type":"page","link":"https:\/\/www.danubecommission.org\/dc\/de\/die-donauschifffahrt\/donauhaefen\/ukraine\/","title":{"rendered":"Ukraine"},"content":{"rendered":"<table border=\"0\" cellspacing=\"0\" cellpadding=\"0\">\n<tbody>\n<tr>\n<td valign=\"top\" width=\"92\"><span style=\"font-size: 10pt;\"><b>\u041dafen<\/b><\/span><\/td>\n<td valign=\"top\" width=\"57\"><span style=\"font-size: 10pt;\"><b>Km<\/b><\/span><\/td>\n<td valign=\"top\" width=\"217\"><span style=\"font-size: 10pt;\"><b>Website<\/b><\/span><br \/>\n<span style=\"font-size: 10pt;\"><b>E-Mail<\/b><\/span><\/td>\n<td valign=\"top\" width=\"54\"><span style=\"font-size: 10pt;\"><b>Allgemeine G\u00fcter<\/b><\/span><\/td>\n<td valign=\"top\" width=\"54\"><span style=\"font-size: 10pt;\"><b>Sch\u00fcttg\u00fcter<\/b><\/span><\/td>\n<td valign=\"top\" width=\"54\"><span style=\"font-size: 10pt;\"><b>Fl\u00fcssiggut<\/b><\/span><\/td>\n<td valign=\"top\" width=\"54\"><span style=\"font-size: 10pt;\"><b>Container<\/b><\/span><\/td>\n<td valign=\"top\" width=\"54\"><span style=\"font-size: 10pt;\"><b>Ro-Ro<\/b><\/span><\/td>\n<\/tr>\n<tr>\n<td valign=\"top\" width=\"92\"><span style=\"font-size: 10pt;\"><b>Reni<\/b><\/span><\/td>\n<td valign=\"top\" width=\"57\"><span style=\"font-size: 10pt;\">127,80<\/span><\/td>\n<td valign=\"top\" width=\"217\"><span style=\"font-size: 8pt;\"><a href=\"http:\/\/www.portreni.com.ua\/\" target=\"_blank\" rel=\"noopener\">www.portreni.com.ua<\/a><\/span><br \/>\n<span style=\"font-size: 8pt;\"><a href=\"mailto:portreni@reni.uptel.net\">portreni@reni.uptel.net<\/a><\/span><\/td>\n<td valign=\"top\" width=\"54\"><span style=\"font-size: 8pt;\"><b>\u221a<\/b><\/span><\/td>\n<td valign=\"top\" width=\"54\"><span style=\"font-size: 8pt;\"><b>\u221a<\/b><\/span><\/td>\n<td valign=\"top\" width=\"54\"><span style=\"font-size: 8pt;\"><b>\u221a<\/b><\/span><\/td>\n<td valign=\"top\" width=\"54\"><span style=\"font-size: 8pt;\"><b>\u221a<\/b><\/span><\/td>\n<td valign=\"top\" width=\"54\"><span style=\"font-size: 8pt;\"><b>\u221a<\/b><\/span><\/td>\n<\/tr>\n<tr>\n<td valign=\"top\" width=\"92\"><span style=\"font-size: 10pt;\"><b>Ismail<\/b><\/span><\/td>\n<td valign=\"top\" width=\"57\"><span style=\"font-size: 10pt;\">85-94<\/span><\/td>\n<td valign=\"top\" width=\"217\"><span style=\"font-size: 8pt;\"><a href=\"http:\/\/www.izmport.com.ua\/\" target=\"_blank\" rel=\"noopener\">www.izmport.com.ua<\/a><\/span><br \/>\n<span style=\"font-size: 8pt;\"><a href=\"mailto:aho@izmport.com.ua\">aho@izmport.com.ua<\/a><\/span><\/td>\n<td valign=\"top\" width=\"54\"><span style=\"font-size: 8pt;\"><b>\u221a<\/b><\/span><\/td>\n<td valign=\"top\" width=\"54\"><span style=\"font-size: 8pt;\"><b>\u221a<\/b><\/span><\/td>\n<td valign=\"top\" width=\"54\"><span style=\"font-size: 8pt;\"><b>X<\/b><\/span><\/td>\n<td valign=\"top\" width=\"54\"><span style=\"font-size: 8pt;\"><b>\u221a<\/b><\/span><\/td>\n<td valign=\"top\" width=\"54\"><span style=\"font-size: 8pt;\"><b>X<\/b><\/span><\/td>\n<\/tr>\n<tr>\n<td valign=\"top\" width=\"92\"><span style=\"font-size: 10pt;\"><b>Chilia <\/b><\/span><\/td>\n<td valign=\"top\" width=\"57\"><span style=\"font-size: 10pt;\">46,50-47,00<\/span><\/td>\n<td valign=\"top\" width=\"217\"><span style=\"font-size: 8pt;\"><a href=\"mailto:kilport@kiliya.upstel.net\">kilport@kiliya.upstel.net<\/a><\/span><\/td>\n<td valign=\"top\" width=\"54\"><span style=\"font-size: 8pt;\"><b>\u221a<\/b><\/span><\/td>\n<td valign=\"top\" width=\"54\"><span style=\"font-size: 8pt;\"><b>\u221a<\/b><\/span><\/td>\n<td valign=\"top\" width=\"54\"><span style=\"font-size: 8pt;\"><b>X<\/b><\/span><\/td>\n<td valign=\"top\" width=\"54\"><span style=\"font-size: 8pt;\"><b>X<\/b><\/span><\/td>\n<td valign=\"top\" width=\"54\"><span style=\"font-size: 8pt;\"><b>X<\/b><\/span><\/td>\n<\/tr>\n<tr>\n<td valign=\"top\" width=\"92\"><span style=\"font-size: 10pt;\"><b>Ust\u2019-Dunajsk <\/b><\/span><\/td>\n<td valign=\"top\" width=\"57\"><span style=\"font-size: 10pt;\">0,01<\/span><\/td>\n<td valign=\"top\" width=\"217\"><span style=\"font-size: 8pt;\"><a href=\"mailto:vilport@odtel.net\">vilport@odtel.net<\/a><\/span><\/td>\n<td valign=\"top\" width=\"54\"><span style=\"font-size: 8pt;\"><b>\u221a<\/b><\/span><\/td>\n<td valign=\"top\" width=\"54\"><span style=\"font-size: 8pt;\"><b>\u221a<\/b><\/span><\/td>\n<td valign=\"top\" width=\"54\"><span style=\"font-size: 8pt;\"><b>X<\/b><\/span><\/td>\n<td valign=\"top\" width=\"54\"><span style=\"font-size: 8pt;\"><b>X<\/b><\/span><\/td>\n<td valign=\"top\" width=\"54\"><span style=\"font-size: 8pt;\"><b>X<\/b><\/span><\/td>\n<\/tr>\n<\/tbody>\n<\/table>\n<p><iframe loading=\"lazy\" src=\"https:\/\/www.google.com\/maps\/d\/u\/0\/embed?mid=1e2shuDpzBNKlN5bwcJMvp5qtbw8&amp;ll=45.367865390657485%2C28.923096540649453&amp;z=9\" width=\"800\" height=\"600\"><span style=\"display: inline-block; width: 0px; overflow: hidden; line-height: 0;\" data-mce-type=\"bookmark\" class=\"mce_SELRES_start\">\ufeff<\/span><span style=\"display: inline-block; width: 0px; overflow: hidden; line-height: 0;\" data-mce-type=\"bookmark\" class=\"mce_SELRES_start\">\ufeff<\/span><\/iframe><\/p>\n","protected":false},"excerpt":{"rendered":"<p>\u041dafen Km Website E-Mail Allgemeine G\u00fcter Sch\u00fcttg\u00fcter Fl\u00fcssiggut Container Ro-Ro Reni 127,80 www.portreni.com.ua portreni@reni.uptel.net \u221a \u221a \u221a \u221a \u221a Ismail<\/p>\n","protected":false},"author":1,"featured_media":0,"parent":612,"menu_order":10,"comment_status":"closed","ping_status":"closed","template":"","meta":{"_seopress_robots_primary_cat":"","_seopress_titles_title":"","_seopress_titles_desc":"","_seopress_robots_index":"","colormag_page_container_layout":"default_layout","colormag_page_sidebar_layout":"default_layout","footnotes":""},"class_list":["post-1769","page","type-page","status-publish","hentry"],"_links":{"self":[{"href":"https:\/\/www.danubecommission.org\/dc\/wp-json\/wp\/v2\/pages\/1769","targetHints":{"allow":["GET"]}}],"collection":[{"href":"https:\/\/www.danubecommission.org\/dc\/wp-json\/wp\/v2\/pages"}],"about":[{"href":"https:\/\/www.danubecommission.org\/dc\/wp-json\/wp\/v2\/types\/page"}],"author":[{"embeddable":true,"href":"https:\/\/www.danubecommission.org\/dc\/wp-json\/wp\/v2\/users\/1"}],"replies":[{"embeddable":true,"href":"https:\/\/www.danubecommission.org\/dc\/wp-json\/wp\/v2\/comments?post=1769"}],"version-history":[{"count":0,"href":"https:\/\/www.danubecommission.org\/dc\/wp-json\/wp\/v2\/pages\/1769\/revisions"}],"up":[{"embeddable":true,"href":"https:\/\/www.danubecommission.org\/dc\/wp-json\/wp\/v2\/pages\/612"}],"wp:attachment":[{"href":"https:\/\/www.danubecommission.org\/dc\/wp-json\/wp\/v2\/media?parent=1769"}],"curies":[{"name":"wp","href":"https:\/\/api.w.org\/{rel}","templated":true}]}}