{"id":1771,"date":"2017-02-10T11:29:13","date_gmt":"2017-02-10T10:29:13","guid":{"rendered":"http:\/\/www.danubecommission.org\/dc\/?page_id=1771"},"modified":"2023-11-17T11:22:32","modified_gmt":"2023-11-17T10:22:32","slug":"ukraine","status":"publish","type":"page","link":"https:\/\/www.danubecommission.org\/dc\/fr\/navigation-danubienne\/ports-sur-la-danube\/ukraine\/","title":{"rendered":"Ukraine"},"content":{"rendered":"<table style=\"width: 95.2361%;\" border=\"0\" cellspacing=\"0\" cellpadding=\"0\">\n<tbody>\n<tr>\n<td style=\"width: 13.6899%;\" valign=\"top\" width=\"148\"><span style=\"font-size: 10pt;\"><b>D\u00e9nomination du port<\/b><\/span><\/td>\n<td style=\"width: 8.15956%;\" valign=\"top\" width=\"87\"><span style=\"font-size: 10pt;\"><b>Km<\/b><\/span><\/td>\n<td style=\"width: 30.1904%;\" valign=\"top\" width=\"330\"><span style=\"font-size: 10pt;\"><b>Site Internet<\/b><\/span><br \/>\n<span style=\"font-size: 10pt;\"><b>E-Mail<\/b><\/span><\/td>\n<td style=\"width: 14.4152%;\" valign=\"top\" width=\"156\"><span style=\"font-size: 10pt;\"><b>Marchand.<\/b><\/span><\/p>\n<p><span style=\"font-size: 10pt;\"><b> g\u00e9n\u00e9rales<\/b><\/span><\/td>\n<td style=\"width: 7.25295%;\" valign=\"top\" width=\"77\"><span style=\"font-size: 10pt;\"><b>Marchand. en vrac<\/b><\/span><\/td>\n<td style=\"width: 7.70626%;\" valign=\"top\" width=\"82\"><span style=\"font-size: 10pt;\"><b>Marchand. liquides<\/b><\/span><\/td>\n<td style=\"width: 7.70626%;\" valign=\"top\" width=\"111\"><span style=\"font-size: 10pt;\"><b>Conteneurs<\/b><\/span><\/td>\n<td style=\"width: 10.7888%;\" valign=\"top\" width=\"87\"><span style=\"font-size: 10pt;\"><b>Ro-Ro<\/b><\/span><\/td>\n<\/tr>\n<tr>\n<td style=\"width: 13.6899%;\" valign=\"top\" width=\"148\"><span style=\"font-size: 10pt;\"><b>Reni<\/b><\/span><\/td>\n<td style=\"width: 8.15956%;\" valign=\"top\" width=\"87\"><span style=\"font-size: 10pt;\">127,80<\/span><\/td>\n<td style=\"width: 30.1904%;\" valign=\"top\" width=\"330\"><span style=\"font-size: 8pt;\"><a href=\"http:\/\/www.portreni.com.ua\/\" target=\"_blank\" rel=\"noopener\">www.portreni.com.ua<\/a><\/span><br \/>\n<span style=\"font-size: 8pt;\"><a href=\"mailto:portreni@reni.uptel.net\">portreni@reni.uptel.net<\/a><\/span><\/td>\n<td style=\"width: 14.4152%;\" valign=\"top\" width=\"156\"><span style=\"font-size: 8pt;\"><b>\u221a<\/b><\/span><\/td>\n<td style=\"width: 7.25295%;\" valign=\"top\" width=\"77\"><span style=\"font-size: 8pt;\"><b>\u221a<\/b><\/span><\/td>\n<td style=\"width: 7.70626%;\" valign=\"top\" width=\"82\"><span style=\"font-size: 8pt;\"><b>\u221a<\/b><\/span><\/td>\n<td style=\"width: 7.70626%;\" valign=\"top\" width=\"111\"><span style=\"font-size: 8pt;\"><b>\u221a<\/b><\/span><\/td>\n<td style=\"width: 10.7888%;\" valign=\"top\" width=\"87\"><span style=\"font-size: 8pt;\"><b>\u221a<\/b><\/span><\/td>\n<\/tr>\n<tr>\n<td style=\"width: 13.6899%;\" valign=\"top\" width=\"148\"><span style=\"font-size: 10pt;\"><b>Ismail<\/b><\/span><\/td>\n<td style=\"width: 8.15956%;\" valign=\"top\" width=\"87\"><span style=\"font-size: 10pt;\">85-94<\/span><\/td>\n<td style=\"width: 30.1904%;\" valign=\"top\" width=\"330\"><span style=\"font-size: 8pt;\"><a href=\"http:\/\/www.izmport.com.ua\/\" target=\"_blank\" rel=\"noopener\">www.izmport.com.ua<\/a><\/span><br \/>\n<span style=\"font-size: 8pt;\"><a href=\"mailto:aho@izmport.com.ua\">aho@izmport.com.ua<\/a><\/span><\/td>\n<td style=\"width: 14.4152%;\" valign=\"top\" width=\"156\"><span style=\"font-size: 8pt;\"><b>\u221a<\/b><\/span><\/td>\n<td style=\"width: 7.25295%;\" valign=\"top\" width=\"77\"><span style=\"font-size: 8pt;\"><b>\u221a<\/b><\/span><\/td>\n<td style=\"width: 7.70626%;\" valign=\"top\" width=\"82\"><span style=\"font-size: 8pt;\"><b>X<\/b><\/span><\/td>\n<td style=\"width: 7.70626%;\" valign=\"top\" width=\"111\"><span style=\"font-size: 8pt;\"><b>\u221a<\/b><\/span><\/td>\n<td style=\"width: 10.7888%;\" valign=\"top\" width=\"87\"><span style=\"font-size: 8pt;\"><b>X<\/b><\/span><\/td>\n<\/tr>\n<tr>\n<td style=\"width: 13.6899%;\" valign=\"top\" width=\"148\"><span style=\"font-size: 10pt;\"><b>Chilia <\/b><\/span><\/td>\n<td style=\"width: 8.15956%;\" valign=\"top\" width=\"87\"><span style=\"font-size: 10pt;\">46,50-47,00<\/span><\/td>\n<td style=\"width: 30.1904%;\" valign=\"top\" width=\"330\"><span style=\"font-size: 8pt;\"><a href=\"mailto:kilport@kiliya.upstel.net\">kilport@kiliya.upstel.net<\/a><\/span><\/td>\n<td style=\"width: 14.4152%;\" valign=\"top\" width=\"156\"><span style=\"font-size: 8pt;\"><b>\u221a<\/b><\/span><\/td>\n<td style=\"width: 7.25295%;\" valign=\"top\" width=\"77\"><span style=\"font-size: 8pt;\"><b>\u221a<\/b><\/span><\/td>\n<td style=\"width: 7.70626%;\" valign=\"top\" width=\"82\"><span style=\"font-size: 8pt;\"><b>X<\/b><\/span><\/td>\n<td style=\"width: 7.70626%;\" valign=\"top\" width=\"111\"><span style=\"font-size: 8pt;\"><b>X<\/b><\/span><\/td>\n<td style=\"width: 10.7888%;\" valign=\"top\" width=\"87\"><span style=\"font-size: 8pt;\"><b>X<\/b><\/span><\/td>\n<\/tr>\n<tr>\n<td style=\"width: 13.6899%;\" valign=\"top\" width=\"148\"><span style=\"font-size: 10pt;\"><b>Ust\u2019-Dunajsk <\/b><\/span><\/td>\n<td style=\"width: 8.15956%;\" valign=\"top\" width=\"87\"><span style=\"font-size: 10pt;\">0,01<\/span><\/td>\n<td style=\"width: 30.1904%;\" valign=\"top\" width=\"330\"><span style=\"font-size: 8pt;\"><a href=\"mailto:vilport@odtel.net\">vilport@odtel.net<\/a><\/span><\/td>\n<td style=\"width: 14.4152%;\" valign=\"top\" width=\"156\"><span style=\"font-size: 8pt;\"><b>\u221a<\/b><\/span><\/td>\n<td style=\"width: 7.25295%;\" valign=\"top\" width=\"77\"><span style=\"font-size: 8pt;\"><b>\u221a<\/b><\/span><\/td>\n<td style=\"width: 7.70626%;\" valign=\"top\" width=\"82\"><span style=\"font-size: 8pt;\"><b>X<\/b><\/span><\/td>\n<td style=\"width: 7.70626%;\" valign=\"top\" width=\"111\"><span style=\"font-size: 8pt;\"><b>X<\/b><\/span><\/td>\n<td style=\"width: 10.7888%;\" valign=\"top\" width=\"87\"><span style=\"font-size: 8pt;\"><b>X<\/b><\/span><\/td>\n<\/tr>\n<\/tbody>\n<\/table>\n<p><iframe loading=\"lazy\" src=\"https:\/\/www.google.com\/maps\/d\/u\/0\/embed?mid=1e2shuDpzBNKlN5bwcJMvp5qtbw8&amp;ll=45.367865390657485%2C28.923096540649453&amp;z=9\" width=\"800\" height=\"600\"><span style=\"display: inline-block; width: 0px; overflow: hidden; line-height: 0;\" data-mce-type=\"bookmark\" class=\"mce_SELRES_start\">\ufeff<\/span><span style=\"display: inline-block; width: 0px; overflow: hidden; line-height: 0;\" data-mce-type=\"bookmark\" class=\"mce_SELRES_start\">\ufeff<\/span><\/iframe><\/p>\n","protected":false},"excerpt":{"rendered":"<p>D\u00e9nomination du port Km Site Internet E-Mail Marchand. g\u00e9n\u00e9rales Marchand. en vrac Marchand. liquides Conteneurs Ro-Ro Reni 127,80 www.portreni.com.ua portreni@reni.uptel.net<\/p>\n","protected":false},"author":1,"featured_media":0,"parent":684,"menu_order":10,"comment_status":"closed","ping_status":"closed","template":"","meta":{"_seopress_robots_primary_cat":"","_seopress_titles_title":"","_seopress_titles_desc":"","_seopress_robots_index":"","colormag_page_container_layout":"default_layout","colormag_page_sidebar_layout":"default_layout","footnotes":""},"class_list":["post-1771","page","type-page","status-publish","hentry"],"_links":{"self":[{"href":"https:\/\/www.danubecommission.org\/dc\/wp-json\/wp\/v2\/pages\/1771","targetHints":{"allow":["GET"]}}],"collection":[{"href":"https:\/\/www.danubecommission.org\/dc\/wp-json\/wp\/v2\/pages"}],"about":[{"href":"https:\/\/www.danubecommission.org\/dc\/wp-json\/wp\/v2\/types\/page"}],"author":[{"embeddable":true,"href":"https:\/\/www.danubecommission.org\/dc\/wp-json\/wp\/v2\/users\/1"}],"replies":[{"embeddable":true,"href":"https:\/\/www.danubecommission.org\/dc\/wp-json\/wp\/v2\/comments?post=1771"}],"version-history":[{"count":0,"href":"https:\/\/www.danubecommission.org\/dc\/wp-json\/wp\/v2\/pages\/1771\/revisions"}],"up":[{"embeddable":true,"href":"https:\/\/www.danubecommission.org\/dc\/wp-json\/wp\/v2\/pages\/684"}],"wp:attachment":[{"href":"https:\/\/www.danubecommission.org\/dc\/wp-json\/wp\/v2\/media?parent=1771"}],"curies":[{"name":"wp","href":"https:\/\/api.w.org\/{rel}","templated":true}]}}