{"id":2027,"date":"2017-02-24T11:31:22","date_gmt":"2017-02-24T10:31:22","guid":{"rendered":"http:\/\/www.danubecommission.org\/dc\/?page_id=2027"},"modified":"2024-03-04T11:03:21","modified_gmt":"2024-03-04T10:03:21","slug":"%d0%bf%d0%be%d1%81%d0%be%d0%bb%d1%8c%d1%81%d1%82%d0%b2%d0%b0-%d0%b8-%d0%ba%d0%be%d0%bd%d1%81%d1%83%d0%bb%d1%8c%d1%81%d1%82%d0%b2%d0%b0-%d1%81%d1%82%d1%80%d0%b0%d0%bd-%d1%87%d0%bb%d0%b5%d0%bd%d0%be","status":"publish","type":"page","link":"https:\/\/www.danubecommission.org\/dc\/ru\/%d0%bf%d0%be%d0%bb%d0%b5%d0%b7%d0%bd%d1%8b%d0%b5-%d1%81%d1%81%d1%8b%d0%bb%d0%ba%d0%b8\/%d0%bf%d0%be%d1%81%d0%be%d0%bb%d1%8c%d1%81%d1%82%d0%b2%d0%b0-%d0%b8-%d0%ba%d0%be%d0%bd%d1%81%d1%83%d0%bb%d1%8c%d1%81%d1%82%d0%b2%d0%b0-%d1%81%d1%82%d1%80%d0%b0%d0%bd-%d1%87%d0%bb%d0%b5%d0%bd%d0%be\/","title":{"rendered":"\u041f\u043e\u0441\u043e\u043b\u044c\u0441\u0442\u0432\u0430 \u0438 \u043a\u043e\u043d\u0441\u0443\u043b\u044c\u0441\u0442\u0432\u0430 \u0441\u0442\u0440\u0430\u043d-\u0447\u043b\u0435\u043d\u043e\u0432 \u0414\u0443\u043d\u0430\u0439\u0441\u043a\u043e\u0439 \u041a\u043e\u043c\u0438\u0441\u0441\u0438\u0438"},"content":{"rendered":"<p><strong>\u0410\u0432\u0441\u0442\u0440\u0438\u044f<\/strong><\/p>\n<p>1068 Budapest, Bencz\u00far u. 16.<\/p>\n<p><a href=\"http:\/\/www.bmeia.gv.at\/botschaft\/budapest.html\" target=\"_blank\" rel=\"noopener\">www.bmeia.gv.at\/botschaft\/budapest.html <\/a><\/p>\n<p>&nbsp;<\/p>\n<p><strong>\u0411\u043e\u043b\u0433\u0430\u0440\u0438\u044f<\/strong><\/p>\n<p>1062 Budapest, Andr\u00e1ssy \u00fat 115.<\/p>\n<p><a href=\"https:\/\/www.mfa.bg\/en\/embassies\/hungary\">https:\/\/www.mfa.bg\/en\/embassies\/hungary<\/a><\/p>\n<p>&nbsp;<\/p>\n<p><strong>\u0413\u0435\u0440\u043c\u0430\u043d\u0438\u044f<\/strong><\/p>\n<p>1014 Budapest, \u00dari utca 64-66.<\/p>\n<p><a href=\"http:\/\/www.budapest.diplo.de\" target=\"_blank\" rel=\"noopener\">www.budapest.diplo.de<\/a><\/p>\n<p>&nbsp;<\/p>\n<p><strong>\u041c\u043e\u043b\u0434\u043e\u0432\u0430<\/strong><\/p>\n<p>1024 Budapest, Ady Endre utca 16.<\/p>\n<p><a href=\"https:\/\/ungaria.mfa.gov.md\/\">https:\/\/ungaria.mfa.gov.md<\/a><\/p>\n<p>&nbsp;<\/p>\n<p><strong>\u0420\u0443\u043c\u044b\u043d\u0438\u044f<\/strong><\/p>\n<p>1146 Budapest, Th\u00f6k\u00f6ly \u00fat 72.<\/p>\n<p><a href=\"http:\/\/budapesta.mae.ro\/en\" target=\"_blank\" rel=\"noopener\">http:\/\/budapesta.mae.ro <\/a><\/p>\n<p>&nbsp;<\/p>\n<p><strong>\u0421\u0435\u0440\u0431\u0438\u044f<\/strong><\/p>\n<p>1068 Budapest, D\u00f3zsa Gy\u00f6rgy \u00fat 92\/b<\/p>\n<p><a href=\"http:\/\/www.budapest.mfa.gov.rs\/index.php\" target=\"_blank\" rel=\"noopener\">www.budapest.mfa.gov.rs<br \/>\n<\/a><\/p>\n<p>&nbsp;<\/p>\n<p><strong>\u0421\u043b\u043e\u0432\u0430\u043a\u0438\u044f<\/strong><\/p>\n<p>1143 Budapest, Stef\u00e1nia \u00fat 22-24.<\/p>\n<p><a href=\"http:\/\/www.budapest.mfa.sk\/\" target=\"_blank\" rel=\"noopener\">www.budapest.mfa.sk<\/a><\/p>\n<p>&nbsp;<\/p>\n<p><strong>\u0423\u043a\u0440\u0430\u0438\u043d\u0430<\/strong><\/p>\n<p>1125 Budapest, Istenhegyi \u00fat 84\/B<\/p>\n<p><a href=\"http:\/\/hungary.mfa.gov.ua\/en\">http:\/\/hungary.mfa.gov.ua\/en<\/a><\/p>\n<p>&nbsp;<\/p>\n<p><strong>\u0425\u043e\u0440\u0432\u0430\u0442\u0438\u044f<\/strong><\/p>\n<p>1065 Budapest, Munk\u00e1csy Mih\u00e1ly utca 15.<\/p>\n<p><a href=\"http:\/\/hu.mvep.hr\/hr\/\" target=\"_blank\" rel=\"noopener\">http:\/\/hu.mvep.hr\/hr\/<\/a><\/p>\n","protected":false},"excerpt":{"rendered":"<p>\u0410\u0432\u0441\u0442\u0440\u0438\u044f 1068 Budapest, Bencz\u00far u. 16. www.bmeia.gv.at\/botschaft\/budapest.html &nbsp; \u0411\u043e\u043b\u0433\u0430\u0440\u0438\u044f 1062 Budapest, Andr\u00e1ssy \u00fat 115. https:\/\/www.mfa.bg\/en\/embassies\/hungary &nbsp; \u0413\u0435\u0440\u043c\u0430\u043d\u0438\u044f 1014 Budapest, \u00dari<\/p>\n","protected":false},"author":1,"featured_media":0,"parent":122,"menu_order":1,"comment_status":"closed","ping_status":"closed","template":"","meta":{"_seopress_robots_primary_cat":"","_seopress_titles_title":"","_seopress_titles_desc":"","_seopress_robots_index":"","colormag_page_container_layout":"default_layout","colormag_page_sidebar_layout":"default_layout","footnotes":""},"class_list":["post-2027","page","type-page","status-publish","hentry"],"_links":{"self":[{"href":"https:\/\/www.danubecommission.org\/dc\/wp-json\/wp\/v2\/pages\/2027","targetHints":{"allow":["GET"]}}],"collection":[{"href":"https:\/\/www.danubecommission.org\/dc\/wp-json\/wp\/v2\/pages"}],"about":[{"href":"https:\/\/www.danubecommission.org\/dc\/wp-json\/wp\/v2\/types\/page"}],"author":[{"embeddable":true,"href":"https:\/\/www.danubecommission.org\/dc\/wp-json\/wp\/v2\/users\/1"}],"replies":[{"embeddable":true,"href":"https:\/\/www.danubecommission.org\/dc\/wp-json\/wp\/v2\/comments?post=2027"}],"version-history":[{"count":0,"href":"https:\/\/www.danubecommission.org\/dc\/wp-json\/wp\/v2\/pages\/2027\/revisions"}],"up":[{"embeddable":true,"href":"https:\/\/www.danubecommission.org\/dc\/wp-json\/wp\/v2\/pages\/122"}],"wp:attachment":[{"href":"https:\/\/www.danubecommission.org\/dc\/wp-json\/wp\/v2\/media?parent=2027"}],"curies":[{"name":"wp","href":"https:\/\/api.w.org\/{rel}","templated":true}]}}