{"id":2196,"date":"2017-03-27T12:16:48","date_gmt":"2017-03-27T11:16:48","guid":{"rendered":"http:\/\/www.danubecommission.org\/dc\/?page_id=2196"},"modified":"2026-01-27T15:40:28","modified_gmt":"2026-01-27T14:40:28","slug":"calendrier-des-seances-et-des-reunions-de-la-cd","status":"publish","type":"page","link":"https:\/\/www.danubecommission.org\/dc\/fr\/commission-du-danube\/calendrier-des-seances-et-des-reunions-de-la-cd\/","title":{"rendered":"Calendrier des seances et des reunions de la CD"},"content":{"rendered":"<table width=\"1398\">\n<tbody>\n<tr>\n<td width=\"246\"><span style=\"font-size: 11pt;\">29 janvier 2026<\/span><\/td>\n<td width=\"1153\"><span style=\"font-size: 11pt;\"><strong>R\u00e9union d&#8217;experts pour les questions de personnel dans la navigation danubienne (EM PERS)<\/strong><\/span><\/td>\n<\/tr>\n<tr>\n<td width=\"246\"><span style=\"font-size: 11pt;\">25 f\u00e9vrier 2026<\/span><\/td>\n<td width=\"1153\"><span style=\"font-size: 11pt;\"><strong>R\u00e9union du groupe informel d\u2019experts pour la poursuite de la mise \u00e0 jour des \u00ab\u00a0<\/strong><strong>Recommandations relatives \u00e0 l\u2019organisation de la collecte des d\u00e9chets des bateaux exploit\u00e9s sur le Danube\u00a0\u00bb<\/strong><\/span><\/td>\n<\/tr>\n<tr>\n<td width=\"246\"><span style=\"font-size: 11pt;\">5 mars 2026<\/span><\/td>\n<td width=\"1153\"><span style=\"font-size: 11pt;\"><strong>R\u00e9union d\u2019experts en mati\u00e8re d\u2019hydrotechnique (EM HYDRO)<\/strong><\/span><\/td>\n<\/tr>\n<tr>\n<td width=\"246\"><span style=\"font-size: 11pt;\">10-12 mars 2026<\/span><\/td>\n<td width=\"1153\"><span style=\"font-size: 11pt;\"><strong>R\u00e9union conjointe de la CD, du Comit\u00e9 <em>CESNI\/TI <\/em>et <em>RIS\/G <\/em>\u00e0 Budapest (CD en tant qu<\/strong><strong>\u2019h\u00f4te<\/strong><strong>)<\/strong><\/span><\/td>\n<\/tr>\n<tr>\n<td width=\"246\"><span style=\"font-size: 11pt;\">15-17 avril 2026<\/span><\/td>\n<td width=\"1153\"><span style=\"font-size: 11pt;\"><strong>S\u00e9ance du groupe de travail pour les questions juridiques et financi\u00e8res (WG JUR-FIN<\/strong><strong>)<\/strong><\/span><\/td>\n<\/tr>\n<tr>\n<td width=\"246\"><span style=\"font-size: 11pt;\">22-23 avril\/28-29 avril 2026<\/span><\/p>\n<p><span style=\"font-size: 11pt;\">(alternative)<\/span><\/td>\n<td width=\"1153\"><span style=\"font-size: 11pt;\"><strong>R\u00e9union d\u2019experts pour le d\u00e9veloppement des ports et des op\u00e9rations portuaires (EM PORTS) \u2013 port de Rouss\u00e9, Bulgarie<\/strong><\/span><\/td>\n<\/tr>\n<tr>\n<td width=\"246\"><span style=\"font-size: 11pt;\">12 mai 2026<\/span><\/td>\n<td width=\"1153\"><span style=\"font-size: 11pt;\"><strong>S\u00e9ance du groupe de travail pour les questions techniques <\/strong><strong>(WG TECH<\/strong><strong>), sous-groupe th\u00e9matique : Navigation et exploitation <\/strong><\/span><\/td>\n<\/tr>\n<tr>\n<td width=\"246\"><span style=\"font-size: 11pt;\">13 mai 2026<\/span><\/td>\n<td width=\"1153\"><span style=\"font-size: 11pt;\"><strong>S\u00e9ance du groupe de travail pour les questions techniques (WG TECH), sous-groupe th\u00e9matique\u00a0: Technique (y compris radiocommunication) et transport de marchandises dangereuses<\/strong><\/span><\/td>\n<\/tr>\n<tr>\n<td width=\"246\"><span style=\"font-size: 11pt;\">11 juin 2026<\/span><\/td>\n<td width=\"1153\"><span style=\"font-size: 11pt;\"><strong>105<sup>e<\/sup> session de la Commission du Danube<\/strong><\/span><\/td>\n<\/tr>\n<tr>\n<td width=\"246\"><span style=\"font-size: 11pt;\">16-17 septembre 2026<\/span><\/td>\n<td width=\"1153\"><span style=\"font-size: 11pt;\"><strong>Dix-septi\u00e8me rencontre sur la D\u00e9claration commune, organis\u00e9e par la CD, la CIPD et la CIBS (Zagreb, Croatie)<\/strong><\/span><\/td>\n<\/tr>\n<tr>\n<td width=\"246\"><span style=\"font-size: 11pt;\">13-15 octobre 2026<\/span><\/td>\n<td width=\"1153\"><span style=\"font-size: 11pt;\"><strong>S\u00e9ance du groupe de travail pour les questions juridiques et financi\u00e8res (WG JUR-FIN<\/strong><strong>)<\/strong><\/span><\/td>\n<\/tr>\n<tr>\n<td width=\"246\"><span style=\"font-size: 11pt;\">10 novembre 2026<\/span><\/td>\n<td width=\"1153\"><span style=\"font-size: 11pt;\"><strong>S\u00e9ance du groupe de travail pour les questions techniques <\/strong><strong>(WG TECH<\/strong><strong>), sous-groupe th\u00e9matique\u00a0: Navigation et exploitation<\/strong><\/span><\/td>\n<\/tr>\n<tr>\n<td width=\"246\"><span style=\"font-size: 11pt;\">11 novembre 2026<\/span><\/td>\n<td width=\"1153\"><span style=\"font-size: 11pt;\"><strong>S\u00e9ance du groupe de travail pour les questions techniques (WG TECH), sous-groupe th\u00e9matique\u00a0: Technique (y compris radiocommunication) et transport de marchandises dangereuses<\/strong><\/span><\/td>\n<\/tr>\n<tr>\n<td width=\"246\"><span style=\"font-size: 11pt;\">12 novembre 2026<\/span><\/td>\n<td width=\"1153\"><span style=\"font-size: 11pt;\"><strong>S\u00e9ance du groupe de travail pour les questions techniques (WG TECH), sous-groupe th\u00e9matique\u00a0: Infrastructure, ports, \u00e9conomie<\/strong><\/span><\/td>\n<\/tr>\n<tr>\n<td width=\"246\"><span style=\"font-size: 11pt;\">17 d\u00e9cembre 2026<\/span><\/td>\n<td width=\"1153\"><span style=\"font-size: 11pt;\"><strong>106<sup>e<\/sup> session de la Commission du Danube<\/strong><\/span><\/td>\n<\/tr>\n<tr>\n<td width=\"246\"><span style=\"font-size: 11pt;\"><strong>I<sup>er<\/sup> trimestre 2026<\/strong><\/span><\/p>\n<p><span style=\"font-size: 11pt;\"><em>28 janvier 2026<\/em><\/span><\/p>\n<p><span style=\"font-size: 11pt;\"><em>4 mars 2026<\/em><\/span><\/td>\n<td width=\"1153\"><span style=\"font-size: 11pt;\"><strong>S\u00e9ances du projet <em>GRANT III<\/em><\/strong><\/span><\/p>\n<p><span style=\"font-size: 11pt;\"><em>Atelier conjoint EDINNA et CD<\/em> <em>sur la formation et le perfectionnement en mati\u00e8re de navigation sur le Danube<\/em><\/span><\/p>\n<p><span style=\"font-size: 11pt;\"><em>Atelier conjoint EUSDR\/PA1A et CD sur les conditions de navigation<\/em><\/span><\/td>\n<\/tr>\n<tr>\n<td width=\"246\"><span style=\"font-size: 11pt;\"><strong>II<sup>e<\/sup> trimestre 2026<\/strong><\/span><\/p>\n<p><span style=\"font-size: 11pt;\"><em>18-21 mai 2026<\/em><\/span><\/td>\n<td width=\"1153\"><span style=\"font-size: 11pt;\"><strong>S\u00e9ances du projet <em>PLATINA4Action<\/em><\/strong><\/span><\/p>\n<p><span style=\"font-size: 11pt;\"><em>Transport Research Arena, Budapest<\/em><\/span><\/td>\n<\/tr>\n<tr>\n<td width=\"246\"><span style=\"font-size: 11pt;\"><strong>I<sup>er<\/sup>-IV<sup>e<\/sup> trimestre 2026<\/strong><\/span><\/td>\n<td width=\"1153\"><span style=\"font-size: 11pt;\"><strong>S\u00e9ances du projet \u00ab\u00a0Strat\u00e9gie de num\u00e9risation du TVN\u00a0\u00bb <em>(DiVINE)<\/em><\/strong><\/span><\/td>\n<\/tr>\n<\/tbody>\n<\/table>\n","protected":false},"excerpt":{"rendered":"<p>29 janvier 2026 R\u00e9union d&#8217;experts pour les questions de personnel dans la navigation danubienne (EM PERS) 25 f\u00e9vrier 2026 R\u00e9union<\/p>\n","protected":false},"author":1,"featured_media":0,"parent":248,"menu_order":0,"comment_status":"closed","ping_status":"closed","template":"","meta":{"_seopress_robots_primary_cat":"","_seopress_titles_title":"","_seopress_titles_desc":"","_seopress_robots_index":"","colormag_page_container_layout":"default_layout","colormag_page_sidebar_layout":"default_layout","footnotes":""},"class_list":["post-2196","page","type-page","status-publish","hentry"],"_links":{"self":[{"href":"https:\/\/www.danubecommission.org\/dc\/wp-json\/wp\/v2\/pages\/2196","targetHints":{"allow":["GET"]}}],"collection":[{"href":"https:\/\/www.danubecommission.org\/dc\/wp-json\/wp\/v2\/pages"}],"about":[{"href":"https:\/\/www.danubecommission.org\/dc\/wp-json\/wp\/v2\/types\/page"}],"author":[{"embeddable":true,"href":"https:\/\/www.danubecommission.org\/dc\/wp-json\/wp\/v2\/users\/1"}],"replies":[{"embeddable":true,"href":"https:\/\/www.danubecommission.org\/dc\/wp-json\/wp\/v2\/comments?post=2196"}],"version-history":[{"count":6,"href":"https:\/\/www.danubecommission.org\/dc\/wp-json\/wp\/v2\/pages\/2196\/revisions"}],"predecessor-version":[{"id":16170,"href":"https:\/\/www.danubecommission.org\/dc\/wp-json\/wp\/v2\/pages\/2196\/revisions\/16170"}],"up":[{"embeddable":true,"href":"https:\/\/www.danubecommission.org\/dc\/wp-json\/wp\/v2\/pages\/248"}],"wp:attachment":[{"href":"https:\/\/www.danubecommission.org\/dc\/wp-json\/wp\/v2\/media?parent=2196"}],"curies":[{"name":"wp","href":"https:\/\/api.w.org\/{rel}","templated":true}]}}