{"id":247,"date":"2016-09-05T08:17:06","date_gmt":"2016-09-05T08:17:06","guid":{"rendered":"http:\/?page_id=2"},"modified":"2024-03-04T10:10:28","modified_gmt":"2024-03-04T09:10:28","slug":"donaukommission","status":"publish","type":"page","link":"https:\/\/www.danubecommission.org\/dc\/de\/donaukommission\/","title":{"rendered":"Die Donaukommission"},"content":{"rendered":"<div>\n<p style=\"text-align: justify;\">Die Donaukommission ist eine internationale zwischenstaatliche Organisation, die gem\u00e4\u00df dem am 18. August 1948 in Belgrad unterzeichneten \u00dcbereinkommen \u00fcber die Regelung der Schifffahrt auf der Donau gebildet wurde.<\/p>\n<p style=\"text-align: justify;\">Die Donaukommission verfolgt als wichtigste Ziele, die freie Schifffahrt auf der Donau f\u00fcr Handelsschiffe unter den Flaggen aller Staaten im Einklang mit den Interessen und souver\u00e4nen Rechten der Mitgliedstaaten des Belgrader \u00dcbereinkommens zu sichern, diese auszubauen und die wirtschaftlichen und kulturellen Bindungen zwischen diesen Staaten untereinander sowie zu anderen L\u00e4ndern zu festigen.<\/p>\n<p style=\"text-align: justify;\">Mitglieder der Donaukommission sind die Republik Bulgarien, die Bundesrepublik Deutschland, die Republik Kroatien, die Republik Moldau, die Republik \u00d6sterreich, Rum\u00e4nien, die Republik Serbien, die Slowakische Republik, die Ukraine und Ungarn.<\/p>\n<p style=\"text-align: justify;\">Seit 1954 hat die Kommission ihren Sitz in Budapest. Amtssprachen der Kommission sind Deutsch, Russisch und Franz\u00f6sisch.<\/p>\n<p style=\"text-align: justify;\">In ihrer Arbeit st\u00fctzt sich die Donaukommission auf den historischen Erfahrungsschatz bei der Regelung der Schifffahrt auf den internationalen Fl\u00fcssen Europas und auf die besten Traditionen der internationalen Flusskommissionen, besonders der mit dem Pariser Friedensvertrag von 1856 gebildeten Europ\u00e4ischen Donaukommission.<\/p>\n<p style=\"text-align: justify;\">Die T\u00e4tigkeit der Donaukommission ist perspektivisch gesehen eingebunden in die Schaffung eines einheitlichen schiffbaren Wasserstra\u00dfensystems in Europa. So befasst sich die Kommission vorrangig mit der Vereinheitlichung der grundlegenden, f\u00fcr die Befahrung der Donau und anderer Strecken des einheitlichen Wasserstra\u00dfensystems erforderlichen normativen Dokumente, der Gew\u00e4hrleistung ihrer gegenseitigen Anerkennung, der Verbesserung der nautischen Bedingungen, der Erh\u00f6hung der Schifffahrtssicherheit sowie mit der Absicherung weiterer Bedingungen f\u00fcr die Einbindung der Donau, dieser bedeutsamen Verkehrsader ins europ\u00e4ische System.<\/p>\n<p style=\"text-align: justify;\">Im Interesse dieser Einbindung arbeitet die Kommission mit internationalen Gremien, die sich mit verschiedenen Aspekten der Binnenschifffahrt befassen, wie die Wirtschaftskommission f\u00fcr Europa der Vereinten Nationen, die Zentralkommission f\u00fcr die Rheinschifffahrt, die Europ\u00e4ische Kommission u.a., aktiv zusammen.<\/p>\n<p style=\"text-align: justify;\">Um die Rolle der Donaukommission in der internationalen Zusammenarbeit im Bereich der Binnenschifffahrt zu st\u00e4rken, haben sich die Mitgliedstaaten des Belgrader \u00dcbereinkommens vorgenommen, die Kommission zu modernisieren sowie sie mit zus\u00e4tzlichen Befugnissen und neuen Funktionen auszustatten und den Kreis ihrer Mitglieder zu erweitern. Bereits jetzt haben Frankreich, die T\u00fcrkei und die Europ\u00e4ische Gemeinschaft ihren Wunsch ge\u00e4u\u00dfert, der erneuerten Donaukommission beizutreten. Der Weg daf\u00fcr wird durch den Abschluss der gegenw\u00e4rtig laufenden Revision des \u00dcbereinkommens freigemacht.<\/p>\n<\/div>\n","protected":false},"excerpt":{"rendered":"<p>Die Donaukommission ist eine internationale zwischenstaatliche Organisation, die gem\u00e4\u00df dem am 18. August 1948 in Belgrad unterzeichneten \u00dcbereinkommen \u00fcber die<\/p>\n","protected":false},"author":1,"featured_media":0,"parent":0,"menu_order":0,"comment_status":"closed","ping_status":"open","template":"","meta":{"_seopress_robots_primary_cat":"","_seopress_titles_title":"","_seopress_titles_desc":"","_seopress_robots_index":"","colormag_page_container_layout":"default_layout","colormag_page_sidebar_layout":"default_layout","footnotes":""},"class_list":["post-247","page","type-page","status-publish","hentry"],"_links":{"self":[{"href":"https:\/\/www.danubecommission.org\/dc\/wp-json\/wp\/v2\/pages\/247","targetHints":{"allow":["GET"]}}],"collection":[{"href":"https:\/\/www.danubecommission.org\/dc\/wp-json\/wp\/v2\/pages"}],"about":[{"href":"https:\/\/www.danubecommission.org\/dc\/wp-json\/wp\/v2\/types\/page"}],"author":[{"embeddable":true,"href":"https:\/\/www.danubecommission.org\/dc\/wp-json\/wp\/v2\/users\/1"}],"replies":[{"embeddable":true,"href":"https:\/\/www.danubecommission.org\/dc\/wp-json\/wp\/v2\/comments?post=247"}],"version-history":[{"count":0,"href":"https:\/\/www.danubecommission.org\/dc\/wp-json\/wp\/v2\/pages\/247\/revisions"}],"wp:attachment":[{"href":"https:\/\/www.danubecommission.org\/dc\/wp-json\/wp\/v2\/media?parent=247"}],"curies":[{"name":"wp","href":"https:\/\/api.w.org\/{rel}","templated":true}]}}