{"id":37,"date":"2016-09-05T09:46:00","date_gmt":"2016-09-05T09:46:00","guid":{"rendered":"http:\/\/127.0.0.1\/wordpress\/?page_id=37"},"modified":"2026-04-27T06:32:58","modified_gmt":"2026-04-27T05:32:58","slug":"die-donauschifffahrt","status":"publish","type":"page","link":"https:\/\/www.danubecommission.org\/dc\/de\/die-donauschifffahrt\/","title":{"rendered":"Die Donauschifffahrt"},"content":{"rendered":"<br \/>\n<ul><li><a href=\"https:\/\/www.danubecommission.org\/dc\/de\/die-donauschifffahrt\/europaeischer-standard-fuer-binnenschifffahrtsinformationsdienste-es-ris\/\" title=\"Europ\u00e4ischer Standard f\u00fcr Binnenschifffahrtsinformationsdienste (ES-RIS)\">Europ\u00e4ischer Standard f\u00fcr Binnenschifffahrtsinformationsdienste (ES-RIS)<\/a><\/li><li><a href=\"https:\/\/www.danubecommission.org\/dc\/de\/die-donauschifffahrt\/grundsaetzliche-bestimmungen-fuer-die-schifffahrt-auf-der-donau-dfnd\/\" title=\"Grunds\u00e4tzliche Bestimmungen f\u00fcr die Schifffahrt auf der Donau (DFND)\">Grunds\u00e4tzliche Bestimmungen f\u00fcr die Schifffahrt auf der Donau (DFND)<\/a><\/li><li><a href=\"https:\/\/www.danubecommission.org\/dc\/de\/die-donauschifffahrt\/marktbeobachtung-der-donauschifffahrt-publikationen\/\" title=\"Marktbeobachtung der Donauschifffahrt, Publikationen\">Marktbeobachtung der Donauschifffahrt, Publikationen<\/a><\/li><li><a href=\"https:\/\/www.danubecommission.org\/dc\/de\/die-donauschifffahrt\/marktbeobachtung-der-donauschifffahrt-vierteljaehrliche-berichte\/\" title=\"Marktbeobachtung der Donauschifffahrt, Viertelj\u00e4hrliche Berichte\">Marktbeobachtung der Donauschifffahrt, Viertelj\u00e4hrliche Berichte<\/a><\/li><li><a href=\"https:\/\/www.danubecommission.org\/dc\/de\/die-donauschifffahrt\/multilaterales-abkommen-adn-m-030\/\" title=\"Multilaterale Abkommen ADN\">Multilaterale Abkommen ADN<\/a><\/li><li><a href=\"https:\/\/www.danubecommission.org\/dc\/de\/die-donauschifffahrt\/objekte-der-donaukommissionen-hydrologische-datenbank-interaktive-uebersichtskarte-der-donau\/\" title=\"Objekte der hydrologischen Datenbank der Donaukommission (Interaktive \u00dcbersichtskarte der Donau)\">Objekte der hydrologischen Datenbank der Donaukommission (Interaktive \u00dcbersichtskarte der Donau)<\/a><\/li><li><a href=\"https:\/\/www.danubecommission.org\/dc\/de\/die-donauschifffahrt\/marktbeobachtung-der-donauschifffahrt\/\" title=\"Marktbeobachtung der Donauschifffahrt, Jahresberichte\">Marktbeobachtung der Donauschifffahrt, Jahresberichte<\/a><\/li><li><a href=\"https:\/\/www.danubecommission.org\/dc\/de\/die-donauschifffahrt\/ubersicht-zu-den-voraussetzungen-fur-die-fahrt-von-fahrzeugen-mit-einer-lange-von-weniger-als-20-m-auf-nationalen-donaustreckenabschnitten-in-bezug-auf-ihre-zulassung-und-die-schiffsfuhrerzeugnisse\/\" title=\"\u00dcbersicht zu den Voraussetzungen f\u00fcr die Fahrt von Fahrzeugen mit einer L\u00e4nge von weniger als 20 m auf nationalen Donaustreckenabschnitten in Bezug auf ihre Zulassung und die Schiffsf\u00fchrerzeugnisse\">\u00dcbersicht zu den Voraussetzungen f\u00fcr die Fahrt von Fahrzeugen mit einer L\u00e4nge von weniger als 20 m auf nationalen Donaustreckenabschnitten in Bezug auf ihre Zulassung und die Schiffsf\u00fchrerzeugnisse<\/a><\/li><li><a href=\"https:\/\/www.danubecommission.org\/dc\/de\/die-donauschifffahrt\/handbuch-binnenschifffahrtsfunk\/\" title=\"Handbuch binnnenschiffahrtsfunk\">Handbuch binnnenschiffahrtsfunk<\/a><\/li><li><a href=\"https:\/\/www.danubecommission.org\/dc\/de\/die-donauschifffahrt\/schutz-des-binnenschiffsverkehrs\/\" title=\"Schutz des Binnenschiffsverkehrs (Anlage &#8211; Stand: M\u00e4rz 2025)\">Schutz des Binnenschiffsverkehrs (Anlage &#8211; Stand: M\u00e4rz 2025)<\/a><\/li><li><a href=\"https:\/\/www.danubecommission.org\/dc\/de\/die-donauschifffahrt\/unterbrechung-der-schifffahrt\/\" title=\"Unterbrechung der Schifffahrt\">Unterbrechung der Schifffahrt<\/a><\/li><li><a href=\"https:\/\/www.danubecommission.org\/dc\/de\/die-donauschifffahrt\/statistik-der-donauschifffahrt\/\" title=\"Statistik der Donauschifffahrt\">Statistik der Donauschifffahrt<\/a><\/li><li><a href=\"https:\/\/www.danubecommission.org\/dc\/de\/die-donauschifffahrt\/umweltschutz\/\" title=\"Umweltschutz\">Umweltschutz<\/a><\/li><li><a href=\"https:\/\/www.danubecommission.org\/dc\/de\/die-donauschifffahrt\/schifffahrtsunternehmen-der-mitgliedstaaten-der-kommission\/\" title=\"Schifffahrtsunternehmen der Mitgliedstaaten der Kommission\">Schifffahrtsunternehmen der Mitgliedstaaten der Kommission<\/a><\/li><li><a href=\"https:\/\/www.danubecommission.org\/dc\/de\/die-donauschifffahrt\/entfernungen-zwischen-den-wichtigsten-donauhaefen\/\" title=\"Entfernungen zwischen den wichtigsten Donauh\u00e4fen\">Entfernungen zwischen den wichtigsten Donauh\u00e4fen<\/a><\/li><li><a href=\"https:\/\/www.danubecommission.org\/dc\/de\/die-donauschifffahrt\/zusammenfassande-angaben\/\" title=\"Zusammenfassande Angaben\">Zusammenfassande Angaben<\/a><\/li><li><a href=\"https:\/\/www.danubecommission.org\/dc\/de\/die-donauschifffahrt\/funkstationen\/\" title=\"Funkstationen\">Funkstationen<\/a><\/li><li><a href=\"https:\/\/www.danubecommission.org\/dc\/de\/die-donauschifffahrt\/hauptpegel-an-der-donau\/\" title=\"Hauptpegel an der Donau\">Hauptpegel an der Donau<\/a><\/li><li><a href=\"https:\/\/www.danubecommission.org\/dc\/de\/die-donauschifffahrt\/schleusen-an-der-donau\/\" title=\"Schleusen an der Donau\">Schleusen an der Donau<\/a><\/li><li><a href=\"https:\/\/www.danubecommission.org\/dc\/de\/die-donauschifffahrt\/bruecken-an-der-donau\/\" title=\"Br\u00fccken an der Donau\">Br\u00fccken an der Donau<\/a><\/li><li><a href=\"https:\/\/www.danubecommission.org\/dc\/de\/die-donauschifffahrt\/donauhaefen\/\" title=\"Donauh\u00e4fen\">Donauh\u00e4fen<\/a><\/li><li><a href=\"https:\/\/www.danubecommission.org\/dc\/de\/die-donauschifffahrt\/540-2\/\" title=\"Allgemeines \u00fcber die Donau\">Allgemeines \u00fcber die Donau<\/a><\/li><\/ul>\n","protected":false},"excerpt":{"rendered":"","protected":false},"author":1,"featured_media":0,"parent":0,"menu_order":0,"comment_status":"closed","ping_status":"closed","template":"","meta":{"_seopress_robots_primary_cat":"","_seopress_titles_title":"","_seopress_titles_desc":"","_seopress_robots_index":"","colormag_page_container_layout":"default_layout","colormag_page_sidebar_layout":"default_layout","footnotes":""},"class_list":["post-37","page","type-page","status-publish","hentry"],"_links":{"self":[{"href":"https:\/\/www.danubecommission.org\/dc\/wp-json\/wp\/v2\/pages\/37","targetHints":{"allow":["GET"]}}],"collection":[{"href":"https:\/\/www.danubecommission.org\/dc\/wp-json\/wp\/v2\/pages"}],"about":[{"href":"https:\/\/www.danubecommission.org\/dc\/wp-json\/wp\/v2\/types\/page"}],"author":[{"embeddable":true,"href":"https:\/\/www.danubecommission.org\/dc\/wp-json\/wp\/v2\/users\/1"}],"replies":[{"embeddable":true,"href":"https:\/\/www.danubecommission.org\/dc\/wp-json\/wp\/v2\/comments?post=37"}],"version-history":[{"count":1,"href":"https:\/\/www.danubecommission.org\/dc\/wp-json\/wp\/v2\/pages\/37\/revisions"}],"predecessor-version":[{"id":16534,"href":"https:\/\/www.danubecommission.org\/dc\/wp-json\/wp\/v2\/pages\/37\/revisions\/16534"}],"wp:attachment":[{"href":"https:\/\/www.danubecommission.org\/dc\/wp-json\/wp\/v2\/media?parent=37"}],"curies":[{"name":"wp","href":"https:\/\/api.w.org\/{rel}","templated":true}]}}