{"id":3708,"date":"2018-06-06T10:40:24","date_gmt":"2018-06-06T09:40:24","guid":{"rendered":"http:\/\/www.danubecommission.org\/dc\/?page_id=3708"},"modified":"2025-07-14T17:52:57","modified_gmt":"2025-07-14T16:52:57","slug":"observation-du-marche-de-la-navigation-danubienne-resultats-de-2017","status":"publish","type":"page","link":"https:\/\/www.danubecommission.org\/dc\/fr\/navigation-danubienne\/observation-du-marche-de-la-navigation-danubienne\/observation-du-marche-de-la-navigation-danubienne-resultats-de-2017\/","title":{"rendered":"Observation du march\u00e9 de la navigation danubienne : r\u00e9sultats de 2017"},"content":{"rendered":"<p><strong>Commission du Danube, Budapest 1068, rue Bencz\u00far 25<\/strong><br \/>\nPiotr S\u00e9mionovitch Souvorov \u2013 responsable de la publication<br \/>\nOlga Rotaru \u2013 responsable de l\u2019\u00e9dition<\/p>\n<p><iframe loading=\"lazy\" src=\"https:\/\/www.danubecommission.org\/uploads\/doc\/publication\/Market_observation_2017\/fr_market_2018.pdf\" width=\"800\" height=\"1100\"><\/iframe><\/p>\n","protected":false},"excerpt":{"rendered":"<p>Commission du Danube, Budapest 1068, rue Bencz\u00far 25 Piotr S\u00e9mionovitch Souvorov \u2013 responsable de la publication Olga Rotaru \u2013 responsable<\/p>\n","protected":false},"author":1,"featured_media":0,"parent":6075,"menu_order":17,"comment_status":"closed","ping_status":"closed","template":"","meta":{"_seopress_robots_primary_cat":"","_seopress_titles_title":"","_seopress_titles_desc":"","_seopress_robots_index":"","colormag_page_container_layout":"default_layout","colormag_page_sidebar_layout":"default_layout","footnotes":""},"class_list":["post-3708","page","type-page","status-publish","hentry"],"_links":{"self":[{"href":"https:\/\/www.danubecommission.org\/dc\/wp-json\/wp\/v2\/pages\/3708","targetHints":{"allow":["GET"]}}],"collection":[{"href":"https:\/\/www.danubecommission.org\/dc\/wp-json\/wp\/v2\/pages"}],"about":[{"href":"https:\/\/www.danubecommission.org\/dc\/wp-json\/wp\/v2\/types\/page"}],"author":[{"embeddable":true,"href":"https:\/\/www.danubecommission.org\/dc\/wp-json\/wp\/v2\/users\/1"}],"replies":[{"embeddable":true,"href":"https:\/\/www.danubecommission.org\/dc\/wp-json\/wp\/v2\/comments?post=3708"}],"version-history":[{"count":1,"href":"https:\/\/www.danubecommission.org\/dc\/wp-json\/wp\/v2\/pages\/3708\/revisions"}],"predecessor-version":[{"id":15594,"href":"https:\/\/www.danubecommission.org\/dc\/wp-json\/wp\/v2\/pages\/3708\/revisions\/15594"}],"up":[{"embeddable":true,"href":"https:\/\/www.danubecommission.org\/dc\/wp-json\/wp\/v2\/pages\/6075"}],"wp:attachment":[{"href":"https:\/\/www.danubecommission.org\/dc\/wp-json\/wp\/v2\/media?parent=3708"}],"curies":[{"name":"wp","href":"https:\/\/api.w.org\/{rel}","templated":true}]}}