{"id":401,"date":"2016-11-28T12:17:12","date_gmt":"2016-11-28T12:17:12","guid":{"rendered":"http:\/\/www.danubecommission.org\/dc\/?page_id=401"},"modified":"2026-03-23T09:49:41","modified_gmt":"2026-03-23T08:49:41","slug":"ubereinkommen-uber-die-privilegen-und-immunitaten-der-donaukommission","status":"publish","type":"page","link":"https:\/\/www.danubecommission.org\/dc\/de\/donaukommission\/ubereinkommen-uber-die-privilegen-und-immunitaten-der-donaukommission\/","title":{"rendered":"\u00dcbereinkommen \u00fcber die Privilegen und Immunit\u00e4ten der Donaukommission"},"content":{"rendered":"<p>&nbsp;<\/p>\n<p><a href=\"https:\/\/www.danubecommission.org\/uploads\/doc\/convention_immun_1963.pdf\"><img loading=\"lazy\" decoding=\"async\" class=\"aligncenter wp-image-453 size-medium\" src=\"https:\/\/www.danubecommission.org\/dc\/wp-content\/uploads\/2016\/11\/immun_first_page-e1748601745139-300x237.jpg\" alt=\"immun_first_page\" width=\"300\" height=\"237\" \/><\/a><\/p>\n<p style=\"text-align: center;\"><a href=\"https:\/\/www.danubecommission.org\/uploads\/doc\/convention_immun_1963.pdf\">\u00dcbereinkommen \u00fcber die Privilegen und Immunit\u00e4ten der Donaukommission<\/a> (.pdf 22 952 kb)<\/p>\n<p>&nbsp;<\/p>\n","protected":false},"excerpt":{"rendered":"<p>&nbsp; \u00dcbereinkommen \u00fcber die Privilegen und Immunit\u00e4ten der Donaukommission (.pdf 22 952 kb) &nbsp;<\/p>\n","protected":false},"author":1,"featured_media":0,"parent":247,"menu_order":1,"comment_status":"closed","ping_status":"closed","template":"","meta":{"_seopress_robots_primary_cat":"","_seopress_titles_title":"","_seopress_titles_desc":"","_seopress_robots_index":"","colormag_page_container_layout":"default_layout","colormag_page_sidebar_layout":"default_layout","footnotes":""},"class_list":["post-401","page","type-page","status-publish","hentry"],"_links":{"self":[{"href":"https:\/\/www.danubecommission.org\/dc\/wp-json\/wp\/v2\/pages\/401","targetHints":{"allow":["GET"]}}],"collection":[{"href":"https:\/\/www.danubecommission.org\/dc\/wp-json\/wp\/v2\/pages"}],"about":[{"href":"https:\/\/www.danubecommission.org\/dc\/wp-json\/wp\/v2\/types\/page"}],"author":[{"embeddable":true,"href":"https:\/\/www.danubecommission.org\/dc\/wp-json\/wp\/v2\/users\/1"}],"replies":[{"embeddable":true,"href":"https:\/\/www.danubecommission.org\/dc\/wp-json\/wp\/v2\/comments?post=401"}],"version-history":[{"count":4,"href":"https:\/\/www.danubecommission.org\/dc\/wp-json\/wp\/v2\/pages\/401\/revisions"}],"predecessor-version":[{"id":16403,"href":"https:\/\/www.danubecommission.org\/dc\/wp-json\/wp\/v2\/pages\/401\/revisions\/16403"}],"up":[{"embeddable":true,"href":"https:\/\/www.danubecommission.org\/dc\/wp-json\/wp\/v2\/pages\/247"}],"wp:attachment":[{"href":"https:\/\/www.danubecommission.org\/dc\/wp-json\/wp\/v2\/media?parent=401"}],"curies":[{"name":"wp","href":"https:\/\/api.w.org\/{rel}","templated":true}]}}