{"id":411,"date":"2016-11-28T12:26:32","date_gmt":"2016-11-28T12:26:32","guid":{"rendered":"http:\/\/www.danubecommission.org\/dc\/?page_id=411"},"modified":"2024-11-19T14:07:50","modified_gmt":"2024-11-19T13:07:50","slug":"strategie-de-lunion-europenne-pour-la-region-du-danube","status":"publish","type":"page","link":"https:\/\/www.danubecommission.org\/dc\/fr\/cooperation-internationale\/strategie-de-lunion-europenne-pour-la-region-du-danube\/","title":{"rendered":"Strat\u00e9gie de l&#8217;Union Europ\u00e9nne pour la r\u00e9gion du Danube"},"content":{"rendered":"<p><a href=\"https:\/\/www.danube-region.eu\/\"><img loading=\"lazy\" decoding=\"async\" class=\"alignnone wp-image-482\" src=\"https:\/\/www.danubecommission.org\/dc\/wp-content\/uploads\/2016\/11\/EUSDR_general.jpg\" alt=\"eusdr_general\" width=\"600\" height=\"245\" srcset=\"https:\/\/www.danubecommission.org\/dc\/wp-content\/uploads\/2016\/11\/EUSDR_general.jpg 800w, https:\/\/www.danubecommission.org\/dc\/wp-content\/uploads\/2016\/11\/EUSDR_general-300x123.jpg 300w, https:\/\/www.danubecommission.org\/dc\/wp-content\/uploads\/2016\/11\/EUSDR_general-768x314.jpg 768w\" sizes=\"auto, (max-width: 600px) 100vw, 600px\" \/><\/a><\/p>\n<p><a href=\"https:\/\/www.danubecommission.org\/uploads\/doc\/Danube_strategy\/com2010_715_danube_fr.pdf\" target=\"_blank\" rel=\"noopener\">Strat\u00e9gie de l&#8217;Union Europ\u00e9nne pour la r\u00e9gion du Danube<\/a> (pdf, 74 kb)<\/p>\n<p><a href=\"https:\/\/www.danubecommission.org\/uploads\/doc\/Danube_strategy\/action_plan_danube.pdf\" target=\"_blank\" rel=\"noopener\">Plan d&#8217;actions<\/a> (pdf, 472 kb)<\/p>\n","protected":false},"excerpt":{"rendered":"<p>Strat\u00e9gie de l&#8217;Union Europ\u00e9nne pour la r\u00e9gion du Danube (pdf, 74 kb) Plan d&#8217;actions (pdf, 472 kb)<\/p>\n","protected":false},"author":1,"featured_media":0,"parent":14522,"menu_order":0,"comment_status":"closed","ping_status":"closed","template":"","meta":{"_seopress_robots_primary_cat":"","_seopress_titles_title":"","_seopress_titles_desc":"","_seopress_robots_index":"","colormag_page_container_layout":"default_layout","colormag_page_sidebar_layout":"default_layout","footnotes":""},"class_list":["post-411","page","type-page","status-publish","hentry"],"_links":{"self":[{"href":"https:\/\/www.danubecommission.org\/dc\/wp-json\/wp\/v2\/pages\/411","targetHints":{"allow":["GET"]}}],"collection":[{"href":"https:\/\/www.danubecommission.org\/dc\/wp-json\/wp\/v2\/pages"}],"about":[{"href":"https:\/\/www.danubecommission.org\/dc\/wp-json\/wp\/v2\/types\/page"}],"author":[{"embeddable":true,"href":"https:\/\/www.danubecommission.org\/dc\/wp-json\/wp\/v2\/users\/1"}],"replies":[{"embeddable":true,"href":"https:\/\/www.danubecommission.org\/dc\/wp-json\/wp\/v2\/comments?post=411"}],"version-history":[{"count":0,"href":"https:\/\/www.danubecommission.org\/dc\/wp-json\/wp\/v2\/pages\/411\/revisions"}],"up":[{"embeddable":true,"href":"https:\/\/www.danubecommission.org\/dc\/wp-json\/wp\/v2\/pages\/14522"}],"wp:attachment":[{"href":"https:\/\/www.danubecommission.org\/dc\/wp-json\/wp\/v2\/media?parent=411"}],"curies":[{"name":"wp","href":"https:\/\/api.w.org\/{rel}","templated":true}]}}